{"id":146471,"date":"2023-05-24T07:57:51","date_gmt":"2023-05-24T04:57:51","guid":{"rendered":"https:\/\/medclinics.com\/ballon-gastrique-avalable-elipse\/"},"modified":"2025-01-02T15:25:49","modified_gmt":"2025-01-02T12:25:49","slug":"ballon-gastrique-avalable-elipse","status":"publish","type":"page","link":"https:\/\/medclinics.com\/fr\/ballon-gastrique-avalable-elipse\/","title":{"rendered":"Ballon gastrique avalable Elipse"},"content":{"rendered":"\n<h2 class=\"wp-block-heading\">Si vous souhaitez obtenir votre apparence pr\u00e9f\u00e9r\u00e9e, le ballon gastrique avalable Elipse est une excellente solution.<\/h2>\n\n<p><a href=\"https:\/\/en.wikipedia.org\/wiki\/Gastric_balloon\" target=\"_blank\" rel=\"noreferrer noopener nofollow\">Le ballon gastrique avalable Elipse<\/a> est un type de ballon intragastrique utilis\u00e9 comme aide \u00e0 la perte de poids et dont la mise en place ne n\u00e9cessite pas d&rsquo;endoscopie ni de m\u00e9dicaments. Il s&rsquo;agit d&rsquo;une capsule de la taille d&rsquo;une capsule de compl\u00e9ment alimentaire ordinaire qui est aval\u00e9e avec une petite quantit\u00e9 d&rsquo;eau, puis remplie d&rsquo;une solution saline sp\u00e9ciale \u00e0 l&rsquo;aide d&rsquo;une fine canule attach\u00e9e \u00e0 la capsule.<\/p>\n\n<p>Contrairement aux ballons gastriques conventionnels, il n&rsquo;est pas n\u00e9cessaire de le retirer de l&rsquo;estomac par endoscopie une fois qu&rsquo;il a rempli sa fonction. Apr\u00e8s 4 \u00e0 6 mois, le ballon est vid\u00e9 et quitte le corps naturellement.<\/p>\n\n<ul class=\"wp-block-list\">\n<li>Dur\u00e9e de fonctionnement : 15-30 minutes<\/li>\n\n\n\n<li>S\u00e9jour \u00e0 l&rsquo;h\u00f4pital : quelques heures<\/li>\n\n\n\n<li>Perte de l&rsquo;exc\u00e8s de poids : 40<\/li>\n\n\n\n<li>Pour les personnes dont l&rsquo;IMC est compris entre 30 et 40<\/li>\n\n\n\n<li>Risques possibles : Maux de gorge, reflux, douleurs abdominales, crampes abdominales, naus\u00e9es et vomissements, mauvaise haleine, Certains effets secondaires plus rares comprennent des saignements, des infections thoraciques et des complications respiratoires.<\/li>\n<\/ul>\n\n<h2 class=\"wp-block-heading\">Tout ce que vous devez savoir sur le <a href=\"https:\/\/medclinics.com\/fr\/obesity-treatment\/\" target=\"_blank\" rel=\"noreferrer noopener\">traitement de l&rsquo;ob\u00e9sit\u00e9<\/a> est ici, <a href=\"#requestform\">contactez-nous<\/a> maintenant !<\/h2>\n\n<figure class=\"wp-block-image size-full\"><img fetchpriority=\"high\" decoding=\"async\" width=\"960\" height=\"540\" src=\"https:\/\/medclinics.com\/wp-content\/uploads\/2023\/07\/elipse-swallowable-gastric-balloon-near-me.jpg\" alt=\"Ballon gastrique avalable Elipse pr&#xE8;s de chez moi Istanbul Turquie\" class=\"wp-image-97842\" srcset=\"https:\/\/medclinics.com\/wp-content\/uploads\/2023\/07\/elipse-swallowable-gastric-balloon-near-me.jpg 960w, https:\/\/medclinics.com\/wp-content\/uploads\/2023\/07\/elipse-swallowable-gastric-balloon-near-me-500x281.jpg 500w, https:\/\/medclinics.com\/wp-content\/uploads\/2023\/07\/elipse-swallowable-gastric-balloon-near-me-768x432.jpg 768w, https:\/\/medclinics.com\/wp-content\/uploads\/2023\/07\/elipse-swallowable-gastric-balloon-near-me-24x14.jpg 24w, https:\/\/medclinics.com\/wp-content\/uploads\/2023\/07\/elipse-swallowable-gastric-balloon-near-me-36x20.jpg 36w, https:\/\/medclinics.com\/wp-content\/uploads\/2023\/07\/elipse-swallowable-gastric-balloon-near-me-48x27.jpg 48w\" sizes=\"(max-width: 960px) 100vw, 960px\" \/><\/figure>\n\n<h2 class=\"wp-block-heading\">FAQ<\/h2>\n<div id=\"rank-math-faq\" class=\"rank-math-block\">\n<div class=\"rank-math-list \">\n<div id=\"faq-question-1684914609944\" class=\"rank-math-list-item\">\n<h3 class=\"rank-math-question \">Qu&rsquo;est-ce que le ballon gastrique ?<\/h3>\n<div class=\"rank-math-answer \">\n\n<p>Le ballon gastrique est une proc\u00e9dure temporaire et non chirurgicale de perte de poids qui consiste \u00e0 placer un ballon en silicone d\u00e9gonfl\u00e9 dans l&rsquo;estomac. Il est rempli d&rsquo;une solution saline pour cr\u00e9er une sensation de sati\u00e9t\u00e9 et limiter la prise de nourriture. Le ballon reste dans l&rsquo;estomac pendant environ six mois avant d&rsquo;\u00eatre retir\u00e9. Elle aide \u00e0 contr\u00f4ler les portions et peut relancer les efforts de perte de poids, mais elle doit \u00eatre associ\u00e9e \u00e0 des changements de mode de vie. Bien que g\u00e9n\u00e9ralement sans danger, il existe des risques potentiels tels que des naus\u00e9es, une g\u00eane abdominale et de rares complications.<\/p>\n\n<\/div>\n<\/div>\n<div id=\"faq-question-1684914356701\" class=\"rank-math-list-item\">\n<h3 class=\"rank-math-question \">Le ballon gastrique est-il s\u00fbr ?<\/h3>\n<div class=\"rank-math-answer \">\n\n<p>Les proc\u00e9dures de ballon gastrique sont g\u00e9n\u00e9ralement consid\u00e9r\u00e9es comme s\u00fbres, mais il est important de conna\u00eetre les risques et complications potentiels. En tant qu&rsquo;approche non chirurgicale et peu invasive, elles comportent moins de risques que les interventions chirurgicales traditionnelles. Cependant, des risques possibles tels que naus\u00e9es, vomissements, g\u00eane abdominale, ulc\u00e8res de l&rsquo;estomac, d\u00e9gonflement ou rupture du ballonnet, et de rares cas de blocage ou de perforation existent toujours. Le choix d&rsquo;un professionnel de sant\u00e9 qualifi\u00e9, sp\u00e9cialis\u00e9 dans les proc\u00e9dures bariatriques, est essentiel pour garantir la s\u00e9curit\u00e9.<\/p>\n\n<\/div>\n<\/div>\n<div id=\"faq-question-1684914339229\" class=\"rank-math-list-item\">\n<h3 class=\"rank-math-question \">Le ballon gastrique en vaut-il la peine ?<\/h3>\n<div class=\"rank-math-answer \">\n\n<p>La valeur de la proc\u00e9dure du ballon gastrique d\u00e9pend de facteurs et d&rsquo;objectifs individuels. Pour les personnes qui ont un poids important \u00e0 perdre et qui ont essay\u00e9 sans succ\u00e8s d&rsquo;autres m\u00e9thodes de perte de poids, il peut \u00eatre int\u00e9ressant d&rsquo;envisager ces m\u00e9thodes. Il s&rsquo;agit d&rsquo;une approche non chirurgicale pr\u00e9sentant moins de risques et un temps de r\u00e9cup\u00e9ration plus court que les proc\u00e9dures chirurgicales. Cependant, son efficacit\u00e9 repose sur l&rsquo;engagement \u00e0 modifier le mode de vie \u00e0 long terme, car il s&rsquo;agit d&rsquo;un outil d&rsquo;aide \u00e0 la perte de poids. Il est important de se rappeler que le ballon est temporaire et qu&rsquo;il doit \u00eatre retir\u00e9 apr\u00e8s un certain temps, g\u00e9n\u00e9ralement environ six mois. L&rsquo;engagement \u00e0 changer de mode de vie, les b\u00e9n\u00e9fices potentiels et la prise en compte des co\u00fbts associ\u00e9s sont essentiels pour d\u00e9terminer la valeur de ce traitement.<\/p>\n\n<\/div>\n<\/div>\n<div id=\"faq-question-1684914702520\" class=\"rank-math-list-item\">\n<h3 class=\"rank-math-question \">Le ballon gastrique est-il efficace ?<\/h3>\n<div class=\"rank-math-answer \">\n\n<p>Oui, les ballons gastriques peuvent \u00eatre efficaces pour perdre du poids. Ils constituent un outil temporaire qui peut aider les individus \u00e0 d\u00e9marrer leur parcours de perte de poids. En cr\u00e9ant une sensation de sati\u00e9t\u00e9 et en favorisant le contr\u00f4le des portions, les ballons gastriques peuvent aider \u00e0 r\u00e9duire l&rsquo;apport calorique et \u00e0 obtenir une perte de poids significative pendant la p\u00e9riode o\u00f9 ils sont en place.<\/p>\n\n<\/div>\n<\/div>\n<\/div>\n<\/div>\n<p>\u00a0<\/p>\n\n<h3 class=\"wp-block-heading\">Contactez-nous d\u00e8s maintenant si vous avez des questions !<\/h3>\n","protected":false},"excerpt":{"rendered":"<p>Si vous souhaitez obtenir votre apparence pr\u00e9f\u00e9r\u00e9e, le ballon gastrique avalable Elipse est une excellente solution. Le ballon gastrique avalable [&hellip;]<\/p>\n","protected":false},"author":4,"featured_media":91775,"parent":0,"menu_order":0,"comment_status":"closed","ping_status":"closed","template":"","meta":{"site-sidebar-layout":"default","site-content-layout":"","ast-site-content-layout":"default","site-content-style":"default","site-sidebar-style":"default","ast-global-header-display":"","ast-banner-title-visibility":"","ast-main-header-display":"","ast-hfb-above-header-display":"","ast-hfb-below-header-display":"","ast-hfb-mobile-header-display":"","site-post-title":"","ast-breadcrumbs-content":"","ast-featured-img":"","footer-sml-layout":"","ast-disable-related-posts":"","theme-transparent-header-meta":"","adv-header-id-meta":"","stick-header-meta":"","header-above-stick-meta":"","header-main-stick-meta":"","header-below-stick-meta":"","astra-migrate-meta-layouts":"default","ast-page-background-enabled":"default","ast-page-background-meta":{"desktop":{"background-color":"var(--ast-global-color-4)","background-image":"","background-repeat":"repeat","background-position":"center center","background-size":"auto","background-attachment":"scroll","background-type":"","background-media":"","overlay-type":"","overlay-color":"","overlay-opacity":"","overlay-gradient":""},"tablet":{"background-color":"","background-image":"","background-repeat":"repeat","background-position":"center center","background-size":"auto","background-attachment":"scroll","background-type":"","background-media":"","overlay-type":"","overlay-color":"","overlay-opacity":"","overlay-gradient":""},"mobile":{"background-color":"","background-image":"","background-repeat":"repeat","background-position":"center center","background-size":"auto","background-attachment":"scroll","background-type":"","background-media":"","overlay-type":"","overlay-color":"","overlay-opacity":"","overlay-gradient":""}},"ast-content-background-meta":{"desktop":{"background-color":"var(--ast-global-color-5)","background-image":"","background-repeat":"repeat","background-position":"center center","background-size":"auto","background-attachment":"scroll","background-type":"","background-media":"","overlay-type":"","overlay-color":"","overlay-opacity":"","overlay-gradient":""},"tablet":{"background-color":"var(--ast-global-color-5)","background-image":"","background-repeat":"repeat","background-position":"center center","background-size":"auto","background-attachment":"scroll","background-type":"","background-media":"","overlay-type":"","overlay-color":"","overlay-opacity":"","overlay-gradient":""},"mobile":{"background-color":"var(--ast-global-color-5)","background-image":"","background-repeat":"repeat","background-position":"center center","background-size":"auto","background-attachment":"scroll","background-type":"","background-media":"","overlay-type":"","overlay-color":"","overlay-opacity":"","overlay-gradient":""}},"footnotes":""},"class_list":["post-146471","page","type-page","status-publish","has-post-thumbnail","hentry"],"_links":{"self":[{"href":"https:\/\/medclinics.com\/fr\/wp-json\/wp\/v2\/pages\/146471","targetHints":{"allow":["GET"]}}],"collection":[{"href":"https:\/\/medclinics.com\/fr\/wp-json\/wp\/v2\/pages"}],"about":[{"href":"https:\/\/medclinics.com\/fr\/wp-json\/wp\/v2\/types\/page"}],"author":[{"embeddable":true,"href":"https:\/\/medclinics.com\/fr\/wp-json\/wp\/v2\/users\/4"}],"replies":[{"embeddable":true,"href":"https:\/\/medclinics.com\/fr\/wp-json\/wp\/v2\/comments?post=146471"}],"version-history":[{"count":0,"href":"https:\/\/medclinics.com\/fr\/wp-json\/wp\/v2\/pages\/146471\/revisions"}],"wp:featuredmedia":[{"embeddable":true,"href":"https:\/\/medclinics.com\/fr\/wp-json\/wp\/v2\/media\/91775"}],"wp:attachment":[{"href":"https:\/\/medclinics.com\/fr\/wp-json\/wp\/v2\/media?parent=146471"}],"curies":[{"name":"wp","href":"https:\/\/api.w.org\/{rel}","templated":true}]}}