{"id":146467,"date":"2023-06-24T07:35:55","date_gmt":"2023-06-24T04:35:55","guid":{"rendered":"https:\/\/medclinics.com\/lanneau-gastrique-ajustable-par-laparoscopie\/"},"modified":"2025-01-25T14:30:18","modified_gmt":"2025-01-25T11:30:18","slug":"lanneau-gastrique-ajustable-par-laparoscopie","status":"publish","type":"page","link":"https:\/\/medclinics.com\/fr\/lanneau-gastrique-ajustable-par-laparoscopie\/","title":{"rendered":"L&rsquo;anneau gastrique ajustable par laparoscopie"},"content":{"rendered":"\n<h2 class=\"wp-block-heading\">Si vous cherchez un moyen d&rsquo;obtenir votre apparence id\u00e9ale, l&rsquo;anneau gastrique ajustable par laparoscopie peut \u00eatre une solution id\u00e9ale.<\/h2>\n\n<p>L&rsquo;<a href=\"https:\/\/en.wikipedia.org\/wiki\/Adjustable_gastric_band\" target=\"_blank\" rel=\"noreferrer noopener nofollow\">anneau gastrique ajustable par laparoscopie<\/a> est une op\u00e9ration peu invasive r\u00e9alis\u00e9e par laparoscopie. Il s&rsquo;agit d&rsquo;une modification r\u00e9versible de la forme de l&rsquo;estomac. Il en r\u00e9sulte une r\u00e9duction significative du poids. Dans l&rsquo;op\u00e9ration de l&rsquo;anneau gastrique, un anneau en silicone (bandage) est appliqu\u00e9 sur la partie sup\u00e9rieure de l&rsquo;estomac.<\/p>\n\n<p>Le ventre prend alors la forme d&rsquo;un sablier. Le volume de la partie sup\u00e9rieure n&rsquo;est que de 15 \u00e0 25 ml, et la taille de l&rsquo;anastomose entre les deux parties de l&rsquo;estomac est d&rsquo;environ 1 cm. Cette op\u00e9ration permet de r\u00e9duire consid\u00e9rablement le volume des repas des patients. Il contribue donc \u00e0 une perte de poids significative. Vous avez moins tendance \u00e0 avoir faim car les r\u00e9cepteurs de sati\u00e9t\u00e9 sont situ\u00e9s dans la partie sup\u00e9rieure de l&rsquo;estomac.<\/p>\n\n<ul class=\"wp-block-list\">\n<li>Dur\u00e9e de fonctionnement : 1 heure<\/li>\n\n\n\n<li>S\u00e9jour \u00e0 l&rsquo;h\u00f4pital : 2-4 jours<\/li>\n\n\n\n<li>Perte de poids : 40-50%<\/li>\n\n\n\n<li>Pour les personnes dont l&rsquo;IMC est sup\u00e9rieur \u00e0 40<\/li>\n\n\n\n<li>Risques possibles : H\u00e9morragie interne, r\u00e9actions ind\u00e9sirables \u00e0 l&rsquo;anesth\u00e9sie g\u00e9n\u00e9rale, thrombose veineuse profonde, glissement de l&rsquo;anneau, fuite.<\/li>\n<\/ul>\n\n<h3 class=\"wp-block-heading\">Tout ce que vous devez savoir sur le <a href=\"https:\/\/medclinics.com\/fr\/obesity-treatment\/\" target=\"_blank\" rel=\"noreferrer noopener\">traitement de l&rsquo;ob\u00e9sit\u00e9<\/a>, y compris le prix, les soins et le processus de gu\u00e9rison, ou <a href=\"#requestform\">contactez-nous<\/a>!<\/h3>\n\n<figure class=\"wp-block-image size-full\"><img fetchpriority=\"high\" decoding=\"async\" width=\"960\" height=\"540\" src=\"https:\/\/medclinics.com\/wp-content\/uploads\/2023\/07\/laparoscopic-adjustable-gastric-banding-near-me.jpg\" alt=\"L'anneau gastrique ajustable par laparoscopie pr&#xE8;s de chez moi\" class=\"wp-image-97850\" srcset=\"https:\/\/medclinics.com\/wp-content\/uploads\/2023\/07\/laparoscopic-adjustable-gastric-banding-near-me.jpg 960w, https:\/\/medclinics.com\/wp-content\/uploads\/2023\/07\/laparoscopic-adjustable-gastric-banding-near-me-500x281.jpg 500w, https:\/\/medclinics.com\/wp-content\/uploads\/2023\/07\/laparoscopic-adjustable-gastric-banding-near-me-768x432.jpg 768w, https:\/\/medclinics.com\/wp-content\/uploads\/2023\/07\/laparoscopic-adjustable-gastric-banding-near-me-24x14.jpg 24w, https:\/\/medclinics.com\/wp-content\/uploads\/2023\/07\/laparoscopic-adjustable-gastric-banding-near-me-36x20.jpg 36w, https:\/\/medclinics.com\/wp-content\/uploads\/2023\/07\/laparoscopic-adjustable-gastric-banding-near-me-48x27.jpg 48w\" sizes=\"(max-width: 960px) 100vw, 960px\" \/><\/figure>\n\n<h2 class=\"wp-block-heading\">FAQ<\/h2>\n<div id=\"rank-math-faq\" class=\"rank-math-block\">\n<div class=\"rank-math-list \">\n<div id=\"faq-question-1684912956995\" class=\"rank-math-list-item\">\n<h3 class=\"rank-math-question \">Qu&rsquo;est-ce que l&rsquo;anneau gastrique ajustable par laparoscopie ?<\/h3>\n<div class=\"rank-math-answer \">\n\n<p>L&rsquo;anneau gastrique ajustable par laparoscopie est une chirurgie de perte de poids dans laquelle un anneau en silicone est plac\u00e9 sur la partie sup\u00e9rieure de l&rsquo;estomac, cr\u00e9ant ainsi une petite poche. L&rsquo;anneau est r\u00e9glable et favorise la perte de poids en limitant l&rsquo;apport alimentaire. Elle est r\u00e9alis\u00e9e \u00e0 l&rsquo;aide de techniques peu invasives et n\u00e9cessite une surveillance et des ajustements constants pour obtenir des r\u00e9sultats optimaux.<\/p>\n\n<\/div>\n<\/div>\n<div id=\"faq-question-1684913002647\" class=\"rank-math-list-item\">\n<h3 class=\"rank-math-question \">Quels sont les avantages de l&rsquo;anneau gastrique ajustable par laparoscopie ?<\/h3>\n<div class=\"rank-math-answer \">\n\n<p>L&rsquo;anneau gastrique ajustable par laparoscopie offre plusieurs avantages en tant que proc\u00e9dure de perte de poids. Il s&rsquo;agit d&rsquo;un traitement peu invasif, ce qui se traduit par des s\u00e9jours hospitaliers plus courts, moins de douleurs postop\u00e9ratoires et un r\u00e9tablissement plus rapide. L&rsquo;ajustabilit\u00e9 de l&rsquo;anneau gastrique permet une restriction personnalis\u00e9e de l&rsquo;apport alimentaire et une r\u00e9versibilit\u00e9 potentielle de l&rsquo;op\u00e9ration. La perte de poids progressive est favoris\u00e9e, ce qui r\u00e9duit le risque de carences nutritionnelles. Par rapport aux proc\u00e9dures plus invasives, l&rsquo;anneau gastrique ajustable par laparoscopie pr\u00e9sente un risque plus faible de complications. Toutefois, le succ\u00e8s de la proc\u00e9dure d\u00e9pend de l&rsquo;engagement du patient \u00e0 modifier son mode de vie, des visites de suivi r\u00e9guli\u00e8res et de l&rsquo;adh\u00e9sion \u00e0 un mode de vie sain.<\/p>\n\n<\/div>\n<\/div>\n<div id=\"faq-question-1684913113716\" class=\"rank-math-list-item\">\n<h3 class=\"rank-math-question \">Quels sont les inconv\u00e9nients de l&rsquo;anneau gastrique ajustable par laparoscopie ?<\/h3>\n<div class=\"rank-math-answer \">\n\n<p>L&rsquo;anneau gastrique ajustable par laparoscopie, tout en offrant des avantages, pr\u00e9sente \u00e9galement des inconv\u00e9nients potentiels \u00e0 prendre en compte. Tout d&rsquo;abord, par rapport \u00e0 d&rsquo;autres chirurgies d&rsquo;amaigrissement, telles que le pontage gastrique, la perte de poids obtenue avec l&rsquo;anneau gastrique peut \u00eatre plus lente. Cela peut n\u00e9cessiter de la patience et un engagement \u00e0 long terme. En outre, il peut y avoir des complications li\u00e9es \u00e0 l&rsquo;anneau gastrique lui-m\u00eame, comme le glissement ou l&rsquo;\u00e9rosion de l&rsquo;anneau, qui peuvent n\u00e9cessiter d&rsquo;autres interventions. La n\u00e9cessit\u00e9 d&rsquo;une surveillance continue, d&rsquo;ajustements et de visites de suivi peut \u00eatre contraignante pour certaines personnes. Une perte de poids insatisfaisante ou une reprise de poids est \u00e9galement possible, ce qui souligne l&rsquo;importance d&rsquo;un mode de vie sain. En outre, la nature restrictive de la proc\u00e9dure peut poser des probl\u00e8mes pour la consommation de certains aliments et l&rsquo;obtention d&rsquo;une nutrition ad\u00e9quate, ce qui n\u00e9cessite des modifications du r\u00e9gime alimentaire et un suivi attentif des nutriments.<\/p>\n\n<\/div>\n<\/div>\n<div id=\"faq-question-1684913564397\" class=\"rank-math-list-item\">\n<h3 class=\"rank-math-question \">Comment fonctionne l&rsquo;anneau gastrique ajustable ?<\/h3>\n<div class=\"rank-math-answer \">\n\n<p>L&rsquo;anneau gastrique ajustable, \u00e9galement connu sous le nom d&rsquo;anneau gastrique ajustable par laparoscopie, consiste \u00e0 placer un anneau ajustable en silicone autour de la partie sup\u00e9rieure de l&rsquo;estomac. Cela cr\u00e9e une petite poche qui limite la quantit\u00e9 de nourriture pouvant \u00eatre consomm\u00e9e. En serrant ou en desserrant l&rsquo;anneau par un port d&rsquo;acc\u00e8s, le niveau de restriction peut \u00eatre personnalis\u00e9 pour r\u00e9pondre aux besoins individuels. Non seulement le patch limite la quantit\u00e9 de nourriture pouvant \u00eatre consomm\u00e9e en une seule fois, mais il ralentit \u00e9galement le processus de digestion, ce qui permet aux personnes de se sentir rassasi\u00e9es plus longtemps. L&rsquo;un des avantages de cette proc\u00e9dure est son caract\u00e8re ajustable, qui permet des modifications en fonction du processus de perte de poids. En outre, la bande peut \u00eatre retir\u00e9e ou r\u00e9vis\u00e9e selon les besoins. Toutefois, l&rsquo;efficacit\u00e9 de l&rsquo;anneau gastrique ajustable d\u00e9pend de l&rsquo;engagement du patient \u00e0 adopter un mode de vie sain, et des visites de suivi r\u00e9guli\u00e8res sont n\u00e9cessaires pour contr\u00f4ler les progr\u00e8s et proc\u00e9der aux ajustements n\u00e9cessaires.<\/p>\n\n<\/div>\n<\/div>\n<\/div>\n<\/div>\n<p>\u00a0<\/p>\n\n<h3 class=\"wp-block-heading\">Contactez-nous d\u00e8s maintenant si vous avez des questions !<\/h3>\n\n<p><\/p>\n","protected":false},"excerpt":{"rendered":"<p>Si vous cherchez un moyen d&rsquo;obtenir votre apparence id\u00e9ale, l&rsquo;anneau gastrique ajustable par laparoscopie peut \u00eatre une solution id\u00e9ale. L&rsquo;anneau [&hellip;]<\/p>\n","protected":false},"author":4,"featured_media":91694,"parent":0,"menu_order":0,"comment_status":"closed","ping_status":"closed","template":"","meta":{"site-sidebar-layout":"default","site-content-layout":"","ast-site-content-layout":"default","site-content-style":"default","site-sidebar-style":"default","ast-global-header-display":"","ast-banner-title-visibility":"","ast-main-header-display":"","ast-hfb-above-header-display":"","ast-hfb-below-header-display":"","ast-hfb-mobile-header-display":"","site-post-title":"","ast-breadcrumbs-content":"","ast-featured-img":"","footer-sml-layout":"","ast-disable-related-posts":"","theme-transparent-header-meta":"","adv-header-id-meta":"","stick-header-meta":"","header-above-stick-meta":"","header-main-stick-meta":"","header-below-stick-meta":"","astra-migrate-meta-layouts":"default","ast-page-background-enabled":"default","ast-page-background-meta":{"desktop":{"background-color":"var(--ast-global-color-4)","background-image":"","background-repeat":"repeat","background-position":"center center","background-size":"auto","background-attachment":"scroll","background-type":"","background-media":"","overlay-type":"","overlay-color":"","overlay-opacity":"","overlay-gradient":""},"tablet":{"background-color":"","background-image":"","background-repeat":"repeat","background-position":"center center","background-size":"auto","background-attachment":"scroll","background-type":"","background-media":"","overlay-type":"","overlay-color":"","overlay-opacity":"","overlay-gradient":""},"mobile":{"background-color":"","background-image":"","background-repeat":"repeat","background-position":"center center","background-size":"auto","background-attachment":"scroll","background-type":"","background-media":"","overlay-type":"","overlay-color":"","overlay-opacity":"","overlay-gradient":""}},"ast-content-background-meta":{"desktop":{"background-color":"var(--ast-global-color-5)","background-image":"","background-repeat":"repeat","background-position":"center center","background-size":"auto","background-attachment":"scroll","background-type":"","background-media":"","overlay-type":"","overlay-color":"","overlay-opacity":"","overlay-gradient":""},"tablet":{"background-color":"var(--ast-global-color-5)","background-image":"","background-repeat":"repeat","background-position":"center center","background-size":"auto","background-attachment":"scroll","background-type":"","background-media":"","overlay-type":"","overlay-color":"","overlay-opacity":"","overlay-gradient":""},"mobile":{"background-color":"var(--ast-global-color-5)","background-image":"","background-repeat":"repeat","background-position":"center center","background-size":"auto","background-attachment":"scroll","background-type":"","background-media":"","overlay-type":"","overlay-color":"","overlay-opacity":"","overlay-gradient":""}},"footnotes":""},"class_list":["post-146467","page","type-page","status-publish","has-post-thumbnail","hentry"],"_links":{"self":[{"href":"https:\/\/medclinics.com\/fr\/wp-json\/wp\/v2\/pages\/146467","targetHints":{"allow":["GET"]}}],"collection":[{"href":"https:\/\/medclinics.com\/fr\/wp-json\/wp\/v2\/pages"}],"about":[{"href":"https:\/\/medclinics.com\/fr\/wp-json\/wp\/v2\/types\/page"}],"author":[{"embeddable":true,"href":"https:\/\/medclinics.com\/fr\/wp-json\/wp\/v2\/users\/4"}],"replies":[{"embeddable":true,"href":"https:\/\/medclinics.com\/fr\/wp-json\/wp\/v2\/comments?post=146467"}],"version-history":[{"count":0,"href":"https:\/\/medclinics.com\/fr\/wp-json\/wp\/v2\/pages\/146467\/revisions"}],"wp:featuredmedia":[{"embeddable":true,"href":"https:\/\/medclinics.com\/fr\/wp-json\/wp\/v2\/media\/91694"}],"wp:attachment":[{"href":"https:\/\/medclinics.com\/fr\/wp-json\/wp\/v2\/media?parent=146467"}],"curies":[{"name":"wp","href":"https:\/\/api.w.org\/{rel}","templated":true}]}}