{"id":146447,"date":"2023-11-25T07:11:00","date_gmt":"2023-11-25T04:11:00","guid":{"rendered":"https:\/\/medclinics.com\/gastrectomie-en-manchon\/"},"modified":"2025-01-29T13:15:27","modified_gmt":"2025-01-29T10:15:27","slug":"gastrectomie-en-manchon","status":"publish","type":"page","link":"https:\/\/medclinics.com\/fr\/gastrectomie-en-manchon\/","title":{"rendered":"Sleeve gastrique"},"content":{"rendered":"\n<h2 class=\"wp-block-heading\"><br\/>Si vous avez souffert d&rsquo;une perte de poids et que vous cherchez une solution permanente, <strong>la chirurgie de la manche gastrique<\/strong> pourrait \u00eatre ce qu&rsquo;il vous faut.<\/h2>\n\n<p><\/p>\n\n<p>La sleeve gastrique est une m\u00e9thode qui a aid\u00e9 de nombreux \u00eatres humains \u00e0 perdre du poids, mais aussi \u00e0 retrouver leur forme et leur bien-\u00eatre. Mais de quoi s&rsquo;agit-il exactement ? Comment cela fonctionne-t-il et est-ce le bon choix pour vous ? Dans cet article, nous vous expliquons tout ce que vous devez savoir sur la <strong>chirurgie de la sleeve gastrique<\/strong>, depuis ses avantages jusqu&rsquo;aux d\u00e9lais de r\u00e9tablissement, en passant par les raisons pour lesquelles elle est probablement la solution que vous recherchiez.   <\/p>\n\n<h2 class=\"wp-block-heading\"><br\/>Qu&rsquo;est-ce que la chirurgie de la manche gastrique ?<\/h2>\n\n<p>En termes simples, la <a href=\"https:\/\/pubmed.ncbi.nlm.nih.gov\/?term=sleeve+gastrectomy\" target=\"_blank\" rel=\"noreferrer noopener\"><strong>chirurgie de la manche gastrique<\/strong> (<\/a>ou <strong>sleeve gastrectomy<\/strong>) est une forme de chirurgie de r\u00e9duction du poids qui modifie la taille et la forme de votre ventre. Dans le cadre de cette m\u00e9thode, un m\u00e9decin praticien enl\u00e8ve environ 75 % de votre ventre. Le m\u00e9decin laisse \u00e0 l&rsquo;int\u00e9rieur un petit \u00ab\u00a0manchon\u00a0\u00bb en forme de tube. Avec un estomac plus petit, vous serez rassasi\u00e9 plus rapidement et vous mangerez donc sinc\u00e8rement moins, ce qui entra\u00eenera une perte de poids.   <\/p>\n\n<p>Mais il ne s&rsquo;agit pas seulement de r\u00e9tr\u00e9cir le ventre. L&rsquo;op\u00e9ration r\u00e9duit la production d&rsquo;hormones de la faim. Vous n&rsquo;aurez donc plus aussi faim qu&rsquo;avant. Cela permet de rester sur la bonne voie en consommant moins d&rsquo;\u00e9nergie. C&rsquo;est un \u00e9l\u00e9ment crucial pour une r\u00e9duction de poids \u00e0 long terme.    <\/p>\n\n<figure class=\"wp-block-image size-large\"><img fetchpriority=\"high\" decoding=\"async\" width=\"1024\" height=\"683\" src=\"https:\/\/medclinics.com\/wp-content\/uploads\/2025\/01\/Adsiz-tasarim-3-1024x683.jpg\" alt=\"Sleeve gastrique &#xE0; Istanbul 2025\" class=\"wp-image-173512\" srcset=\"https:\/\/medclinics.com\/wp-content\/uploads\/2025\/01\/Adsiz-tasarim-3-1024x683.jpg 1024w, https:\/\/medclinics.com\/wp-content\/uploads\/2025\/01\/Adsiz-tasarim-3-300x200.jpg 300w, https:\/\/medclinics.com\/wp-content\/uploads\/2025\/01\/Adsiz-tasarim-3-768x512.jpg 768w, https:\/\/medclinics.com\/wp-content\/uploads\/2025\/01\/Adsiz-tasarim-3.jpg 1200w\" sizes=\"(max-width: 1024px) 100vw, 1024px\" \/><\/figure>\n\n<h2 class=\"wp-block-heading\"><br\/>Que se passe-t-il apr\u00e8s la chirurgie de la sleeve gastrique ?<\/h2>\n\n<p><\/p>\n\n<p>Une fois l&rsquo;op\u00e9ration termin\u00e9e, vous pouvez souhaiter rester \u00e0 l&rsquo;h\u00f4pital pendant quelques jours, g\u00e9n\u00e9ralement de 2 \u00e0 4 jours. L&rsquo;h\u00f4pital vous observera attentivement pour s&rsquo;assurer que vous vous r\u00e9tablissez bien. Ils commenceront \u00e0 vous guider dans votre nouveau <strong>programme de perte de poids du traitement chirurgical<\/strong>. Pendant cette p\u00e9riode, vous consommerez des boissons et des composants l\u00e9gers pour aider votre estomac \u00e0 gu\u00e9rir.   <\/p>\n\n<p>La r\u00e9cup\u00e9ration peut varier d&rsquo;une personne \u00e0 l&rsquo;autre, mais la plupart des gens reprennent leurs activit\u00e9s sportives normales dans un d\u00e9lai de 4 \u00e0 6 semaines. Bien entendu, il est essentiel de suivre les recommandations de votre m\u00e9decin afin de bien gu\u00e9rir. <\/p>\n\n<h2 class=\"wp-block-heading\"><br\/>Combien de poids pouvez-vous perdre avec la sleeve gastrique ?<\/h2>\n\n<p><\/p>\n\n<p>La fa\u00e7on dont vous pouvez perdre beaucoup de poids apr\u00e8s une sleeve gastrique d\u00e9pend de plusieurs facteurs. Votre poids de d\u00e9part, la fa\u00e7on dont vous suivez votre nouveau r\u00e9gime alimentaire et votre programme d&rsquo;entra\u00eenement, ainsi que toute condition scientifique sous-jacente joueront un r\u00f4le essentiel. Il n&rsquo;est pas rare que les personnes perdent entre 50 % et 60 % de leur poids au cours de l&rsquo;ann\u00e9e qui suit l&rsquo;op\u00e9ration chirurgicale. Pour certains, la perte de poids est encore plus importante.   <\/p>\n\n<p>Le traitement chirurgical de la sleeve gastrique est particuli\u00e8rement efficace pour les personnes dont l&rsquo;IMC (indice de masse corporelle) est sup\u00e9rieur \u00e0 35 ou 40 ou plus et qui souffrent de probl\u00e8mes de sant\u00e9 associ\u00e9s tels que le diab\u00e8te ou l&rsquo;hypertension art\u00e9rielle. Si vous avez essay\u00e9 diverses techniques de perte de poids sans succ\u00e8s, ce traitement chirurgical pourrait changer la donne pour vous. <\/p>\n\n<h2 class=\"wp-block-heading\"><br\/>Qui est un bon candidat pour la chirurgie de la sleeve gastrique ?<\/h2>\n\n<p><\/p>\n\n<p>Si vous avez un <strong><a href=\"https:\/\/medclinics.com\/fr\/indice-de-masse-corporelle-imc\/\" target=\"_blank\" rel=\"noreferrer noopener\">IMC de 35 \u00e0 40 ou plus<\/a><\/strong> associ\u00e9 \u00e0 des probl\u00e8mes de sant\u00e9, la <strong>sleeve gastrique <\/strong>peut \u00eatre le bon choix pour vous. Toutefois, il est important de consulter un m\u00e9decin sp\u00e9cialis\u00e9 dans la <strong><a href=\"https:\/\/pubmed.ncbi.nlm.nih.gov\/?term=bariatric+surgery\" target=\"_blank\" rel=\"noreferrer noopener nofollow\">chirurgie bariatrique<\/a><\/strong>. <\/p>\n\n<p>Bien que <strong>la sleeve gastrique<\/strong> soit un moyen efficace de r\u00e9duire le poids, il ne s&rsquo;agit pas d&rsquo;une r\u00e9paration de courte dur\u00e9e. Pour en voir les premiers effets, vous devrez modifier durablement votre mode de vie, notamment en mangeant plus sainement et en restant dynamique. <\/p>\n\n<h2 class=\"wp-block-heading\"><br\/>Avantages de la chirurgie de la sleeve gastrique<\/h2>\n\n<p><\/p>\n\n<ul class=\"wp-block-list\">\n<li><strong>Perte de poids importante :<\/strong> l&rsquo;un des avantages les plus importants de la <strong>sleeve gastrique<\/strong> est la quantit\u00e9 de poids que vous pouvez perdre. La plupart des patients perdent entre 50 et 60 % de leur poids au cours de la premi\u00e8re ann\u00e9e, ce qui peut avoir un impact important sur votre forme physique et votre mode de vie. <\/li>\n\n\n\n<li><strong>Am\u00e9lioration de la sant\u00e9 :<\/strong> pour de nombreux patients, l&rsquo;intervention chirurgicale de la sleeve gastrique n&rsquo;aide pas vraiment \u00e0 perdre du poids. Elle permet \u00e9galement d&rsquo;am\u00e9liorer les conditions de sant\u00e9 comme le diab\u00e8te de type 2, l&rsquo;apn\u00e9e du sommeil et la tension art\u00e9rielle. La perte de poids peut \u00e9galement r\u00e9duire les douleurs articulaires et accro\u00eetre la mobilit\u00e9, ce qui facilite grandement la pratique du sport.  <\/li>\n\n\n\n<li><strong>Meilleure qualit\u00e9 de vie :<\/strong> la perte de poids peut faire des merveilles pour la sant\u00e9 physique et mentale. De nombreuses personnes d\u00e9clarent se sentir plus \u00e9nergiques et plus heureuses apr\u00e8s une intervention chirurgicale. <\/li>\n\n\n\n<li><strong>Cicatrices minimes :<\/strong> Comme la <strong>proc\u00e9dure chirurgicale de la sleeve gastrique<\/strong> utilise de petites incisions, les cicatrices sont g\u00e9n\u00e9ralement minimes et s&rsquo;estompent avec le temps.<\/li>\n<\/ul>\n\n<h2 class=\"wp-block-heading\"><br\/>\u00c0 quoi ressemble le r\u00e9tablissement ?<\/h2>\n\n<p><br\/>Voici ce \u00e0 quoi vous pouvez vous attendre pendant la p\u00e9riode de convalescence apr\u00e8s une <strong>intervention chirurgicale de type sleeve gastrique<\/strong>:<\/p>\n\n<ul class=\"wp-block-list\">\n<li><strong>1-2 premiers jours :<\/strong> Vous resterez probablement dans l&rsquo;\u00e9tablissement m\u00e9dical pendant 2 \u00e0 4 jours apr\u00e8s l&rsquo;intervention chirurgicale. Le groupe m\u00e9dical surveillera votre r\u00e9tablissement, vous aidera \u00e0 g\u00e9rer les douleurs \u00e9ventuelles et vous fera suivre un programme d&rsquo;amaigrissement \u00e0 base de liquide. <\/li>\n\n\n\n<li><strong>Premi\u00e8re semaine :<\/strong> Pendant cette p\u00e9riode, vous vivrez avec des boissons et des mat\u00e9riaux faciles. Vous pouvez \u00e9galement ressentir des douleurs, mais elles sont g\u00e9n\u00e9ralement g\u00e9rables gr\u00e2ce \u00e0 un traitement anti-douleur prescrit. <\/li>\n\n\n\n<li><strong>1 \u00e0 3 mois :<\/strong> \u00c0 ce stade, vous vous sentirez probablement plus actif et la perte de poids sera peut-\u00eatre importante. Vous pourrez suivre le mouvement. Apr\u00e8s environ 4 \u00e0 6 semaines, vous pourrez vous rendre \u00e0 pied au travail ou faire du sport tous les jours. Pendant cette p\u00e9riode, votre m\u00e9decin vous indiquera comment r\u00e9introduire lentement les substances fortes.   <\/li>\n\n\n\n<li><strong>3-6 mois :<\/strong> Au fur et \u00e0 mesure que votre perte de poids se poursuit, vous aurez probablement l&rsquo;impression d&rsquo;\u00eatre en meilleure sant\u00e9. Des rendez-vous de suivi r\u00e9guliers avec votre m\u00e9decin peuvent \u00eatre essentiels pour s&rsquo;assurer de votre r\u00e9ussite et suivre votre \u00e9volution. <\/li>\n\n\n\n<li><strong>En cours :<\/strong> Pour maintenir votre perte de poids pendant une longue p\u00e9riode, vous devrez vous consacrer \u00e0 un r\u00e9gime alimentaire sain, faire de l&rsquo;exercice tous les jours et prendre les vitamines ou les compl\u00e9ments alimentaires recommand\u00e9s. Il s&rsquo;agit d&rsquo;un style de vie \u00e0 vie, mais les r\u00e9compenses en valent vraiment la peine. <\/li>\n<\/ul>\n\n<h2 class=\"wp-block-heading\"><br\/>La chirurgie de la sleeve gastrique vous convient-elle ?<\/h2>\n\n<p><\/p>\n\n<p>Si vous souffrez de probl\u00e8mes de poids et de condition physique li\u00e9s \u00e0 votre poids, le <strong>traitement chirurgical de la sleeve gastrique<\/strong> peut \u00eatre la r\u00e9ponse dont vous avez besoin. Il s&rsquo;agit d&rsquo;un moyen efficace de perdre des kilos et d&rsquo;am\u00e9liorer votre sant\u00e9, mais la gu\u00e9rison n&rsquo;est pas br\u00e8ve. Le succ\u00e8s repose sur l&rsquo;adaptation \u00e0 long terme du mode de vie, ce qui implique de suivre les conseils de son m\u00e9decin en mati\u00e8re de r\u00e9gime alimentaire et d&rsquo;exercice physique.  <\/p>\n\n<p>Avant d&rsquo;aller de l&rsquo;avant, prenez rendez-vous avec un m\u00e9decin scientifique agr\u00e9\u00e9 qui pourra vous aider \u00e0 d\u00e9cider si <strong>le recours \u00e0 la chirurgie de la sleeve gastrique<\/strong> est la meilleure option pour vous.<\/p>\n\n<h2 class=\"wp-block-heading\">Conclusion<\/h2>\n\n<p><\/p>\n\n<p>L<strong>&lsquo;op\u00e9ration chirurgicale de la sleeve gastrique<\/strong> est un outil de perte de poids examin\u00e9 et puissant pour les personnes qui luttent contre les probl\u00e8mes de poids. Elle permet une perte de poids consid\u00e9rable, am\u00e9liore la sant\u00e9 et compl\u00e8te la qualit\u00e9 de vie. Cependant, pour r\u00e9ussir, il faut \u00eatre d\u00e9termin\u00e9 \u00e0 changer son mode de vie sur le long terme. Si vous \u00eates pr\u00eat \u00e0 faire le premier pas vers une vie plus saine et plus heureuse, la <strong>chirurgie de la sleeve gastrique<\/strong> peut \u00eatre sinc\u00e8rement ce dont vous avez besoin.   <\/p>\n\n<p>Si vous souhaitez en savoir plus, ou si vous \u00eates pr\u00eat \u00e0 passer \u00e0 l&rsquo;\u00e9tape suivante, <strong>contactez-nous d\u00e8s aujourd&rsquo;hui<\/strong> pour d\u00e9couvrir comment le rem\u00e8de chirurgical de la sleeve gastrique peut vous aider \u00e0 r\u00e9aliser vos r\u00eaves de perte de poids et de sant\u00e9.<\/p>\n\n<h3 class=\"wp-block-heading\">Tout ce que vous devez savoir sur le <a href=\"https:\/\/medclinics.com\/fr\/obesity-treatment\/\" target=\"_blank\" rel=\"noreferrer noopener\">traitement de l&rsquo;ob\u00e9sit\u00e9<\/a>, y compris le processus de gu\u00e9rison et plus encore, est ici, <a href=\"#requestform\">contactez-nous<\/a>!<\/h3>\n\n<figure class=\"wp-block-image size-full\"><img decoding=\"async\" width=\"960\" height=\"540\" src=\"https:\/\/medclinics.com\/wp-content\/uploads\/2023\/07\/sleeve-gastrectomy-near-me.jpg\" alt=\"Sleeve Gastrectomy Near Me Istanbul\" class=\"wp-image-97858\" srcset=\"https:\/\/medclinics.com\/wp-content\/uploads\/2023\/07\/sleeve-gastrectomy-near-me.jpg 960w, https:\/\/medclinics.com\/wp-content\/uploads\/2023\/07\/sleeve-gastrectomy-near-me-500x281.jpg 500w, https:\/\/medclinics.com\/wp-content\/uploads\/2023\/07\/sleeve-gastrectomy-near-me-768x432.jpg 768w, https:\/\/medclinics.com\/wp-content\/uploads\/2023\/07\/sleeve-gastrectomy-near-me-24x14.jpg 24w, https:\/\/medclinics.com\/wp-content\/uploads\/2023\/07\/sleeve-gastrectomy-near-me-36x20.jpg 36w, https:\/\/medclinics.com\/wp-content\/uploads\/2023\/07\/sleeve-gastrectomy-near-me-48x27.jpg 48w\" sizes=\"(max-width: 960px) 100vw, 960px\" \/><\/figure>\n\n<h2 class=\"wp-block-heading\">FAQ<\/h2>\n<div id=\"rank-math-faq\" class=\"rank-math-block\">\n<div class=\"rank-math-list \">\n<div id=\"faq-question-1684911836581\" class=\"rank-math-list-item\">\n<h3 class=\"rank-math-question \">Qu&rsquo;est-ce que la sleeve surgery ?<\/h3>\n<div class=\"rank-math-answer \">\n\n<p>La chirurgie de la manche, ou gastrectomie de la manche, est une proc\u00e9dure de perte de poids qui consiste \u00e0 retirer une grande partie de l&rsquo;estomac, laissant derri\u00e8re elle un estomac plus petit en forme de manche. Cela r\u00e9duit la consommation de nourriture et favorise la perte de poids. Elle est r\u00e9alis\u00e9e par laparoscopie et est permanente.<\/p>\n\n<\/div>\n<\/div>\n<div id=\"faq-question-1684911902583\" class=\"rank-math-list-item\">\n<h3 class=\"rank-math-question \">Qui peut subir une sleeve gastrique ?<\/h3>\n<div class=\"rank-math-answer \">\n\n<p>La gastrectomie en manchon est g\u00e9n\u00e9ralement recommand\u00e9e aux personnes qui r\u00e9pondent \u00e0 certains crit\u00e8res. Il s&rsquo;agit notamment d&rsquo;un indice de masse corporelle (IMC) de 40 ou plus ou d&rsquo;un IMC de 35 \u00e0 39,9 avec des probl\u00e8mes de sant\u00e9 importants li\u00e9s \u00e0 l&rsquo;ob\u00e9sit\u00e9. Les candidats doivent avoir tent\u00e9 en vain de perdre du poids par d&rsquo;autres m\u00e9thodes telles que le r\u00e9gime alimentaire et l&rsquo;exercice physique. Il est important que les candidats soient g\u00e9n\u00e9ralement en bonne sant\u00e9 et qu&rsquo;ils n&rsquo;aient pas de probl\u00e8mes m\u00e9dicaux susceptibles d&rsquo;augmenter les risques chirurgicaux. Il faut \u00e9galement s&rsquo;engager \u00e0 modifier son mode de vie \u00e0 long terme en adoptant un r\u00e9gime alimentaire sain et en faisant r\u00e9guli\u00e8rement de l&rsquo;exercice. Cependant, l&rsquo;aptitude \u00e0 la chirurgie de la sleeve gastrique est \u00e9valu\u00e9e sur une base individuelle et une \u00e9valuation approfondie par un professionnel de la sant\u00e9 sp\u00e9cialis\u00e9 dans la chirurgie bariatrique est cruciale pour d\u00e9terminer l&rsquo;aptitude et discuter des risques et des avantages potentiels.<\/p>\n\n<\/div>\n<\/div>\n<div id=\"faq-question-1684911629168\" class=\"rank-math-list-item\">\n<h3 class=\"rank-math-question \">La sleeve gastrectomie est-elle s\u00fbre ?<\/h3>\n<div class=\"rank-math-answer \">\n\n<p>La gastrectomie en chemise est g\u00e9n\u00e9ralement consid\u00e9r\u00e9e comme une proc\u00e9dure de perte de poids s\u00fbre et efficace. Cependant, comme toute proc\u00e9dure chirurgicale, elle comporte certains risques et des complications potentielles. Il est important de discuter des risques et des avantages sp\u00e9cifiques avec un professionnel de la sant\u00e9 qualifi\u00e9 qui pourra \u00e9valuer votre situation personnelle. En g\u00e9n\u00e9ral, la sleeve gastrectomie a \u00e9t\u00e9 pratiqu\u00e9e avec succ\u00e8s chez de nombreuses personnes et a entra\u00een\u00e9 une perte de poids significative et une am\u00e9lioration de divers probl\u00e8mes de sant\u00e9 li\u00e9s \u00e0 l&rsquo;ob\u00e9sit\u00e9.<\/p>\n\n<\/div>\n<\/div>\n<div id=\"faq-question-1684912038891\" class=\"rank-math-list-item\">\n<h3 class=\"rank-math-question \">Quelle est la dur\u00e9e d&rsquo;une sleeve gastrique ?<\/h3>\n<div class=\"rank-math-answer \">\n\n<p>Les effets de la sleeve gastrique sont cens\u00e9s \u00eatre durables. Avec des changements de mode de vie appropri\u00e9s et des soins de suivi, la perte de poids obtenue gr\u00e2ce \u00e0 l&rsquo;intervention chirurgicale peut \u00eatre maintenue \u00e0 long terme. Toutefois, il est essentiel d&rsquo;adopter un mode de vie sain pour conserver les avantages de la proc\u00e9dure.<\/p>\n\n<\/div>\n<\/div>\n<\/div>\n<\/div>\n<p>\u00a0<\/p>\n\n<h3 class=\"wp-block-heading\">Contactez-nous d\u00e8s maintenant si vous avez des questions !<\/h3>\n","protected":false},"excerpt":{"rendered":"<p>Si vous avez souffert d&rsquo;une perte de poids et que vous cherchez une solution permanente, la chirurgie de la manche [&hellip;]<\/p>\n","protected":false},"author":4,"featured_media":160777,"parent":0,"menu_order":0,"comment_status":"closed","ping_status":"closed","template":"","meta":{"site-sidebar-layout":"default","site-content-layout":"","ast-site-content-layout":"default","site-content-style":"default","site-sidebar-style":"default","ast-global-header-display":"","ast-banner-title-visibility":"","ast-main-header-display":"","ast-hfb-above-header-display":"","ast-hfb-below-header-display":"","ast-hfb-mobile-header-display":"","site-post-title":"","ast-breadcrumbs-content":"","ast-featured-img":"","footer-sml-layout":"","ast-disable-related-posts":"","theme-transparent-header-meta":"","adv-header-id-meta":"","stick-header-meta":"","header-above-stick-meta":"","header-main-stick-meta":"","header-below-stick-meta":"","astra-migrate-meta-layouts":"default","ast-page-background-enabled":"default","ast-page-background-meta":{"desktop":{"background-color":"var(--ast-global-color-4)","background-image":"","background-repeat":"repeat","background-position":"center center","background-size":"auto","background-attachment":"scroll","background-type":"","background-media":"","overlay-type":"","overlay-color":"","overlay-opacity":"","overlay-gradient":""},"tablet":{"background-color":"","background-image":"","background-repeat":"repeat","background-position":"center center","background-size":"auto","background-attachment":"scroll","background-type":"","background-media":"","overlay-type":"","overlay-color":"","overlay-opacity":"","overlay-gradient":""},"mobile":{"background-color":"","background-image":"","background-repeat":"repeat","background-position":"center center","background-size":"auto","background-attachment":"scroll","background-type":"","background-media":"","overlay-type":"","overlay-color":"","overlay-opacity":"","overlay-gradient":""}},"ast-content-background-meta":{"desktop":{"background-color":"var(--ast-global-color-5)","background-image":"","background-repeat":"repeat","background-position":"center center","background-size":"auto","background-attachment":"scroll","background-type":"","background-media":"","overlay-type":"","overlay-color":"","overlay-opacity":"","overlay-gradient":""},"tablet":{"background-color":"var(--ast-global-color-5)","background-image":"","background-repeat":"repeat","background-position":"center center","background-size":"auto","background-attachment":"scroll","background-type":"","background-media":"","overlay-type":"","overlay-color":"","overlay-opacity":"","overlay-gradient":""},"mobile":{"background-color":"var(--ast-global-color-5)","background-image":"","background-repeat":"repeat","background-position":"center center","background-size":"auto","background-attachment":"scroll","background-type":"","background-media":"","overlay-type":"","overlay-color":"","overlay-opacity":"","overlay-gradient":""}},"footnotes":""},"class_list":["post-146447","page","type-page","status-publish","has-post-thumbnail","hentry"],"_links":{"self":[{"href":"https:\/\/medclinics.com\/fr\/wp-json\/wp\/v2\/pages\/146447","targetHints":{"allow":["GET"]}}],"collection":[{"href":"https:\/\/medclinics.com\/fr\/wp-json\/wp\/v2\/pages"}],"about":[{"href":"https:\/\/medclinics.com\/fr\/wp-json\/wp\/v2\/types\/page"}],"author":[{"embeddable":true,"href":"https:\/\/medclinics.com\/fr\/wp-json\/wp\/v2\/users\/4"}],"replies":[{"embeddable":true,"href":"https:\/\/medclinics.com\/fr\/wp-json\/wp\/v2\/comments?post=146447"}],"version-history":[{"count":0,"href":"https:\/\/medclinics.com\/fr\/wp-json\/wp\/v2\/pages\/146447\/revisions"}],"wp:featuredmedia":[{"embeddable":true,"href":"https:\/\/medclinics.com\/fr\/wp-json\/wp\/v2\/media\/160777"}],"wp:attachment":[{"href":"https:\/\/medclinics.com\/fr\/wp-json\/wp\/v2\/media?parent=146447"}],"curies":[{"name":"wp","href":"https:\/\/api.w.org\/{rel}","templated":true}]}}