{"id":146413,"date":"2023-05-23T14:08:52","date_gmt":"2023-05-23T11:08:52","guid":{"rendered":"https:\/\/medclinics.com\/insemination-2\/"},"modified":"2025-01-02T16:23:17","modified_gmt":"2025-01-02T13:23:17","slug":"insemination-2","status":"publish","type":"page","link":"https:\/\/medclinics.com\/fr\/insemination-2\/","title":{"rendered":"Ins\u00e9mination"},"content":{"rendered":"\n<h2 class=\"wp-block-heading\">L&rsquo;ins\u00e9mination est la danse remarquable de la science et de la nature, o\u00f9 l&rsquo;espoir est nourri et o\u00f9 les miracles s&rsquo;envolent.<\/h2>\n\n<p>Elle consiste \u00e0 injecter des spermatozo\u00efdes sains et mobiles dans l&rsquo;ut\u00e9rus, le col de l&rsquo;ut\u00e9rus ou les trompes de Fallope.<br\/>Cette m\u00e9thode est souvent utilis\u00e9e lorsque la femme souffre de maladies du col de l&rsquo;ut\u00e9rus ou lorsque les spermatozo\u00efdes sont de mauvaise qualit\u00e9 ou en quantit\u00e9 insuffisante.<\/p>\n\n<p>Avec cette m\u00e9thode, vous pouvez vous attendre \u00e0 un <strong>taux de r\u00e9ussite compris entre 10 et 25 %<\/strong>.<\/p>\n\n<p>On parle d&rsquo;<strong>ins\u00e9mination intra-ut\u00e9rine (IIU)<\/strong> lorsque le sperme est inject\u00e9 directement dans l&rsquo;ut\u00e9rus et non dans le col de l&rsquo;ut\u00e9rus. Seul le sperme purifi\u00e9 peut \u00eatre utilis\u00e9 pour \u00e9viter des r\u00e9actions allergiques graves. Pour ce faire, on \u00e9limine les spermatozo\u00efdes morts et les autres cellules de l&rsquo;\u00e9jaculat et on cong\u00e8le les spermatozo\u00efdes vivants restants \u00e0 l&rsquo;aide d&rsquo;un conservateur afin de maintenir un pH optimal. Pendant l&rsquo;ovulation, les spermatozo\u00efdes nettoy\u00e9s sont directement transf\u00e9r\u00e9s dans l&rsquo;ut\u00e9rus.<\/p>\n\n<p><strong>Lors de l&rsquo;ins\u00e9mination intracervicale (ICI)<\/strong>, le sperme contenant la totalit\u00e9 de l&rsquo;\u00e9jaculat et des fluides naturels est inject\u00e9 dans le vagin de la femme, pr\u00e8s du col de l&rsquo;ut\u00e9rus. Les spermatozo\u00efdes les plus mobiles traversent alors la glaire cervicale et p\u00e9n\u00e8trent dans l&rsquo;ut\u00e9rus, comme lors d&rsquo;un rapport sexuel naturel.<\/p>\n\n<p><strong>Dans l&rsquo;ins\u00e9mination intratubaire (ITI)<\/strong>, les spermatozo\u00efdes sont inject\u00e9s directement dans la trompe de Fallope. Cela r\u00e9duit la distance qu&rsquo;ils doivent parcourir pour atteindre l&rsquo;ut\u00e9rus.<br\/>Cette m\u00e9thode exige que le sperme soit pr\u00e9par\u00e9 et purifi\u00e9 \u00e0 l&rsquo;avance, tout comme dans l&rsquo;<a href=\"https:\/\/de.wikipedia.org\/wiki\/Intrauterine_Insemination\" target=\"_blank\" rel=\"noreferrer noopener\">IUI<\/a>.<\/p>\n\n<h3 class=\"wp-block-heading\">Tout ce que vous devez savoir sur l&rsquo;<a href=\"https:\/\/medclinics.com\/ivf-in-vitro-fertilisation\/\" target=\"_blank\" rel=\"noreferrer noopener\">ins\u00e9mination artificielle<\/a>, y compris le prix, les soins et le processus de gu\u00e9rison, ou <a href=\"#requestform\">contactez-nous<\/a>!<\/h3>\n\n<figure class=\"wp-block-image size-large\"><img fetchpriority=\"high\" decoding=\"async\" width=\"2560\" height=\"1536\" src=\"https:\/\/medclinics.com\/wp-content\/uploads\/2023\/01\/IVF-In-vitro-Fertilisation-Insemination-scaled.jpg\" alt=\"Ins&#xE9;mination &#xE0; Istanbul en Turquie\" class=\"wp-image-16133\" srcset=\"https:\/\/medclinics.com\/wp-content\/uploads\/2023\/01\/IVF-In-vitro-Fertilisation-Insemination-scaled.jpg 2560w, https:\/\/medclinics.com\/wp-content\/uploads\/2023\/01\/IVF-In-vitro-Fertilisation-Insemination-300x180.jpg 300w, https:\/\/medclinics.com\/wp-content\/uploads\/2023\/01\/IVF-In-vitro-Fertilisation-Insemination-1024x614.jpg 1024w, https:\/\/medclinics.com\/wp-content\/uploads\/2023\/01\/IVF-In-vitro-Fertilisation-Insemination-768x461.jpg 768w, https:\/\/medclinics.com\/wp-content\/uploads\/2023\/01\/IVF-In-vitro-Fertilisation-Insemination-1536x922.jpg 1536w, https:\/\/medclinics.com\/wp-content\/uploads\/2023\/01\/IVF-In-vitro-Fertilisation-Insemination-2048x1229.jpg 2048w, https:\/\/medclinics.com\/wp-content\/uploads\/2023\/01\/IVF-In-vitro-Fertilisation-Insemination-600x360.jpg 600w\" sizes=\"(max-width: 2560px) 100vw, 2560px\" \/><\/figure>\n\n<h2 class=\"wp-block-heading\">FAQ<\/h2>\n<div id=\"rank-math-faq\" class=\"rank-math-block\">\n<div class=\"rank-math-list \">\n<div id=\"faq-question-1682603361561\" class=\"rank-math-list-item\">\n<h3 class=\"rank-math-question \">Quelle est la diff\u00e9rence entre l&rsquo;ins\u00e9mination et la FIV ?<\/h3>\n<div class=\"rank-math-answer \">\n\n<p>Lors de l&rsquo;ins\u00e9mination, les spermatozo\u00efdes sont inject\u00e9s dans le corps de la femme. Pour cette proc\u00e9dure, diff\u00e9rentes m\u00e9thodes sont disponibles, comme l&rsquo;IUI, l&rsquo;ICI ou l&rsquo;ITI. La f\u00e9condation a lieu dans le corps de la femme.<br \/>Lors d&rsquo;un traitement de FIV, la f\u00e9condation est r\u00e9alis\u00e9e en laboratoire.<\/p>\n\n<\/div>\n<\/div>\n<div id=\"faq-question-1682665852961\" class=\"rank-math-list-item\">\n<h3 class=\"rank-math-question \">Dois-je prendre des m\u00e9dicaments hormonaux avant l&rsquo;ins\u00e9mination ?<\/h3>\n<div class=\"rank-math-answer \">\n\n<p>Votre m\u00e9decin peut vous prescrire des m\u00e9dicaments avant le traitement, en fonction de votre situation personnelle. Des m\u00e9dicaments hormonaux peuvent \u00eatre utilis\u00e9s pour stimuler les ovaires afin que davantage d&rsquo;ovules soient produits et que les chances d&rsquo;une ins\u00e9mination r\u00e9ussie soient accrues.<\/p>\n\n<\/div>\n<\/div>\n<div id=\"faq-question-1682666623404\" class=\"rank-math-list-item\">\n<h3 class=\"rank-math-question \">Puis-je b\u00e9n\u00e9ficier d&rsquo;un don de sperme en Turquie ?<\/h3>\n<div class=\"rank-math-answer \">\n\n<p>Non, en Turquie, le don de sperme et le don d&rsquo;ovules ne sont pas autoris\u00e9s par la loi. Seuls les couples mari\u00e9s peuvent b\u00e9n\u00e9ficier d&rsquo;un traitement de f\u00e9condation.<\/p>\n\n<\/div>\n<\/div>\n<\/div>\n<\/div>\n<h3 class=\"wp-block-heading\">Contactez-nous d\u00e8s maintenant si vous avez des questions !<\/h3>\n","protected":false},"excerpt":{"rendered":"<p>L&rsquo;ins\u00e9mination est la danse remarquable de la science et de la nature, o\u00f9 l&rsquo;espoir est nourri et o\u00f9 les miracles [&hellip;]<\/p>\n","protected":false},"author":4,"featured_media":91597,"parent":0,"menu_order":0,"comment_status":"closed","ping_status":"closed","template":"","meta":{"site-sidebar-layout":"default","site-content-layout":"","ast-site-content-layout":"default","site-content-style":"default","site-sidebar-style":"default","ast-global-header-display":"","ast-banner-title-visibility":"","ast-main-header-display":"","ast-hfb-above-header-display":"","ast-hfb-below-header-display":"","ast-hfb-mobile-header-display":"","site-post-title":"","ast-breadcrumbs-content":"","ast-featured-img":"","footer-sml-layout":"","ast-disable-related-posts":"","theme-transparent-header-meta":"","adv-header-id-meta":"","stick-header-meta":"","header-above-stick-meta":"","header-main-stick-meta":"","header-below-stick-meta":"","astra-migrate-meta-layouts":"default","ast-page-background-enabled":"default","ast-page-background-meta":{"desktop":{"background-color":"var(--ast-global-color-4)","background-image":"","background-repeat":"repeat","background-position":"center center","background-size":"auto","background-attachment":"scroll","background-type":"","background-media":"","overlay-type":"","overlay-color":"","overlay-opacity":"","overlay-gradient":""},"tablet":{"background-color":"","background-image":"","background-repeat":"repeat","background-position":"center center","background-size":"auto","background-attachment":"scroll","background-type":"","background-media":"","overlay-type":"","overlay-color":"","overlay-opacity":"","overlay-gradient":""},"mobile":{"background-color":"","background-image":"","background-repeat":"repeat","background-position":"center center","background-size":"auto","background-attachment":"scroll","background-type":"","background-media":"","overlay-type":"","overlay-color":"","overlay-opacity":"","overlay-gradient":""}},"ast-content-background-meta":{"desktop":{"background-color":"var(--ast-global-color-5)","background-image":"","background-repeat":"repeat","background-position":"center center","background-size":"auto","background-attachment":"scroll","background-type":"","background-media":"","overlay-type":"","overlay-color":"","overlay-opacity":"","overlay-gradient":""},"tablet":{"background-color":"var(--ast-global-color-5)","background-image":"","background-repeat":"repeat","background-position":"center center","background-size":"auto","background-attachment":"scroll","background-type":"","background-media":"","overlay-type":"","overlay-color":"","overlay-opacity":"","overlay-gradient":""},"mobile":{"background-color":"var(--ast-global-color-5)","background-image":"","background-repeat":"repeat","background-position":"center center","background-size":"auto","background-attachment":"scroll","background-type":"","background-media":"","overlay-type":"","overlay-color":"","overlay-opacity":"","overlay-gradient":""}},"footnotes":""},"class_list":["post-146413","page","type-page","status-publish","has-post-thumbnail","hentry"],"_links":{"self":[{"href":"https:\/\/medclinics.com\/fr\/wp-json\/wp\/v2\/pages\/146413","targetHints":{"allow":["GET"]}}],"collection":[{"href":"https:\/\/medclinics.com\/fr\/wp-json\/wp\/v2\/pages"}],"about":[{"href":"https:\/\/medclinics.com\/fr\/wp-json\/wp\/v2\/types\/page"}],"author":[{"embeddable":true,"href":"https:\/\/medclinics.com\/fr\/wp-json\/wp\/v2\/users\/4"}],"replies":[{"embeddable":true,"href":"https:\/\/medclinics.com\/fr\/wp-json\/wp\/v2\/comments?post=146413"}],"version-history":[{"count":0,"href":"https:\/\/medclinics.com\/fr\/wp-json\/wp\/v2\/pages\/146413\/revisions"}],"wp:featuredmedia":[{"embeddable":true,"href":"https:\/\/medclinics.com\/fr\/wp-json\/wp\/v2\/media\/91597"}],"wp:attachment":[{"href":"https:\/\/medclinics.com\/fr\/wp-json\/wp\/v2\/media?parent=146413"}],"curies":[{"name":"wp","href":"https:\/\/api.w.org\/{rel}","templated":true}]}}