{"id":146401,"date":"2023-05-23T14:05:32","date_gmt":"2023-05-23T14:05:32","guid":{"rendered":"https:\/\/medclinics.com\/lifting-du-fil-francais\/"},"modified":"2024-04-04T19:34:43","modified_gmt":"2024-04-04T16:34:43","slug":"lifting-du-fil-francais","status":"publish","type":"page","link":"https:\/\/medclinics.com\/fr\/lifting-du-fil-francais\/","title":{"rendered":"Lifting du fil fran\u00e7ais"},"content":{"rendered":"\n<h2 class=\"wp-block-heading\">Si vous envisagez un lifting par fil fran\u00e7ais ou d&rsquo;autres options non invasives similaires disponibles aujourd&rsquo;hui. Voici ce qu&rsquo;il vous faut.<\/h2>\n\n<p>Le lifting par fils fran\u00e7ais, \u00e9galement connu sous le nom de \u00a0\u00bb <a href=\"https:\/\/en.wikipedia.org\/wiki\/Rhytidectomy\" target=\"_blank\" rel=\"noreferrer noopener\">lifting<\/a>non chirurgical\u00a0\u00bb, est une excellente proc\u00e9dure cosm\u00e9tique qui vise \u00e0 resserrer et \u00e0 soulever les tissus faciaux affaiss\u00e9s. Le processus consiste \u00e0 utiliser des sutures dissolvables auxquelles sont attach\u00e9s de minuscules c\u00f4nes ou barbes, qui sont ins\u00e9r\u00e9s dans la peau puis tir\u00e9s d\u00e9licatement pour repositionner les zones cibl\u00e9es.<\/p>\n\n<p>Contrairement \u00e0 la chirurgie traditionnelle du lifting, ce traitement peu invasif peut \u00eatre r\u00e9alis\u00e9 sous anesth\u00e9sie locale, sans incisions importantes ni chirurgie majeure. De petits points d&rsquo;entr\u00e9e dans la peau permettent d&rsquo;ins\u00e9rer facilement les fils, tandis que leurs ancres en forme de c\u00f4ne les maintiennent fermement en place pendant l&rsquo;ajustement.<\/p>\n\n<p>L&rsquo;un de ses principaux avantages est la r\u00e9duction du temps de r\u00e9cup\u00e9ration par rapport aux proc\u00e9dures chirurgicales. Cependant, il est important de ne pas s&rsquo;attendre \u00e0 des r\u00e9sultats spectaculaires et durables comme ceux des chirurgies plus invasives telles que les techniques de lifting du visage.<\/p>\n\n<p>Les r\u00e9sultats durent g\u00e9n\u00e9ralement de plusieurs mois \u00e0 un an, en fonction de facteurs individuels tels que l&rsquo;\u00e2ge (qualit\u00e9 de la peau), les habitudes de vie, etc.<\/p>\n\n<h3 class=\"wp-block-heading\">Tout ce que vous devez savoir sur les <a href=\"https:\/\/medclinics.com\/fr\/beaute\/\" target=\"_blank\" rel=\"noreferrer noopener\">traitements de beaut\u00e9<\/a>, y compris le prix, les soins et le processus de gu\u00e9rison, ou <a href=\"#requestform\">contactez-nous<\/a>!<\/h3>\n\n<h2 class=\"wp-block-heading\">FAQ <\/h2>\n<div id=\"rank-math-faq\" class=\"rank-math-block\">\n<div class=\"rank-math-list \">\n<div id=\"faq-question-1684850407993\" class=\"rank-math-list-item\">\n<h3 class=\"rank-math-question \">Qu&rsquo;est-ce qu&rsquo;un ascenseur fran\u00e7ais ?<\/h3>\n<div class=\"rank-math-answer \">\n\n<p>Le lifting fran\u00e7ais est un terme utilis\u00e9 dans l&rsquo;industrie de la beaut\u00e9, il peut faire r\u00e9f\u00e9rence \u00e0 une technique ou \u00e0 un traitement non chirurgical de lifting du visage qui vise \u00e0 apporter des effets de lifting et de rajeunissement au visage. Les proc\u00e9dures non chirurgicales de lifting facial impliquent g\u00e9n\u00e9ralement l&rsquo;utilisation de produits de comblement dermique, de fils ou d&rsquo;autres techniques non invasives pour am\u00e9liorer les contours du visage, soulever la peau affaiss\u00e9e et r\u00e9duire l&rsquo;apparence des rides.<\/p>\n\n<\/div>\n<\/div>\n<div id=\"faq-question-1684850513957\" class=\"rank-math-list-item\">\n<h3 class=\"rank-math-question \">Le releveur de fils est-il plus efficace que le d\u00e9contractant musculaire ?<\/h3>\n<div class=\"rank-math-answer \">\n\n<p>Le lifting des fils et les relaxants musculaires sont des traitements diff\u00e9rents qui ciblent des probl\u00e8mes diff\u00e9rents. Le lifting par fil soul\u00e8ve la peau rel\u00e2ch\u00e9e, tandis que les relaxants musculaires d\u00e9tendent temporairement certains muscles du visage afin de r\u00e9duire les rides caus\u00e9es par les contractions musculaires. Le choix d\u00e9pend des objectifs individuels et de la consultation d&rsquo;un professionnel de la sant\u00e9.<\/p>\n\n<\/div>\n<\/div>\n<div id=\"faq-question-1684850650088\" class=\"rank-math-list-item\">\n<h3 class=\"rank-math-question \">Le releveur de fils fran\u00e7ais est-il s\u00fbr ?<\/h3>\n<div class=\"rank-math-answer \">\n\n<p>Lorsqu&rsquo;il est effectu\u00e9 par un professionnel comp\u00e9tent et qualifi\u00e9, le lifting par fil fran\u00e7ais peut \u00eatre une proc\u00e9dure s\u00fbre. Cependant, il existe des risques et des complications potentiels, il est donc important de choisir un praticien de bonne r\u00e9putation et de proc\u00e9der \u00e0 une consultation approfondie au pr\u00e9alable.<\/p>\n\n<\/div>\n<\/div>\n<\/div>\n<\/div>\n<p><\/p>\n\n<h3 class=\"wp-block-heading\">Contactez-nous d\u00e8s maintenant si vous avez des questions !<\/h3>\n","protected":false},"excerpt":{"rendered":"<p>Si vous envisagez un lifting par fil fran\u00e7ais ou d&rsquo;autres options non invasives similaires disponibles aujourd&rsquo;hui. Voici ce qu&rsquo;il vous [&hellip;]<\/p>\n","protected":false},"author":4,"featured_media":93055,"parent":0,"menu_order":0,"comment_status":"closed","ping_status":"closed","template":"","meta":{"site-sidebar-layout":"default","site-content-layout":"","ast-site-content-layout":"default","site-content-style":"default","site-sidebar-style":"default","ast-global-header-display":"","ast-banner-title-visibility":"","ast-main-header-display":"","ast-hfb-above-header-display":"","ast-hfb-below-header-display":"","ast-hfb-mobile-header-display":"","site-post-title":"","ast-breadcrumbs-content":"","ast-featured-img":"","footer-sml-layout":"","ast-disable-related-posts":"","theme-transparent-header-meta":"","adv-header-id-meta":"","stick-header-meta":"","header-above-stick-meta":"","header-main-stick-meta":"","header-below-stick-meta":"","astra-migrate-meta-layouts":"default","ast-page-background-enabled":"default","ast-page-background-meta":{"desktop":{"background-color":"var(--ast-global-color-4)","background-image":"","background-repeat":"repeat","background-position":"center center","background-size":"auto","background-attachment":"scroll","background-type":"","background-media":"","overlay-type":"","overlay-color":"","overlay-opacity":"","overlay-gradient":""},"tablet":{"background-color":"","background-image":"","background-repeat":"repeat","background-position":"center center","background-size":"auto","background-attachment":"scroll","background-type":"","background-media":"","overlay-type":"","overlay-color":"","overlay-opacity":"","overlay-gradient":""},"mobile":{"background-color":"","background-image":"","background-repeat":"repeat","background-position":"center center","background-size":"auto","background-attachment":"scroll","background-type":"","background-media":"","overlay-type":"","overlay-color":"","overlay-opacity":"","overlay-gradient":""}},"ast-content-background-meta":{"desktop":{"background-color":"var(--ast-global-color-5)","background-image":"","background-repeat":"repeat","background-position":"center center","background-size":"auto","background-attachment":"scroll","background-type":"","background-media":"","overlay-type":"","overlay-color":"","overlay-opacity":"","overlay-gradient":""},"tablet":{"background-color":"var(--ast-global-color-5)","background-image":"","background-repeat":"repeat","background-position":"center center","background-size":"auto","background-attachment":"scroll","background-type":"","background-media":"","overlay-type":"","overlay-color":"","overlay-opacity":"","overlay-gradient":""},"mobile":{"background-color":"var(--ast-global-color-5)","background-image":"","background-repeat":"repeat","background-position":"center center","background-size":"auto","background-attachment":"scroll","background-type":"","background-media":"","overlay-type":"","overlay-color":"","overlay-opacity":"","overlay-gradient":""}},"footnotes":""},"class_list":["post-146401","page","type-page","status-publish","has-post-thumbnail","hentry"],"_links":{"self":[{"href":"https:\/\/medclinics.com\/fr\/wp-json\/wp\/v2\/pages\/146401","targetHints":{"allow":["GET"]}}],"collection":[{"href":"https:\/\/medclinics.com\/fr\/wp-json\/wp\/v2\/pages"}],"about":[{"href":"https:\/\/medclinics.com\/fr\/wp-json\/wp\/v2\/types\/page"}],"author":[{"embeddable":true,"href":"https:\/\/medclinics.com\/fr\/wp-json\/wp\/v2\/users\/4"}],"replies":[{"embeddable":true,"href":"https:\/\/medclinics.com\/fr\/wp-json\/wp\/v2\/comments?post=146401"}],"version-history":[{"count":0,"href":"https:\/\/medclinics.com\/fr\/wp-json\/wp\/v2\/pages\/146401\/revisions"}],"wp:featuredmedia":[{"embeddable":true,"href":"https:\/\/medclinics.com\/fr\/wp-json\/wp\/v2\/media\/93055"}],"wp:attachment":[{"href":"https:\/\/medclinics.com\/fr\/wp-json\/wp\/v2\/media?parent=146401"}],"curies":[{"name":"wp","href":"https:\/\/api.w.org\/{rel}","templated":true}]}}