{"id":146391,"date":"2023-05-20T13:49:19","date_gmt":"2023-05-20T10:49:19","guid":{"rendered":"https:\/\/medclinics.com\/forma-plus-3\/"},"modified":"2024-04-04T19:32:58","modified_gmt":"2024-04-04T16:32:58","slug":"forma-plus-3","status":"publish","type":"page","link":"https:\/\/medclinics.com\/fr\/forma-plus-3\/","title":{"rendered":"Forma Plus"},"content":{"rendered":"\n<h2 class=\"wp-block-heading\">Am\u00e9liorons l&rsquo;apparence de votre peau avec le traitement Forma Plus !<\/h2>\n\n<p>Forma Plus est un traitement cosm\u00e9tique r\u00e9volutionnaire non invasif qui utilise la technologie de pointe de la radiofr\u00e9quence (RF) pour am\u00e9liorer l&rsquo;apparence de votre peau et stimuler la production de collag\u00e8ne. Il s&rsquo;agit d&rsquo;une variante de notre traitement Forma, tr\u00e8s efficace, sp\u00e9cialement con\u00e7ue pour raffermir et tonifier les zones affaiss\u00e9es telles que l&rsquo;abdomen, les cuisses ou les fesses.<\/p>\n\n<p>Au cours de chaque s\u00e9ance, vous d\u00e9couvrirez la puissance des \u00e9lectrodes \u00e9mettrices d&rsquo;\u00e9nergie RF appliqu\u00e9es directement sur les parties du corps cibl\u00e9es \u00e0 l&rsquo;aide d&rsquo;un appareil portatif. La chaleur p\u00e9n\u00e8tre profond\u00e9ment dans les couches situ\u00e9es sous la surface de la peau et stimule la production de collag\u00e8ne en r\u00e9chauffant les tissus dans les zones \u00e0 probl\u00e8mes.<\/p>\n\n<p>Le <a href=\"https:\/\/en.wikipedia.org\/wiki\/Collagen\" target=\"_blank\" rel=\"noreferrer noopener\">collag\u00e8ne<\/a> joue un r\u00f4le essentiel dans la structure et le soutien d&rsquo;une peau d&rsquo;apparence saine. Il diminue naturellement avec le temps, entra\u00eenant l&rsquo;apparition de rides et d&rsquo;un rel\u00e2chement cutan\u00e9. C&rsquo;est pourquoi nous visons \u00e0 inverser ce processus en favorisant son remodelage tout en resserrant les plis l\u00e2ches sur le dessus !<\/p>\n\n<p>L&rsquo;effet de chauffage contr\u00f4l\u00e9 provoque la contraction des fibres sous-jacentes dans les r\u00e9gions trait\u00e9es, ce qui permet d&rsquo;obtenir un teint non seulement plus ferme, mais aussi plus jeune. De plus, en d\u00e9clenchant des r\u00e9actions naturelles de gu\u00e9rison de l&rsquo;int\u00e9rieur, il stimule la croissance de nouvelles fibres, ce qui am\u00e9liore les niveaux d&rsquo;\u00e9lasticit\u00e9 et r\u00e9duit la visibilit\u00e9 de la cellulite encore plus qu&rsquo;avant, garantissant que chaque centim\u00e8tre semble tonique comme jamais auparavant, gr\u00e2ce \u00e0 l&rsquo;utilisation d&rsquo;un seul outil simple mais puissant : \u00ab\u00a0Forma Plus.<\/p>\n\n<p>Les traitements ne n\u00e9cessitent pas non plus d&rsquo;anesth\u00e9sie et sont g\u00e9n\u00e9ralement bien tol\u00e9r\u00e9s. Ils durent entre 30 minutes et 1 heure en fonction de l&rsquo;\u00e9tendue de la zone couverte par fr\u00e9quence de visite et sont recommand\u00e9s \u00e0 des intervalles de plusieurs semaines, ce qui permet d&rsquo;obtenir des r\u00e9sultats optimaux de mani\u00e8re progressive, sans ressentir d&rsquo;inconfort pendant tout le parcours n\u00e9cessaire pour obtenir les r\u00e9sultats souhait\u00e9s. En d\u00e9finitive, les attentes pr\u00e9vues \u00e0 l&rsquo;avance avant d&rsquo;entamer le voyage entrepris ensemble en nous choisissant ici aujourd&rsquo;hui ont \u00e9t\u00e9 combl\u00e9es au-del\u00e0 des esp\u00e9rances.<\/p>\n\n<h3 class=\"wp-block-heading\">Tout ce que vous devez savoir sur les <a href=\"https:\/\/medclinics.com\/fr\/beaute\/\" target=\"_blank\" rel=\"noreferrer noopener\">traitements de beaut\u00e9<\/a>, y compris le prix, les soins et le processus de gu\u00e9rison, ou <a href=\"#requestform\">contactez-nous<\/a>!<\/h3>\n\n<h2 class=\"wp-block-heading\">FAQ <\/h2>\n<div id=\"rank-math-faq\" class=\"rank-math-block\">\n<div class=\"rank-math-list \">\n<div id=\"faq-question-1684849493400\" class=\"rank-math-list-item\">\n<h3 class=\"rank-math-question \">Qu&rsquo;est-ce que Forma Plus ?<\/h3>\n<div class=\"rank-math-answer \">\n\n<p>Forma Plus est une version avanc\u00e9e du traitement Forma. Il s&rsquo;agit d&rsquo;une proc\u00e9dure non invasive de rajeunissement et de resserrement de la peau utilisant l&rsquo;\u00e9nergie de la radiofr\u00e9quence. Forma Plus est sp\u00e9cialement con\u00e7u pour cibler des zones de traitement plus \u00e9tendues et offrir des avantages plus complets en mati\u00e8re de resserrement de la peau et de remodelage des contours. Similaire \u00e0 Forma, Forma Plus d\u00e9livre une \u00e9nergie de radiofr\u00e9quence contr\u00f4l\u00e9e dans les couches profondes de la peau. La chaleur g\u00e9n\u00e9r\u00e9e stimule la production de collag\u00e8ne et encourage le remodelage des tissus, ce qui permet d&rsquo;obtenir une peau plus ferme, plus lisse et plus jeune. Le traitement peut \u00eatre appliqu\u00e9 \u00e0 diff\u00e9rentes zones du corps telles que l&rsquo;abdomen, les cuisses, les fesses et les bras pour traiter des probl\u00e8mes tels que la peau l\u00e2che, la cellulite et la laxit\u00e9 g\u00e9n\u00e9rale de la peau. Forma Plus est r\u00e9alis\u00e9 en une s\u00e9rie de s\u00e9ances de traitement, g\u00e9n\u00e9ralement espac\u00e9es de plusieurs semaines afin d&rsquo;obtenir des r\u00e9sultats optimaux. Le nombre de s\u00e9ances n\u00e9cessaires peut varier en fonction de facteurs individuels, notamment le r\u00e9sultat souhait\u00e9 et l&rsquo;\u00e9tat de la peau trait\u00e9e.<\/p>\n\n<\/div>\n<\/div>\n<div id=\"faq-question-1684849495916\" class=\"rank-math-list-item\">\n<h3 class=\"rank-math-question \">Le laser forma est-il vraiment efficace ?<\/h3>\n<div class=\"rank-math-answer \">\n\n<p>Forma Laser est un traitement de la peau non invasif qui utilise la technologie de la radiofr\u00e9quence pour stimuler la production de collag\u00e8ne et am\u00e9liorer l&rsquo;apparence de la peau. Il peut resserrer la peau, r\u00e9duire les rides et favoriser le rajeunissement de la peau. Le traitement d\u00e9livre de l&rsquo;\u00e9nergie par radiofr\u00e9quence aux couches profondes de la peau, stimulant la production de collag\u00e8ne et d&rsquo;\u00e9lastine pour am\u00e9liorer l&rsquo;\u00e9lasticit\u00e9 et la fermet\u00e9 de la peau. Plusieurs s\u00e9ances de traitement sont g\u00e9n\u00e9ralement n\u00e9cessaires pour obtenir des r\u00e9sultats optimaux. Il est recommand\u00e9 de consulter un professionnel de la sant\u00e9 pour d\u00e9terminer si Forma Laser est adapt\u00e9 aux pr\u00e9occupations et aux objectifs de chacun.<\/p>\n\n<\/div>\n<\/div>\n<div id=\"faq-question-1684849509197\" class=\"rank-math-list-item\">\n<h3 class=\"rank-math-question \">Forma est-il un bon traitement ?<\/h3>\n<div class=\"rank-math-answer \">\n\n<p>Forma est un traitement de la peau non invasif qui utilise l&rsquo;\u00e9nergie de la radiofr\u00e9quence pour stimuler la production de collag\u00e8ne et am\u00e9liorer l&rsquo;apparence de la peau. Il s&rsquo;est av\u00e9r\u00e9 efficace pour le resserrement et le rajeunissement de la peau. Cependant, les r\u00e9sultats individuels peuvent varier et il est pr\u00e9f\u00e9rable de consulter un professionnel de la sant\u00e9 pour obtenir des recommandations personnalis\u00e9es.<\/p>\n\n<\/div>\n<\/div>\n<\/div>\n<\/div>\n<p><\/p>\n\n<h3 class=\"wp-block-heading\">Contactez-nous d\u00e8s maintenant si vous avez des questions !<\/h3>\n","protected":false},"excerpt":{"rendered":"<p>Am\u00e9liorons l&rsquo;apparence de votre peau avec le traitement Forma Plus ! Forma Plus est un traitement cosm\u00e9tique r\u00e9volutionnaire non invasif [&hellip;]<\/p>\n","protected":false},"author":4,"featured_media":92629,"parent":0,"menu_order":0,"comment_status":"closed","ping_status":"closed","template":"","meta":{"site-sidebar-layout":"default","site-content-layout":"","ast-site-content-layout":"default","site-content-style":"default","site-sidebar-style":"default","ast-global-header-display":"","ast-banner-title-visibility":"","ast-main-header-display":"","ast-hfb-above-header-display":"","ast-hfb-below-header-display":"","ast-hfb-mobile-header-display":"","site-post-title":"","ast-breadcrumbs-content":"","ast-featured-img":"","footer-sml-layout":"","ast-disable-related-posts":"","theme-transparent-header-meta":"","adv-header-id-meta":"","stick-header-meta":"","header-above-stick-meta":"","header-main-stick-meta":"","header-below-stick-meta":"","astra-migrate-meta-layouts":"default","ast-page-background-enabled":"default","ast-page-background-meta":{"desktop":{"background-color":"var(--ast-global-color-4)","background-image":"","background-repeat":"repeat","background-position":"center center","background-size":"auto","background-attachment":"scroll","background-type":"","background-media":"","overlay-type":"","overlay-color":"","overlay-opacity":"","overlay-gradient":""},"tablet":{"background-color":"","background-image":"","background-repeat":"repeat","background-position":"center center","background-size":"auto","background-attachment":"scroll","background-type":"","background-media":"","overlay-type":"","overlay-color":"","overlay-opacity":"","overlay-gradient":""},"mobile":{"background-color":"","background-image":"","background-repeat":"repeat","background-position":"center center","background-size":"auto","background-attachment":"scroll","background-type":"","background-media":"","overlay-type":"","overlay-color":"","overlay-opacity":"","overlay-gradient":""}},"ast-content-background-meta":{"desktop":{"background-color":"var(--ast-global-color-5)","background-image":"","background-repeat":"repeat","background-position":"center center","background-size":"auto","background-attachment":"scroll","background-type":"","background-media":"","overlay-type":"","overlay-color":"","overlay-opacity":"","overlay-gradient":""},"tablet":{"background-color":"var(--ast-global-color-5)","background-image":"","background-repeat":"repeat","background-position":"center center","background-size":"auto","background-attachment":"scroll","background-type":"","background-media":"","overlay-type":"","overlay-color":"","overlay-opacity":"","overlay-gradient":""},"mobile":{"background-color":"var(--ast-global-color-5)","background-image":"","background-repeat":"repeat","background-position":"center center","background-size":"auto","background-attachment":"scroll","background-type":"","background-media":"","overlay-type":"","overlay-color":"","overlay-opacity":"","overlay-gradient":""}},"footnotes":""},"class_list":["post-146391","page","type-page","status-publish","has-post-thumbnail","hentry"],"_links":{"self":[{"href":"https:\/\/medclinics.com\/fr\/wp-json\/wp\/v2\/pages\/146391","targetHints":{"allow":["GET"]}}],"collection":[{"href":"https:\/\/medclinics.com\/fr\/wp-json\/wp\/v2\/pages"}],"about":[{"href":"https:\/\/medclinics.com\/fr\/wp-json\/wp\/v2\/types\/page"}],"author":[{"embeddable":true,"href":"https:\/\/medclinics.com\/fr\/wp-json\/wp\/v2\/users\/4"}],"replies":[{"embeddable":true,"href":"https:\/\/medclinics.com\/fr\/wp-json\/wp\/v2\/comments?post=146391"}],"version-history":[{"count":0,"href":"https:\/\/medclinics.com\/fr\/wp-json\/wp\/v2\/pages\/146391\/revisions"}],"wp:featuredmedia":[{"embeddable":true,"href":"https:\/\/medclinics.com\/fr\/wp-json\/wp\/v2\/media\/92629"}],"wp:attachment":[{"href":"https:\/\/medclinics.com\/fr\/wp-json\/wp\/v2\/media?parent=146391"}],"curies":[{"name":"wp","href":"https:\/\/api.w.org\/{rel}","templated":true}]}}