{"id":146363,"date":"2023-05-23T13:17:58","date_gmt":"2023-05-23T13:17:58","guid":{"rendered":"https:\/\/medclinics.com\/remplissage-dissolution\/"},"modified":"2024-04-04T19:21:41","modified_gmt":"2024-04-04T16:21:41","slug":"remplissage-dissolution","status":"publish","type":"page","link":"https:\/\/medclinics.com\/fr\/remplissage-dissolution\/","title":{"rendered":"Remplissage Dissolution"},"content":{"rendered":"\n<h2 class=\"wp-block-heading\">Vous n&rsquo;\u00eates pas satisfait des r\u00e9sultats de votre traitement de comblement dermique ? Ou bien avez-vous connu des complications qui vous g\u00eanent et vous inqui\u00e8tent ?  <\/h2>\n\n<h2 class=\"wp-block-heading\">Si c&rsquo;est le cas, il est temps d&rsquo;envisager une proc\u00e9dure m\u00e9dicale connue sous le nom de dissolution de produit de comblement.<\/h2>\n\n<p>La dissolution ou l&rsquo;\u00e9limination des produits de <a href=\"https:\/\/en.wikipedia.org\/wiki\/Injectable_filler\" target=\"_blank\" rel=\"noreferrer noopener\">comblement<\/a> consiste \u00e0 utiliser une enzyme appel\u00e9e hyaluronidase pour dissoudre les de comblement les plus couramment utilis\u00e9s, compos\u00e9s d&rsquo;acide hyaluronique (AH). En d\u00e9composant ces mol\u00e9cules, cette substance naturelle peut \u00eatre \u00e9limin\u00e9e de votre corps. Le processus comprend g\u00e9n\u00e9ralement une consultation avec un professionnel de l&rsquo;esth\u00e9tique qualifi\u00e9 qui \u00e9valuera si cela convient \u00e0 votre cas particulier avant d&rsquo;administrer une anesth\u00e9sie topique ou des injections locales pour minimiser toute g\u00eane potentielle pendant l&rsquo;injection.<\/p>\n\n<p>L&rsquo;\u00e9tape suivante de la proc\u00e9dure consiste \u00e0 injecter de l&rsquo;hyaluronidase directement dans les zones o\u00f9 des produits de comblement ont \u00e9t\u00e9 inject\u00e9s pr\u00e9c\u00e9demment. Vient ensuite la p\u00e9riode d&rsquo;attente, qui laisse suffisamment de temps pour que les effets du produit se dissolvent progressivement sur une certaine dur\u00e9e, jusqu&rsquo;\u00e0 ce qu&rsquo;il se dissolve compl\u00e8tement, ne laissant derri\u00e8re lui qu&rsquo;une peau naturellement belle.<\/p>\n\n<h3 class=\"wp-block-heading\">Tout ce que vous devez savoir sur les <a href=\"https:\/\/medclinics.com\/fr\/beaute\/\" target=\"_blank\" rel=\"noreferrer noopener\">traitements de beaut\u00e9<\/a>, y compris le prix, les soins et le processus de gu\u00e9rison, ou <a href=\"#requestform\">contactez-nous<\/a>!<\/h3>\n\n<h2 class=\"wp-block-heading\">FAQ <\/h2>\n<div id=\"rank-math-faq\" class=\"rank-math-block\">\n<div class=\"rank-math-list \">\n<div id=\"faq-question-1684847670304\" class=\"rank-math-list-item\">\n<h3 class=\"rank-math-question \">La dissolution du produit de comblement est-elle douloureuse ?<\/h3>\n<div class=\"rank-math-answer \">\n\n<p>Le processus de dissolution des produits de comblement dermique \u00e0 l&rsquo;aide de la hyaluronidase peut provoquer une certaine g\u00eane ou une douleur l\u00e9g\u00e8re, mais elle est g\u00e9n\u00e9ralement g\u00e9rable et temporaire. Le niveau d&rsquo;inconfort peut varier en fonction de facteurs individuels et de la technique utilis\u00e9e. Les professionnels de la sant\u00e9 peuvent prendre des mesures pour minimiser la douleur pendant l&rsquo;intervention, comme l&rsquo;application d&rsquo;une cr\u00e8me anesth\u00e9siante ou l&rsquo;utilisation d&rsquo;une aiguille plus petite.<\/p>\n\n<\/div>\n<\/div>\n<div id=\"faq-question-1684847775548\" class=\"rank-math-list-item\">\n<h3 class=\"rank-math-question \">Qu&rsquo;est-ce qui dissout le mastic ?<\/h3>\n<div class=\"rank-math-answer \">\n\n<p>Les produits de comblement \u00e0 base d&rsquo;acide hyaluronique, le type de produit de comblement dermique le plus couramment utilis\u00e9, peuvent \u00eatre dissous \u00e0 l&rsquo;aide d&rsquo;une enzyme appel\u00e9e hyaluronidase. La hyaluronidase d\u00e9compose les mol\u00e9cules d&rsquo;acide hyaluronique, ce qui permet au produit de comblement d&rsquo;\u00eatre m\u00e9tabolis\u00e9 et absorb\u00e9 par l&rsquo;organisme. L&rsquo;injection de hyaluronidase dans la zone trait\u00e9e permet d&rsquo;inverser les effets du produit de comblement et de restaurer l&rsquo;aspect d&rsquo;origine. Il est important que la hyaluronidase soit sp\u00e9cifique aux produits de comblement \u00e0 base d&rsquo;acide hyaluronique et qu&rsquo;elle ne dissolve pas les autres produits de comblement.<\/p>\n\n<\/div>\n<\/div>\n<div id=\"faq-question-1684847839390\" class=\"rank-math-list-item\">\n<h3 class=\"rank-math-question \">Quel est le co\u00fbt de la dissolution d&rsquo;un produit de remplissage ?<\/h3>\n<div class=\"rank-math-answer \">\n\n<p>Le co\u00fbt de la dissolution du produit de comblement peut varier en fonction de plusieurs facteurs, notamment la r\u00e9gion, le professionnel de sant\u00e9 qui pratique l&rsquo;intervention, la quantit\u00e9 de produit de comblement \u00e0 dissoudre et les \u00e9ventuels frais suppl\u00e9mentaires li\u00e9s \u00e0 la clinique ou \u00e0 l&rsquo;\u00e9tablissement. En g\u00e9n\u00e9ral, le co\u00fbt de la dissolution du produit de comblement \u00e0 l&rsquo;aide de la hyaluronidase varie entre 300 et 800 dollars par s\u00e9ance.<\/p>\n\n<\/div>\n<\/div>\n<\/div>\n<\/div>\n<p><\/p>\n\n<h3 class=\"wp-block-heading\">Contactez-nous d\u00e8s maintenant si vous avez des questions !<\/h3>\n","protected":false},"excerpt":{"rendered":"<p>Vous n&rsquo;\u00eates pas satisfait des r\u00e9sultats de votre traitement de comblement dermique ? Ou bien avez-vous connu des complications qui [&hellip;]<\/p>\n","protected":false},"author":4,"featured_media":92816,"parent":0,"menu_order":0,"comment_status":"closed","ping_status":"closed","template":"","meta":{"site-sidebar-layout":"default","site-content-layout":"","ast-site-content-layout":"default","site-content-style":"default","site-sidebar-style":"default","ast-global-header-display":"","ast-banner-title-visibility":"","ast-main-header-display":"","ast-hfb-above-header-display":"","ast-hfb-below-header-display":"","ast-hfb-mobile-header-display":"","site-post-title":"","ast-breadcrumbs-content":"","ast-featured-img":"","footer-sml-layout":"","ast-disable-related-posts":"","theme-transparent-header-meta":"","adv-header-id-meta":"","stick-header-meta":"","header-above-stick-meta":"","header-main-stick-meta":"","header-below-stick-meta":"","astra-migrate-meta-layouts":"default","ast-page-background-enabled":"default","ast-page-background-meta":{"desktop":{"background-color":"var(--ast-global-color-4)","background-image":"","background-repeat":"repeat","background-position":"center center","background-size":"auto","background-attachment":"scroll","background-type":"","background-media":"","overlay-type":"","overlay-color":"","overlay-opacity":"","overlay-gradient":""},"tablet":{"background-color":"","background-image":"","background-repeat":"repeat","background-position":"center center","background-size":"auto","background-attachment":"scroll","background-type":"","background-media":"","overlay-type":"","overlay-color":"","overlay-opacity":"","overlay-gradient":""},"mobile":{"background-color":"","background-image":"","background-repeat":"repeat","background-position":"center center","background-size":"auto","background-attachment":"scroll","background-type":"","background-media":"","overlay-type":"","overlay-color":"","overlay-opacity":"","overlay-gradient":""}},"ast-content-background-meta":{"desktop":{"background-color":"var(--ast-global-color-5)","background-image":"","background-repeat":"repeat","background-position":"center center","background-size":"auto","background-attachment":"scroll","background-type":"","background-media":"","overlay-type":"","overlay-color":"","overlay-opacity":"","overlay-gradient":""},"tablet":{"background-color":"var(--ast-global-color-5)","background-image":"","background-repeat":"repeat","background-position":"center center","background-size":"auto","background-attachment":"scroll","background-type":"","background-media":"","overlay-type":"","overlay-color":"","overlay-opacity":"","overlay-gradient":""},"mobile":{"background-color":"var(--ast-global-color-5)","background-image":"","background-repeat":"repeat","background-position":"center center","background-size":"auto","background-attachment":"scroll","background-type":"","background-media":"","overlay-type":"","overlay-color":"","overlay-opacity":"","overlay-gradient":""}},"footnotes":""},"class_list":["post-146363","page","type-page","status-publish","has-post-thumbnail","hentry"],"_links":{"self":[{"href":"https:\/\/medclinics.com\/fr\/wp-json\/wp\/v2\/pages\/146363","targetHints":{"allow":["GET"]}}],"collection":[{"href":"https:\/\/medclinics.com\/fr\/wp-json\/wp\/v2\/pages"}],"about":[{"href":"https:\/\/medclinics.com\/fr\/wp-json\/wp\/v2\/types\/page"}],"author":[{"embeddable":true,"href":"https:\/\/medclinics.com\/fr\/wp-json\/wp\/v2\/users\/4"}],"replies":[{"embeddable":true,"href":"https:\/\/medclinics.com\/fr\/wp-json\/wp\/v2\/comments?post=146363"}],"version-history":[{"count":0,"href":"https:\/\/medclinics.com\/fr\/wp-json\/wp\/v2\/pages\/146363\/revisions"}],"wp:featuredmedia":[{"embeddable":true,"href":"https:\/\/medclinics.com\/fr\/wp-json\/wp\/v2\/media\/92816"}],"wp:attachment":[{"href":"https:\/\/medclinics.com\/fr\/wp-json\/wp\/v2\/media?parent=146363"}],"curies":[{"name":"wp","href":"https:\/\/api.w.org\/{rel}","templated":true}]}}