{"id":146353,"date":"2023-05-23T13:05:47","date_gmt":"2023-05-23T10:05:47","guid":{"rendered":"https:\/\/medclinics.com\/mesotherapie-faciale\/"},"modified":"2024-04-04T19:26:25","modified_gmt":"2024-04-04T16:26:25","slug":"mesotherapie-faciale","status":"publish","type":"page","link":"https:\/\/medclinics.com\/fr\/mesotherapie-faciale\/","title":{"rendered":"M\u00e9soth\u00e9rapie faciale"},"content":{"rendered":"\n<p>La m\u00e9soth\u00e9rapie faciale est un traitement cosm\u00e9tique qui peut faire des merveilles pour votre peau. Cette proc\u00e9dure non invasive consiste \u00e0 injecter des solutions soigneusement formul\u00e9es dans les couches de la peau de votre visage afin d&rsquo;en am\u00e9liorer l&rsquo;aspect et de r\u00e9pondre \u00e0 des pr\u00e9occupations sp\u00e9cifiques.<\/p>\n\n<p>Au cours de ce processus, de minuscules injections sont r\u00e9alis\u00e9es dans des zones cibl\u00e9es \u00e0 l&rsquo;aide d&rsquo;un m\u00e9lange de vitamines, de min\u00e9raux, d&rsquo;acides amin\u00e9s, d&rsquo;acide hyaluronique et d&rsquo;autres substances b\u00e9n\u00e9fiques. Ces ingr\u00e9dients nourrissent la peau en stimulant la production de collag\u00e8ne tout en am\u00e9liorant la circulation et les niveaux d&rsquo;hydratation.<\/p>\n\n<p>La composition de ces solutions d&rsquo;injection varie en fonction des besoins individuels ou des pr\u00e9f\u00e9rences du praticien &#8211; certaines peuvent m\u00eame inclure des extraits botaniques ou des m\u00e9dicaments con\u00e7us sp\u00e9cifiquement pour r\u00e9duire les taches pigmentaires ou les \u00e9ruptions d&rsquo;acn\u00e9 !<\/p>\n\n<p>La <a href=\"https:\/\/en.wikipedia.org\/wiki\/Mesotherapy\" target=\"_blank\" rel=\"noreferrer noopener\">m\u00e9soth\u00e9rapie<\/a> faciale ne doit \u00eatre pratiqu\u00e9e que par des professionnels m\u00e9dicaux qualifi\u00e9s, tels que des dermatologues, qui utilisent de fines aiguilles lors de l&rsquo;administration et appliquent au pr\u00e9alable des anesth\u00e9siques topiques si n\u00e9cessaire, afin que les patients ressentent une g\u00eane minimale tout au long de la s\u00e9ance.<\/p>\n\n<p>Cette technique \u00e9tonnante s&rsquo;est av\u00e9r\u00e9e efficace pour traiter divers probl\u00e8mes tels que l&rsquo;aspect terne, les taches s\u00e8ches, le teint in\u00e9gal, les rides, les cicatrices, etc., ce qui en fait une excellente alternative aux proc\u00e9dures plus invasives telles que les liftings, qui n\u00e9cessitent un temps d&rsquo;arr\u00eat important apr\u00e8s le traitement !<\/p>\n\n<h3 class=\"wp-block-heading\">Tout ce que vous devez savoir sur les <a href=\"https:\/\/medclinics.com\/fr\/beaute\/\" target=\"_blank\" rel=\"noreferrer noopener\">soins de beaut\u00e9<\/a> est ici, <a href=\"#requestform\">contactez-nous<\/a>!<\/h3>\n\n<h2 class=\"wp-block-heading\">FAQ <\/h2>\n<div id=\"rank-math-faq\" class=\"rank-math-block\">\n<div class=\"rank-math-list \">\n<div id=\"faq-question-1684846795499\" class=\"rank-math-list-item\">\n<h3 class=\"rank-math-question \">Quelle est la dur\u00e9e de la m\u00e9soth\u00e9rapie faciale ?<\/h3>\n<div class=\"rank-math-answer \">\n\n<p>La dur\u00e9e des effets de la m\u00e9soth\u00e9rapie faciale peut varier en fonction de plusieurs facteurs, notamment le type de peau de la personne, les probl\u00e8mes sp\u00e9cifiques trait\u00e9s et le plan de traitement suivi. En g\u00e9n\u00e9ral, les effets de la m\u00e9soth\u00e9rapie faciale peuvent durer de plusieurs mois \u00e0 un an.<\/p>\n\n<\/div>\n<\/div>\n<div id=\"faq-question-1684846831314\" class=\"rank-math-list-item\">\n<h3 class=\"rank-math-question \">La m\u00e9soth\u00e9rapie faciale est-elle efficace ?<\/h3>\n<div class=\"rank-math-answer \">\n\n<p>La m\u00e9soth\u00e9rapie faciale peut \u00eatre efficace pour traiter certains probl\u00e8mes de peau lorsqu&rsquo;elle est pratiqu\u00e9e par un professionnel qualifi\u00e9. En injectant des combinaisons personnalis\u00e9es d&rsquo;ingr\u00e9dients actifs dans la peau, la m\u00e9soth\u00e9rapie peut stimuler la production de collag\u00e8ne, am\u00e9liorer la texture de la peau, fournir de l&rsquo;hydratation et cibler des probl\u00e8mes sp\u00e9cifiques tels que les rides et ridules et les irr\u00e9gularit\u00e9s de la pigmentation. Cependant, l&rsquo;efficacit\u00e9 de la m\u00e9soth\u00e9rapie faciale peut varier en fonction de facteurs tels que le type de peau, les pr\u00e9occupations sp\u00e9cifiques et l&rsquo;expertise du praticien. Les r\u00e9sultats peuvent \u00e9galement d\u00e9pendre du nombre et de la fr\u00e9quence des traitements, ainsi que de la r\u00e9ponse individuelle. Pour d\u00e9terminer si la m\u00e9soth\u00e9rapie est adapt\u00e9e \u00e0 votre visage et obtenir des r\u00e9sultats optimaux, il est recommand\u00e9 de consulter un dermatologue ou un professionnel des soins de la peau qualifi\u00e9 qui pourra \u00e9valuer l&rsquo;\u00e9tat de votre peau, discuter de vos objectifs et vous fournir des recommandations personnalis\u00e9es.<\/p>\n\n<\/div>\n<\/div>\n<div id=\"faq-question-1684846995722\" class=\"rank-math-list-item\">\n<h3 class=\"rank-math-question \">Qu&rsquo;est-ce que la m\u00e9soth\u00e9rapie faciale ?<\/h3>\n<div class=\"rank-math-answer \">\n\n<p>La m\u00e9soth\u00e9rapie faciale est une proc\u00e9dure cosm\u00e9tique qui consiste \u00e0 injecter dans la peau des combinaisons personnalis\u00e9es d&rsquo;ingr\u00e9dients actifs pour r\u00e9pondre \u00e0 des probl\u00e8mes sp\u00e9cifiques. Il peut am\u00e9liorer la texture de la peau, stimuler la production de collag\u00e8ne, fournir de l&rsquo;hydratation et cibler des probl\u00e8mes tels que les ridules, les rides et les irr\u00e9gularit\u00e9s de la pigmentation. L&rsquo;efficacit\u00e9 peut varier en fonction de facteurs tels que le type de peau, les pr\u00e9occupations et l&rsquo;expertise du praticien.<\/p>\n\n<\/div>\n<\/div>\n<\/div>\n<\/div>\n<p><\/p>\n\n<h3 class=\"wp-block-heading\">Contactez-nous d\u00e8s maintenant si vous avez des questions !<\/h3>\n","protected":false},"excerpt":{"rendered":"<p>La m\u00e9soth\u00e9rapie faciale est un traitement cosm\u00e9tique qui peut faire des merveilles pour votre peau. Cette proc\u00e9dure non invasive consiste [&hellip;]<\/p>\n","protected":false},"author":4,"featured_media":93041,"parent":0,"menu_order":0,"comment_status":"closed","ping_status":"closed","template":"","meta":{"site-sidebar-layout":"default","site-content-layout":"","ast-site-content-layout":"default","site-content-style":"default","site-sidebar-style":"default","ast-global-header-display":"","ast-banner-title-visibility":"","ast-main-header-display":"","ast-hfb-above-header-display":"","ast-hfb-below-header-display":"","ast-hfb-mobile-header-display":"","site-post-title":"","ast-breadcrumbs-content":"","ast-featured-img":"","footer-sml-layout":"","ast-disable-related-posts":"","theme-transparent-header-meta":"","adv-header-id-meta":"","stick-header-meta":"","header-above-stick-meta":"","header-main-stick-meta":"","header-below-stick-meta":"","astra-migrate-meta-layouts":"default","ast-page-background-enabled":"default","ast-page-background-meta":{"desktop":{"background-color":"var(--ast-global-color-4)","background-image":"","background-repeat":"repeat","background-position":"center center","background-size":"auto","background-attachment":"scroll","background-type":"","background-media":"","overlay-type":"","overlay-color":"","overlay-opacity":"","overlay-gradient":""},"tablet":{"background-color":"","background-image":"","background-repeat":"repeat","background-position":"center center","background-size":"auto","background-attachment":"scroll","background-type":"","background-media":"","overlay-type":"","overlay-color":"","overlay-opacity":"","overlay-gradient":""},"mobile":{"background-color":"","background-image":"","background-repeat":"repeat","background-position":"center center","background-size":"auto","background-attachment":"scroll","background-type":"","background-media":"","overlay-type":"","overlay-color":"","overlay-opacity":"","overlay-gradient":""}},"ast-content-background-meta":{"desktop":{"background-color":"var(--ast-global-color-5)","background-image":"","background-repeat":"repeat","background-position":"center center","background-size":"auto","background-attachment":"scroll","background-type":"","background-media":"","overlay-type":"","overlay-color":"","overlay-opacity":"","overlay-gradient":""},"tablet":{"background-color":"var(--ast-global-color-5)","background-image":"","background-repeat":"repeat","background-position":"center center","background-size":"auto","background-attachment":"scroll","background-type":"","background-media":"","overlay-type":"","overlay-color":"","overlay-opacity":"","overlay-gradient":""},"mobile":{"background-color":"var(--ast-global-color-5)","background-image":"","background-repeat":"repeat","background-position":"center center","background-size":"auto","background-attachment":"scroll","background-type":"","background-media":"","overlay-type":"","overlay-color":"","overlay-opacity":"","overlay-gradient":""}},"footnotes":""},"class_list":["post-146353","page","type-page","status-publish","has-post-thumbnail","hentry"],"_links":{"self":[{"href":"https:\/\/medclinics.com\/fr\/wp-json\/wp\/v2\/pages\/146353","targetHints":{"allow":["GET"]}}],"collection":[{"href":"https:\/\/medclinics.com\/fr\/wp-json\/wp\/v2\/pages"}],"about":[{"href":"https:\/\/medclinics.com\/fr\/wp-json\/wp\/v2\/types\/page"}],"author":[{"embeddable":true,"href":"https:\/\/medclinics.com\/fr\/wp-json\/wp\/v2\/users\/4"}],"replies":[{"embeddable":true,"href":"https:\/\/medclinics.com\/fr\/wp-json\/wp\/v2\/comments?post=146353"}],"version-history":[{"count":0,"href":"https:\/\/medclinics.com\/fr\/wp-json\/wp\/v2\/pages\/146353\/revisions"}],"wp:featuredmedia":[{"embeddable":true,"href":"https:\/\/medclinics.com\/fr\/wp-json\/wp\/v2\/media\/93041"}],"wp:attachment":[{"href":"https:\/\/medclinics.com\/fr\/wp-json\/wp\/v2\/media?parent=146353"}],"curies":[{"name":"wp","href":"https:\/\/api.w.org\/{rel}","templated":true}]}}