{"id":146339,"date":"2023-05-23T12:38:00","date_gmt":"2023-05-23T09:38:00","guid":{"rendered":"https:\/\/medclinics.com\/mesotherapie-du-contour-des-yeux\/"},"modified":"2024-04-04T19:26:30","modified_gmt":"2024-04-04T16:26:30","slug":"mesotherapie-du-contour-des-yeux","status":"publish","type":"page","link":"https:\/\/medclinics.com\/fr\/mesotherapie-du-contour-des-yeux\/","title":{"rendered":"M\u00e9soth\u00e9rapie du contour des yeux"},"content":{"rendered":"\n<h2 class=\"wp-block-heading\">Vous en avez assez de vous regarder dans le miroir et de voir des ridules, des rides, des poches ou des cercles sombres autour de vos yeux ? Si c&rsquo;est le cas, la m\u00e9soth\u00e9rapie du contour des yeux pourrait \u00eatre la solution pour vous.<\/h2>\n\n<p>La m\u00e9soth\u00e9rapie du contour des yeux consiste \u00e0 injecter des substances sp\u00e9cialis\u00e9es dans la peau d\u00e9licate qui entoure les yeux afin d&rsquo;en am\u00e9liorer l&rsquo;aspect.<\/p>\n\n<p>Les ingr\u00e9dients utilis\u00e9s pendant le traitement de m\u00e9soth\u00e9rapie du contour des yeux peuvent varier en fonction des besoins de chaque patient. Toutefois, les composants communs comprennent des vitamines, des min\u00e9raux, de l&rsquo;<a href=\"https:\/\/en.wikipedia.org\/wiki\/Hyaluronic_acid\" target=\"_blank\" rel=\"noreferrer noopener\">acide hyaluronique<\/a>, des peptides, des acides amin\u00e9s et des antioxydants qui sont tous cens\u00e9s nourrir et rajeunir la peau tout en favorisant la production de collag\u00e8ne, am\u00e9liorant ainsi la texture et le tonus.<\/p>\n\n<p>Au cours d&rsquo;une s\u00e9ance avec un professionnel de la sant\u00e9 ou une esth\u00e9ticienne exp\u00e9riment\u00e9e qui utilisera une petite aiguille pour injecter ces solutions \u00e0 plusieurs endroits, en veillant \u00e0 ce qu&rsquo;elles soient r\u00e9parties uniform\u00e9ment dans les zones cibl\u00e9es. Les r\u00e9sultats optimaux peuvent n\u00e9cessiter plusieurs traitements au fil du temps, mais le jeu en vaut la chandelle !<\/p>\n\n<p>Qu&rsquo;est-ce qui vous emp\u00eache d&rsquo;obtenir des cernes d&rsquo;apparence plus lumineuse et plus jeune ? Demandez une consultation gratuite d\u00e8s maintenant !<\/p>\n\n<h3 class=\"wp-block-heading\">Tout ce que vous devez savoir sur les <a href=\"https:\/\/medclinics.com\/fr\/beaute\/\" target=\"_blank\" rel=\"noreferrer noopener\">traitements de beaut\u00e9<\/a>, y compris les prix et plus encore, est ici, <a href=\"#requestform\">contactez-nous<\/a>!<\/h3>\n\n<h2 class=\"wp-block-heading\">FAQ <\/h2>\n<div id=\"rank-math-faq\" class=\"rank-math-block\">\n<div class=\"rank-math-list \">\n<div id=\"faq-question-1684845255298\" class=\"rank-math-list-item\">\n<h3 class=\"rank-math-question \">Qu&rsquo;est-ce que la m\u00e9soth\u00e9rapie pour les yeux ?<\/h3>\n<div class=\"rank-math-answer \">\n\n<p>La m\u00e9soth\u00e9rapie pour les yeux, \u00e9galement connue sous le nom de m\u00e9soth\u00e9rapie sous les yeux ou de traitement m\u00e9so-oculaire, est une proc\u00e9dure cosm\u00e9tique qui consiste \u00e0 injecter des substances sp\u00e9cialis\u00e9es dans la peau du contour des yeux afin de r\u00e9pondre \u00e0 des probl\u00e8mes sp\u00e9cifiques dans cette zone. La m\u00e9soth\u00e9rapie du contour des yeux vise \u00e0 rajeunir la peau d\u00e9licate du contour des yeux et \u00e0 traiter les probl\u00e8mes tels que les cernes, les poches, les ridules et les rides.<\/p>\n\n<\/div>\n<\/div>\n<div id=\"faq-question-1684845293786\" class=\"rank-math-list-item\">\n<h3 class=\"rank-math-question \">La m\u00e9soth\u00e9rapie sous les yeux est-elle s\u00fbre ?<\/h3>\n<div class=\"rank-math-answer \">\n\n<p>Lorsqu&rsquo;elle est pratiqu\u00e9e par un professionnel de sant\u00e9 qualifi\u00e9 et exp\u00e9riment\u00e9, la m\u00e9soth\u00e9rapie de la zone sous les yeux est g\u00e9n\u00e9ralement consid\u00e9r\u00e9e comme s\u00fbre. Cependant, comme pour toute proc\u00e9dure m\u00e9dicale, il existe des risques potentiels et des effets secondaires dont il faut \u00eatre conscient. Il peut s&rsquo;agir d&rsquo;ecchymoses, de gonflements, de rougeurs, d&rsquo;irritations, d&rsquo;infections (bien que rares) et de r\u00e9actions allergiques. Le choix d&rsquo;un praticien comp\u00e9tent et le respect de pratiques de st\u00e9rilisation et d&rsquo;asepsie appropri\u00e9es peuvent contribuer \u00e0 minimiser ces risques. Il est important d&rsquo;avoir des attentes r\u00e9alistes et de proc\u00e9der \u00e0 une \u00e9valuation approfondie avant l&rsquo;intervention. La consultation d&rsquo;un professionnel de la sant\u00e9 permet d&rsquo;obtenir des conseils personnalis\u00e9s et de s&rsquo;assurer de la s\u00e9curit\u00e9 et de l&rsquo;ad\u00e9quation de la m\u00e9soth\u00e9rapie pour votre zone sous les yeux.<\/p>\n\n<\/div>\n<\/div>\n<\/div>\n<\/div>\n<p><\/p>\n\n<h3 class=\"wp-block-heading\">Contactez-nous d\u00e8s maintenant si vous avez des questions !<\/h3>\n","protected":false},"excerpt":{"rendered":"<p>Vous en avez assez de vous regarder dans le miroir et de voir des ridules, des rides, des poches ou [&hellip;]<\/p>\n","protected":false},"author":4,"featured_media":92671,"parent":0,"menu_order":0,"comment_status":"closed","ping_status":"closed","template":"","meta":{"site-sidebar-layout":"default","site-content-layout":"","ast-site-content-layout":"default","site-content-style":"default","site-sidebar-style":"default","ast-global-header-display":"","ast-banner-title-visibility":"","ast-main-header-display":"","ast-hfb-above-header-display":"","ast-hfb-below-header-display":"","ast-hfb-mobile-header-display":"","site-post-title":"","ast-breadcrumbs-content":"","ast-featured-img":"","footer-sml-layout":"","ast-disable-related-posts":"","theme-transparent-header-meta":"","adv-header-id-meta":"","stick-header-meta":"","header-above-stick-meta":"","header-main-stick-meta":"","header-below-stick-meta":"","astra-migrate-meta-layouts":"default","ast-page-background-enabled":"default","ast-page-background-meta":{"desktop":{"background-color":"var(--ast-global-color-4)","background-image":"","background-repeat":"repeat","background-position":"center center","background-size":"auto","background-attachment":"scroll","background-type":"","background-media":"","overlay-type":"","overlay-color":"","overlay-opacity":"","overlay-gradient":""},"tablet":{"background-color":"","background-image":"","background-repeat":"repeat","background-position":"center center","background-size":"auto","background-attachment":"scroll","background-type":"","background-media":"","overlay-type":"","overlay-color":"","overlay-opacity":"","overlay-gradient":""},"mobile":{"background-color":"","background-image":"","background-repeat":"repeat","background-position":"center center","background-size":"auto","background-attachment":"scroll","background-type":"","background-media":"","overlay-type":"","overlay-color":"","overlay-opacity":"","overlay-gradient":""}},"ast-content-background-meta":{"desktop":{"background-color":"var(--ast-global-color-5)","background-image":"","background-repeat":"repeat","background-position":"center center","background-size":"auto","background-attachment":"scroll","background-type":"","background-media":"","overlay-type":"","overlay-color":"","overlay-opacity":"","overlay-gradient":""},"tablet":{"background-color":"var(--ast-global-color-5)","background-image":"","background-repeat":"repeat","background-position":"center center","background-size":"auto","background-attachment":"scroll","background-type":"","background-media":"","overlay-type":"","overlay-color":"","overlay-opacity":"","overlay-gradient":""},"mobile":{"background-color":"var(--ast-global-color-5)","background-image":"","background-repeat":"repeat","background-position":"center center","background-size":"auto","background-attachment":"scroll","background-type":"","background-media":"","overlay-type":"","overlay-color":"","overlay-opacity":"","overlay-gradient":""}},"footnotes":""},"class_list":["post-146339","page","type-page","status-publish","has-post-thumbnail","hentry"],"_links":{"self":[{"href":"https:\/\/medclinics.com\/fr\/wp-json\/wp\/v2\/pages\/146339","targetHints":{"allow":["GET"]}}],"collection":[{"href":"https:\/\/medclinics.com\/fr\/wp-json\/wp\/v2\/pages"}],"about":[{"href":"https:\/\/medclinics.com\/fr\/wp-json\/wp\/v2\/types\/page"}],"author":[{"embeddable":true,"href":"https:\/\/medclinics.com\/fr\/wp-json\/wp\/v2\/users\/4"}],"replies":[{"embeddable":true,"href":"https:\/\/medclinics.com\/fr\/wp-json\/wp\/v2\/comments?post=146339"}],"version-history":[{"count":0,"href":"https:\/\/medclinics.com\/fr\/wp-json\/wp\/v2\/pages\/146339\/revisions"}],"wp:featuredmedia":[{"embeddable":true,"href":"https:\/\/medclinics.com\/fr\/wp-json\/wp\/v2\/media\/92671"}],"wp:attachment":[{"href":"https:\/\/medclinics.com\/fr\/wp-json\/wp\/v2\/media?parent=146339"}],"curies":[{"name":"wp","href":"https:\/\/api.w.org\/{rel}","templated":true}]}}