{"id":146327,"date":"2023-05-23T12:26:37","date_gmt":"2023-05-23T09:26:37","guid":{"rendered":"https:\/\/medclinics.com\/dermapen-2\/"},"modified":"2024-04-04T19:32:48","modified_gmt":"2024-04-04T16:32:48","slug":"dermapen-2","status":"publish","type":"page","link":"https:\/\/medclinics.com\/fr\/dermapen-2\/","title":{"rendered":"Dermapen"},"content":{"rendered":"\n<h2 class=\"wp-block-heading\">Vous \u00eates \u00e0 la recherche d&rsquo;une proc\u00e9dure cosm\u00e9tique susceptible d&rsquo;am\u00e9liorer l&rsquo;apparence des rides et ridules, des cicatrices d&rsquo;acn\u00e9 et du teint in\u00e9gal de la peau ? Ne cherchez pas plus loin que le traitement Dermapen !<\/h2>\n\n<p>  \u00c9galement connue sous le nom de <a href=\"https:\/\/en.wikipedia.org\/wiki\/Collagen_induction_therapy\" target=\"_blank\" rel=\"noreferrer noopener\">microneedling<\/a> ou de th\u00e9rapie d&rsquo;induction de collag\u00e8ne, cette technique innovante consiste \u00e0 cr\u00e9er de minuscules piq\u00fbres dans la peau \u00e0 l&rsquo;aide d&rsquo;un appareil portatif. Il en r\u00e9sulte une augmentation de la production de collag\u00e8ne et des processus naturels de gu\u00e9rison dans votre corps.<\/p>\n\n<p>Ce traitement est \u00e0 la fois doux et efficace. Au cours de chaque s\u00e9ance, nos praticiens qualifi\u00e9s font rouler l&rsquo;appareil sur votre visage pour cr\u00e9er des micro-l\u00e9sions contr\u00f4l\u00e9es. Ces l\u00e9sions stimulent la croissance de nouvelles cellules tout en \u00e9liminant les tissus cicatriciels caus\u00e9s par des affections telles que les cicatrices d&rsquo;acn\u00e9. En outre, ils favorisent des niveaux de pigmentation uniformes dans toutes les zones de votre teint !<\/p>\n\n<p>Si vous cherchez des moyens de minimiser les pores dilat\u00e9s ou de r\u00e9duire l&rsquo;hyperpigmentation (comme les taches de soleil), pensez \u00e0 vous inscrire \u00e0 l&rsquo;une de nos s\u00e9ances de dermapen d\u00e8s aujourd&rsquo;hui !  <\/p>\n\n<h3 class=\"wp-block-heading\">Tout ce que vous devez savoir sur les <a href=\"https:\/\/medclinics.com\/fr\/beaute\/\" target=\"_blank\" rel=\"noreferrer noopener\">traitements de beaut\u00e9<\/a>, y compris le prix, les soins et le processus de gu\u00e9rison, ou <a href=\"#requestform\">contactez-nous<\/a>!<\/h3>\n\n<h2 class=\"wp-block-heading\">FAQ <\/h2>\n<div id=\"rank-math-faq\" class=\"rank-math-block\">\n<div class=\"rank-math-list \">\n<div id=\"faq-question-1684844597949\" class=\"rank-math-list-item\">\n<h3 class=\"rank-math-question \">Qu&rsquo;est-ce que le Dermapen ?<\/h3>\n<div class=\"rank-math-answer \">\n\n<p>Le dermapen est une proc\u00e9dure cosm\u00e9tique qui utilise un appareil muni de minuscules aiguilles pour cr\u00e9er des micro-l\u00e9sions contr\u00f4l\u00e9es dans la peau. Il peut am\u00e9liorer la texture de la peau, r\u00e9duire les rides et ridules et traiter des probl\u00e8mes tels que les cicatrices d&rsquo;acn\u00e9 et l&rsquo;hyperpigmentation. Il am\u00e9liore l&rsquo;absorption des produits de soin de la peau et n&rsquo;entra\u00eene g\u00e9n\u00e9ralement qu&rsquo;un temps d&rsquo;arr\u00eat minime. Il est important de consulter un professionnel pour un traitement s\u00fbr et efficace.<\/p>\n\n<\/div>\n<\/div>\n<div id=\"faq-question-1684844455377\" class=\"rank-math-list-item\">\n<h3 class=\"rank-math-question \">Le Dermapen est-il bon pour le visage ?<\/h3>\n<div class=\"rank-math-answer \">\n\n<p>Lorsqu&rsquo;il est pratiqu\u00e9 par un professionnel qualifi\u00e9, le Dermapen peut avoir plusieurs avantages pour le visage. Il stimule la production de collag\u00e8ne et d&rsquo;\u00e9lastine, ce qui permet d&rsquo;am\u00e9liorer la texture de la peau, de r\u00e9duire les rides et ridules et de rajeunir la peau en g\u00e9n\u00e9ral. En outre, il peut contribuer \u00e0 am\u00e9liorer le teint et la texture de la peau, en r\u00e9duisant l&rsquo;apparence des cicatrices d&rsquo;acn\u00e9, de l&rsquo;hyperpigmentation et d&rsquo;autres imperfections cutan\u00e9es. Les micro-canaux cr\u00e9\u00e9s par le microneedling am\u00e9liorent \u00e9galement l&rsquo;absorption des produits de soins de la peau, maximisant ainsi leur efficacit\u00e9. Compar\u00e9 \u00e0 des proc\u00e9dures plus invasives, le Dermapen n&rsquo;entra\u00eene g\u00e9n\u00e9ralement qu&rsquo;un temps d&rsquo;arr\u00eat minime, les rougeurs et les l\u00e9gers gonflements disparaissant au bout de quelques jours. Il est important de consulter un dermatologue ou un professionnel des soins de la peau qualifi\u00e9 pour d\u00e9terminer si le dermapen convient \u00e0 votre peau et pour s&rsquo;assurer que la proc\u00e9dure est effectu\u00e9e de mani\u00e8re s\u00fbre et efficace.<\/p>\n\n<\/div>\n<\/div>\n<div id=\"faq-question-1684844634844\" class=\"rank-math-list-item\">\n<h3 class=\"rank-math-question \">Combien de temps les effets de dermapen durent-ils ?<\/h3>\n<div class=\"rank-math-answer \">\n\n<p>Les effets du Dermapen peuvent durer de plusieurs mois \u00e0 un an, en fonction de facteurs tels que le type de peau, le plan de traitement et des facteurs individuels. Des traitements d&rsquo;entretien et des pratiques de soins de la peau coh\u00e9rentes peuvent aider \u00e0 maintenir les r\u00e9sultats.<\/p>\n\n<\/div>\n<\/div>\n<\/div>\n<\/div>\n<p><\/p>\n\n<h3 class=\"wp-block-heading\">Contactez-nous d\u00e8s maintenant si vous avez des questions !<\/h3>\n","protected":false},"excerpt":{"rendered":"<p>Vous \u00eates \u00e0 la recherche d&rsquo;une proc\u00e9dure cosm\u00e9tique susceptible d&rsquo;am\u00e9liorer l&rsquo;apparence des rides et ridules, des cicatrices d&rsquo;acn\u00e9 et du [&hellip;]<\/p>\n","protected":false},"author":4,"featured_media":92699,"parent":0,"menu_order":0,"comment_status":"closed","ping_status":"closed","template":"","meta":{"site-sidebar-layout":"default","site-content-layout":"","ast-site-content-layout":"default","site-content-style":"default","site-sidebar-style":"default","ast-global-header-display":"","ast-banner-title-visibility":"","ast-main-header-display":"","ast-hfb-above-header-display":"","ast-hfb-below-header-display":"","ast-hfb-mobile-header-display":"","site-post-title":"","ast-breadcrumbs-content":"","ast-featured-img":"","footer-sml-layout":"","ast-disable-related-posts":"","theme-transparent-header-meta":"","adv-header-id-meta":"","stick-header-meta":"","header-above-stick-meta":"","header-main-stick-meta":"","header-below-stick-meta":"","astra-migrate-meta-layouts":"default","ast-page-background-enabled":"default","ast-page-background-meta":{"desktop":{"background-color":"var(--ast-global-color-4)","background-image":"","background-repeat":"repeat","background-position":"center center","background-size":"auto","background-attachment":"scroll","background-type":"","background-media":"","overlay-type":"","overlay-color":"","overlay-opacity":"","overlay-gradient":""},"tablet":{"background-color":"","background-image":"","background-repeat":"repeat","background-position":"center center","background-size":"auto","background-attachment":"scroll","background-type":"","background-media":"","overlay-type":"","overlay-color":"","overlay-opacity":"","overlay-gradient":""},"mobile":{"background-color":"","background-image":"","background-repeat":"repeat","background-position":"center center","background-size":"auto","background-attachment":"scroll","background-type":"","background-media":"","overlay-type":"","overlay-color":"","overlay-opacity":"","overlay-gradient":""}},"ast-content-background-meta":{"desktop":{"background-color":"var(--ast-global-color-5)","background-image":"","background-repeat":"repeat","background-position":"center center","background-size":"auto","background-attachment":"scroll","background-type":"","background-media":"","overlay-type":"","overlay-color":"","overlay-opacity":"","overlay-gradient":""},"tablet":{"background-color":"var(--ast-global-color-5)","background-image":"","background-repeat":"repeat","background-position":"center center","background-size":"auto","background-attachment":"scroll","background-type":"","background-media":"","overlay-type":"","overlay-color":"","overlay-opacity":"","overlay-gradient":""},"mobile":{"background-color":"var(--ast-global-color-5)","background-image":"","background-repeat":"repeat","background-position":"center center","background-size":"auto","background-attachment":"scroll","background-type":"","background-media":"","overlay-type":"","overlay-color":"","overlay-opacity":"","overlay-gradient":""}},"footnotes":""},"class_list":["post-146327","page","type-page","status-publish","has-post-thumbnail","hentry"],"_links":{"self":[{"href":"https:\/\/medclinics.com\/fr\/wp-json\/wp\/v2\/pages\/146327","targetHints":{"allow":["GET"]}}],"collection":[{"href":"https:\/\/medclinics.com\/fr\/wp-json\/wp\/v2\/pages"}],"about":[{"href":"https:\/\/medclinics.com\/fr\/wp-json\/wp\/v2\/types\/page"}],"author":[{"embeddable":true,"href":"https:\/\/medclinics.com\/fr\/wp-json\/wp\/v2\/users\/4"}],"replies":[{"embeddable":true,"href":"https:\/\/medclinics.com\/fr\/wp-json\/wp\/v2\/comments?post=146327"}],"version-history":[{"count":0,"href":"https:\/\/medclinics.com\/fr\/wp-json\/wp\/v2\/pages\/146327\/revisions"}],"wp:featuredmedia":[{"embeddable":true,"href":"https:\/\/medclinics.com\/fr\/wp-json\/wp\/v2\/media\/92699"}],"wp:attachment":[{"href":"https:\/\/medclinics.com\/fr\/wp-json\/wp\/v2\/media?parent=146327"}],"curies":[{"name":"wp","href":"https:\/\/api.w.org\/{rel}","templated":true}]}}