{"id":146317,"date":"2023-05-23T12:14:10","date_gmt":"2023-05-23T09:14:10","guid":{"rendered":"https:\/\/medclinics.com\/masque-cosmelan\/"},"modified":"2024-04-04T19:32:53","modified_gmt":"2024-04-04T16:32:53","slug":"masque-cosmelan","status":"publish","type":"page","link":"https:\/\/medclinics.com\/fr\/masque-cosmelan\/","title":{"rendered":"Masque Cosmelan"},"content":{"rendered":"\n<h2 class=\"wp-block-heading\">Dites adieu \u00e0 vos imperfections avec le masque Cosmelan.<\/h2>\n\n<p>Le masque Cosmelan est un traitement de la peau de premier ordre qui s&rsquo;attaque \u00e0 l&rsquo;<a href=\"https:\/\/en.wikipedia.org\/wiki\/Hyperpigmentation\" target=\"_blank\" rel=\"noopener\">hyperpigmentation<\/a>, au <a href=\"https:\/\/en.wikipedia.org\/wiki\/Melasma\" target=\"_blank\" rel=\"noreferrer noopener\">m\u00e9lasma<\/a> et \u00e0 d&rsquo;autres formes de d\u00e9coloration avec une efficacit\u00e9 de niveau professionnel. Il n&rsquo;est donc pas surprenant que cette m\u00e9thode de d\u00e9pigmentation soit devenue la r\u00e9f\u00e9rence des dermatologues et des professionnels des soins de la peau.<\/p>\n\n<p>Ce syst\u00e8me en deux parties comprend l&rsquo;application initiale &#8211; The Cosmelan 1 Mask &#8211; suivie d&rsquo;un entretien continu \u00e0 l&rsquo;aide de The Cosmelan 2 Cream. Voici comment cela fonctionne :<\/p>\n\n<p>Tout d&rsquo;abord, votre expert en soins de la peau appliquera la puissante combinaison d&rsquo;ingr\u00e9dients actifs contenus dans le masque Cosmelan 1 pour supprimer la production de m\u00e9lanine (le pigment responsable de la couleur de notre peau) tout en inhibant son enzyme de synth\u00e8se ! Apr\u00e8s avoir laiss\u00e9 agir le produit selon les conseils de votre sp\u00e9cialiste, vous aurez une peau parfaitement nettoy\u00e9e et pr\u00eate \u00e0 recevoir d&rsquo;autres traitements !<\/p>\n\n<p>Entr\u00e9e en sc\u00e8ne \u00e0 gauche : La cr\u00e8me d&rsquo;entretien Cosmelen II, qui aide \u00e0 poursuivre le processus de d\u00e9pigmentation tout en pr\u00e9venant l&rsquo;apparition de nouvelles taches gr\u00e2ce au r\u00e9tinol, \u00e0 la vitamine C et \u00e0 l&rsquo;hydroquinone, qui agissent harmonieusement pour \u00e9claircir les pigments ou les taches restants.<\/p>\n\n<p>Pour des r\u00e9sultats optimaux, utilisez le produit pendant plusieurs semaines apr\u00e8s avoir termin\u00e9 la premi\u00e8re \u00e9tape &#8211; Votre nouveau teint \u00e9clatant vous attend !<\/p>\n\n<h3 class=\"wp-block-heading\">Tout ce que vous devez savoir sur les <a href=\"https:\/\/medclinics.com\/fr\/beaute\/\" target=\"_blank\" rel=\"noreferrer noopener\">traitements de beaut\u00e9<\/a>, y compris le prix, les soins et le processus de gu\u00e9rison, ou <a href=\"#requestform\">contactez-nous<\/a>!<\/h3>\n\n<h2 class=\"wp-block-heading\">FAQ <\/h2>\n<div id=\"rank-math-faq\" class=\"rank-math-block\">\n<div class=\"rank-math-list \">\n<div id=\"faq-question-1684843677829\" class=\"rank-math-list-item\">\n<h3 class=\"rank-math-question \">Le cosm\u00e9lan est-il permanent ?<\/h3>\n<div class=\"rank-math-answer \">\n\n<p>Le Cosmelan est un traitement de d\u00e9pigmentation qui peut donner des r\u00e9sultats durables, mais il n&rsquo;est pas permanent. L&rsquo;entretien et la protection solaire sont n\u00e9cessaires pour maintenir les effets. Des retouches p\u00e9riodiques peuvent \u00eatre n\u00e9cessaires.<\/p>\n\n<\/div>\n<\/div>\n<div id=\"faq-question-1684843808866\" class=\"rank-math-list-item\">\n<h3 class=\"rank-math-question \">Le peeling cosm\u00e9lo\u00efde peut-il \u00eatre effectu\u00e9 \u00e0 la maison ?<\/h3>\n<div class=\"rank-math-answer \">\n\n<p>Non, le peeling Cosmelan ne doit pas \u00eatre effectu\u00e9 \u00e0 la maison. La candidature implique un processus en deux \u00e9tapes qui commence g\u00e9n\u00e9ralement par une candidature professionnelle dans un cadre clinique. Le masque initial est laiss\u00e9 sur la peau pendant plusieurs heures ou toute la nuit, et il est suivi par l&rsquo;utilisation de produits de soins \u00e0 domicile sp\u00e9cifiques pour un entretien continu.<br \/>Le peeling Cosmelan contient des ingr\u00e9dients actifs puissants et n\u00e9cessite une application et un suivi attentifs par un professionnel qualifi\u00e9. Il est con\u00e7u pour r\u00e9pondre \u00e0 des probl\u00e8mes de peau sp\u00e9cifiques, tels que le m\u00e9lasma ou l&rsquo;hyperpigmentation, et doit \u00eatre administr\u00e9 sous la supervision d&rsquo;un dermatologue ou d&rsquo;un professionnel des soins de la peau qualifi\u00e9.<\/p>\n\n<\/div>\n<\/div>\n<\/div>\n<\/div>\n<p><\/p>\n\n<h3 class=\"wp-block-heading\">Contactez-nous d\u00e8s maintenant si vous avez des questions !<\/h3>\n","protected":false},"excerpt":{"rendered":"<p>Dites adieu \u00e0 vos imperfections avec le masque Cosmelan. Le masque Cosmelan est un traitement de la peau de premier [&hellip;]<\/p>\n","protected":false},"author":4,"featured_media":92685,"parent":0,"menu_order":0,"comment_status":"closed","ping_status":"closed","template":"","meta":{"site-sidebar-layout":"default","site-content-layout":"","ast-site-content-layout":"default","site-content-style":"default","site-sidebar-style":"default","ast-global-header-display":"","ast-banner-title-visibility":"","ast-main-header-display":"","ast-hfb-above-header-display":"","ast-hfb-below-header-display":"","ast-hfb-mobile-header-display":"","site-post-title":"","ast-breadcrumbs-content":"","ast-featured-img":"","footer-sml-layout":"","ast-disable-related-posts":"","theme-transparent-header-meta":"","adv-header-id-meta":"","stick-header-meta":"","header-above-stick-meta":"","header-main-stick-meta":"","header-below-stick-meta":"","astra-migrate-meta-layouts":"default","ast-page-background-enabled":"default","ast-page-background-meta":{"desktop":{"background-color":"var(--ast-global-color-4)","background-image":"","background-repeat":"repeat","background-position":"center center","background-size":"auto","background-attachment":"scroll","background-type":"","background-media":"","overlay-type":"","overlay-color":"","overlay-opacity":"","overlay-gradient":""},"tablet":{"background-color":"","background-image":"","background-repeat":"repeat","background-position":"center center","background-size":"auto","background-attachment":"scroll","background-type":"","background-media":"","overlay-type":"","overlay-color":"","overlay-opacity":"","overlay-gradient":""},"mobile":{"background-color":"","background-image":"","background-repeat":"repeat","background-position":"center center","background-size":"auto","background-attachment":"scroll","background-type":"","background-media":"","overlay-type":"","overlay-color":"","overlay-opacity":"","overlay-gradient":""}},"ast-content-background-meta":{"desktop":{"background-color":"var(--ast-global-color-5)","background-image":"","background-repeat":"repeat","background-position":"center center","background-size":"auto","background-attachment":"scroll","background-type":"","background-media":"","overlay-type":"","overlay-color":"","overlay-opacity":"","overlay-gradient":""},"tablet":{"background-color":"var(--ast-global-color-5)","background-image":"","background-repeat":"repeat","background-position":"center center","background-size":"auto","background-attachment":"scroll","background-type":"","background-media":"","overlay-type":"","overlay-color":"","overlay-opacity":"","overlay-gradient":""},"mobile":{"background-color":"var(--ast-global-color-5)","background-image":"","background-repeat":"repeat","background-position":"center center","background-size":"auto","background-attachment":"scroll","background-type":"","background-media":"","overlay-type":"","overlay-color":"","overlay-opacity":"","overlay-gradient":""}},"footnotes":""},"class_list":["post-146317","page","type-page","status-publish","has-post-thumbnail","hentry"],"_links":{"self":[{"href":"https:\/\/medclinics.com\/fr\/wp-json\/wp\/v2\/pages\/146317","targetHints":{"allow":["GET"]}}],"collection":[{"href":"https:\/\/medclinics.com\/fr\/wp-json\/wp\/v2\/pages"}],"about":[{"href":"https:\/\/medclinics.com\/fr\/wp-json\/wp\/v2\/types\/page"}],"author":[{"embeddable":true,"href":"https:\/\/medclinics.com\/fr\/wp-json\/wp\/v2\/users\/4"}],"replies":[{"embeddable":true,"href":"https:\/\/medclinics.com\/fr\/wp-json\/wp\/v2\/comments?post=146317"}],"version-history":[{"count":0,"href":"https:\/\/medclinics.com\/fr\/wp-json\/wp\/v2\/pages\/146317\/revisions"}],"wp:featuredmedia":[{"embeddable":true,"href":"https:\/\/medclinics.com\/fr\/wp-json\/wp\/v2\/media\/92685"}],"wp:attachment":[{"href":"https:\/\/medclinics.com\/fr\/wp-json\/wp\/v2\/media?parent=146317"}],"curies":[{"name":"wp","href":"https:\/\/api.w.org\/{rel}","templated":true}]}}