{"id":146291,"date":"2023-05-23T11:43:22","date_gmt":"2023-05-23T11:43:22","guid":{"rendered":"https:\/\/medclinics.com\/mesotherapie-de-lacne\/"},"modified":"2024-04-04T19:27:37","modified_gmt":"2024-04-04T16:27:37","slug":"mesotherapie-de-lacne","status":"publish","type":"page","link":"https:\/\/medclinics.com\/fr\/mesotherapie-de-lacne\/","title":{"rendered":"M\u00e9soth\u00e9rapie de l&rsquo;acn\u00e9"},"content":{"rendered":"\n<h2 class=\"wp-block-heading\">Dites adieu pour toujours aux boutons tenaces gr\u00e2ce au traitement par m\u00e9soth\u00e9rapie de l&rsquo;acn\u00e9 d\u00e8s aujourd&rsquo;hui !<\/h2>\n\n<p>La m\u00e9soth\u00e9rapie de l&rsquo;acn\u00e9 est une proc\u00e9dure cosm\u00e9tique r\u00e9volutionnaire qui associe la puissance de la m\u00e9soth\u00e9rapie au traitement efficace de l&rsquo;acn\u00e9. Cette technique consiste \u00e0 injecter de petites quantit\u00e9s de diverses substances dans la couche moyenne, appel\u00e9e m\u00e9soderme, de votre peau. Ces ingr\u00e9dients peuvent \u00eatre des vitamines et min\u00e9raux essentiels, des acides amin\u00e9s, des extraits de plantes ou des m\u00e9dicaments.<\/p>\n\n<p>Les composants sp\u00e9cifiques utilis\u00e9s dans ce traitement varient en fonction des besoins individuels et des pr\u00e9f\u00e9rences du praticien. Les injections sont administr\u00e9es directement sur les zones affect\u00e9es par les l\u00e9sions <a href=\"https:\/\/en.wikipedia.org\/wiki\/Acne\" target=\"_blank\" rel=\"noreferrer noopener\">acn\u00e9iques<\/a>, comme le visage, pour un r\u00e9sultat optimal.<\/p>\n\n<p>En apportant des ingr\u00e9dients cibl\u00e9s directement l\u00e0 o\u00f9 ils sont le plus n\u00e9cessaires &#8211; dans les couches profondes de votre peau &#8211; vous pouvez favoriser le rajeunissement tout en r\u00e9duisant l&rsquo;inflammation caus\u00e9e par les boutons ! Les facteurs responsables de l&rsquo;acn\u00e9 seront \u00e9galement combattus gr\u00e2ce \u00e0 cette m\u00e9thode innovante !<\/p>\n\n<h3 class=\"wp-block-heading\">Tout ce que vous devez savoir sur les <a href=\"https:\/\/medclinics.com\/fr\/beaute\/\" target=\"_blank\" rel=\"noreferrer noopener\">soins de beaut\u00e9<\/a>, y compris les prix et plus encore, ou <a href=\"#requestform\">contactez-nous<\/a>!<\/h3>\n\n<h2 class=\"wp-block-heading\">FAQ <\/h2>\n<div id=\"rank-math-faq\" class=\"rank-math-block\">\n<div class=\"rank-math-list \">\n<div id=\"faq-question-1684841914568\" class=\"rank-math-list-item\">\n<h3 class=\"rank-math-question \">La m\u00e9soth\u00e9rapie est-elle efficace contre l&rsquo;acn\u00e9 ?<\/h3>\n<div class=\"rank-math-answer \">\n\n<p>L&rsquo;acn\u00e9 n\u00e9cessite g\u00e9n\u00e9ralement une combinaison d&rsquo;approches telles que des m\u00e9dicaments et des changements de mode de vie. Il est pr\u00e9f\u00e9rable de consulter un dermatologue pour obtenir des traitements fond\u00e9s sur des donn\u00e9es probantes.<\/p>\n\n<\/div>\n<\/div>\n<div id=\"faq-question-1684841997742\" class=\"rank-math-list-item\">\n<h3 class=\"rank-math-question \">La m\u00e9soth\u00e9rapie peut-elle provoquer de l&rsquo;acn\u00e9 ?<\/h3>\n<div class=\"rank-math-answer \">\n\n<p>Bien que la m\u00e9soth\u00e9rapie soit g\u00e9n\u00e9ralement consid\u00e9r\u00e9e comme s\u00fbre, il existe un risque potentiel de provoquer de l&rsquo;acn\u00e9 chez certaines personnes. La m\u00e9soth\u00e9rapie consiste \u00e0 injecter des substances dans la peau et, selon les substances sp\u00e9cifiques utilis\u00e9es, il est possible de d\u00e9clencher ou d&rsquo;exacerber les pouss\u00e9es d&rsquo;acn\u00e9. Certaines solutions de m\u00e9soth\u00e9rapie peuvent contenir des huiles, des graisses ou d&rsquo;autres substances susceptibles d&rsquo;obstruer les pores et de contribuer au d\u00e9veloppement de l&rsquo;acn\u00e9. En outre, les injections elles-m\u00eames peuvent provoquer une irritation ou une inflammation temporaire, ce qui peut entra\u00eener la formation de l\u00e9sions acn\u00e9iques dans certains cas.<\/p>\n\n<\/div>\n<\/div>\n<div id=\"faq-question-1684842119467\" class=\"rank-math-list-item\">\n<h3 class=\"rank-math-question \">La m\u00e9soth\u00e9rapie de l&rsquo;acn\u00e9 est-elle s\u00fbre ?<\/h3>\n<div class=\"rank-math-answer \">\n\n<p>En g\u00e9n\u00e9ral, la m\u00e9soth\u00e9rapie de l&rsquo;acn\u00e9 est consid\u00e9r\u00e9e comme une proc\u00e9dure relativement s\u00fbre lorsqu&rsquo;elle est effectu\u00e9e par un professionnel de sant\u00e9 qualifi\u00e9 et exp\u00e9riment\u00e9. Toutefois, il est important de noter que la s\u00e9curit\u00e9 et l&rsquo;efficacit\u00e9 de la m\u00e9soth\u00e9rapie dans le traitement de l&rsquo;acn\u00e9 n&rsquo;ont pas fait l&rsquo;objet d&rsquo;\u00e9tudes approfondies et n&rsquo;ont pas \u00e9t\u00e9 approuv\u00e9es par les organismes de r\u00e9glementation.<\/p>\n\n<\/div>\n<\/div>\n<\/div>\n<\/div>\n<p><\/p>\n\n<h3 class=\"wp-block-heading\">Contactez-nous d\u00e8s maintenant si vous avez des questions !<\/h3>\n","protected":false},"excerpt":{"rendered":"<p>Dites adieu pour toujours aux boutons tenaces gr\u00e2ce au traitement par m\u00e9soth\u00e9rapie de l&rsquo;acn\u00e9 d\u00e8s aujourd&rsquo;hui ! La m\u00e9soth\u00e9rapie de [&hellip;]<\/p>\n","protected":false},"author":4,"featured_media":92585,"parent":0,"menu_order":0,"comment_status":"closed","ping_status":"closed","template":"","meta":{"site-sidebar-layout":"default","site-content-layout":"","ast-site-content-layout":"default","site-content-style":"default","site-sidebar-style":"default","ast-global-header-display":"","ast-banner-title-visibility":"","ast-main-header-display":"","ast-hfb-above-header-display":"","ast-hfb-below-header-display":"","ast-hfb-mobile-header-display":"","site-post-title":"","ast-breadcrumbs-content":"","ast-featured-img":"","footer-sml-layout":"","ast-disable-related-posts":"","theme-transparent-header-meta":"","adv-header-id-meta":"","stick-header-meta":"","header-above-stick-meta":"","header-main-stick-meta":"","header-below-stick-meta":"","astra-migrate-meta-layouts":"default","ast-page-background-enabled":"default","ast-page-background-meta":{"desktop":{"background-color":"var(--ast-global-color-4)","background-image":"","background-repeat":"repeat","background-position":"center center","background-size":"auto","background-attachment":"scroll","background-type":"","background-media":"","overlay-type":"","overlay-color":"","overlay-opacity":"","overlay-gradient":""},"tablet":{"background-color":"","background-image":"","background-repeat":"repeat","background-position":"center center","background-size":"auto","background-attachment":"scroll","background-type":"","background-media":"","overlay-type":"","overlay-color":"","overlay-opacity":"","overlay-gradient":""},"mobile":{"background-color":"","background-image":"","background-repeat":"repeat","background-position":"center center","background-size":"auto","background-attachment":"scroll","background-type":"","background-media":"","overlay-type":"","overlay-color":"","overlay-opacity":"","overlay-gradient":""}},"ast-content-background-meta":{"desktop":{"background-color":"var(--ast-global-color-5)","background-image":"","background-repeat":"repeat","background-position":"center center","background-size":"auto","background-attachment":"scroll","background-type":"","background-media":"","overlay-type":"","overlay-color":"","overlay-opacity":"","overlay-gradient":""},"tablet":{"background-color":"var(--ast-global-color-5)","background-image":"","background-repeat":"repeat","background-position":"center center","background-size":"auto","background-attachment":"scroll","background-type":"","background-media":"","overlay-type":"","overlay-color":"","overlay-opacity":"","overlay-gradient":""},"mobile":{"background-color":"var(--ast-global-color-5)","background-image":"","background-repeat":"repeat","background-position":"center center","background-size":"auto","background-attachment":"scroll","background-type":"","background-media":"","overlay-type":"","overlay-color":"","overlay-opacity":"","overlay-gradient":""}},"footnotes":""},"class_list":["post-146291","page","type-page","status-publish","has-post-thumbnail","hentry"],"_links":{"self":[{"href":"https:\/\/medclinics.com\/fr\/wp-json\/wp\/v2\/pages\/146291","targetHints":{"allow":["GET"]}}],"collection":[{"href":"https:\/\/medclinics.com\/fr\/wp-json\/wp\/v2\/pages"}],"about":[{"href":"https:\/\/medclinics.com\/fr\/wp-json\/wp\/v2\/types\/page"}],"author":[{"embeddable":true,"href":"https:\/\/medclinics.com\/fr\/wp-json\/wp\/v2\/users\/4"}],"replies":[{"embeddable":true,"href":"https:\/\/medclinics.com\/fr\/wp-json\/wp\/v2\/comments?post=146291"}],"version-history":[{"count":0,"href":"https:\/\/medclinics.com\/fr\/wp-json\/wp\/v2\/pages\/146291\/revisions"}],"wp:featuredmedia":[{"embeddable":true,"href":"https:\/\/medclinics.com\/fr\/wp-json\/wp\/v2\/media\/92585"}],"wp:attachment":[{"href":"https:\/\/medclinics.com\/fr\/wp-json\/wp\/v2\/media?parent=146291"}],"curies":[{"name":"wp","href":"https:\/\/api.w.org\/{rel}","templated":true}]}}