{"id":146279,"date":"2023-03-18T11:25:00","date_gmt":"2023-03-18T08:25:00","guid":{"rendered":"https:\/\/medclinics.com\/vaginoplastie\/"},"modified":"2024-07-15T16:13:27","modified_gmt":"2024-07-15T13:13:27","slug":"vaginoplastie","status":"publish","type":"page","link":"https:\/\/medclinics.com\/fr\/vaginoplastie\/","title":{"rendered":"Resserrement du vagin (Vaginoplastie)"},"content":{"rendered":"\n<h2 class=\"wp-block-heading\">Vous recherchez une esth\u00e9tique vaginale en raison d&rsquo;un accouchement, du vieillissement ou d&rsquo;autres facteurs ? Si c&rsquo;est le cas, il existe des options pour resserrer le vagin : la vaginoplastie.<\/h2>\n\n<p>Les proc\u00e9dures de resserrement du vagin, telles que la <a href=\"https:\/\/en.wikipedia.org\/wiki\/Vaginoplasty\" target=\"_blank\" rel=\"noreferrer noopener\">vaginoplastie<\/a>, permettent de reconstruire le vagin en retirant l&rsquo;exc\u00e8s de tissu et en suturant les tissus restants, ce qui permet de resserrer l&rsquo;ouverture et le canal. Cette intervention chirurgicale est r\u00e9alis\u00e9e sous anesth\u00e9sie g\u00e9n\u00e9rale et la convalescence dure plusieurs semaines.<\/p>\n\n<p>Si la chirurgie n&rsquo;est pas envisageable, des traitements non chirurgicaux tels que la th\u00e9rapie au laser ou la radiofr\u00e9quence peuvent \u00eatre des alternatives plus adapt\u00e9es. La technologie laser stimule la production de collag\u00e8ne gr\u00e2ce aux lasers CO2 fractionn\u00e9s. Il resserre les parois de votre vagin et favorise la r\u00e9g\u00e9n\u00e9ration sans aucun temps d&rsquo;arr\u00eat ! La th\u00e9rapie par radiofr\u00e9quence utilise une chaleur contr\u00f4l\u00e9e qui remod\u00e8le les tissus tout en stimulant la croissance du collag\u00e8ne. Il s&rsquo;agit d&rsquo;une autre solution efficace pour resserrer les muscles rel\u00e2ch\u00e9s !<\/p>\n\n<p>Ne laissez plus ce probl\u00e8me affecter votre confiance en vous. Agissez d\u00e8s aujourd&rsquo;hui pour retrouver un bien-\u00eatre optimal gr\u00e2ce \u00e0 ces solutions qui changent la vie !<\/p>\n\n<h3 class=\"wp-block-heading\">Tout ce que vous devez savoir sur l&rsquo;<a href=\"https:\/\/medclinics.com\/fr\/esthetique-genitale\/\" target=\"_blank\" rel=\"noreferrer noopener\">esth\u00e9tique g\u00e9nitale<\/a>, y compris le prix et plus encore, ou <a href=\"#requestform\">contactez-nous<\/a>!<\/h3>\n\n<h2 class=\"wp-block-heading\">FAQ<\/h2>\n<div id=\"rank-math-faq\" class=\"rank-math-block\">\n<div class=\"rank-math-list \">\n<div id=\"faq-question-1684841003905\" class=\"rank-math-list-item\">\n<h3 class=\"rank-math-question \">Qu&rsquo;est-ce que la vaginoplastie ?<\/h3>\n<div class=\"rank-math-answer \">\n\n<p>La vaginoplastie est une intervention chirurgicale qui consiste \u00e0 reconstruire ou \u00e0 remodeler le vagin. Elle est g\u00e9n\u00e9ralement pratiqu\u00e9e pour des raisons m\u00e9dicales ou d&rsquo;affirmation du genre.<\/p>\n\n<\/div>\n<\/div>\n<div id=\"faq-question-1684841027721\" class=\"rank-math-list-item\">\n<h3 class=\"rank-math-question \">Quels sont les types de vaginoplastie les plus courants ?<\/h3>\n<div class=\"rank-math-answer \">\n\n<p>Elle englobe deux types d&rsquo;interventions courantes : la vaginoplastie d&rsquo;affirmation du genre et la reconstruction vaginale. La vaginoplastie de confirmation du genre est pratiqu\u00e9e dans le cadre d&rsquo;une chirurgie de confirmation du genre pour les femmes transgenres, impliquant la cr\u00e9ation d&rsquo;un n\u00e9ovagin conforme \u00e0 leur identit\u00e9 de genre. L&rsquo;intervention comprend g\u00e9n\u00e9ralement l&rsquo;ablation des testicules, le remodelage de la peau du p\u00e9nis en un canal vaginal et la construction d&rsquo;un capuchon clitoridien. D&rsquo;autre part, la reconstruction vaginale vise \u00e0 restaurer ou \u00e0 cr\u00e9er un vagin fonctionnel, souvent pour des raisons m\u00e9dicales telles qu&rsquo;un traumatisme, une chirurgie du cancer ou des anomalies cong\u00e9nitales. Cette proc\u00e9dure consiste \u00e0 cr\u00e9er un canal vaginal \u00e0 l&rsquo;aide de greffes de tissus, provenant soit du corps de la patiente, soit d&rsquo;un donneur. Ces deux types de chirurgie sont complexes et requi\u00e8rent une expertise en chirurgie plastique et reconstructive. Il est essentiel de consulter un chirurgien sp\u00e9cialis\u00e9 pour discuter en d\u00e9tail des risques, des avantages et des r\u00e9sultats potentiels.<\/p>\n\n<\/div>\n<\/div>\n<\/div>\n<\/div>\n<p>\u00a0<\/p>\n\n<h3 class=\"wp-block-heading\">Contactez-nous d\u00e8s maintenant si vous avez des questions !<\/h3>\n","protected":false},"excerpt":{"rendered":"<p>Vous recherchez une esth\u00e9tique vaginale en raison d&rsquo;un accouchement, du vieillissement ou d&rsquo;autres facteurs ? Si c&rsquo;est le cas, il [&hellip;]<\/p>\n","protected":false},"author":4,"featured_media":91499,"parent":0,"menu_order":0,"comment_status":"closed","ping_status":"closed","template":"","meta":{"site-sidebar-layout":"default","site-content-layout":"","ast-site-content-layout":"default","site-content-style":"default","site-sidebar-style":"default","ast-global-header-display":"","ast-banner-title-visibility":"","ast-main-header-display":"","ast-hfb-above-header-display":"","ast-hfb-below-header-display":"","ast-hfb-mobile-header-display":"","site-post-title":"","ast-breadcrumbs-content":"","ast-featured-img":"","footer-sml-layout":"","ast-disable-related-posts":"","theme-transparent-header-meta":"","adv-header-id-meta":"","stick-header-meta":"","header-above-stick-meta":"","header-main-stick-meta":"","header-below-stick-meta":"","astra-migrate-meta-layouts":"default","ast-page-background-enabled":"default","ast-page-background-meta":{"desktop":{"background-color":"var(--ast-global-color-4)","background-image":"","background-repeat":"repeat","background-position":"center center","background-size":"auto","background-attachment":"scroll","background-type":"","background-media":"","overlay-type":"","overlay-color":"","overlay-opacity":"","overlay-gradient":""},"tablet":{"background-color":"","background-image":"","background-repeat":"repeat","background-position":"center center","background-size":"auto","background-attachment":"scroll","background-type":"","background-media":"","overlay-type":"","overlay-color":"","overlay-opacity":"","overlay-gradient":""},"mobile":{"background-color":"","background-image":"","background-repeat":"repeat","background-position":"center center","background-size":"auto","background-attachment":"scroll","background-type":"","background-media":"","overlay-type":"","overlay-color":"","overlay-opacity":"","overlay-gradient":""}},"ast-content-background-meta":{"desktop":{"background-color":"var(--ast-global-color-5)","background-image":"","background-repeat":"repeat","background-position":"center center","background-size":"auto","background-attachment":"scroll","background-type":"","background-media":"","overlay-type":"","overlay-color":"","overlay-opacity":"","overlay-gradient":""},"tablet":{"background-color":"var(--ast-global-color-5)","background-image":"","background-repeat":"repeat","background-position":"center center","background-size":"auto","background-attachment":"scroll","background-type":"","background-media":"","overlay-type":"","overlay-color":"","overlay-opacity":"","overlay-gradient":""},"mobile":{"background-color":"var(--ast-global-color-5)","background-image":"","background-repeat":"repeat","background-position":"center center","background-size":"auto","background-attachment":"scroll","background-type":"","background-media":"","overlay-type":"","overlay-color":"","overlay-opacity":"","overlay-gradient":""}},"footnotes":""},"class_list":["post-146279","page","type-page","status-publish","has-post-thumbnail","hentry"],"_links":{"self":[{"href":"https:\/\/medclinics.com\/fr\/wp-json\/wp\/v2\/pages\/146279","targetHints":{"allow":["GET"]}}],"collection":[{"href":"https:\/\/medclinics.com\/fr\/wp-json\/wp\/v2\/pages"}],"about":[{"href":"https:\/\/medclinics.com\/fr\/wp-json\/wp\/v2\/types\/page"}],"author":[{"embeddable":true,"href":"https:\/\/medclinics.com\/fr\/wp-json\/wp\/v2\/users\/4"}],"replies":[{"embeddable":true,"href":"https:\/\/medclinics.com\/fr\/wp-json\/wp\/v2\/comments?post=146279"}],"version-history":[{"count":0,"href":"https:\/\/medclinics.com\/fr\/wp-json\/wp\/v2\/pages\/146279\/revisions"}],"wp:featuredmedia":[{"embeddable":true,"href":"https:\/\/medclinics.com\/fr\/wp-json\/wp\/v2\/media\/91499"}],"wp:attachment":[{"href":"https:\/\/medclinics.com\/fr\/wp-json\/wp\/v2\/media?parent=146279"}],"curies":[{"name":"wp","href":"https:\/\/api.w.org\/{rel}","templated":true}]}}