{"id":146267,"date":"2023-04-10T11:17:00","date_gmt":"2023-04-10T08:17:00","guid":{"rendered":"https:\/\/medclinics.com\/esthetique-du-scrotum\/"},"modified":"2025-01-02T19:28:08","modified_gmt":"2025-01-02T16:28:08","slug":"esthetique-du-scrotum","status":"publish","type":"page","link":"https:\/\/medclinics.com\/fr\/esthetique-du-scrotum\/","title":{"rendered":"Esth\u00e9tique du scrotum"},"content":{"rendered":"\n<h2 class=\"wp-block-heading\">Vous n&rsquo;\u00eates pas satisfait de l&rsquo;aspect de votre scrotum ?<\/h2>\n\n<p>L&rsquo;esth\u00e9tique du scrotum, \u00e9galement connue sous le nom de rajeunissement ou d&rsquo;am\u00e9lioration du scrotum, peut contribuer \u00e0 am\u00e9liorer son aspect g\u00e9n\u00e9ral. Ces proc\u00e9dures cosm\u00e9tiques ne sont pas m\u00e9dicalement n\u00e9cessaires mais visent \u00e0 am\u00e9liorer la poche de peau qui contient les testicules.<\/p>\n\n<p>Il existe plusieurs approches pour am\u00e9liorer l&rsquo;aspect du <a href=\"https:\/\/en.wikipedia.org\/wiki\/Scrotum\" target=\"_blank\" rel=\"noreferrer noopener\">scrotum<\/a>. Vous pouvez opter pour des techniques chirurgicales telles que le lifting ou la r\u00e9duction si l&rsquo;exc\u00e8s de peau ou le rel\u00e2chement cutan\u00e9 est un probl\u00e8me. Il est \u00e9galement possible d&rsquo;injecter des produits de comblement dermique dans la r\u00e9gion pour corriger les rides et les irr\u00e9gularit\u00e9s du contour tout en am\u00e9liorant le volume.<\/p>\n\n<p>Si vous souhaitez \u00e9claircir la couleur de la peau de votre scrotum, il existe des cr\u00e8mes et des traitements sp\u00e9cialis\u00e9s \u00e0 cet effet ! La th\u00e9rapie au laser offre une autre option en r\u00e9duisant les probl\u00e8mes de pigmentation tels que les l\u00e9sions b\u00e9nignes appel\u00e9es angiok\u00e9ratomes tout en am\u00e9liorant la texture.<\/p>\n\n<p>Comme pour toute autre intervention esth\u00e9tique, il est important de toujours garder \u00e0 l&rsquo;esprit les risques potentiels et les complications associ\u00e9s \u00e0 ce type de chirurgie, notamment le risque d&rsquo;infection li\u00e9 \u00e0 l&rsquo;intervention elle-m\u00eame, les r\u00e9actions allergiques post-op\u00e9ratoires, l&rsquo;insatisfaction quant aux r\u00e9sultats obtenus pendant la p\u00e9riode de convalescence, ce qui peut conduire \u00e0 repasser sous le bistouri peu de temps apr\u00e8s le traitement initial.<\/p>\n\n<h3 class=\"wp-block-heading\">Tout ce que vous devez savoir sur l&rsquo;<a href=\"https:\/\/medclinics.com\/fr\/esthetique-genitale\/\" target=\"_blank\" rel=\"noreferrer noopener\">esth\u00e9tique g\u00e9nitale<\/a>, y compris toutes les \u00e9tapes, ou <a href=\"#requestform\">contactez-nous<\/a>!<\/h3>\n\n<h2 class=\"wp-block-heading\">FAQ<\/h2>\n<div id=\"rank-math-faq\" class=\"rank-math-block\">\n<div class=\"rank-math-list \">\n<div id=\"faq-question-1684840505946\" class=\"rank-math-list-item\">\n<h3 class=\"rank-math-question \">Qu&rsquo;est-ce que l&rsquo;esth\u00e9tique scrotale ?<\/h3>\n<div class=\"rank-math-answer \">\n\n<p>L&rsquo;esth\u00e9tique du scrotum, \u00e9galement connue sous le nom de rajeunissement du scrotum ou de chirurgie esth\u00e9tique du scrotum, d\u00e9signe un ensemble de proc\u00e9dures et de traitements m\u00e9dicaux destin\u00e9s \u00e0 am\u00e9liorer l&rsquo;apparence du scrotum. Le scrotum est la poche de peau qui abrite les testicules chez les hommes. Ces proc\u00e9dures sont principalement recherch\u00e9es \u00e0 des fins esth\u00e9tiques par des personnes qui ne sont pas satisfaites de l&rsquo;apparence de leur scrotum. L&rsquo;exc\u00e8s de peau, l&rsquo;affaissement, l&rsquo;asym\u00e9trie ou les rides sont souvent des motifs de pr\u00e9occupation.<\/p>\n\n<\/div>\n<\/div>\n<div id=\"faq-question-1684840533957\" class=\"rank-math-list-item\">\n<h3 class=\"rank-math-question \">Quelles sont les techniques permettant d&rsquo;am\u00e9liorer l&rsquo;aspect esth\u00e9tique du scrotum ?<\/h3>\n<div class=\"rank-math-answer \">\n\n<p>En esth\u00e9tique scrotale, diff\u00e9rentes techniques sont utilis\u00e9es pour am\u00e9liorer l&rsquo;apparence du scrotum. Il s&rsquo;agit notamment d&rsquo;un lifting\/resserrement du scrotum pour r\u00e9duire l&rsquo;affaissement, de produits de comblement du scrotum pour donner du volume et des contours, d&rsquo;un blanchiment du scrotum pour \u00e9claircir le teint de la peau et d&rsquo;une \u00e9pilation du scrotum pour un aspect plus lisse.<\/p>\n\n<\/div>\n<\/div>\n<\/div>\n<\/div>\n<p>\u00a0<\/p>\n\n<h3 class=\"wp-block-heading\">Contactez-nous d\u00e8s maintenant si vous avez des questions !<\/h3>\n","protected":false},"excerpt":{"rendered":"<p>Vous n&rsquo;\u00eates pas satisfait de l&rsquo;aspect de votre scrotum ? L&rsquo;esth\u00e9tique du scrotum, \u00e9galement connue sous le nom de rajeunissement [&hellip;]<\/p>\n","protected":false},"author":4,"featured_media":91513,"parent":0,"menu_order":0,"comment_status":"closed","ping_status":"closed","template":"","meta":{"site-sidebar-layout":"default","site-content-layout":"","ast-site-content-layout":"default","site-content-style":"default","site-sidebar-style":"default","ast-global-header-display":"","ast-banner-title-visibility":"","ast-main-header-display":"","ast-hfb-above-header-display":"","ast-hfb-below-header-display":"","ast-hfb-mobile-header-display":"","site-post-title":"","ast-breadcrumbs-content":"","ast-featured-img":"","footer-sml-layout":"","ast-disable-related-posts":"","theme-transparent-header-meta":"","adv-header-id-meta":"","stick-header-meta":"","header-above-stick-meta":"","header-main-stick-meta":"","header-below-stick-meta":"","astra-migrate-meta-layouts":"default","ast-page-background-enabled":"default","ast-page-background-meta":{"desktop":{"background-color":"var(--ast-global-color-4)","background-image":"","background-repeat":"repeat","background-position":"center center","background-size":"auto","background-attachment":"scroll","background-type":"","background-media":"","overlay-type":"","overlay-color":"","overlay-opacity":"","overlay-gradient":""},"tablet":{"background-color":"","background-image":"","background-repeat":"repeat","background-position":"center center","background-size":"auto","background-attachment":"scroll","background-type":"","background-media":"","overlay-type":"","overlay-color":"","overlay-opacity":"","overlay-gradient":""},"mobile":{"background-color":"","background-image":"","background-repeat":"repeat","background-position":"center center","background-size":"auto","background-attachment":"scroll","background-type":"","background-media":"","overlay-type":"","overlay-color":"","overlay-opacity":"","overlay-gradient":""}},"ast-content-background-meta":{"desktop":{"background-color":"var(--ast-global-color-5)","background-image":"","background-repeat":"repeat","background-position":"center center","background-size":"auto","background-attachment":"scroll","background-type":"","background-media":"","overlay-type":"","overlay-color":"","overlay-opacity":"","overlay-gradient":""},"tablet":{"background-color":"var(--ast-global-color-5)","background-image":"","background-repeat":"repeat","background-position":"center center","background-size":"auto","background-attachment":"scroll","background-type":"","background-media":"","overlay-type":"","overlay-color":"","overlay-opacity":"","overlay-gradient":""},"mobile":{"background-color":"var(--ast-global-color-5)","background-image":"","background-repeat":"repeat","background-position":"center center","background-size":"auto","background-attachment":"scroll","background-type":"","background-media":"","overlay-type":"","overlay-color":"","overlay-opacity":"","overlay-gradient":""}},"footnotes":""},"class_list":["post-146267","page","type-page","status-publish","has-post-thumbnail","hentry"],"_links":{"self":[{"href":"https:\/\/medclinics.com\/fr\/wp-json\/wp\/v2\/pages\/146267","targetHints":{"allow":["GET"]}}],"collection":[{"href":"https:\/\/medclinics.com\/fr\/wp-json\/wp\/v2\/pages"}],"about":[{"href":"https:\/\/medclinics.com\/fr\/wp-json\/wp\/v2\/types\/page"}],"author":[{"embeddable":true,"href":"https:\/\/medclinics.com\/fr\/wp-json\/wp\/v2\/users\/4"}],"replies":[{"embeddable":true,"href":"https:\/\/medclinics.com\/fr\/wp-json\/wp\/v2\/comments?post=146267"}],"version-history":[{"count":0,"href":"https:\/\/medclinics.com\/fr\/wp-json\/wp\/v2\/pages\/146267\/revisions"}],"wp:featuredmedia":[{"embeddable":true,"href":"https:\/\/medclinics.com\/fr\/wp-json\/wp\/v2\/media\/91513"}],"wp:attachment":[{"href":"https:\/\/medclinics.com\/fr\/wp-json\/wp\/v2\/media?parent=146267"}],"curies":[{"name":"wp","href":"https:\/\/api.w.org\/{rel}","templated":true}]}}