{"id":146245,"date":"2023-03-19T10:56:00","date_gmt":"2023-03-19T07:56:00","guid":{"rendered":"https:\/\/medclinics.com\/monsplastie\/"},"modified":"2025-01-02T16:59:41","modified_gmt":"2025-01-02T13:59:41","slug":"monsplastie","status":"publish","type":"page","link":"https:\/\/medclinics.com\/fr\/monsplastie\/","title":{"rendered":"Monsplastie"},"content":{"rendered":"\n<h2 class=\"wp-block-heading\">Si vous n&rsquo;\u00eates pas satisfait de l&rsquo;aspect ou de la taille de votre mons pubis, il existe une solution : la monsplastie.<\/h2>\n\n<p>Cette intervention chirurgicale permet de remodeler la zone triangulaire graisseuse situ\u00e9e au-dessus de l&rsquo;<a href=\"https:\/\/en.wikipedia.org\/wiki\/Pubis_(bone)\" target=\"_blank\" rel=\"noreferrer noopener\">os pubien<\/a> et devant les organes g\u00e9nitaux.<\/p>\n\n<p>Les raisons pour lesquelles les gens choisissent de subir cette op\u00e9ration sont nombreuses. Certaines personnes pr\u00e9sentent un exc\u00e8s de graisse ou un rel\u00e2chement de la peau d\u00fb \u00e0 des variations de poids, au vieillissement ou \u00e0 la g\u00e9n\u00e9tique, ce qui provoque un bourrelet peu attrayant dans la r\u00e9gion du pubis. D&rsquo;autres peuvent souffrir d&rsquo;irr\u00e9gularit\u00e9s ou d&rsquo;asym\u00e9tries qui les am\u00e8nent \u00e0 se sentir g\u00ean\u00e9s par les proportions de leur corps.<\/p>\n\n<p>Pour ceux qui souhaitent am\u00e9liorer l&rsquo;esth\u00e9tique de leurs organes g\u00e9nitaux &#8211; qu&rsquo;il s&rsquo;agisse de r\u00e9duire la pro\u00e9minence ou d&rsquo;am\u00e9liorer l&rsquo;\u00e9quilibre g\u00e9n\u00e9ral &#8211; la monsplastie offre une solution en retirant tout tissu ind\u00e9sirable tout en minimisant les cicatrices visibles gr\u00e2ce \u00e0 une incision judicieusement plac\u00e9e pendant l&rsquo;intervention chirurgicale.<\/p>\n\n<p>Comme pour toutes les op\u00e9rations chirurgicales, il existe des risques, tels que le risque d&rsquo;infection associ\u00e9 \u00e0 des complications h\u00e9morragiques survenant apr\u00e8s l&rsquo;op\u00e9ration ; ces risques ne devraient pas dissuader quiconque d&rsquo;envisager de subir une op\u00e9ration de Monspalsty, \u00e9tant donn\u00e9 ses nombreux avantages !<\/p>\n\n<h3 class=\"wp-block-heading\">Tout ce que vous devez savoir sur l&rsquo;<a href=\"https:\/\/medclinics.com\/fr\/esthetique-genitale\/\" target=\"_blank\" rel=\"noreferrer noopener\">esth\u00e9tique g\u00e9nitale<\/a>, y compris le prix, les soins et le processus de gu\u00e9rison, ou <a href=\"#requestform\">contactez-nous<\/a>!<\/h3>\n\n<h2 class=\"wp-block-heading\">FAQ<\/h2>\n<div id=\"rank-math-faq\" class=\"rank-math-block\">\n<div class=\"rank-math-list \">\n<div id=\"faq-question-1684839089777\" class=\"rank-math-list-item\">\n<h3 class=\"rank-math-question \">Qu&rsquo;est-ce que la plastie mammaire ?<\/h3>\n<div class=\"rank-math-answer \">\n\n<p>La plastie du pubis, \u00e9galement appel\u00e9e r\u00e9duction du pubis ou lifting du pubis, est une intervention esth\u00e9tique qui vise \u00e0 remodeler et \u00e0 r\u00e9duire la taille du pubis, le tissu adipeux situ\u00e9 au-dessus de l&rsquo;os pubien. Il r\u00e9pond \u00e0 des pr\u00e9occupations telles que le rel\u00e2chement, l&rsquo;exc\u00e8s de graisse ou de peau et l&rsquo;asym\u00e9trie. L&rsquo;intervention consiste \u00e0 retirer l&rsquo;exc\u00e8s de tissu, \u00e0 resserrer la peau et \u00e0 remodeler le mons pubis pour am\u00e9liorer l&rsquo;aspect esth\u00e9tique. Elle peut \u00eatre r\u00e9alis\u00e9e en ambulatoire, sous anesth\u00e9sie, et le temps de r\u00e9cup\u00e9ration est variable.  <\/p>\n\n<\/div>\n<\/div>\n<div id=\"faq-question-1684839152373\" class=\"rank-math-list-item\">\n<h3 class=\"rank-math-question \">Quel est le co\u00fbt d&rsquo;une plastie mammaire ?<\/h3>\n<div class=\"rank-math-answer \">\n\n<p>Le co\u00fbt de la plastie mammaire, ou chirurgie de r\u00e9duction du pubis, peut varier en fonction de facteurs tels que la situation g\u00e9ographique, l&rsquo;expertise du chirurgien, la clinique sp\u00e9cifique et les \u00e9ventuels frais suppl\u00e9mentaires associ\u00e9s \u00e0 l&rsquo;intervention. En g\u00e9n\u00e9ral, le co\u00fbt de la monsplastie peut varier de 2 000 \u00e0 5 000 euros, voire plus, dans les pays europ\u00e9ens. En Turquie, le co\u00fbt d&rsquo;une plastie mammaire peut varier en fonction de plusieurs facteurs, notamment la clinique, l&rsquo;exp\u00e9rience du chirurgien et la complexit\u00e9 de l&rsquo;intervention. En moyenne, le co\u00fbt d&rsquo;une plastie mammaire en Turquie peut aller de 1 500 \u20ac \u00e0 3 500 \u20ac ou plus.<\/p>\n\n<\/div>\n<\/div>\n<\/div>\n<\/div>\n<p>\u00a0<\/p>\n\n<h3 class=\"wp-block-heading\">Contactez-nous d\u00e8s maintenant si vous avez des questions !<\/h3>\n","protected":false},"excerpt":{"rendered":"<p>Si vous n&rsquo;\u00eates pas satisfait de l&rsquo;aspect ou de la taille de votre mons pubis, il existe une solution : [&hellip;]<\/p>\n","protected":false},"author":4,"featured_media":91457,"parent":0,"menu_order":0,"comment_status":"closed","ping_status":"closed","template":"","meta":{"site-sidebar-layout":"default","site-content-layout":"","ast-site-content-layout":"default","site-content-style":"default","site-sidebar-style":"default","ast-global-header-display":"","ast-banner-title-visibility":"","ast-main-header-display":"","ast-hfb-above-header-display":"","ast-hfb-below-header-display":"","ast-hfb-mobile-header-display":"","site-post-title":"","ast-breadcrumbs-content":"","ast-featured-img":"","footer-sml-layout":"","ast-disable-related-posts":"","theme-transparent-header-meta":"","adv-header-id-meta":"","stick-header-meta":"","header-above-stick-meta":"","header-main-stick-meta":"","header-below-stick-meta":"","astra-migrate-meta-layouts":"default","ast-page-background-enabled":"default","ast-page-background-meta":{"desktop":{"background-color":"var(--ast-global-color-4)","background-image":"","background-repeat":"repeat","background-position":"center center","background-size":"auto","background-attachment":"scroll","background-type":"","background-media":"","overlay-type":"","overlay-color":"","overlay-opacity":"","overlay-gradient":""},"tablet":{"background-color":"","background-image":"","background-repeat":"repeat","background-position":"center center","background-size":"auto","background-attachment":"scroll","background-type":"","background-media":"","overlay-type":"","overlay-color":"","overlay-opacity":"","overlay-gradient":""},"mobile":{"background-color":"","background-image":"","background-repeat":"repeat","background-position":"center center","background-size":"auto","background-attachment":"scroll","background-type":"","background-media":"","overlay-type":"","overlay-color":"","overlay-opacity":"","overlay-gradient":""}},"ast-content-background-meta":{"desktop":{"background-color":"var(--ast-global-color-5)","background-image":"","background-repeat":"repeat","background-position":"center center","background-size":"auto","background-attachment":"scroll","background-type":"","background-media":"","overlay-type":"","overlay-color":"","overlay-opacity":"","overlay-gradient":""},"tablet":{"background-color":"var(--ast-global-color-5)","background-image":"","background-repeat":"repeat","background-position":"center center","background-size":"auto","background-attachment":"scroll","background-type":"","background-media":"","overlay-type":"","overlay-color":"","overlay-opacity":"","overlay-gradient":""},"mobile":{"background-color":"var(--ast-global-color-5)","background-image":"","background-repeat":"repeat","background-position":"center center","background-size":"auto","background-attachment":"scroll","background-type":"","background-media":"","overlay-type":"","overlay-color":"","overlay-opacity":"","overlay-gradient":""}},"footnotes":""},"class_list":["post-146245","page","type-page","status-publish","has-post-thumbnail","hentry"],"_links":{"self":[{"href":"https:\/\/medclinics.com\/fr\/wp-json\/wp\/v2\/pages\/146245","targetHints":{"allow":["GET"]}}],"collection":[{"href":"https:\/\/medclinics.com\/fr\/wp-json\/wp\/v2\/pages"}],"about":[{"href":"https:\/\/medclinics.com\/fr\/wp-json\/wp\/v2\/types\/page"}],"author":[{"embeddable":true,"href":"https:\/\/medclinics.com\/fr\/wp-json\/wp\/v2\/users\/4"}],"replies":[{"embeddable":true,"href":"https:\/\/medclinics.com\/fr\/wp-json\/wp\/v2\/comments?post=146245"}],"version-history":[{"count":0,"href":"https:\/\/medclinics.com\/fr\/wp-json\/wp\/v2\/pages\/146245\/revisions"}],"wp:featuredmedia":[{"embeddable":true,"href":"https:\/\/medclinics.com\/fr\/wp-json\/wp\/v2\/media\/91457"}],"wp:attachment":[{"href":"https:\/\/medclinics.com\/fr\/wp-json\/wp\/v2\/media?parent=146245"}],"curies":[{"name":"wp","href":"https:\/\/api.w.org\/{rel}","templated":true}]}}