{"id":146233,"date":"2023-03-14T10:44:00","date_gmt":"2023-03-14T07:44:00","guid":{"rendered":"https:\/\/medclinics.com\/rajeunissement-vaginal-au-laser\/"},"modified":"2025-01-02T16:25:26","modified_gmt":"2025-01-02T13:25:26","slug":"rajeunissement-vaginal-au-laser","status":"publish","type":"page","link":"https:\/\/medclinics.com\/fr\/rajeunissement-vaginal-au-laser\/","title":{"rendered":"Rajeunissement vaginal au laser"},"content":{"rendered":"\n<p>Le rajeunissement vaginal au laser, \u00e9galement appel\u00e9 resserrement ou th\u00e9rapie <a href=\"https:\/\/en.wikipedia.org\/wiki\/Vaginoplasty\" target=\"_blank\" rel=\"noreferrer noopener\">vaginale<\/a> au laser, est une proc\u00e9dure cosm\u00e9tique non chirurgicale r\u00e9volutionnaire qui peut transformer l&rsquo;apparence et la fonction de votre zone intime. Gr\u00e2ce \u00e0 une technologie laser avanc\u00e9e qui stimule la production de collag\u00e8ne dans les tissus entourant le vagin, ce traitement permet de resserrer et d&rsquo;am\u00e9liorer la sant\u00e9 g\u00e9n\u00e9rale.<\/p>\n\n<p>Le processus consiste \u00e0 utiliser des lasers sp\u00e9cialis\u00e9s qui \u00e9mettent des impulsions d&rsquo;\u00e9nergie contr\u00f4l\u00e9es directement dans les zones cibl\u00e9es de votre corps. La chaleur g\u00e9n\u00e9r\u00e9e par ces faisceaux stimule la croissance naturelle du collag\u00e8ne qui fournit structure et \u00e9lasticit\u00e9 aux cellules de la peau. Il en r\u00e9sulte une am\u00e9lioration du tonus et de la texture ainsi qu&rsquo;une plus grande fermet\u00e9 dans toutes les r\u00e9gions affect\u00e9es par les processus de vieillissement tels que l&rsquo;accouchement ou les changements hormonaux.<\/p>\n\n<p>Avec des avantages tels que des muscles plus fermes pour une plus grande satisfaction sexuelle pendant les rapports, les deux partenaires ressentant plus de plaisir qu&rsquo;auparavant ; le soulagement des sympt\u00f4mes de fuites urinaires caus\u00e9es par l&rsquo;affaiblissement des muscles du plancher pelvien avec le temps en raison de probl\u00e8mes li\u00e9s \u00e0 l&rsquo;\u00e2ge ; le soulagement de la s\u00e9cheresse ressentie apr\u00e8s la m\u00e9nopause jusqu&rsquo;aux ann\u00e9es post-m\u00e9nopausiques o\u00f9 les niveaux d&rsquo;\u0153strog\u00e8ne diminuent de mani\u00e8re significative entra\u00eenant une atrophie &#8211; il y a de nombreuses raisons pour lesquelles vous devriez envisager de subir un rajeunissement vaginal au laser d\u00e8s aujourd&rsquo;hui !<\/p>\n\n<h3 class=\"wp-block-heading\">Tout ce que vous devez savoir sur l&rsquo;<a href=\"https:\/\/medclinics.com\/fr\/esthetique-genitale\/\" target=\"_blank\" rel=\"noreferrer noopener\">esth\u00e9tique g\u00e9nitale<\/a>, y compris le prix, les soins et le processus de gu\u00e9rison, ou <a href=\"#requestform\">contactez-nous<\/a>!<\/h3>\n\n<h2 class=\"wp-block-heading\">FAQ<\/h2>\n<div id=\"rank-math-faq\" class=\"rank-math-block\">\n<div class=\"rank-math-list \">\n<div id=\"faq-question-1684838623282\" class=\"rank-math-list-item\">\n<h3 class=\"rank-math-question \">Qu&rsquo;est-ce que le rajeunissement vaginal ?<\/h3>\n<div class=\"rank-math-answer \">\n\n<p>Le rajeunissement vaginal fait r\u00e9f\u00e9rence \u00e0 une s\u00e9rie de proc\u00e9dures et de traitements visant \u00e0 am\u00e9liorer l&rsquo;apparence, la fonction et la sant\u00e9 g\u00e9n\u00e9rale de la zone vaginale. Ces proc\u00e9dures peuvent r\u00e9pondre \u00e0 des pr\u00e9occupations telles que la laxit\u00e9 vaginale, la s\u00e9cheresse, la perte d&rsquo;\u00e9lasticit\u00e9, l&rsquo;incontinence urinaire ou les changements de sensation.<br \/>Le rajeunissement vaginal peut impliquer des traitements non chirurgicaux tels que la th\u00e9rapie au laser ou les dispositifs de radiofr\u00e9quence pour stimuler la production de collag\u00e8ne et resserrer les tissus vaginaux. Elle peut \u00e9galement inclure des interventions chirurgicales telles que la vaginoplastie ou la labiaplastie pour resserrer ou remodeler le canal vaginal ou les l\u00e8vres.<\/p>\n\n<\/div>\n<\/div>\n<div id=\"faq-question-1684838350690\" class=\"rank-math-list-item\">\n<h3 class=\"rank-math-question \">Qu&rsquo;est-ce que la chirurgie de rajeunissement vaginal ?<\/h3>\n<div class=\"rank-math-answer \">\n\n<p>La chirurgie de rajeunissement vaginal, \u00e9galement appel\u00e9e vaginoplastie ou chirurgie de resserrement vaginal, est une intervention chirurgicale qui vise \u00e0 restaurer ou \u00e0 am\u00e9liorer le tonus, la force et l&rsquo;apparence du canal vaginal et des tissus environnants. Elle est g\u00e9n\u00e9ralement pratiqu\u00e9e pour rem\u00e9dier \u00e0 des probl\u00e8mes tels que la laxit\u00e9 vaginale, l&rsquo;affaiblissement des muscles du plancher pelvien ou des modifications de l&rsquo;anatomie vaginale dues \u00e0 l&rsquo;accouchement, au vieillissement ou \u00e0 d&rsquo;autres facteurs.<br \/>L&rsquo;intervention peut faire appel \u00e0 diverses techniques, notamment le resserrement des muscles vaginaux, l&rsquo;\u00e9limination de l&rsquo;exc\u00e8s de tissu, la r\u00e9paration des d\u00e9fauts de la paroi vaginale ou le remodelage des l\u00e8vres. La chirurgie de rajeunissement vaginal est souvent r\u00e9alis\u00e9e en ambulatoire sous anesth\u00e9sie g\u00e9n\u00e9rale ou locale, en fonction de l&rsquo;intervention sp\u00e9cifique et des pr\u00e9f\u00e9rences de la patiente. Il est important de consulter un prestataire de soins de sant\u00e9 qualifi\u00e9 ou un chirurgien plasticien sp\u00e9cialis\u00e9 dans le rajeunissement vaginal afin de discuter des pr\u00e9occupations sp\u00e9cifiques, des objectifs, des risques potentiels et des r\u00e9sultats attendus de l&rsquo;intervention. Ils peuvent fournir des conseils personnalis\u00e9s et d\u00e9terminer si la chirurgie de rajeunissement vaginal est adapt\u00e9e \u00e0 la situation particuli\u00e8re d&rsquo;une personne.<\/p>\n\n<\/div>\n<\/div>\n<\/div>\n<\/div>\n<p>\u00a0<\/p>\n\n<h3 class=\"wp-block-heading\">Contactez-nous d\u00e8s maintenant si vous avez des questions !<\/h3>\n","protected":false},"excerpt":{"rendered":"<p>Le rajeunissement vaginal au laser, \u00e9galement appel\u00e9 resserrement ou th\u00e9rapie vaginale au laser, est une proc\u00e9dure cosm\u00e9tique non chirurgicale r\u00e9volutionnaire [&hellip;]<\/p>\n","protected":false},"author":4,"featured_media":91443,"parent":0,"menu_order":0,"comment_status":"closed","ping_status":"closed","template":"","meta":{"site-sidebar-layout":"default","site-content-layout":"","ast-site-content-layout":"default","site-content-style":"default","site-sidebar-style":"default","ast-global-header-display":"","ast-banner-title-visibility":"","ast-main-header-display":"","ast-hfb-above-header-display":"","ast-hfb-below-header-display":"","ast-hfb-mobile-header-display":"","site-post-title":"","ast-breadcrumbs-content":"","ast-featured-img":"","footer-sml-layout":"","ast-disable-related-posts":"","theme-transparent-header-meta":"","adv-header-id-meta":"","stick-header-meta":"","header-above-stick-meta":"","header-main-stick-meta":"","header-below-stick-meta":"","astra-migrate-meta-layouts":"default","ast-page-background-enabled":"default","ast-page-background-meta":{"desktop":{"background-color":"var(--ast-global-color-4)","background-image":"","background-repeat":"repeat","background-position":"center center","background-size":"auto","background-attachment":"scroll","background-type":"","background-media":"","overlay-type":"","overlay-color":"","overlay-opacity":"","overlay-gradient":""},"tablet":{"background-color":"","background-image":"","background-repeat":"repeat","background-position":"center center","background-size":"auto","background-attachment":"scroll","background-type":"","background-media":"","overlay-type":"","overlay-color":"","overlay-opacity":"","overlay-gradient":""},"mobile":{"background-color":"","background-image":"","background-repeat":"repeat","background-position":"center center","background-size":"auto","background-attachment":"scroll","background-type":"","background-media":"","overlay-type":"","overlay-color":"","overlay-opacity":"","overlay-gradient":""}},"ast-content-background-meta":{"desktop":{"background-color":"var(--ast-global-color-5)","background-image":"","background-repeat":"repeat","background-position":"center center","background-size":"auto","background-attachment":"scroll","background-type":"","background-media":"","overlay-type":"","overlay-color":"","overlay-opacity":"","overlay-gradient":""},"tablet":{"background-color":"var(--ast-global-color-5)","background-image":"","background-repeat":"repeat","background-position":"center center","background-size":"auto","background-attachment":"scroll","background-type":"","background-media":"","overlay-type":"","overlay-color":"","overlay-opacity":"","overlay-gradient":""},"mobile":{"background-color":"var(--ast-global-color-5)","background-image":"","background-repeat":"repeat","background-position":"center center","background-size":"auto","background-attachment":"scroll","background-type":"","background-media":"","overlay-type":"","overlay-color":"","overlay-opacity":"","overlay-gradient":""}},"footnotes":""},"class_list":["post-146233","page","type-page","status-publish","has-post-thumbnail","hentry"],"_links":{"self":[{"href":"https:\/\/medclinics.com\/fr\/wp-json\/wp\/v2\/pages\/146233","targetHints":{"allow":["GET"]}}],"collection":[{"href":"https:\/\/medclinics.com\/fr\/wp-json\/wp\/v2\/pages"}],"about":[{"href":"https:\/\/medclinics.com\/fr\/wp-json\/wp\/v2\/types\/page"}],"author":[{"embeddable":true,"href":"https:\/\/medclinics.com\/fr\/wp-json\/wp\/v2\/users\/4"}],"replies":[{"embeddable":true,"href":"https:\/\/medclinics.com\/fr\/wp-json\/wp\/v2\/comments?post=146233"}],"version-history":[{"count":0,"href":"https:\/\/medclinics.com\/fr\/wp-json\/wp\/v2\/pages\/146233\/revisions"}],"wp:featuredmedia":[{"embeddable":true,"href":"https:\/\/medclinics.com\/fr\/wp-json\/wp\/v2\/media\/91443"}],"wp:attachment":[{"href":"https:\/\/medclinics.com\/fr\/wp-json\/wp\/v2\/media?parent=146233"}],"curies":[{"name":"wp","href":"https:\/\/api.w.org\/{rel}","templated":true}]}}