{"id":146219,"date":"2023-03-15T10:33:00","date_gmt":"2023-03-15T07:33:00","guid":{"rendered":"https:\/\/medclinics.com\/labiaplastie\/"},"modified":"2025-01-02T16:23:19","modified_gmt":"2025-01-02T13:23:19","slug":"labiaplastie","status":"publish","type":"page","link":"https:\/\/medclinics.com\/fr\/labiaplastie\/","title":{"rendered":"Labiaplastie"},"content":{"rendered":"\n<p>La labioplastie, \u00e9galement appel\u00e9e labiaplastie, est une intervention chirurgicale qui r\u00e9pond aux pr\u00e9occupations esth\u00e9tiques et physiques li\u00e9es aux plis cutan\u00e9s internes et externes qui entourent l&rsquo;ouverture du vagin. Cette intervention peut \u00eatre b\u00e9n\u00e9fique pour les personnes qui se sentent g\u00ean\u00e9es ou m\u00e9contentes de la taille, de la forme ou de la sym\u00e9trie de leurs l\u00e8vres, qui \u00e9prouvent une g\u00eane lors d&rsquo;activit\u00e9s physiques telles que les rapports sexuels ou qui ont des difficult\u00e9s \u00e0 maintenir une hygi\u00e8ne correcte en raison de l&rsquo;hypertrophie de leurs l\u00e8vres.<\/p>\n\n<p>Il existe deux types d&rsquo;intervention : la labiaplastie de bordure consiste \u00e0 retirer l&rsquo;exc\u00e8s de tissu le long de la bordure, tandis que la <a href=\"https:\/\/en.wikipedia.org\/wiki\/Labiaplasty\" target=\"_blank\" rel=\"noopener\">labioalastie<\/a> de r\u00e9section de coin consiste \u00e0 retirer un morceau en forme de coin de la minora avant de suturer les bords restants, ce qui donne un aspect naturel \u00e0 l&rsquo;op\u00e9ration.<\/p>\n\n<p>L&rsquo;op\u00e9ration elle-m\u00eame peut \u00eatre r\u00e9alis\u00e9e sous anesth\u00e9sie locale en fonction de facteurs de complexit\u00e9 tels que la pr\u00e9f\u00e9rence du patient. Notre \u00e9quipe offre des soins personnalis\u00e9s adapt\u00e9s \u00e0 vos besoins uniques !<\/p>\n\n<p>Apr\u00e8s cette op\u00e9ration qui change la vie, il y a la convalescence qui demande de la patience mais qui, au bout du compte, vous permet de retrouver confiance en vous !<\/p>\n\n<p>En tant que MedClinics, nous sommes l\u00e0 pour trouver les meilleurs chirurgiens pour la labioplastie en Turquie et \u00e0 l&rsquo;\u00e9tranger. Contactez-nous !<\/p>\n\n<h3 class=\"wp-block-heading\">Tout ce que vous devez savoir sur l&rsquo;<a href=\"https:\/\/medclinics.com\/fr\/esthetique-genitale\/\" target=\"_blank\" rel=\"noreferrer noopener\">esth\u00e9tique g\u00e9nitale<\/a> est ici, <a href=\"#requestform\">contactez-nous<\/a>!<\/h3>\n\n<h2 class=\"wp-block-heading\">FAQ<\/h2>\n<div id=\"rank-math-faq\" class=\"rank-math-block\">\n<div class=\"rank-math-list \">\n<div id=\"faq-question-1684837646045\" class=\"rank-math-list-item\">\n<h3 class=\"rank-math-question \">Les labiaplasties sont-elles douloureuses ?<\/h3>\n<div class=\"rank-math-answer \">\n\n<p>La labiaplastie peut entra\u00eener une certaine g\u00eane et des douleurs pendant la p\u00e9riode de convalescence, mais des mesures appropri\u00e9es de gestion de la douleur sont mises en \u0153uvre pour les att\u00e9nuer. Le respect des instructions post-op\u00e9ratoires et la prise des m\u00e9dicaments anti-douleur prescrits peuvent contribuer \u00e0 un processus de gu\u00e9rison plus confortable.<\/p>\n\n<\/div>\n<\/div>\n<div id=\"faq-question-1684837736928\" class=\"rank-math-list-item\">\n<h3 class=\"rank-math-question \">Pourquoi la labiaplastie est-elle pratiqu\u00e9e ?<\/h3>\n<div class=\"rank-math-answer \">\n\n<p>La labiaplastie est pratiqu\u00e9e pour diverses raisons, notamment pour r\u00e9duire la taille ou l&rsquo;asym\u00e9trie des petites ou grandes l\u00e8vres, rem\u00e9dier \u00e0 la g\u00eane ou \u00e0 l&rsquo;irritation caus\u00e9e par des l\u00e8vres hypertrophi\u00e9es, am\u00e9liorer l&rsquo;aspect esth\u00e9tique de la zone g\u00e9nitale, renforcer la confiance en soi et rem\u00e9dier aux probl\u00e8mes fonctionnels susceptibles d&rsquo;affecter l&rsquo;activit\u00e9 sexuelle ou la vie quotidienne. La proc\u00e9dure est personnalis\u00e9e en fonction des besoins et des d\u00e9sirs de l&rsquo;individu et vise \u00e0 apporter des avantages physiques et psychologiques.<\/p>\n\n<\/div>\n<\/div>\n<div id=\"faq-question-1684837803889\" class=\"rank-math-list-item\">\n<h3 class=\"rank-math-question \">La labiaplastie est-elle courante ?<\/h3>\n<div class=\"rank-math-answer \">\n\n<p>La labiaplastie est devenue de plus en plus courante ces derni\u00e8res ann\u00e9es. Il s&rsquo;agit d&rsquo;une proc\u00e9dure qui gagne en popularit\u00e9 \u00e0 mesure que de plus en plus de personnes prennent conscience de sa disponibilit\u00e9 et de ses avantages potentiels. La d\u00e9cision de subir un traitement est personnelle et varie d&rsquo;un individu \u00e0 l&rsquo;autre, en fonction de leurs pr\u00e9occupations et de leurs objectifs sp\u00e9cifiques. Il est important de consulter un professionnel de sant\u00e9 qualifi\u00e9 ou un chirurgien plasticien pour discuter de l&rsquo;intervention, des risques potentiels et des r\u00e9sultats attendus afin de d\u00e9terminer si la labiaplastie est le bon choix.<\/p>\n\n<\/div>\n<\/div>\n<\/div>\n<\/div>\n<p>\u00a0<\/p>\n\n<h3 class=\"wp-block-heading\">Contactez-nous d\u00e8s maintenant si vous avez des questions !<\/h3>\n","protected":false},"excerpt":{"rendered":"<p>La labioplastie, \u00e9galement appel\u00e9e labiaplastie, est une intervention chirurgicale qui r\u00e9pond aux pr\u00e9occupations esth\u00e9tiques et physiques li\u00e9es aux plis cutan\u00e9s [&hellip;]<\/p>\n","protected":false},"author":4,"featured_media":91429,"parent":0,"menu_order":0,"comment_status":"closed","ping_status":"closed","template":"","meta":{"site-sidebar-layout":"default","site-content-layout":"","ast-site-content-layout":"default","site-content-style":"default","site-sidebar-style":"default","ast-global-header-display":"","ast-banner-title-visibility":"","ast-main-header-display":"","ast-hfb-above-header-display":"","ast-hfb-below-header-display":"","ast-hfb-mobile-header-display":"","site-post-title":"","ast-breadcrumbs-content":"","ast-featured-img":"","footer-sml-layout":"","ast-disable-related-posts":"","theme-transparent-header-meta":"","adv-header-id-meta":"","stick-header-meta":"","header-above-stick-meta":"","header-main-stick-meta":"","header-below-stick-meta":"","astra-migrate-meta-layouts":"default","ast-page-background-enabled":"default","ast-page-background-meta":{"desktop":{"background-color":"var(--ast-global-color-4)","background-image":"","background-repeat":"repeat","background-position":"center center","background-size":"auto","background-attachment":"scroll","background-type":"","background-media":"","overlay-type":"","overlay-color":"","overlay-opacity":"","overlay-gradient":""},"tablet":{"background-color":"","background-image":"","background-repeat":"repeat","background-position":"center center","background-size":"auto","background-attachment":"scroll","background-type":"","background-media":"","overlay-type":"","overlay-color":"","overlay-opacity":"","overlay-gradient":""},"mobile":{"background-color":"","background-image":"","background-repeat":"repeat","background-position":"center center","background-size":"auto","background-attachment":"scroll","background-type":"","background-media":"","overlay-type":"","overlay-color":"","overlay-opacity":"","overlay-gradient":""}},"ast-content-background-meta":{"desktop":{"background-color":"var(--ast-global-color-5)","background-image":"","background-repeat":"repeat","background-position":"center center","background-size":"auto","background-attachment":"scroll","background-type":"","background-media":"","overlay-type":"","overlay-color":"","overlay-opacity":"","overlay-gradient":""},"tablet":{"background-color":"var(--ast-global-color-5)","background-image":"","background-repeat":"repeat","background-position":"center center","background-size":"auto","background-attachment":"scroll","background-type":"","background-media":"","overlay-type":"","overlay-color":"","overlay-opacity":"","overlay-gradient":""},"mobile":{"background-color":"var(--ast-global-color-5)","background-image":"","background-repeat":"repeat","background-position":"center center","background-size":"auto","background-attachment":"scroll","background-type":"","background-media":"","overlay-type":"","overlay-color":"","overlay-opacity":"","overlay-gradient":""}},"footnotes":""},"class_list":["post-146219","page","type-page","status-publish","has-post-thumbnail","hentry"],"_links":{"self":[{"href":"https:\/\/medclinics.com\/fr\/wp-json\/wp\/v2\/pages\/146219","targetHints":{"allow":["GET"]}}],"collection":[{"href":"https:\/\/medclinics.com\/fr\/wp-json\/wp\/v2\/pages"}],"about":[{"href":"https:\/\/medclinics.com\/fr\/wp-json\/wp\/v2\/types\/page"}],"author":[{"embeddable":true,"href":"https:\/\/medclinics.com\/fr\/wp-json\/wp\/v2\/users\/4"}],"replies":[{"embeddable":true,"href":"https:\/\/medclinics.com\/fr\/wp-json\/wp\/v2\/comments?post=146219"}],"version-history":[{"count":0,"href":"https:\/\/medclinics.com\/fr\/wp-json\/wp\/v2\/pages\/146219\/revisions"}],"wp:featuredmedia":[{"embeddable":true,"href":"https:\/\/medclinics.com\/fr\/wp-json\/wp\/v2\/media\/91429"}],"wp:attachment":[{"href":"https:\/\/medclinics.com\/fr\/wp-json\/wp\/v2\/media?parent=146219"}],"curies":[{"name":"wp","href":"https:\/\/api.w.org\/{rel}","templated":true}]}}