{"id":146209,"date":"2023-03-15T10:17:00","date_gmt":"2023-03-15T07:17:00","guid":{"rendered":"https:\/\/medclinics.com\/hymenoplastie\/"},"modified":"2025-01-02T16:17:16","modified_gmt":"2025-01-02T13:17:16","slug":"hymenoplastie","status":"publish","type":"page","link":"https:\/\/medclinics.com\/fr\/hymenoplastie\/","title":{"rendered":"Hymenoplastie"},"content":{"rendered":"\n<p>L&rsquo;hym\u00e9noplastie est une solution chirurgicale qui permet de reconstruire ou de r\u00e9parer l&rsquo;hymen, situ\u00e9 \u00e0 l&rsquo;ouverture du vagin. La forme et la taille de cette fine membrane peuvent varier d&rsquo;un individu \u00e0 l&rsquo;autre et peuvent \u00eatre \u00e9tir\u00e9es ou d\u00e9chir\u00e9es par des activit\u00e9s physiques telles que les rapports sexuels, l&rsquo;exercice physique ou l&rsquo;utilisation de tampons.<\/p>\n\n<p>Les gens ont recours \u00e0 l&rsquo;hym\u00e9noplastie pour des raisons culturelles, religieuses ou personnelles, car elle vise \u00e0 restaurer leur \u00e9tat d&rsquo;origine avant toute d\u00e9chirure. Cette proc\u00e9dure consiste soit \u00e0 r\u00e9parer les restes du tissu hym\u00e9nal existant, soit \u00e0 cr\u00e9er de nouvelles structures en utilisant les tissus environnants.<\/p>\n\n<p>Il est important de comprendre que l&rsquo;hymnoplastie n&rsquo;est pas m\u00e9dicalement n\u00e9cessaire mais plut\u00f4t de nature cosm\u00e9tique, son but premier \u00e9tant de donner une apparence similaire \u00e0 celle d&rsquo;une structure hym\u00e9nale intacte. Les <a href=\"https:\/\/en.wikipedia.org\/wiki\/Hymenorrhaphy\" target=\"_blank\" rel=\"noopener\">hymnoplasties<\/a> sont g\u00e9n\u00e9ralement pratiqu\u00e9es en ambulatoire et le temps de r\u00e9cup\u00e9ration apr\u00e8s l&rsquo;op\u00e9ration est court.<\/p>\n\n<p>Avant de subir de telles proc\u00e9dures, il convient de communiquer ouvertement avec des chirurgiens plasticiens qualifi\u00e9s qui fourniront des informations d\u00e9taill\u00e9es sur les attentes en mati\u00e8re de r\u00e9sultats et r\u00e9pondront aux pr\u00e9occupations que vous pourriez avoir concernant les implications culturelles, \u00e9thiques et sociales, ainsi que les motivations individuelles \u00e0 l&rsquo;origine de votre processus de prise de d\u00e9cision.<\/p>\n\n<h3 class=\"wp-block-heading\">Tout ce que vous devez savoir sur l&rsquo;<a href=\"https:\/\/medclinics.com\/fr\/esthetique-genitale\/\" target=\"_blank\" rel=\"noreferrer noopener\">esth\u00e9tique g\u00e9nitale<\/a>, y compris le prix, les soins et le processus de gu\u00e9rison, ou <a href=\"#requestform\">contactez-nous<\/a>!<\/h3>\n\n<h2 class=\"wp-block-heading\">FAQ<\/h2>\n<div id=\"rank-math-faq\" class=\"rank-math-block\">\n<div class=\"rank-math-list \">\n<div id=\"faq-question-1684836770900\" class=\"rank-math-list-item\">\n<h3 class=\"rank-math-question \">Qu&rsquo;est-ce que l&rsquo;hym\u00e9noplastie ?<\/h3>\n<div class=\"rank-math-answer \">\n\n<p>L&rsquo;hym\u00e9noplastie est une intervention chirurgicale qui vise \u00e0 reconstruire ou \u00e0 r\u00e9parer l&rsquo;hymen, une fine membrane situ\u00e9e \u00e0 l&rsquo;entr\u00e9e du vagin. Elle est souvent demand\u00e9e pour des raisons personnelles, culturelles ou soci\u00e9tales et consiste \u00e0 suturer ou \u00e0 recr\u00e9er l&rsquo;anneau hym\u00e9nal.<\/p>\n\n<\/div>\n<\/div>\n<div id=\"faq-question-1684836822286\" class=\"rank-math-list-item\">\n<h3 class=\"rank-math-question \">Qu&rsquo;est-ce qu&rsquo;une hym\u00e9noplastie ?<\/h3>\n<div class=\"rank-math-answer \">\n\n<p>L&rsquo;hym\u00e9noplastie est une intervention chirurgicale qui consiste \u00e0 reconstruire ou \u00e0 r\u00e9parer l&rsquo;hymen. L&rsquo;intervention consiste g\u00e9n\u00e9ralement \u00e0 recoudre les restes de l&rsquo;hymen ou \u00e0 utiliser des greffes de tissus pour recr\u00e9er l&rsquo;anneau hym\u00e9nal, dans le but de lui redonner son apparence.<\/p>\n\n<\/div>\n<\/div>\n<\/div>\n<\/div>\n<p>\u00a0<\/p>\n\n<h3 class=\"wp-block-heading\">Contactez-nous d\u00e8s maintenant si vous avez des questions !<\/h3>\n","protected":false},"excerpt":{"rendered":"<p>L&rsquo;hym\u00e9noplastie est une solution chirurgicale qui permet de reconstruire ou de r\u00e9parer l&rsquo;hymen, situ\u00e9 \u00e0 l&rsquo;ouverture du vagin. La forme [&hellip;]<\/p>\n","protected":false},"author":4,"featured_media":93072,"parent":0,"menu_order":0,"comment_status":"closed","ping_status":"closed","template":"","meta":{"site-sidebar-layout":"default","site-content-layout":"","ast-site-content-layout":"default","site-content-style":"default","site-sidebar-style":"default","ast-global-header-display":"","ast-banner-title-visibility":"","ast-main-header-display":"","ast-hfb-above-header-display":"","ast-hfb-below-header-display":"","ast-hfb-mobile-header-display":"","site-post-title":"","ast-breadcrumbs-content":"","ast-featured-img":"","footer-sml-layout":"","ast-disable-related-posts":"","theme-transparent-header-meta":"","adv-header-id-meta":"","stick-header-meta":"","header-above-stick-meta":"","header-main-stick-meta":"","header-below-stick-meta":"","astra-migrate-meta-layouts":"default","ast-page-background-enabled":"default","ast-page-background-meta":{"desktop":{"background-color":"var(--ast-global-color-4)","background-image":"","background-repeat":"repeat","background-position":"center center","background-size":"auto","background-attachment":"scroll","background-type":"","background-media":"","overlay-type":"","overlay-color":"","overlay-opacity":"","overlay-gradient":""},"tablet":{"background-color":"","background-image":"","background-repeat":"repeat","background-position":"center center","background-size":"auto","background-attachment":"scroll","background-type":"","background-media":"","overlay-type":"","overlay-color":"","overlay-opacity":"","overlay-gradient":""},"mobile":{"background-color":"","background-image":"","background-repeat":"repeat","background-position":"center center","background-size":"auto","background-attachment":"scroll","background-type":"","background-media":"","overlay-type":"","overlay-color":"","overlay-opacity":"","overlay-gradient":""}},"ast-content-background-meta":{"desktop":{"background-color":"var(--ast-global-color-5)","background-image":"","background-repeat":"repeat","background-position":"center center","background-size":"auto","background-attachment":"scroll","background-type":"","background-media":"","overlay-type":"","overlay-color":"","overlay-opacity":"","overlay-gradient":""},"tablet":{"background-color":"var(--ast-global-color-5)","background-image":"","background-repeat":"repeat","background-position":"center center","background-size":"auto","background-attachment":"scroll","background-type":"","background-media":"","overlay-type":"","overlay-color":"","overlay-opacity":"","overlay-gradient":""},"mobile":{"background-color":"var(--ast-global-color-5)","background-image":"","background-repeat":"repeat","background-position":"center center","background-size":"auto","background-attachment":"scroll","background-type":"","background-media":"","overlay-type":"","overlay-color":"","overlay-opacity":"","overlay-gradient":""}},"footnotes":""},"class_list":["post-146209","page","type-page","status-publish","has-post-thumbnail","hentry"],"_links":{"self":[{"href":"https:\/\/medclinics.com\/fr\/wp-json\/wp\/v2\/pages\/146209","targetHints":{"allow":["GET"]}}],"collection":[{"href":"https:\/\/medclinics.com\/fr\/wp-json\/wp\/v2\/pages"}],"about":[{"href":"https:\/\/medclinics.com\/fr\/wp-json\/wp\/v2\/types\/page"}],"author":[{"embeddable":true,"href":"https:\/\/medclinics.com\/fr\/wp-json\/wp\/v2\/users\/4"}],"replies":[{"embeddable":true,"href":"https:\/\/medclinics.com\/fr\/wp-json\/wp\/v2\/comments?post=146209"}],"version-history":[{"count":0,"href":"https:\/\/medclinics.com\/fr\/wp-json\/wp\/v2\/pages\/146209\/revisions"}],"wp:featuredmedia":[{"embeddable":true,"href":"https:\/\/medclinics.com\/fr\/wp-json\/wp\/v2\/media\/93072"}],"wp:attachment":[{"href":"https:\/\/medclinics.com\/fr\/wp-json\/wp\/v2\/media?parent=146209"}],"curies":[{"name":"wp","href":"https:\/\/api.w.org\/{rel}","templated":true}]}}