{"id":146197,"date":"2023-03-13T09:23:22","date_gmt":"2023-03-13T09:23:22","guid":{"rendered":"https:\/\/medclinics.com\/esthetique-du-penis-circoncision\/"},"modified":"2024-04-01T15:57:06","modified_gmt":"2024-04-01T12:57:06","slug":"esthetique-du-penis-circoncision","status":"publish","type":"page","link":"https:\/\/medclinics.com\/fr\/esthetique-du-penis-circoncision\/","title":{"rendered":"Esth\u00e9tique du p\u00e9nis &#8211; Circoncision"},"content":{"rendered":"\n<p>La circoncision est une intervention chirurgicale qui consiste \u00e0 enlever le pr\u00e9puce, qui recouvre la t\u00eate du p\u00e9nis. Cette pratique rev\u00eat une grande importance culturelle, religieuse et m\u00e9dicale dans diff\u00e9rentes parties du monde.<\/p>\n\n<p>Circoncision religieuse : Dans les communaut\u00e9s du juda\u00efsme et de l&rsquo;islam, la circoncision est pratiqu\u00e9e de mani\u00e8re rituelle sur les enfants de sexe masculin afin d&rsquo;\u00e9tablir une alliance avec Dieu ou pour d&rsquo;autres raisons spirituelles. Il s&rsquo;agit d&rsquo;une tradition importante qui se transmet de g\u00e9n\u00e9ration en g\u00e9n\u00e9ration.<\/p>\n\n<p>Circoncision culturelle : Certaines cultures pratiquent la circoncision dans le cadre de leurs pratiques traditionnelles, sans lien n\u00e9cessaire avec la religion. L&rsquo;acte peut \u00eatre utilis\u00e9 symboliquement lors de c\u00e9r\u00e9monies de rites de passage ou de rituels d&rsquo;initiation, en fonction de la tranche d&rsquo;\u00e2ge ou du contexte de chaque culture.<\/p>\n\n<p>Circoncision m\u00e9dicale : Les professionnels de la sant\u00e9 recommandent cette op\u00e9ration pour traiter certaines affections telles que le phimosis (pr\u00e9puce serr\u00e9), la balanite r\u00e9currente (inflammation), les infections des voies urinaires, la pr\u00e9vention du cancer du p\u00e9nis, entre autres, y compris les maladies sexuellement transmissibles telles que le VIH\/sida &#8211; autant de probl\u00e8mes de sant\u00e9 valables pour lesquels les <a href=\"https:\/\/en.wikipedia.org\/wiki\/Circumcision\" target=\"_blank\" rel=\"noopener\">circoncisions<\/a> peuvent contribuer \u00e0 r\u00e9duire les risques de mani\u00e8re significative !<\/p>\n\n<p>En conclusion, que la circoncision soit pratiqu\u00e9e \u00e0 des fins religieuses, dans le respect des traditions culturelles ou dans le cadre de proc\u00e9dures m\u00e9dicalement recommand\u00e9es, elle pr\u00e9sente de nombreux avantages !<\/p>\n\n<h3 class=\"wp-block-heading\">Tout ce que vous devez savoir sur l&rsquo;<a href=\"https:\/\/medclinics.com\/fr\/esthetique-genitale\/\" target=\"_blank\" rel=\"noreferrer noopener\">esth\u00e9tique g\u00e9nitale<\/a>, y compris le prix, les soins et le processus de gu\u00e9rison, ou <a href=\"#requestform\">contactez-nous<\/a>!<\/h3>\n\n<h2 class=\"wp-block-heading\">FAQ<\/h2>\n<div id=\"rank-math-faq\" class=\"rank-math-block\">\n<div class=\"rank-math-list \">\n<div id=\"faq-question-1684830656279\" class=\"rank-math-list-item\">\n<h3 class=\"rank-math-question \">La circoncision est-elle douloureuse ?<\/h3>\n<div class=\"rank-math-answer \">\n\n<p>L&rsquo;exp\u00e9rience de la douleur pendant la circoncision varie, et l&rsquo;anesth\u00e9sie est g\u00e9n\u00e9ralement utilis\u00e9e pour minimiser ou \u00e9liminer la douleur pendant l&rsquo;intervention. Les nouveau-n\u00e9s re\u00e7oivent une anesth\u00e9sie locale pour endormir la zone, tandis que les enfants plus \u00e2g\u00e9s et les adultes peuvent recevoir une anesth\u00e9sie g\u00e9n\u00e9rale. Les techniques de gestion de la douleur et les soins appropri\u00e9s sont importants pour soulager l&rsquo;inconfort pendant le processus de gu\u00e9rison. Les prestataires de soins de sant\u00e9 doivent discuter des options de gestion de la douleur et apporter le soutien n\u00e9cessaire au confort des personnes qui subissent une circoncision.<\/p>\n\n<\/div>\n<\/div>\n<div id=\"faq-question-1684830690206\" class=\"rank-math-list-item\">\n<h3 class=\"rank-math-question \">Comment la circoncision gu\u00e9rit-elle ?<\/h3>\n<div class=\"rank-math-answer \">\n\n<p>Le processus de gu\u00e9rison apr\u00e8s la circoncision se d\u00e9roule en plusieurs \u00e9tapes. Imm\u00e9diatement apr\u00e8s l&rsquo;intervention, un pansement protecteur est appliqu\u00e9, et il peut y avoir une certaine g\u00eane, un gonflement et une sensibilit\u00e9 dans la r\u00e9gion. Des analg\u00e9siques peuvent \u00eatre prescrits pour g\u00e9rer la douleur. Dans les jours qui suivent, le pansement est retir\u00e9 et un nettoyage en douceur de la zone est entrepris selon les instructions du prestataire de soins. Il est important de garder la zone propre et s\u00e8che pour pr\u00e9venir l&rsquo;infection. Au bout de plusieurs semaines, le site d&rsquo;incision cicatrise progressivement, la rougeur, l&rsquo;enflure et la sensibilit\u00e9 initiales s&rsquo;estompant. Il est essentiel d&rsquo;\u00e9viter les activit\u00e9s intenses et de suivre les instructions de soins fournies. Un rendez-vous de suivi avec le prestataire de soins est g\u00e9n\u00e9ralement pr\u00e9vu pour contr\u00f4ler les progr\u00e8s de la cicatrisation et r\u00e9pondre \u00e0 d&rsquo;\u00e9ventuelles pr\u00e9occupations. L&rsquo;exp\u00e9rience de gu\u00e9rison peut varier d&rsquo;un individu \u00e0 l&rsquo;autre, il est donc important de suivre les instructions de soins sp\u00e9cifiques fournies pour un processus de gu\u00e9rison r\u00e9ussi.<\/p>\n\n<\/div>\n<\/div>\n<div id=\"faq-question-1684830753654\" class=\"rank-math-list-item\">\n<h3 class=\"rank-math-question \">Quelle est la meilleure m\u00e9thode de circoncision pour les b\u00e9b\u00e9s ?<\/h3>\n<div class=\"rank-math-answer \">\n\n<p>Lorsqu&rsquo;il s&rsquo;agit de choisir la meilleure m\u00e9thode de circoncision pour les b\u00e9b\u00e9s, la d\u00e9cision d\u00e9pend souvent de plusieurs facteurs. Les deux m\u00e9thodes les plus couramment utilis\u00e9es sont la m\u00e9thode de la cloche en plastique et la m\u00e9thode de la pince de Gomco ou de Mogen. La m\u00e9thode plastibell consiste \u00e0 placer un anneau ou une cloche en plastique sur le gland et \u00e0 laisser l&rsquo;exc\u00e8s de pr\u00e9puce s&rsquo;enlever naturellement, l&rsquo;anneau coupant l&rsquo;apport sanguin. La m\u00e9thode du clamp Gomco ou Mogen consiste \u00e0 utiliser un clamp pour fixer le pr\u00e9puce avant de l&rsquo;exciser, et l&rsquo;incision est referm\u00e9e \u00e0 l&rsquo;aide de points de suture dissolvables. Le choix de la m\u00e9thode peut varier en fonction de l&rsquo;expertise du prestataire de soins, de l&rsquo;\u00e2ge du b\u00e9b\u00e9 et de consid\u00e9rations m\u00e9dicales sp\u00e9cifiques. Il est important de consulter un prestataire de soins de sant\u00e9 qualifi\u00e9 pour discuter des options disponibles et prendre une d\u00e9cision \u00e9clair\u00e9e qui soit la mieux adapt\u00e9e \u00e0 la situation individuelle du b\u00e9b\u00e9.<\/p>\n\n<\/div>\n<\/div>\n<\/div>\n<\/div>\n<p>\u00a0<\/p>\n\n<h3 class=\"wp-block-heading\">Contactez-nous d\u00e8s maintenant si vous avez des questions !<\/h3>\n","protected":false},"excerpt":{"rendered":"<p>La circoncision est une intervention chirurgicale qui consiste \u00e0 enlever le pr\u00e9puce, qui recouvre la t\u00eate du p\u00e9nis. Cette pratique [&hellip;]<\/p>\n","protected":false},"author":4,"featured_media":93193,"parent":0,"menu_order":0,"comment_status":"closed","ping_status":"closed","template":"","meta":{"site-sidebar-layout":"default","site-content-layout":"","ast-site-content-layout":"default","site-content-style":"default","site-sidebar-style":"default","ast-global-header-display":"","ast-banner-title-visibility":"","ast-main-header-display":"","ast-hfb-above-header-display":"","ast-hfb-below-header-display":"","ast-hfb-mobile-header-display":"","site-post-title":"","ast-breadcrumbs-content":"","ast-featured-img":"","footer-sml-layout":"","ast-disable-related-posts":"","theme-transparent-header-meta":"","adv-header-id-meta":"","stick-header-meta":"","header-above-stick-meta":"","header-main-stick-meta":"","header-below-stick-meta":"","astra-migrate-meta-layouts":"default","ast-page-background-enabled":"default","ast-page-background-meta":{"desktop":{"background-color":"var(--ast-global-color-4)","background-image":"","background-repeat":"repeat","background-position":"center center","background-size":"auto","background-attachment":"scroll","background-type":"","background-media":"","overlay-type":"","overlay-color":"","overlay-opacity":"","overlay-gradient":""},"tablet":{"background-color":"","background-image":"","background-repeat":"repeat","background-position":"center center","background-size":"auto","background-attachment":"scroll","background-type":"","background-media":"","overlay-type":"","overlay-color":"","overlay-opacity":"","overlay-gradient":""},"mobile":{"background-color":"","background-image":"","background-repeat":"repeat","background-position":"center center","background-size":"auto","background-attachment":"scroll","background-type":"","background-media":"","overlay-type":"","overlay-color":"","overlay-opacity":"","overlay-gradient":""}},"ast-content-background-meta":{"desktop":{"background-color":"var(--ast-global-color-5)","background-image":"","background-repeat":"repeat","background-position":"center center","background-size":"auto","background-attachment":"scroll","background-type":"","background-media":"","overlay-type":"","overlay-color":"","overlay-opacity":"","overlay-gradient":""},"tablet":{"background-color":"var(--ast-global-color-5)","background-image":"","background-repeat":"repeat","background-position":"center center","background-size":"auto","background-attachment":"scroll","background-type":"","background-media":"","overlay-type":"","overlay-color":"","overlay-opacity":"","overlay-gradient":""},"mobile":{"background-color":"var(--ast-global-color-5)","background-image":"","background-repeat":"repeat","background-position":"center center","background-size":"auto","background-attachment":"scroll","background-type":"","background-media":"","overlay-type":"","overlay-color":"","overlay-opacity":"","overlay-gradient":""}},"footnotes":""},"class_list":["post-146197","page","type-page","status-publish","has-post-thumbnail","hentry"],"_links":{"self":[{"href":"https:\/\/medclinics.com\/fr\/wp-json\/wp\/v2\/pages\/146197","targetHints":{"allow":["GET"]}}],"collection":[{"href":"https:\/\/medclinics.com\/fr\/wp-json\/wp\/v2\/pages"}],"about":[{"href":"https:\/\/medclinics.com\/fr\/wp-json\/wp\/v2\/types\/page"}],"author":[{"embeddable":true,"href":"https:\/\/medclinics.com\/fr\/wp-json\/wp\/v2\/users\/4"}],"replies":[{"embeddable":true,"href":"https:\/\/medclinics.com\/fr\/wp-json\/wp\/v2\/comments?post=146197"}],"version-history":[{"count":0,"href":"https:\/\/medclinics.com\/fr\/wp-json\/wp\/v2\/pages\/146197\/revisions"}],"wp:featuredmedia":[{"embeddable":true,"href":"https:\/\/medclinics.com\/fr\/wp-json\/wp\/v2\/media\/93193"}],"wp:attachment":[{"href":"https:\/\/medclinics.com\/fr\/wp-json\/wp\/v2\/media?parent=146197"}],"curies":[{"name":"wp","href":"https:\/\/api.w.org\/{rel}","templated":true}]}}