{"id":146175,"date":"2023-03-14T09:20:00","date_gmt":"2023-03-14T06:20:00","guid":{"rendered":"https:\/\/medclinics.com\/reduction-du-capuchon-clitoridien\/"},"modified":"2025-01-02T13:28:52","modified_gmt":"2025-01-02T10:28:52","slug":"reduction-du-capuchon-clitoridien","status":"publish","type":"page","link":"https:\/\/medclinics.com\/fr\/reduction-du-capuchon-clitoridien\/","title":{"rendered":"R\u00e9duction du capuchon clitoridien"},"content":{"rendered":"\n<h2 class=\"wp-block-heading\">Si vous ressentez une g\u00eane due \u00e0 une hypertrophie du capuchon clitoridien, la r\u00e9duction du capuchon clitoridien peut \u00eatre b\u00e9n\u00e9fique.<\/h2>\n\n<p>La <a href=\"https:\/\/en.wikipedia.org\/wiki\/Clitoral_hood_reduction\" target=\"_blank\" rel=\"noreferrer noopener\">r\u00e9duction du capuchon cl<\/a>itoridien, \u00e9galement appel\u00e9e hoodectomie clitoridienne ou plastie du capuchon clitoridien, est une option chirurgicale qui permet de r\u00e9duire l&rsquo;exc\u00e8s de tissu du pli qui recouvre le clitoris. Bien que cette proc\u00e9dure permette de prot\u00e9ger et de stimuler l&rsquo;activit\u00e9 sexuelle, certaines personnes peuvent se sentir g\u00ean\u00e9es par la protub\u00e9rance ou la taille de leur clitoris.<\/p>\n\n<p>Au cours de l&rsquo;op\u00e9ration sous anesth\u00e9sie locale, les chirurgiens retirent les tissus exc\u00e9dentaires tout en pr\u00e9servant les fonctions essentielles et la sensibilit\u00e9 pour des r\u00e9sultats optimaux adapt\u00e9s sp\u00e9cifiquement aux besoins de l&rsquo;anatomie individuelle.<\/p>\n\n<p>Cependant, comme pour toute autre intervention m\u00e9dicale, il existe des risques tels que l&rsquo;infection, les saignements, les cicatrices, la perte de sensibilit\u00e9, etc. Il est donc important non seulement de discuter en profondeur de ces questions, mais aussi d&rsquo;avoir des attentes r\u00e9alistes avant de prendre toute d\u00e9cision finale concernant les chirurgies esth\u00e9tiques !<\/p>\n\n<h3 class=\"wp-block-heading\">Tout ce que vous devez savoir sur l&rsquo;<a href=\"https:\/\/medclinics.com\/fr\/esthetique-genitale\/\" target=\"_blank\" rel=\"noreferrer noopener\">esth\u00e9tique g\u00e9nitale<\/a>, y compris le prix, les soins et le processus de gu\u00e9rison, ou <a href=\"#requestform\">contactez-nous<\/a>!<\/h3>\n\n<h2 class=\"wp-block-heading\">FAQ<\/h2>\n<div id=\"rank-math-faq\" class=\"rank-math-block\">\n<div class=\"rank-math-list \">\n<div id=\"faq-question-1684831298996\" class=\"rank-math-list-item\">\n<h3 class=\"rank-math-question \">Le capuchon clitoridien peut-il \u00eatre r\u00e9duit ?<\/h3>\n<div class=\"rank-math-answer \">\n\n<p>Oui, le capuchon clitoridien peut \u00eatre r\u00e9duit par une intervention chirurgicale appel\u00e9e r\u00e9duction du capuchon clitoridien ou hoodectomie clitoridienne. Cette intervention consiste \u00e0 retirer l&rsquo;exc\u00e8s de tissu du capuchon clitoridien afin d&rsquo;exposer le clitoris et d&rsquo;en am\u00e9liorer la visibilit\u00e9. La r\u00e9duction du capuchon clitoridien est souvent pratiqu\u00e9e pour des raisons esth\u00e9tiques ou pour att\u00e9nuer la g\u00eane caus\u00e9e par un tissu excessif ou redondant. Il est important de consulter un professionnel de sant\u00e9 qualifi\u00e9 ou un chirurgien plasticien sp\u00e9cialis\u00e9 dans cette proc\u00e9dure pour discuter des risques potentiels, des avantages et des r\u00e9sultats escompt\u00e9s en fonction des circonstances individuelles.<\/p>\n\n<\/div>\n<\/div>\n<div id=\"faq-question-1684831318284\" class=\"rank-math-list-item\">\n<h3 class=\"rank-math-question \">Pourquoi mon capuchon clitoridien me fait-il mal ?<\/h3>\n<div class=\"rank-math-answer \">\n\n<p>Une g\u00eane ou une douleur au niveau du capuchon clitoridien peut \u00eatre p\u00e9nible, et il existe plusieurs causes potentielles \u00e0 cette sensation. L&rsquo;irritation ou l&rsquo;inflammation du capuchon clitoridien peut \u00eatre due \u00e0 des facteurs tels que le frottement, les v\u00eatements serr\u00e9s ou l&rsquo;exposition \u00e0 des produits irritants. Les infections telles que les infections \u00e0 levures ou la vaginose bact\u00e9rienne peuvent \u00e9galement entra\u00eener une inflammation et une g\u00eane au niveau du capuchon clitoridien. En outre, un traumatisme ou une l\u00e9sion du capuchon clitoridien, ainsi que des adh\u00e9rences du capuchon clitoridien, peuvent contribuer \u00e0 la douleur ou \u00e0 la sensibilit\u00e9. Si vous ressentez une douleur persistante ou s\u00e9v\u00e8re au niveau du capuchon clitoridien, il est conseill\u00e9 de consulter un professionnel de la sant\u00e9 ou un gyn\u00e9cologue qui pourra \u00e9valuer vos sympt\u00f4mes, proc\u00e9der \u00e0 un examen et vous fournir des conseils et des options de traitement appropri\u00e9s, adapt\u00e9s \u00e0 votre situation sp\u00e9cifique.<\/p>\n\n<\/div>\n<\/div>\n<div id=\"faq-question-1684831417949\" class=\"rank-math-list-item\">\n<h3 class=\"rank-math-question \">Que se passe-t-il si l&rsquo;on retire le capuchon du clitoris ?<\/h3>\n<div class=\"rank-math-answer \">\n\n<p>Le principal r\u00e9sultat de la r\u00e9duction du capuchon clitoridien est une meilleure exposition du clitoris, ce qui peut am\u00e9liorer la stimulation et la sensibilit\u00e9 sexuelles. En outre, l&rsquo;intervention peut entra\u00eener des changements esth\u00e9tiques, rendant le clitoris plus visible ou plus pro\u00e9minent. Il est important de noter que, comme toute intervention chirurgicale, l&rsquo;ablation du capuchon clitoridien comporte des risques et des complications potentiels, tels que des saignements, des infections, des cicatrices ou des changements de sensation. Les exp\u00e9riences et les r\u00e9sultats personnels peuvent varier. Il est donc essentiel de consulter un prestataire de soins de sant\u00e9 qualifi\u00e9 ou un chirurgien plasticien sp\u00e9cialis\u00e9 dans cette proc\u00e9dure pour discuter des avantages potentiels, des risques et des r\u00e9sultats escompt\u00e9s en fonction de vos besoins et de vos souhaits personnels.<\/p>\n\n<\/div>\n<\/div>\n<\/div>\n<\/div>\n<p>\u00a0<\/p>\n\n<h3 class=\"wp-block-heading\">Contactez-nous d\u00e8s maintenant si vous avez des questions !<\/h3>\n","protected":false},"excerpt":{"rendered":"<p>Si vous ressentez une g\u00eane due \u00e0 une hypertrophie du capuchon clitoridien, la r\u00e9duction du capuchon clitoridien peut \u00eatre b\u00e9n\u00e9fique. [&hellip;]<\/p>\n","protected":false},"author":4,"featured_media":91335,"parent":0,"menu_order":0,"comment_status":"closed","ping_status":"closed","template":"","meta":{"site-sidebar-layout":"default","site-content-layout":"","ast-site-content-layout":"default","site-content-style":"default","site-sidebar-style":"default","ast-global-header-display":"","ast-banner-title-visibility":"","ast-main-header-display":"","ast-hfb-above-header-display":"","ast-hfb-below-header-display":"","ast-hfb-mobile-header-display":"","site-post-title":"","ast-breadcrumbs-content":"","ast-featured-img":"","footer-sml-layout":"","ast-disable-related-posts":"","theme-transparent-header-meta":"","adv-header-id-meta":"","stick-header-meta":"","header-above-stick-meta":"","header-main-stick-meta":"","header-below-stick-meta":"","astra-migrate-meta-layouts":"default","ast-page-background-enabled":"default","ast-page-background-meta":{"desktop":{"background-color":"var(--ast-global-color-4)","background-image":"","background-repeat":"repeat","background-position":"center center","background-size":"auto","background-attachment":"scroll","background-type":"","background-media":"","overlay-type":"","overlay-color":"","overlay-opacity":"","overlay-gradient":""},"tablet":{"background-color":"","background-image":"","background-repeat":"repeat","background-position":"center center","background-size":"auto","background-attachment":"scroll","background-type":"","background-media":"","overlay-type":"","overlay-color":"","overlay-opacity":"","overlay-gradient":""},"mobile":{"background-color":"","background-image":"","background-repeat":"repeat","background-position":"center center","background-size":"auto","background-attachment":"scroll","background-type":"","background-media":"","overlay-type":"","overlay-color":"","overlay-opacity":"","overlay-gradient":""}},"ast-content-background-meta":{"desktop":{"background-color":"var(--ast-global-color-5)","background-image":"","background-repeat":"repeat","background-position":"center center","background-size":"auto","background-attachment":"scroll","background-type":"","background-media":"","overlay-type":"","overlay-color":"","overlay-opacity":"","overlay-gradient":""},"tablet":{"background-color":"var(--ast-global-color-5)","background-image":"","background-repeat":"repeat","background-position":"center center","background-size":"auto","background-attachment":"scroll","background-type":"","background-media":"","overlay-type":"","overlay-color":"","overlay-opacity":"","overlay-gradient":""},"mobile":{"background-color":"var(--ast-global-color-5)","background-image":"","background-repeat":"repeat","background-position":"center center","background-size":"auto","background-attachment":"scroll","background-type":"","background-media":"","overlay-type":"","overlay-color":"","overlay-opacity":"","overlay-gradient":""}},"footnotes":""},"class_list":["post-146175","page","type-page","status-publish","has-post-thumbnail","hentry"],"_links":{"self":[{"href":"https:\/\/medclinics.com\/fr\/wp-json\/wp\/v2\/pages\/146175","targetHints":{"allow":["GET"]}}],"collection":[{"href":"https:\/\/medclinics.com\/fr\/wp-json\/wp\/v2\/pages"}],"about":[{"href":"https:\/\/medclinics.com\/fr\/wp-json\/wp\/v2\/types\/page"}],"author":[{"embeddable":true,"href":"https:\/\/medclinics.com\/fr\/wp-json\/wp\/v2\/users\/4"}],"replies":[{"embeddable":true,"href":"https:\/\/medclinics.com\/fr\/wp-json\/wp\/v2\/comments?post=146175"}],"version-history":[{"count":0,"href":"https:\/\/medclinics.com\/fr\/wp-json\/wp\/v2\/pages\/146175\/revisions"}],"wp:featuredmedia":[{"embeddable":true,"href":"https:\/\/medclinics.com\/fr\/wp-json\/wp\/v2\/media\/91335"}],"wp:attachment":[{"href":"https:\/\/medclinics.com\/fr\/wp-json\/wp\/v2\/media?parent=146175"}],"curies":[{"name":"wp","href":"https:\/\/api.w.org\/{rel}","templated":true}]}}