{"id":146159,"date":"2023-05-23T08:12:59","date_gmt":"2023-05-23T05:12:59","guid":{"rendered":"https:\/\/medclinics.com\/chirurgie-de-la-colonne-vertebrale\/"},"modified":"2025-01-03T01:38:20","modified_gmt":"2025-01-02T22:38:20","slug":"chirurgie-de-la-colonne-vertebrale","status":"publish","type":"page","link":"https:\/\/medclinics.com\/fr\/chirurgie-de-la-colonne-vertebrale\/","title":{"rendered":"Chirurgie de la colonne vert\u00e9brale"},"content":{"rendered":"\n<h2 class=\"wp-block-heading\">Si vous \u00eates \u00e0 la recherche d&rsquo;un moyen novateur de soulager vos douleurs vert\u00e9brales et de retrouver une vie sans douleur, ne cherchez pas plus loin que la chirurgie de la colonne vert\u00e9brale.<\/h2>\n\n<p>La chirurgie de la colonne vert\u00e9brale consiste \u00e0 corriger les maladies et les troubles de l<strong>a colonne <a href=\"https:\/\/en.wikipedia.org\/wiki\/Spinal_disease\" target=\"_blank\" rel=\"noreferrer noopener\">vert\u00e9brale et de la<\/a> moelle \u00e9pini\u00e8re<\/strong>. Elle comprend \u00e9galement des traitements conservateurs qui peuvent \u00eatre effectu\u00e9s sans intervention chirurgicale.<\/p>\n\n<p>La chirurgie de la colonne vert\u00e9brale doit toujours \u00eatre effectu\u00e9e par un <strong>chirurgien sp\u00e9cialement form\u00e9<\/strong>. Les techniques d&rsquo;imagerie sont souvent utilis\u00e9es pour faciliter la chirurgie.<br\/>La dur\u00e9e du s\u00e9jour \u00e0 l&rsquo;h\u00f4pital d\u00e9pend de l&rsquo;affection sous-jacente et varie consid\u00e9rablement d&rsquo;une personne \u00e0 l&rsquo;autre. Pendant la phase de r\u00e9\u00e9ducation apr\u00e8s une op\u00e9ration de la colonne vert\u00e9brale, ainsi qu&rsquo;avec la th\u00e9rapie physique, la force et la mobilit\u00e9 devraient \u00eatre restaur\u00e9es.<\/p>\n\n<h3 class=\"wp-block-heading\">Types de chirurgie de la colonne vert\u00e9brale<\/h3>\n\n<p>Lorsque les m\u00e9thodes conservatrices ont \u00e9t\u00e9 \u00e9puis\u00e9es, la chirurgie est souvent la seule option qui reste pour soulager la douleur et pr\u00e9venir d&rsquo;autres dommages \u00e0 la colonne vert\u00e9brale. Souvent, la mobilit\u00e9 limit\u00e9e des patients peut \u00eatre enti\u00e8rement r\u00e9tablie apr\u00e8s une intervention chirurgicale r\u00e9alis\u00e9e par des professionnels. La chirurgie de la colonne vert\u00e9brale doit toujours \u00eatre pratiqu\u00e9e par un sp\u00e9cialiste tr\u00e8s exp\u00e9riment\u00e9.<\/p>\n\n<p>Une <strong>distinction<\/strong> est faite entre la chirurgie de d\u00e9compression, la chirurgie de fusion, la chirurgie de remplacement du disque et la chirurgie mini-invasive, entre autres.<\/p>\n\n<p>La <strong>chirurgie de d\u00e9compression<\/strong> consiste \u00e0 exercer une pression sur les nerfs en \u00e9largissant le canal rachidien.<\/p>\n\n<p><strong>Dans la<\/strong> <strong>chirurgie de fusion<\/strong>, comme son nom l&rsquo;indique, la partie affect\u00e9e des vert\u00e8bres est reli\u00e9e \u00e0 l&rsquo;aide de vis ou de caches. Ils sont fix\u00e9s chirurgicalement \u00e0 la colonne vert\u00e9brale et remettent les vert\u00e8bres dans leur position correcte.<\/p>\n\n<p>Dans la <strong>chirurgie de remplacement du disque<\/strong>, les disques endommag\u00e9s sont remplac\u00e9s par des disques artificiels qui remplissent la fonction naturelle du disque et r\u00e9tablissent la mobilit\u00e9.<\/p>\n\n<p>La <strong>chirurgie mini-invasive<\/strong> ne n\u00e9cessite que de petites incisions cutan\u00e9es et \u00e9vite les cicatrices longues et larges. Cela permet de raccourcir le temps de r\u00e9tablissement du patient. La chirurgie mini-invasive est utilis\u00e9e pour diverses interventions sur la colonne vert\u00e9brale.<\/p>\n\n<p>Votre sp\u00e9cialiste traitant discutera avec vous et examinera soigneusement la m\u00e9thode chirurgicale qui vous convient.<\/p>\n\n<h3 class=\"wp-block-heading\">Tout ce que vous devez savoir sur les <a href=\"https:\/\/medclinics.com\/orthopedic-treatments-fight-against-immobility\/\" target=\"_blank\" rel=\"noreferrer noopener\">traitements orthop\u00e9diques<\/a>, y compris le prix, les soins et le processus de gu\u00e9rison, ou <a href=\"#requestform\">contactez-nous<\/a>!<\/h3>\n\n<figure class=\"wp-block-image size-full\"><img fetchpriority=\"high\" decoding=\"async\" width=\"960\" height=\"540\" class=\"wp-image-97274\" src=\"https:\/\/medclinics.com\/wp-content\/uploads\/2023\/07\/spine-surgery-near-me.jpg\" alt=\"Chirurgie de la colonne vert&#xE9;brale pr&#xE8;s de chez moi\" srcset=\"https:\/\/medclinics.com\/wp-content\/uploads\/2023\/07\/spine-surgery-near-me.jpg 960w, https:\/\/medclinics.com\/wp-content\/uploads\/2023\/07\/spine-surgery-near-me-500x281.jpg 500w, https:\/\/medclinics.com\/wp-content\/uploads\/2023\/07\/spine-surgery-near-me-768x432.jpg 768w, https:\/\/medclinics.com\/wp-content\/uploads\/2023\/07\/spine-surgery-near-me-24x14.jpg 24w, https:\/\/medclinics.com\/wp-content\/uploads\/2023\/07\/spine-surgery-near-me-36x20.jpg 36w, https:\/\/medclinics.com\/wp-content\/uploads\/2023\/07\/spine-surgery-near-me-48x27.jpg 48w\" sizes=\"(max-width: 960px) 100vw, 960px\" \/><\/figure>\n\n<h2 class=\"wp-block-heading\">FAQ<\/h2>\n<div id=\"rank-math-faq\" class=\"rank-math-block\">\n<div class=\"rank-math-list \">\n<div id=\"faq-question-1684829388578\" class=\"rank-math-list-item\">\n<h3 class=\"rank-math-question \">Qu&rsquo;est-ce que la chirurgie de la colonne vert\u00e9brale ?<\/h3>\n<div class=\"rank-math-answer \">\n\n<p>La chirurgie de la colonne vert\u00e9brale est une proc\u00e9dure m\u00e9dicale pratiqu\u00e9e pour traiter les affections de la colonne vert\u00e9brale, telles que les d\u00e9formations de la colonne vert\u00e9brale, les hernies discales, la st\u00e9nose vert\u00e9brale ou les l\u00e9sions de la colonne vert\u00e9brale. Elle fait appel \u00e0 diverses techniques chirurgicales visant \u00e0 soulager la douleur, \u00e0 am\u00e9liorer la stabilit\u00e9 de la colonne vert\u00e9brale, \u00e0 restaurer la fonction et \u00e0 traiter les probl\u00e8mes sous-jacents de la colonne vert\u00e9brale.<\/p>\n\n<\/div>\n<\/div>\n<div id=\"faq-question-1684829444627\" class=\"rank-math-list-item\">\n<h3 class=\"rank-math-question \">Qu&rsquo;est-ce que la chirurgie de fusion vert\u00e9brale ?<\/h3>\n<div class=\"rank-math-answer \">\n\n<p>La chirurgie de fusion vert\u00e9brale est une proc\u00e9dure qui consiste \u00e0 relier deux ou plusieurs vert\u00e8bres de la colonne vert\u00e9brale, cr\u00e9ant ainsi une structure osseuse solide. Elle consiste \u00e0 utiliser des greffes osseuses, des implants m\u00e9talliques ou les deux pour favoriser la fusion des vert\u00e8bres. L&rsquo;objectif de la fusion vert\u00e9brale est de stabiliser la colonne vert\u00e9brale, de r\u00e9duire la douleur et de traiter des pathologies telles que les d\u00e9formations de la colonne vert\u00e9brale, les fractures vert\u00e9brales, la discopathie d\u00e9g\u00e9n\u00e9rative ou l&rsquo;instabilit\u00e9 de la colonne vert\u00e9brale.<\/p>\n\n<\/div>\n<\/div>\n<div id=\"faq-question-1684829264389\" class=\"rank-math-list-item\">\n<h3 class=\"rank-math-question \">La chirurgie de la colonne vert\u00e9brale en vaut-elle la peine ?<\/h3>\n<div class=\"rank-math-answer \">\n\n<p>La valeur de la chirurgie de la colonne vert\u00e9brale d\u00e9pend des circonstances et de l&rsquo;\u00e9tat de chaque personne. Dans de nombreux cas, la chirurgie de la colonne vert\u00e9brale peut \u00eatre extr\u00eamement b\u00e9n\u00e9fique en termes de soulagement de la douleur d\u00e9bilitante, d&rsquo;am\u00e9lioration de la fonction et de la qualit\u00e9 de vie. Toutefois, il s&rsquo;agit d&rsquo;une d\u00e9cision importante qui doit \u00eatre m\u00fbrement r\u00e9fl\u00e9chie en consultation avec un sp\u00e9cialiste qualifi\u00e9 de la colonne vert\u00e9brale. Ils peuvent \u00e9valuer votre \u00e9tat, discuter des avantages et des risques potentiels et vous aider \u00e0 prendre une d\u00e9cision \u00e9clair\u00e9e en fonction de votre situation unique et de vos objectifs de traitement. Il est important d&rsquo;\u00e9valuer les avantages potentiels par rapport aux risques et d&rsquo;avoir des attentes r\u00e9alistes quant aux r\u00e9sultats de l&rsquo;op\u00e9ration.<\/p>\n\n<\/div>\n<\/div>\n<div id=\"faq-question-1684829316804\" class=\"rank-math-list-item\">\n<h3 class=\"rank-math-question \">La chirurgie de la colonne vert\u00e9brale est-elle dangereuse ?<\/h3>\n<div class=\"rank-math-answer \">\n\n<p>La chirurgie de la colonne vert\u00e9brale, comme toute intervention chirurgicale, comporte des risques inh\u00e9rents. Cependant, gr\u00e2ce aux progr\u00e8s de la technologie m\u00e9dicale, \u00e0 l&rsquo;am\u00e9lioration des techniques chirurgicales et \u00e0 l&rsquo;expertise de chirurgiens qualifi\u00e9s, la chirurgie de la colonne vert\u00e9brale est devenue plus s\u00fbre au fil des ans. La s\u00e9curit\u00e9 de la chirurgie de la colonne vert\u00e9brale d\u00e9pend \u00e9galement de divers facteurs tels que l&rsquo;intervention sp\u00e9cifique, l&rsquo;\u00e9tat de sant\u00e9 g\u00e9n\u00e9ral du patient et l&rsquo;exp\u00e9rience de l&rsquo;\u00e9quipe chirurgicale.<\/p>\n\n<\/div>\n<\/div>\n<\/div>\n<\/div>\n<p>\u00a0<\/p>\n\n<h3 class=\"wp-block-heading\">Contactez-nous d\u00e8s maintenant si vous avez des questions !<\/h3>\n","protected":false},"excerpt":{"rendered":"<p>Si vous \u00eates \u00e0 la recherche d&rsquo;un moyen novateur de soulager vos douleurs vert\u00e9brales et de retrouver une vie sans [&hellip;]<\/p>\n","protected":false},"author":4,"featured_media":91761,"parent":0,"menu_order":0,"comment_status":"closed","ping_status":"closed","template":"","meta":{"site-sidebar-layout":"default","site-content-layout":"","ast-site-content-layout":"default","site-content-style":"default","site-sidebar-style":"default","ast-global-header-display":"","ast-banner-title-visibility":"","ast-main-header-display":"","ast-hfb-above-header-display":"","ast-hfb-below-header-display":"","ast-hfb-mobile-header-display":"","site-post-title":"","ast-breadcrumbs-content":"","ast-featured-img":"","footer-sml-layout":"","ast-disable-related-posts":"","theme-transparent-header-meta":"","adv-header-id-meta":"","stick-header-meta":"","header-above-stick-meta":"","header-main-stick-meta":"","header-below-stick-meta":"","astra-migrate-meta-layouts":"default","ast-page-background-enabled":"default","ast-page-background-meta":{"desktop":{"background-color":"var(--ast-global-color-4)","background-image":"","background-repeat":"repeat","background-position":"center center","background-size":"auto","background-attachment":"scroll","background-type":"","background-media":"","overlay-type":"","overlay-color":"","overlay-opacity":"","overlay-gradient":""},"tablet":{"background-color":"","background-image":"","background-repeat":"repeat","background-position":"center center","background-size":"auto","background-attachment":"scroll","background-type":"","background-media":"","overlay-type":"","overlay-color":"","overlay-opacity":"","overlay-gradient":""},"mobile":{"background-color":"","background-image":"","background-repeat":"repeat","background-position":"center center","background-size":"auto","background-attachment":"scroll","background-type":"","background-media":"","overlay-type":"","overlay-color":"","overlay-opacity":"","overlay-gradient":""}},"ast-content-background-meta":{"desktop":{"background-color":"var(--ast-global-color-5)","background-image":"","background-repeat":"repeat","background-position":"center center","background-size":"auto","background-attachment":"scroll","background-type":"","background-media":"","overlay-type":"","overlay-color":"","overlay-opacity":"","overlay-gradient":""},"tablet":{"background-color":"var(--ast-global-color-5)","background-image":"","background-repeat":"repeat","background-position":"center center","background-size":"auto","background-attachment":"scroll","background-type":"","background-media":"","overlay-type":"","overlay-color":"","overlay-opacity":"","overlay-gradient":""},"mobile":{"background-color":"var(--ast-global-color-5)","background-image":"","background-repeat":"repeat","background-position":"center center","background-size":"auto","background-attachment":"scroll","background-type":"","background-media":"","overlay-type":"","overlay-color":"","overlay-opacity":"","overlay-gradient":""}},"footnotes":""},"class_list":["post-146159","page","type-page","status-publish","has-post-thumbnail","hentry"],"_links":{"self":[{"href":"https:\/\/medclinics.com\/fr\/wp-json\/wp\/v2\/pages\/146159","targetHints":{"allow":["GET"]}}],"collection":[{"href":"https:\/\/medclinics.com\/fr\/wp-json\/wp\/v2\/pages"}],"about":[{"href":"https:\/\/medclinics.com\/fr\/wp-json\/wp\/v2\/types\/page"}],"author":[{"embeddable":true,"href":"https:\/\/medclinics.com\/fr\/wp-json\/wp\/v2\/users\/4"}],"replies":[{"embeddable":true,"href":"https:\/\/medclinics.com\/fr\/wp-json\/wp\/v2\/comments?post=146159"}],"version-history":[{"count":0,"href":"https:\/\/medclinics.com\/fr\/wp-json\/wp\/v2\/pages\/146159\/revisions"}],"wp:featuredmedia":[{"embeddable":true,"href":"https:\/\/medclinics.com\/fr\/wp-json\/wp\/v2\/media\/91761"}],"wp:attachment":[{"href":"https:\/\/medclinics.com\/fr\/wp-json\/wp\/v2\/media?parent=146159"}],"curies":[{"name":"wp","href":"https:\/\/api.w.org\/{rel}","templated":true}]}}