{"id":146149,"date":"2023-05-23T07:56:45","date_gmt":"2023-05-23T04:56:45","guid":{"rendered":"https:\/\/medclinics.com\/remplacement-de-larticulation-de-lepaule\/"},"modified":"2025-01-03T01:37:36","modified_gmt":"2025-01-02T22:37:36","slug":"remplacement-de-larticulation-de-lepaule","status":"publish","type":"page","link":"https:\/\/medclinics.com\/fr\/remplacement-de-larticulation-de-lepaule\/","title":{"rendered":"Remplacement de l&rsquo;articulation de l&rsquo;\u00e9paule"},"content":{"rendered":"\n<h2 class=\"wp-block-heading\">Si vous cherchez un moyen de soulager une douleur persistante \u00e0 l&rsquo;\u00e9paule et de red\u00e9couvrir la libert\u00e9 d&rsquo;un mouvement sans douleur, l&rsquo;arthroplastie de l&rsquo;\u00e9paule peut \u00eatre la solution id\u00e9ale.<\/h2>\n\n<p>Tout comme la hanche, l&rsquo;\u00e9paule est une articulation \u00e0 rotule et est consid\u00e9r\u00e9e comme l&rsquo;articulation la plus mobile du corps humain. L&rsquo;articulation de l&rsquo;\u00e9paule nous permet <strong>de bouger nos bras dans presque toutes les directions<\/strong>. De nombreux muscles et ligaments stabilisent l&rsquo;articulation. N\u00e9anmoins, elle est plus sensible que les autres articulations. C&rsquo;est pourquoi il peut arriver que vous vous d\u00e9bo\u00eetiez l&rsquo;\u00e9paule, par exemple, lors d&rsquo;une chute.<\/p>\n\n<p><a href=\"https:\/\/en.wikipedia.org\/wiki\/Shoulder_replacement\" target=\"_blank\" rel=\"noopener\">L&rsquo;articulation<\/a> de l&rsquo;\u00e9paule se compose d&rsquo;une rotule, qui forme l&rsquo;extr\u00e9mit\u00e9 sup\u00e9rieure du bras, et d&rsquo;une cavit\u00e9 sur l&rsquo;omoplate. La cavit\u00e9 n&rsquo;\u00e9tant pas aussi profonde que celle de l&rsquo;articulation de la hanche, une grande amplitude de mouvement est possible. Les deux parties de l&rsquo;articulation sont recouvertes d&rsquo;une couche de cartilage, et le liquide synovial qui les s\u00e9pare r\u00e9duit les frottements et permet des mouvements sans douleur.<\/p>\n\n<p>Le plus souvent, une <strong>articulation artificielle de l<\/strong> &lsquo;\u00e9paule est utilis\u00e9e en raison de l&rsquo;arthrose de l&rsquo;\u00e9paule. Cela entra\u00eene une usure accrue de la couche de cartilage, qui finit par provoquer une douleur presque insupportable. Les patients sont fortement limit\u00e9s dans leurs mouvements et donc dans leur qualit\u00e9 de vie.<\/p>\n\n<p>Avant l&rsquo;intervention chirurgicale, le m\u00e9decin s&rsquo;assurera d&rsquo;abord que toutes les autres m\u00e9thodes de traitement ont \u00e9t\u00e9 \u00e9puis\u00e9es.<br\/>L&rsquo;op\u00e9ration de l&rsquo;articulation de l&rsquo;\u00e9paule dure <strong>environ une heure et demie<\/strong> et est g\u00e9n\u00e9ralement r\u00e9alis\u00e9e sous anesth\u00e9sie g\u00e9n\u00e9rale.<\/p>\n\n<figure class=\"wp-block-image size-full\"><img fetchpriority=\"high\" decoding=\"async\" width=\"960\" height=\"540\" class=\"wp-image-97283\" src=\"https:\/\/medclinics.com\/wp-content\/uploads\/2023\/07\/shoulder-joint-replacement-near-me.jpg\" alt=\"\" srcset=\"https:\/\/medclinics.com\/wp-content\/uploads\/2023\/07\/shoulder-joint-replacement-near-me.jpg 960w, https:\/\/medclinics.com\/wp-content\/uploads\/2023\/07\/shoulder-joint-replacement-near-me-500x281.jpg 500w, https:\/\/medclinics.com\/wp-content\/uploads\/2023\/07\/shoulder-joint-replacement-near-me-768x432.jpg 768w, https:\/\/medclinics.com\/wp-content\/uploads\/2023\/07\/shoulder-joint-replacement-near-me-24x14.jpg 24w, https:\/\/medclinics.com\/wp-content\/uploads\/2023\/07\/shoulder-joint-replacement-near-me-36x20.jpg 36w, https:\/\/medclinics.com\/wp-content\/uploads\/2023\/07\/shoulder-joint-replacement-near-me-48x27.jpg 48w\" sizes=\"(max-width: 960px) 100vw, 960px\" \/><\/figure>\n\n<p>Il existe <strong>diff\u00e9rents types d&rsquo;articulations artificielles pour l&rsquo;\u00e9paule<\/strong>. Il est possible de remplacer soit uniquement la cavit\u00e9 gl\u00e9no\u00efde, soit uniquement le condyle, soit les deux ensemble. Dans ce cas, on parle de proth\u00e8se totale. Ici aussi, il existe diff\u00e9rents types et mod\u00e8les, en fonction de l&rsquo;\u00e9tat individuel du patient. Votre m\u00e9decin traitant d\u00e9cidera avec vous de la m\u00e9thode et du mod\u00e8le qui vous conviennent le mieux.<\/p>\n\n<p>Lors de l&rsquo;arthroplastie de l&rsquo;\u00e9paule, le chirurgien pratique g\u00e9n\u00e9ralement une <strong>incision d&rsquo;<\/strong> environ 6 \u00e0 10 cm de long, g\u00e9n\u00e9ralement \u00e0 l&rsquo;avant de l&rsquo;\u00e9paule car il y a moins de nerfs \u00e0 cet endroit. L&rsquo;articulation est expos\u00e9e, ce qui n\u00e9cessite g\u00e9n\u00e9ralement le d\u00e9tachement d&rsquo;un muscle, qui est ensuite rattach\u00e9. L&rsquo;os et le cartilage malades sont retir\u00e9s et l&rsquo;articulation artificielle est mise en place. Apr\u00e8s un test fonctionnel pr\u00e9cis, l&rsquo;op\u00e9ration est termin\u00e9e.<\/p>\n\n<p>La dur\u00e9e de vie des articulations artificielles de l&rsquo;\u00e9paule \u00e9tait d&rsquo;environ 10 ans, mais on estime aujourd&rsquo;hui qu&rsquo;elle est d&rsquo;<strong>environ 15 ans<\/strong>. L&rsquo;hospitalisation ne dure que <strong>quelques jours<\/strong> et le bras op\u00e9r\u00e9 doit d&rsquo;abord \u00eatre immobilis\u00e9 pour \u00e9viter toute douleur excessive.<\/p>\n\n<p>La phase de r\u00e9adaptation se d\u00e9roule en ambulatoire et dure environ trois semaines. L&rsquo;objectif est que les patients puissent \u00e0 nouveau accomplir les activit\u00e9s de la vie quotidienne de mani\u00e8re autonome et sans douleur. Il s&rsquo;agit notamment de s&rsquo;habiller, de se brosser les dents, de se raser, de se peigner, de cuisiner et de manger.<\/p>\n\n<p>Apr\u00e8s la mise en place d&rsquo;une articulation artificielle de l&rsquo;\u00e9paule, les sports pr\u00e9sentant un risque de chute ou de nombreux mouvements saccad\u00e9s, tels que le tennis, le football et la plupart des sports de balle, doivent \u00eatre \u00e9vit\u00e9s. La natation, le jogging, la randonn\u00e9e ou la danse, pour n&rsquo;en citer que quelques-uns, vous conviennent mieux.<\/p>\n\n<p>L&rsquo;arthroplastie de l&rsquo;\u00e9paule est aujourd&rsquo;hui consid\u00e9r\u00e9e comme une <strong>proc\u00e9dure standard<\/strong>. En Allemagne, environ 60 000 articulations artificielles d&rsquo;\u00e9paule sont implant\u00e9es chaque ann\u00e9e.<\/p>\n\n<h3 class=\"wp-block-heading\">Tout ce que vous devez savoir sur les <a href=\"https:\/\/medclinics.com\/orthopedic-treatments-fight-against-immobility\/\" target=\"_blank\" rel=\"noreferrer noopener\">traitements orthop\u00e9diques<\/a>, y compris le prix, les soins et le processus de gu\u00e9rison, ou <a href=\"#requestform\">contactez-nous<\/a>!<\/h3>\n\n<figure class=\"wp-block-image size-full\"><img decoding=\"async\" width=\"960\" height=\"540\" class=\"wp-image-97291\" src=\"https:\/\/medclinics.com\/wp-content\/uploads\/2023\/07\/shoulder-joint-replacement-near-me-istanbul.jpg\" alt=\"Remplacement de l'articulation de l'&#xE9;paule pr&#xE8;s de chez moi Istanbul\" srcset=\"https:\/\/medclinics.com\/wp-content\/uploads\/2023\/07\/shoulder-joint-replacement-near-me-istanbul.jpg 960w, https:\/\/medclinics.com\/wp-content\/uploads\/2023\/07\/shoulder-joint-replacement-near-me-istanbul-500x281.jpg 500w, https:\/\/medclinics.com\/wp-content\/uploads\/2023\/07\/shoulder-joint-replacement-near-me-istanbul-768x432.jpg 768w, https:\/\/medclinics.com\/wp-content\/uploads\/2023\/07\/shoulder-joint-replacement-near-me-istanbul-24x14.jpg 24w, https:\/\/medclinics.com\/wp-content\/uploads\/2023\/07\/shoulder-joint-replacement-near-me-istanbul-36x20.jpg 36w, https:\/\/medclinics.com\/wp-content\/uploads\/2023\/07\/shoulder-joint-replacement-near-me-istanbul-48x27.jpg 48w\" sizes=\"(max-width: 960px) 100vw, 960px\" \/><\/figure>\n\n<h2 class=\"wp-block-heading\">FAQ<\/h2>\n<div id=\"rank-math-faq\" class=\"rank-math-block\">\n<div class=\"rank-math-list \">\n<div id=\"faq-question-1684828491801\" class=\"rank-math-list-item\">\n<h3 class=\"rank-math-question \">Qu&rsquo;est-ce que l&rsquo;arthroplastie de l&rsquo;\u00e9paule ?<\/h3>\n<div class=\"rank-math-answer \">\n\n<p>Le remplacement de l&rsquo;articulation de l&rsquo;\u00e9paule, \u00e9galement connu sous le nom d&rsquo;arthroplastie de l&rsquo;\u00e9paule, est une proc\u00e9dure chirurgicale qui consiste \u00e0 remplacer les parties endommag\u00e9es ou malades de l&rsquo;articulation de l&rsquo;\u00e9paule par des composants artificiels. Elle est pratiqu\u00e9e pour soulager la douleur, augmenter la mobilit\u00e9 et restaurer la fonction chez les personnes souffrant de pathologies telles que l&rsquo;arthrite s\u00e9v\u00e8re, l&rsquo;arthropathie avec rupture de la coiffe des rotateurs ou les fractures qui causent des dommages irr\u00e9versibles \u00e0 l&rsquo;articulation de l&rsquo;\u00e9paule.<\/p>\n\n<\/div>\n<\/div>\n<div id=\"faq-question-1684828322117\" class=\"rank-math-list-item\">\n<h3 class=\"rank-math-question \">Quels sont les signes d&rsquo;une arthroplastie de l&rsquo;\u00e9paule ?<\/h3>\n<div class=\"rank-math-answer \">\n\n<p>Les signes qui peuvent indiquer la n\u00e9cessit\u00e9 d&rsquo;un remplacement de l&rsquo;\u00e9paule, connu sous le nom d&rsquo;arthroplastie de l&rsquo;\u00e9paule, comprennent une douleur persistante et s\u00e9v\u00e8re \u00e0 l&rsquo;\u00e9paule qui ne r\u00e9pond pas aux traitements conservateurs, tels que le repos ou les m\u00e9dicaments. Une amplitude de mouvement limit\u00e9e et des difficult\u00e9s \u00e0 accomplir les activit\u00e9s quotidiennes en raison de douleurs et de raideurs \u00e0 l&rsquo;\u00e9paule sont des indicateurs courants. Des pathologies telles que l&rsquo;arthrose ou la polyarthrite rhumato\u00efde affectant l&rsquo;articulation de l&rsquo;\u00e9paule et entra\u00eenant des douleurs, des inflammations et des limitations fonctionnelles peuvent n\u00e9cessiter une arthroplastie de l&rsquo;\u00e9paule. L&rsquo;arthropathie de la rupture de la coiffe des rotateurs, caract\u00e9ris\u00e9e par une rupture irr\u00e9m\u00e9diable de la coiffe des rotateurs et une d\u00e9g\u00e9n\u00e9rescence ult\u00e9rieure de l&rsquo;articulation, peut \u00e9galement \u00eatre un signe de remplacement de l&rsquo;\u00e9paule. Si les traitements pr\u00e9c\u00e9dents n&rsquo;ont pas permis de soulager suffisamment la douleur ou d&rsquo;am\u00e9liorer les fonctions, une arthroplastie de l&rsquo;\u00e9paule peut \u00eatre envisag\u00e9e. Il est essentiel de consulter un sp\u00e9cialiste en orthop\u00e9die pour obtenir une \u00e9valuation compl\u00e8te, y compris une imagerie m\u00e9dicale, afin de d\u00e9terminer la pertinence d&rsquo;une arthroplastie de l&rsquo;\u00e9paule en fonction de vos sympt\u00f4mes sp\u00e9cifiques, de vos ant\u00e9c\u00e9dents m\u00e9dicaux et de votre \u00e9tat de sant\u00e9 g\u00e9n\u00e9ral.<\/p>\n\n<\/div>\n<\/div>\n<div id=\"faq-question-1684828342214\" class=\"rank-math-list-item\">\n<h3 class=\"rank-math-question \">L&rsquo;articulation de l&rsquo;\u00e9paule peut-elle \u00eatre remplac\u00e9e ?<\/h3>\n<div class=\"rank-math-answer \">\n\n<p>Oui, le remplacement de l&rsquo;articulation de l&rsquo;\u00e9paule, \u00e9galement connu sous le nom d&rsquo;arthroplastie de l&rsquo;\u00e9paule, est une proc\u00e9dure chirurgicale qui consiste \u00e0 remplacer une articulation de l&rsquo;\u00e9paule endommag\u00e9e ou malade par une articulation artificielle ou une proth\u00e8se. L&rsquo;intervention consiste \u00e0 retirer les parties endommag\u00e9es de l&rsquo;articulation de l&rsquo;\u00e9paule, notamment la boule (t\u00eate de l&rsquo;os du bras sup\u00e9rieur ou hum\u00e9rus) et la cavit\u00e9 (gl\u00e8ne), et \u00e0 les remplacer par des composants artificiels en m\u00e9tal, en plastique ou une combinaison des deux.<\/p>\n\n<\/div>\n<\/div>\n<div id=\"faq-question-1684828410835\" class=\"rank-math-list-item\">\n<h3 class=\"rank-math-question \">Quel est le degr\u00e9 de r\u00e9ussite d&rsquo;une arthroplastie de l&rsquo;\u00e9paule ?<\/h3>\n<div class=\"rank-math-answer \">\n\n<p>En g\u00e9n\u00e9ral, l&rsquo;arthroplastie de l&rsquo;\u00e9paule pr\u00e9sente un taux de r\u00e9ussite \u00e9lev\u00e9 en termes de soulagement de la douleur et d&rsquo;am\u00e9lioration fonctionnelle. Des \u00e9tudes ont montr\u00e9 que la majorit\u00e9 des patients b\u00e9n\u00e9ficient d&rsquo;une r\u00e9duction significative de la douleur et d&rsquo;une am\u00e9lioration de la fonction de l&rsquo;\u00e9paule apr\u00e8s l&rsquo;intervention. Selon la recherche et les donn\u00e9es cliniques, les taux de r\u00e9ussite de l&rsquo;arthroplastie de l&rsquo;\u00e9paule se situent entre 80 et 95 % en termes de soulagement de la douleur et de satisfaction du patient. Les facteurs qui peuvent influencer le succ\u00e8s de l&rsquo;arthroplastie de l&rsquo;\u00e9paule comprennent la s\u00e9lection correcte du patient, le respect de la r\u00e9\u00e9ducation et de la th\u00e9rapie postop\u00e9ratoires, ainsi que les comp\u00e9tences et l&rsquo;exp\u00e9rience du chirurgien qui r\u00e9alise l&rsquo;intervention. Il est important que les patients suivent les recommandations de leur chirurgien en mati\u00e8re de soins postop\u00e9ratoires et de r\u00e9\u00e9ducation afin d&rsquo;optimiser les chances de r\u00e9ussite.<\/p>\n\n<\/div>\n<\/div>\n<\/div>\n<\/div>\n<p>\u00a0<\/p>\n\n<h3 class=\"wp-block-heading\">Contactez-nous d\u00e8s maintenant si vous avez des questions !<\/h3>\n","protected":false},"excerpt":{"rendered":"<p>Si vous cherchez un moyen de soulager une douleur persistante \u00e0 l&rsquo;\u00e9paule et de red\u00e9couvrir la libert\u00e9 d&rsquo;un mouvement sans [&hellip;]<\/p>\n","protected":false},"author":4,"featured_media":91731,"parent":0,"menu_order":0,"comment_status":"closed","ping_status":"closed","template":"","meta":{"site-sidebar-layout":"default","site-content-layout":"","ast-site-content-layout":"default","site-content-style":"default","site-sidebar-style":"default","ast-global-header-display":"","ast-banner-title-visibility":"","ast-main-header-display":"","ast-hfb-above-header-display":"","ast-hfb-below-header-display":"","ast-hfb-mobile-header-display":"","site-post-title":"","ast-breadcrumbs-content":"","ast-featured-img":"","footer-sml-layout":"","ast-disable-related-posts":"","theme-transparent-header-meta":"","adv-header-id-meta":"","stick-header-meta":"","header-above-stick-meta":"","header-main-stick-meta":"","header-below-stick-meta":"","astra-migrate-meta-layouts":"default","ast-page-background-enabled":"default","ast-page-background-meta":{"desktop":{"background-color":"var(--ast-global-color-4)","background-image":"","background-repeat":"repeat","background-position":"center center","background-size":"auto","background-attachment":"scroll","background-type":"","background-media":"","overlay-type":"","overlay-color":"","overlay-opacity":"","overlay-gradient":""},"tablet":{"background-color":"","background-image":"","background-repeat":"repeat","background-position":"center center","background-size":"auto","background-attachment":"scroll","background-type":"","background-media":"","overlay-type":"","overlay-color":"","overlay-opacity":"","overlay-gradient":""},"mobile":{"background-color":"","background-image":"","background-repeat":"repeat","background-position":"center center","background-size":"auto","background-attachment":"scroll","background-type":"","background-media":"","overlay-type":"","overlay-color":"","overlay-opacity":"","overlay-gradient":""}},"ast-content-background-meta":{"desktop":{"background-color":"var(--ast-global-color-5)","background-image":"","background-repeat":"repeat","background-position":"center center","background-size":"auto","background-attachment":"scroll","background-type":"","background-media":"","overlay-type":"","overlay-color":"","overlay-opacity":"","overlay-gradient":""},"tablet":{"background-color":"var(--ast-global-color-5)","background-image":"","background-repeat":"repeat","background-position":"center center","background-size":"auto","background-attachment":"scroll","background-type":"","background-media":"","overlay-type":"","overlay-color":"","overlay-opacity":"","overlay-gradient":""},"mobile":{"background-color":"var(--ast-global-color-5)","background-image":"","background-repeat":"repeat","background-position":"center center","background-size":"auto","background-attachment":"scroll","background-type":"","background-media":"","overlay-type":"","overlay-color":"","overlay-opacity":"","overlay-gradient":""}},"footnotes":""},"class_list":["post-146149","page","type-page","status-publish","has-post-thumbnail","hentry"],"_links":{"self":[{"href":"https:\/\/medclinics.com\/fr\/wp-json\/wp\/v2\/pages\/146149","targetHints":{"allow":["GET"]}}],"collection":[{"href":"https:\/\/medclinics.com\/fr\/wp-json\/wp\/v2\/pages"}],"about":[{"href":"https:\/\/medclinics.com\/fr\/wp-json\/wp\/v2\/types\/page"}],"author":[{"embeddable":true,"href":"https:\/\/medclinics.com\/fr\/wp-json\/wp\/v2\/users\/4"}],"replies":[{"embeddable":true,"href":"https:\/\/medclinics.com\/fr\/wp-json\/wp\/v2\/comments?post=146149"}],"version-history":[{"count":0,"href":"https:\/\/medclinics.com\/fr\/wp-json\/wp\/v2\/pages\/146149\/revisions"}],"wp:featuredmedia":[{"embeddable":true,"href":"https:\/\/medclinics.com\/fr\/wp-json\/wp\/v2\/media\/91731"}],"wp:attachment":[{"href":"https:\/\/medclinics.com\/fr\/wp-json\/wp\/v2\/media?parent=146149"}],"curies":[{"name":"wp","href":"https:\/\/api.w.org\/{rel}","templated":true}]}}