{"id":146139,"date":"2023-05-23T07:41:48","date_gmt":"2023-05-23T04:41:48","guid":{"rendered":"https:\/\/medclinics.com\/remplacement-de-larticulation-de-la-hanche\/"},"modified":"2025-01-02T16:17:26","modified_gmt":"2025-01-02T13:17:26","slug":"remplacement-de-larticulation-de-la-hanche","status":"publish","type":"page","link":"https:\/\/medclinics.com\/fr\/remplacement-de-larticulation-de-la-hanche\/","title":{"rendered":"Remplacement de l&rsquo;articulation de la hanche"},"content":{"rendered":"\n<h2 class=\"wp-block-heading\">Si vous \u00eates \u00e0 la recherche d&rsquo;une solution pour soulager vos douleurs constantes \u00e0 la hanche et red\u00e9couvrir la joie d&rsquo;un mouvement sans restriction, ne cherchez pas plus loin que l&rsquo;arthroplastie de la hanche.<\/h2>\n\n<p>La hanche est une articulation dite \u00ab\u00a0\u00e0 rotule\u00a0\u00bb et l&rsquo;<strong>une des plus grandes articulations du corps humain<\/strong>. Il a pour t\u00e2che de transf\u00e9rer le poids du corps de mani\u00e8re \u00e9gale sur les jambes et de stabiliser en m\u00eame temps le haut du corps. Comme il s&rsquo;agit d&rsquo;une articulation \u00e0 rotule, des mouvements dans diff\u00e9rentes directions sont possibles.<\/p>\n\n<p>L&rsquo;articulation de la hanche se compose de l&rsquo;ac\u00e9tabulum, qui fait partie de l&rsquo;os du bassin, et de la t\u00eate f\u00e9morale, qui forme l&rsquo;extr\u00e9mit\u00e9 sup\u00e9rieure de l&rsquo;os de la cuisse. L&rsquo;ac\u00e9tabulum et la t\u00eate f\u00e9morale sont tous deux recouverts d&rsquo;une couche de cartilage. Entre eux se trouve le liquide synovial qui glisse et r\u00e9duit les frottements.<\/p>\n\n<p>L&rsquo;<strong>arthrose<\/strong> est consid\u00e9r\u00e9e comme l&rsquo;une des maladies les plus courantes de la hanche. Au cours de ce processus, la couche de cartilage s&rsquo;use et des douleurs apparaissent lors des mouvements. L&rsquo;arthrose de la hanche survient g\u00e9n\u00e9ralement entre 50 et 60 ans, mais elle peut aussi se manifester \u00e0 un \u00e2ge plus jeune. Les causes varient, mais les sports comportant de nombreux mouvements de va-et-vient, les maladies rhumatismales, les pr\u00e9dispositions h\u00e9r\u00e9ditaires ou les maladies m\u00e9taboliques sont des facteurs d\u00e9clenchants de l&rsquo;arthrose de la hanche.<\/p>\n\n<p>En fonction de la situation individuelle ou de la sensibilit\u00e9 \u00e0 la douleur, ainsi que des restrictions dans la vie quotidienne, une <strong>articulation artificielle de la hanche<\/strong> peut \u00eatre envisag\u00e9e. Le m\u00e9decin s&rsquo;assurera d&rsquo;abord que toutes les m\u00e9thodes de traitement classiques ont \u00e9t\u00e9 \u00e9puis\u00e9es avant de proc\u00e9der \u00e0 une intervention chirurgicale orthop\u00e9dique.<\/p>\n\n<figure class=\"wp-block-image size-full\"><img fetchpriority=\"high\" decoding=\"async\" width=\"960\" height=\"540\" class=\"wp-image-97299\" src=\"https:\/\/medclinics.com\/wp-content\/uploads\/2023\/07\/hip-joint-replacement-near-me.jpg\" alt=\"Remplacement de l'articulation de la hanche pr&#xE8;s de chez moi\" srcset=\"https:\/\/medclinics.com\/wp-content\/uploads\/2023\/07\/hip-joint-replacement-near-me.jpg 960w, https:\/\/medclinics.com\/wp-content\/uploads\/2023\/07\/hip-joint-replacement-near-me-500x281.jpg 500w, https:\/\/medclinics.com\/wp-content\/uploads\/2023\/07\/hip-joint-replacement-near-me-768x432.jpg 768w, https:\/\/medclinics.com\/wp-content\/uploads\/2023\/07\/hip-joint-replacement-near-me-24x14.jpg 24w, https:\/\/medclinics.com\/wp-content\/uploads\/2023\/07\/hip-joint-replacement-near-me-36x20.jpg 36w, https:\/\/medclinics.com\/wp-content\/uploads\/2023\/07\/hip-joint-replacement-near-me-48x27.jpg 48w\" sizes=\"(max-width: 960px) 100vw, 960px\" \/><\/figure>\n\n<p>L&rsquo;op\u00e9ration de la hanche, qui dure environ <strong>une heure et demie<\/strong>, peut \u00eatre r\u00e9alis\u00e9e sous anesth\u00e9sie g\u00e9n\u00e9rale ou rachidienne. Vous d\u00e9ciderez avec votre m\u00e9decin de ce qui vous convient le mieux.<\/p>\n\n<p>On distingue la <strong>chirurgie classique de la hanche<\/strong>, qui consiste en une incision d&rsquo;environ 15 cm dans la cuisse. Dans ce cas, les muscles sont \u00e9galement coup\u00e9s, puis recousus. Cela prolonge la p\u00e9riode de r\u00e9adaptation du patient.<\/p>\n\n<p>Dans la <strong>m\u00e9thode chirurgicale mini-invasive<\/strong>, l&rsquo;incision est beaucoup plus petite et aucun muscle n&rsquo;est coup\u00e9, il est seulement pouss\u00e9 sur le c\u00f4t\u00e9. Cette proc\u00e9dure n\u00e9cessite des instruments sp\u00e9ciaux et une grande exp\u00e9rience du chirurgien.<\/p>\n\n<p>Dans les deux cas, l&rsquo;op\u00e9ration consiste \u00e0 retirer les os endommag\u00e9s et \u00e0 remplacer la t\u00eate f\u00e9morale et l&rsquo;ac\u00e9tabulum par des os artificiels. Apr\u00e8s avoir test\u00e9 le fonctionnement de la nouvelle articulation de la hanche, l&rsquo;op\u00e9ration est termin\u00e9e.<\/p>\n\n<p>La dur\u00e9e de vie d&rsquo;une articulation artificielle de la hanche est d&rsquo;<strong>environ 15 \u00e0 20 ans<\/strong>. Souvent, la proth\u00e8se se desserre et ne tient plus fermement dans l&rsquo;os. Cela se manifeste par la douleur. Dans ce cas, l&rsquo;articulation artificielle de la hanche doit \u00eatre remplac\u00e9e.<\/p>\n\n<p>Apr\u00e8s <strong>quelques jours d&rsquo;hospitalisation<\/strong>, les patients sortent de l&rsquo;h\u00f4pital. Commence alors la phase de r\u00e9\u00e9ducation, qui dure environ 3 \u00e0 5 semaines. Le syst\u00e8me musculo-squelettique est renforc\u00e9 par le d\u00e9veloppement des muscles et le patient r\u00e9apprend \u00e0 marcher sans b\u00e9quilles. Dans la plupart des cas, une physioth\u00e9rapie est ensuite prescrite pour compl\u00e9ter le traitement.<\/p>\n\n<p>Apr\u00e8s environ 2 \u00e0 3 mois, vous pouvez <strong>reprendre le travail<\/strong>, en vous concentrant sur des activit\u00e9s physiques l\u00e9g\u00e8res ou s\u00e9dentaires. Il a \u00e9t\u00e9 d\u00e9montr\u00e9 que le fait de se tenir debout ou de marcher r\u00e9guli\u00e8rement sur des \u00e9chafaudages et des \u00e9chelles n&rsquo;est pas favorable \u00e0 une articulation artificielle de la hanche.<br\/>En Allemagne, environ 200 000 <a href=\"https:\/\/en.wikipedia.org\/wiki\/Hip_replacement\" target=\"_blank\" rel=\"noopener\">articulations artificielles de la hanche<\/a> sont implant\u00e9es chaque ann\u00e9e. Environ trois quarts des patients subissent une intervention chirurgicale en raison de l&rsquo;arthrose.<\/p>\n\n<h3 class=\"wp-block-heading\">Tout ce que vous devez savoir sur les <a href=\"https:\/\/medclinics.com\/orthopedic-treatments-fight-against-immobility\/\" target=\"_blank\" rel=\"noreferrer noopener\">traitements orthop\u00e9diques<\/a>, y compris les soins, le processus de gu\u00e9rison et les prix, ou <a href=\"#requestform\">contactez-nous<\/a>!<\/h3>\n\n<figure class=\"wp-block-image size-full\"><img decoding=\"async\" width=\"960\" height=\"540\" class=\"wp-image-97307\" src=\"https:\/\/medclinics.com\/wp-content\/uploads\/2023\/07\/hip-joint-replacement-near-me-istanbul.jpg\" alt=\"Remplacement de l'articulation de la hanche pr&#xE8;s de chez moi Istanbul\" srcset=\"https:\/\/medclinics.com\/wp-content\/uploads\/2023\/07\/hip-joint-replacement-near-me-istanbul.jpg 960w, https:\/\/medclinics.com\/wp-content\/uploads\/2023\/07\/hip-joint-replacement-near-me-istanbul-500x281.jpg 500w, https:\/\/medclinics.com\/wp-content\/uploads\/2023\/07\/hip-joint-replacement-near-me-istanbul-768x432.jpg 768w, https:\/\/medclinics.com\/wp-content\/uploads\/2023\/07\/hip-joint-replacement-near-me-istanbul-24x14.jpg 24w, https:\/\/medclinics.com\/wp-content\/uploads\/2023\/07\/hip-joint-replacement-near-me-istanbul-36x20.jpg 36w, https:\/\/medclinics.com\/wp-content\/uploads\/2023\/07\/hip-joint-replacement-near-me-istanbul-48x27.jpg 48w\" sizes=\"(max-width: 960px) 100vw, 960px\" \/><\/figure>\n\n<h2 class=\"wp-block-heading\">FAQ<\/h2>\n<div id=\"rank-math-faq\" class=\"rank-math-block\">\n<div class=\"rank-math-list \">\n<div id=\"faq-question-1684827477673\" class=\"rank-math-list-item\">\n<h3 class=\"rank-math-question \">Qu&rsquo;est-ce qu&rsquo;une proth\u00e8se de hanche ?<\/h3>\n<div class=\"rank-math-answer \">\n\n<p>L&rsquo;arthroplastie de la hanche est une intervention chirurgicale qui consiste \u00e0 remplacer une articulation de la hanche endommag\u00e9e ou malade par une articulation artificielle afin de soulager la douleur, d&rsquo;am\u00e9liorer la mobilit\u00e9 et la qualit\u00e9 de vie en g\u00e9n\u00e9ral.<\/p>\n\n<\/div>\n<\/div>\n<div id=\"faq-question-1682666956133\" class=\"rank-math-list-item\">\n<h3 class=\"rank-math-question \">Quelle est la meilleure proth\u00e8se de hanche ?<\/h3>\n<div class=\"rank-math-answer \">\n\n<p>Le choix de la meilleure technique de remplacement de la hanche est g\u00e9n\u00e9ralement d\u00e9termin\u00e9 par le chirurgien en fonction de son exp\u00e9rience, des facteurs propres au patient et des objectifs de l&rsquo;op\u00e9ration. Chaque approche a ses avantages et ses inconv\u00e9nients. Par exemple, l&rsquo;approche ant\u00e9rieure peut offrir des avantages potentiels tels qu&rsquo;une r\u00e9cup\u00e9ration plus rapide et une r\u00e9duction des l\u00e9sions musculaires, alors que l&rsquo;approche post\u00e9rieure est une technique plus largement utilis\u00e9e et \u00e9tablie.<\/p>\n\n<\/div>\n<\/div>\n<div id=\"faq-question-1684827552969\" class=\"rank-math-list-item\">\n<h3 class=\"rank-math-question \">Comment se fait le remplacement de la hanche ?<\/h3>\n<div class=\"rank-math-answer \">\n\n<p>La chirurgie de remplacement de la hanche, \u00e9galement connue sous le nom d&rsquo;arthroplastie de la hanche, est une intervention pratiqu\u00e9e par un chirurgien orthop\u00e9dique pour remplacer une articulation de la hanche endommag\u00e9e ou malade par une articulation artificielle. L&rsquo;intervention chirurgicale commence par l&rsquo;administration d&rsquo;une anesth\u00e9sie afin d&rsquo;assurer le confort du patient pendant toute la dur\u00e9e de l&rsquo;intervention. Une incision est pratiqu\u00e9e sur le c\u00f4t\u00e9 ou \u00e0 l&rsquo;arri\u00e8re de la hanche, ce qui permet d&rsquo;acc\u00e9der \u00e0 l&rsquo;articulation de la hanche. Le chirurgien retire soigneusement l&rsquo;os et le cartilage endommag\u00e9s, y compris la t\u00eate f\u00e9morale et la cavit\u00e9 endommag\u00e9e. Ensuite, les composants de l&rsquo;articulation artificielle sont mis en place, ce qui comprend g\u00e9n\u00e9ralement une cavit\u00e9 proth\u00e9tique et une tige m\u00e9tallique avec un composant en forme de boule. L&rsquo;incision est referm\u00e9e \u00e0 l&rsquo;aide de sutures ou d&rsquo;agrafes, et des tubes de drainage peuvent \u00eatre ins\u00e9r\u00e9s. Apr\u00e8s l&rsquo;op\u00e9ration, le patient passe une p\u00e9riode de convalescence \u00e0 l&rsquo;h\u00f4pital et suit des s\u00e9ances de kin\u00e9sith\u00e9rapie et de r\u00e9\u00e9ducation pour faciliter sa gu\u00e9rison, retrouver sa force et am\u00e9liorer sa mobilit\u00e9. Bien qu&rsquo;il existe des techniques et des variantes sp\u00e9cifiques, la chirurgie de remplacement de la hanche vise \u00e0 soulager la douleur, \u00e0 am\u00e9liorer la fonction de l&rsquo;articulation de la hanche et \u00e0 am\u00e9liorer la qualit\u00e9 de vie globale du patient. La consultation d&rsquo;un chirurgien orthop\u00e9dique permettra de mieux comprendre l&rsquo;intervention et ses particularit\u00e9s.<\/p>\n\n<\/div>\n<\/div>\n<\/div>\n<\/div>\n<p>\u00a0<\/p>\n\n<h3 class=\"wp-block-heading\">Contactez-nous d\u00e8s maintenant si vous avez des questions !<\/h3>\n","protected":false},"excerpt":{"rendered":"<p>Si vous \u00eates \u00e0 la recherche d&rsquo;une solution pour soulager vos douleurs constantes \u00e0 la hanche et red\u00e9couvrir la joie [&hellip;]<\/p>\n","protected":false},"author":4,"featured_media":91582,"parent":0,"menu_order":0,"comment_status":"closed","ping_status":"closed","template":"","meta":{"site-sidebar-layout":"default","site-content-layout":"","ast-site-content-layout":"default","site-content-style":"default","site-sidebar-style":"default","ast-global-header-display":"","ast-banner-title-visibility":"","ast-main-header-display":"","ast-hfb-above-header-display":"","ast-hfb-below-header-display":"","ast-hfb-mobile-header-display":"","site-post-title":"","ast-breadcrumbs-content":"","ast-featured-img":"","footer-sml-layout":"","ast-disable-related-posts":"","theme-transparent-header-meta":"","adv-header-id-meta":"","stick-header-meta":"","header-above-stick-meta":"","header-main-stick-meta":"","header-below-stick-meta":"","astra-migrate-meta-layouts":"default","ast-page-background-enabled":"default","ast-page-background-meta":{"desktop":{"background-color":"var(--ast-global-color-4)","background-image":"","background-repeat":"repeat","background-position":"center center","background-size":"auto","background-attachment":"scroll","background-type":"","background-media":"","overlay-type":"","overlay-color":"","overlay-opacity":"","overlay-gradient":""},"tablet":{"background-color":"","background-image":"","background-repeat":"repeat","background-position":"center center","background-size":"auto","background-attachment":"scroll","background-type":"","background-media":"","overlay-type":"","overlay-color":"","overlay-opacity":"","overlay-gradient":""},"mobile":{"background-color":"","background-image":"","background-repeat":"repeat","background-position":"center center","background-size":"auto","background-attachment":"scroll","background-type":"","background-media":"","overlay-type":"","overlay-color":"","overlay-opacity":"","overlay-gradient":""}},"ast-content-background-meta":{"desktop":{"background-color":"var(--ast-global-color-5)","background-image":"","background-repeat":"repeat","background-position":"center center","background-size":"auto","background-attachment":"scroll","background-type":"","background-media":"","overlay-type":"","overlay-color":"","overlay-opacity":"","overlay-gradient":""},"tablet":{"background-color":"var(--ast-global-color-5)","background-image":"","background-repeat":"repeat","background-position":"center center","background-size":"auto","background-attachment":"scroll","background-type":"","background-media":"","overlay-type":"","overlay-color":"","overlay-opacity":"","overlay-gradient":""},"mobile":{"background-color":"var(--ast-global-color-5)","background-image":"","background-repeat":"repeat","background-position":"center center","background-size":"auto","background-attachment":"scroll","background-type":"","background-media":"","overlay-type":"","overlay-color":"","overlay-opacity":"","overlay-gradient":""}},"footnotes":""},"class_list":["post-146139","page","type-page","status-publish","has-post-thumbnail","hentry"],"_links":{"self":[{"href":"https:\/\/medclinics.com\/fr\/wp-json\/wp\/v2\/pages\/146139","targetHints":{"allow":["GET"]}}],"collection":[{"href":"https:\/\/medclinics.com\/fr\/wp-json\/wp\/v2\/pages"}],"about":[{"href":"https:\/\/medclinics.com\/fr\/wp-json\/wp\/v2\/types\/page"}],"author":[{"embeddable":true,"href":"https:\/\/medclinics.com\/fr\/wp-json\/wp\/v2\/users\/4"}],"replies":[{"embeddable":true,"href":"https:\/\/medclinics.com\/fr\/wp-json\/wp\/v2\/comments?post=146139"}],"version-history":[{"count":0,"href":"https:\/\/medclinics.com\/fr\/wp-json\/wp\/v2\/pages\/146139\/revisions"}],"wp:featuredmedia":[{"embeddable":true,"href":"https:\/\/medclinics.com\/fr\/wp-json\/wp\/v2\/media\/91582"}],"wp:attachment":[{"href":"https:\/\/medclinics.com\/fr\/wp-json\/wp\/v2\/media?parent=146139"}],"curies":[{"name":"wp","href":"https:\/\/api.w.org\/{rel}","templated":true}]}}