{"id":146089,"date":"2023-05-21T19:51:42","date_gmt":"2023-05-21T19:51:42","guid":{"rendered":"https:\/\/medclinics.com\/fiv-fecondation-in-vitro-2\/"},"modified":"2024-04-01T15:18:37","modified_gmt":"2024-04-01T12:18:37","slug":"fiv-fecondation-in-vitro-2","status":"publish","type":"page","link":"https:\/\/medclinics.com\/fr\/fiv-fecondation-in-vitro-2\/","title":{"rendered":"FIV &#8211; F\u00e9condation in vitro Longtemps"},"content":{"rendered":"\n<p>La FIV est une m\u00e9thode qui consiste \u00e0 induire artificiellement une grossesse lorsque celle-ci n&rsquo;a pas \u00e9t\u00e9 obtenue par des moyens naturels.<\/p>\n\n<div class=\"wp-block-rank-math-toc-block\" id=\"rank-math-toc\"><h2>Table des mati\u00e8res<\/h2><nav><ul><li><a href=\"#so-what-is\">Qu&rsquo;est-ce que c&rsquo;est ?<\/a><\/li><li><a href=\"#types-and-methods\">Types et m\u00e9thodes<\/a><\/li><li><a href=\"#treatment-plan\">Plan de traitement<\/a><\/li><li><a href=\"#good-to-know-before-ivf-treatment-in-turkey\">Ce qu&rsquo;il faut savoir avant un traitement de FIV en Turquie<\/a><\/li><li><a href=\"#aftercare\">Postcure<\/a><\/li><li><a href=\"#top-ivf-treatment-costs-by-country\">Co\u00fbts les plus \u00e9lev\u00e9s des traitements de FIV par pays<\/a><\/li><li><a href=\"#faq\">FAQ<\/a><\/li><li><a href=\"#history\">L&rsquo;histoire<\/a><\/li><\/ul><\/nav><\/div>\n\n<h2 class=\"wp-block-heading\" id=\"so-what-is\">Qu&rsquo;est-ce que c&rsquo;est ?<\/h2>\n\n<ul class=\"wp-block-list\">\n<li>La <a href=\"https:\/\/medclinics.com\/ivf-in-vitro-fertilisation\/\" target=\"_blank\" rel=\"noreferrer noopener\">FIV ou ins\u00e9mination artificielle<\/a> est utilis\u00e9e pour obtenir une grossesse en laboratoire. La technologie la plus moderne est n\u00e9cessaire pour ce processus.<\/li>\n\n\n\n<li>La Turquie est l&rsquo;un des pays les plus recherch\u00e9s dans le domaine de la FIV.<\/li>\n\n\n\n<li>Le transfert de g\u00e8nes par voie intratubaire, quant \u00e0 lui, consiste \u00e0 utiliser une assistance technique pour faciliter la f\u00e9condation \u00e0 l&rsquo;int\u00e9rieur du corps de la femme.<\/li>\n\n\n\n<li>En fonction de facteurs m\u00e9dicaux, les couples peuvent utiliser soit leur propre sperme et leurs propres ovules, soit du mat\u00e9riel provenant d&rsquo;un donneur pour parvenir \u00e0 une grossesse.<\/li>\n\n\n\n<li>Veuillez noter qu&rsquo;en Turquie, le don d&rsquo;ovules, de sperme et d&#8217;embryons n&rsquo;est pas autoris\u00e9 par la loi. Seuls les couples mari\u00e9s seront accept\u00e9s pour ces traitements<\/li>\n<\/ul>\n\n<h2 class=\"wp-block-heading\" id=\"types-and-methods\">Types et m\u00e9thodes<\/h2>\n\n<p>Il existe plusieurs types de f\u00e9condation in vitro :<\/p>\n\n<ul class=\"wp-block-list\">\n<li><a href=\"https:\/\/medclinics.com\/fr\/insemination-2\/\" target=\"_blank\" rel=\"noreferrer noopener\">Ins\u00e9mination<\/a><\/li>\n\n\n\n<li><a href=\"https:\/\/medclinics.com\/fr\/fiv\/\" target=\"_blank\" rel=\"noreferrer noopener\">FIV<\/a><\/li>\n\n\n\n<li><a href=\"https:\/\/medclinics.com\/fr\/injection-intracytoplasmique-de-spermatozoides-icsi\/\" target=\"_blank\" rel=\"noreferrer noopener\">Injection intracytoplasmique de spermatozo\u00efdes (ICSI)<\/a><\/li>\n\n\n\n<li><a href=\"https:\/\/medclinics.com\/fr\/transfert-intratubaire-de-gametes-gift\/\" target=\"_blank\" rel=\"noreferrer noopener\">Transfert intratubaire de gam\u00e8tes (GIFT)<\/a><\/li>\n<\/ul>\n\n<h2 class=\"wp-block-heading\" id=\"treatment-plan\">Plan de traitement<\/h2>\n\n<p>La <a href=\"https:\/\/en.wikipedia.org\/wiki\/In_vitro_fertilisation\" target=\"_blank\" rel=\"noreferrer noopener\">f\u00e9condation in vitro<\/a> est un traitement complet qui n\u00e9cessite de la pr\u00e9paration et de la patience.<\/p>\n\n<p>Le plan de traitement est tr\u00e8s individuel et sera \u00e9labor\u00e9 sp\u00e9cifiquement pour vous avec votre m\u00e9decin traitant, en tenant compte de vos ant\u00e9c\u00e9dents m\u00e9dicaux et de vos besoins personnels.<\/p>\n\n<h3 class=\"wp-block-heading\">FIV pour<\/h3>\n\n<p>Tous les couples qui ne parviennent pas \u00e0 tomber enceinte de mani\u00e8re naturelle<\/p>\n\n<h3 class=\"wp-block-heading\">Dur\u00e9e de la FIV<\/h3>\n\n<p>Le traitement de la FIV est un processus de longue dur\u00e9e qui n\u00e9cessite de la patience. Votre m\u00e9decin traitant vous expliquera tous les d\u00e9tails au pr\u00e9alable.<\/p>\n\n<h3 class=\"wp-block-heading\">Risques possibles de la FIV<\/h3>\n\n<ul class=\"wp-block-list\">\n<li>Grossesses multiples<\/li>\n\n\n\n<li>Syndrome d&rsquo;hyperstimulation ovarienne (SHO)<\/li>\n\n\n\n<li>Grossesse extra-ut\u00e9rine<\/li>\n\n\n\n<li>Malformations cong\u00e9nitales<\/li>\n\n\n\n<li>Effets \u00e9motionnels et psychologiques<\/li>\n\n\n\n<li>Charge financi\u00e8re<\/li>\n\n\n\n<li>Effets \u00e0 long terme inconnus<\/li>\n<\/ul>\n\n<h2 class=\"wp-block-heading\" id=\"good-to-know-before-ivf-treatment-in-turkey\">Ce qu&rsquo;il faut savoir avant un traitement de FIV en Turquie<\/h2>\n\n<ul class=\"wp-block-list\">\n<li>En Turquie, le don d&rsquo;ovules, de sperme et d&#8217;embryons est strictement interdit par la loi, et la maternit\u00e9 de substitution n&rsquo;est pas autoris\u00e9e.<\/li>\n\n\n\n<li>En Turquie, seuls les couples mari\u00e9s peuvent participer \u00e0 un traitement d&rsquo;ins\u00e9mination artificielle<\/li>\n\n\n\n<li>Bien qu&rsquo;il n&rsquo;y ait pas de limite d&rsquo;\u00e2ge pour ces traitements, certaines cliniques ne traitent pas les femmes de plus de 46 ans.<\/li>\n\n\n\n<li>Pour les femmes de moins de 35 ans, un seul embryon peut \u00eatre transf\u00e9r\u00e9 lors du premier et du deuxi\u00e8me cycle, tandis que trois embryons peuvent \u00eatre transf\u00e9r\u00e9s lors du troisi\u00e8me cycle.<br\/>Pour les femmes de plus de 35 ans, le transfert de deux embryons est autoris\u00e9 lors du premier cycle.<\/li>\n\n\n\n<li>Les cliniques peuvent conserver les embryons pendant 10 ans, mais vous devez fournir une raison valable pour cette demande. Cela s&rsquo;applique, par exemple, aux patients atteints de cancer et aux femmes dont la r\u00e9serve ovarienne est limit\u00e9e.<\/li>\n\n\n\n<li>Le DPI (diagnostic g\u00e9n\u00e9tique pr\u00e9implantatoire) et le DPI (d\u00e9pistage des aneuplo\u00efdes) sont autoris\u00e9s, mais la loi n&rsquo;autorise pas la s\u00e9lection du sexe.<\/li>\n\n\n\n<li>Pour atteindre le taux de r\u00e9ussite le plus \u00e9lev\u00e9 possible, le laboratoire joue un r\u00f4le crucial. Ce n&rsquo;est que dans un environnement sain que la f\u00e9condation et la culture des embryons peuvent se d\u00e9rouler avec succ\u00e8s.<\/li>\n\n\n\n<li>Un autre r\u00f4le crucial est jou\u00e9 par l&rsquo;exp\u00e9rience et la qualification des embryologistes, qui doivent \u00eatre familiaris\u00e9s avec toutes les proc\u00e9dures modernes.<\/li>\n<\/ul>\n\n<h2 class=\"wp-block-heading\" id=\"aftercare\">Postcure<\/h2>\n\n<p>Dans les 24 heures qui suivent le transfert d&#8217;embryons, il est tr\u00e8s important que la femme se repose. Le premier jour, on s&rsquo;attend \u00e0 ce que l&#8217;embryon s&rsquo;implante correctement dans l&rsquo;ut\u00e9rus.<br\/>Restez \u00e0 la maison de mani\u00e8re confortable et bien repos\u00e9e. Le repos au lit n&rsquo;est pas prescrit, mais vous devez \u00e9viter en toutes circonstances les travaux lourds, les efforts physiques et le fait de soulever des objets lourds.<\/p>\n\n<h2 class=\"wp-block-heading\" id=\"top-ivf-treatment-costs-by-country\">Co\u00fbts les plus \u00e9lev\u00e9s des traitements de FIV par pays<\/h2>\n\n<p>Le co\u00fbt d&rsquo;un traitement de FIV d\u00e9pend de l&rsquo;exp\u00e9rience des m\u00e9decins, de la technique utilis\u00e9e, de la clinique ou de l&rsquo;h\u00f4pital que vous choisissez et de votre \u00e9tat de sant\u00e9.<br\/>Les prix indiqu\u00e9s ci-dessous sont destin\u00e9s \u00e0 vous donner une id\u00e9e approximative des co\u00fbts d&rsquo;un traitement de FIV et ne constituent pas un devis d\u00e9finitif. Votre consultant MedClincs se fera un plaisir de vous fournir des informations d\u00e9taill\u00e9es.<\/p>\n\n<figure class=\"wp-block-table\"><table><thead><tr><th>Pays<\/th><th>Prix<\/th><th>\u00c9valuation ;<\/th><\/tr><\/thead><tbody><tr><td>Turquie<\/td><td>~ 2000\u20ac &#8211; 2900\u20ac<\/td><td>\u2605\u2605\u2605\u2605\u2605<\/td><\/tr><tr><td>Pologne<\/td><td>~ 2700\u20ac &#8211; 3500\u20ac<\/td><td>\u2605\u2605\u2605<\/td><\/tr><tr><td>Allemagne<\/td><td>~ 5000\u20ac &#8211; 10000\u20ac<\/td><td>\u2605\u2605\u2605\u2605<\/td><\/tr><tr><td>ROYAUME-UNI<\/td><td>~ 6500\u20ac &#8211; 10500\u20ac<\/td><td>\u2605\u2605\u2605<\/td><\/tr><tr><td>\u00c9TATS-UNIS<\/td><td>~ 10000\u20ac &#8211; 12500\u20ac<\/td><td>\u2605\u2605\u2605\u2605<\/td><\/tr><\/tbody><\/table><\/figure>\n\n<h2 class=\"wp-block-heading\" id=\"faq\">FAQ<\/h2>\n<div id=\"rank-math-faq\" class=\"rank-math-block\">\n<div class=\"rank-math-list \">\n<div id=\"faq-question-1684698413219\" class=\"rank-math-list-item\">\n<h3 class=\"rank-math-question \">Quel est le taux de r\u00e9ussite de la FIV ?<\/h3>\n<div class=\"rank-math-answer \">\n\n<p>En moyenne, le taux de r\u00e9ussite de la FIV est consid\u00e9r\u00e9 comme \u00e9tant de 30 \u00e0 40 %. Elle d\u00e9pend \u00e9galement de vos ant\u00e9c\u00e9dents personnels, de votre \u00e9tat de sant\u00e9 g\u00e9n\u00e9ral et de facteurs individuels.<br \/>Selon l&rsquo;American Society for Reproductive Medicine (ASRM), environ 80 % des femmes qui suivent un traitement de FIV tombent enceintes au cours des trois ou quatre premiers cycles.<\/p>\n\n<\/div>\n<\/div>\n<div id=\"faq-question-1684698415052\" class=\"rank-math-list-item\">\n<h3 class=\"rank-math-question \">Les b\u00e9b\u00e9s issus de la FIV sont-ils normaux ?<\/h3>\n<div class=\"rank-math-answer \">\n\n<p>Oui, en g\u00e9n\u00e9ral, les b\u00e9b\u00e9s issus d&rsquo;une FIV se d\u00e9veloppent de la m\u00eame mani\u00e8re que les b\u00e9b\u00e9s issus d&rsquo;une conception naturelle. Les couples font l&rsquo;objet d&rsquo;un suivi \u00e9troit et d&rsquo;une surveillance attentive pendant le traitement. Dans la plupart des cas, elles donnent naissance \u00e0 un b\u00e9b\u00e9 en bonne sant\u00e9.<\/p>\n\n<\/div>\n<\/div>\n<div id=\"faq-question-1684698416187\" class=\"rank-math-list-item\">\n<h3 class=\"rank-math-question \">Quels sont les risques de la FIV ?<\/h3>\n<div class=\"rank-math-answer \">\n\n<p>Bien que la FIV soit aujourd&rsquo;hui une m\u00e9thode de traitement \u00e9prouv\u00e9e, il existe un l\u00e9ger risque que les b\u00e9b\u00e9s con\u00e7us par FIV aient un poids inf\u00e9rieur \u00e0 la naissance et naissent pr\u00e9matur\u00e9ment. Votre m\u00e9decin traitant discutera des d\u00e9tails avec vous.<\/p>\n\n<\/div>\n<\/div>\n<div id=\"faq-question-1684698417402\" class=\"rank-math-list-item\">\n<h3 class=\"rank-math-question \">Peut-on choisir le sexe avec la FIV ?<\/h3>\n<div class=\"rank-math-answer \">\n\n<p>En Turquie, le diagnostic g\u00e9n\u00e9tique pr\u00e9implantatoire (DPI) et le d\u00e9pistage des aneuplo\u00efdes (DPI) sont autoris\u00e9s, mais la loi n&rsquo;autorise pas la s\u00e9lection du sexe.<\/p>\n\n<\/div>\n<\/div>\n<div id=\"faq-question-1684698422423\" class=\"rank-math-list-item\">\n<h3 class=\"rank-math-question \">Combien d&rsquo;ovules sont n\u00e9cessaires pour une FIV ?<\/h3>\n<div class=\"rank-math-answer \">\n\n<p>Pendant le traitement, la femme suivra une th\u00e9rapie hormonale pour stimuler ses ovaires. La qualit\u00e9 des ovules est \u00e9galement un facteur important et tous les ovules ne peuvent pas \u00eatre utilis\u00e9s pour la FIV. Cependant, plus il y a d&rsquo;\u0153ufs disponibles, plus les chances de r\u00e9ussite sont \u00e9lev\u00e9es.  <\/p>\n\n<\/div>\n<\/div>\n<div id=\"faq-question-1684698423449\" class=\"rank-math-list-item\">\n<h3 class=\"rank-math-question \">Qu&rsquo;advient-il des ovules non utilis\u00e9s ?<\/h3>\n<div class=\"rank-math-answer \">\n\n<p>En Turquie, le don de sperme et d&rsquo;ovules est interdit par la loi. Cela signifie que les \u0153ufs non utilis\u00e9s doivent \u00eatre d\u00e9truits ou stock\u00e9s.<br \/>Les ovules peuvent \u00eatre conserv\u00e9s dans certaines cliniques, mais il faut une raison plausible pour une telle demande, par exemple un traitement contre le cancer ou autre. Un suppl\u00e9ment sera demand\u00e9 pour l&rsquo;entreposage. La dur\u00e9e maximale de stockage est de 5 ans.<\/p>\n\n<\/div>\n<\/div>\n<div id=\"faq-question-1684698424487\" class=\"rank-math-list-item\">\n<h3 class=\"rank-math-question \">Quelle est la diff\u00e9rence entre l&rsquo;ins\u00e9mination et la FIV ?<\/h3>\n<div class=\"rank-math-answer \">\n\n<p>Lors de l&rsquo;ins\u00e9mination, \u00e9galement appel\u00e9e ins\u00e9mination artificielle, les spermatozo\u00efdes sont inject\u00e9s dans le corps de la femme. Pour cette proc\u00e9dure, diff\u00e9rentes m\u00e9thodes sont disponibles, comme l&rsquo;IUI, l&rsquo;ICI ou l&rsquo;ITI. La f\u00e9condation a lieu dans le corps de la femme.<br \/>Lors d&rsquo;un traitement de FIV, la f\u00e9condation est r\u00e9alis\u00e9e en laboratoire.<\/p>\n\n<\/div>\n<\/div>\n<div id=\"faq-question-1684698425367\" class=\"rank-math-list-item\">\n<h3 class=\"rank-math-question \">Dois-je prendre des m\u00e9dicaments hormonaux avant l&rsquo;ins\u00e9mination ?<\/h3>\n<div class=\"rank-math-answer \">\n\n<p>Votre m\u00e9decin peut vous prescrire des m\u00e9dicaments avant le traitement d&rsquo;ins\u00e9mination, en fonction de votre situation personnelle. Des m\u00e9dicaments hormonaux peuvent \u00eatre utilis\u00e9s pour stimuler les ovaires afin que davantage d&rsquo;ovules soient produits et que les chances d&rsquo;une ins\u00e9mination r\u00e9ussie soient accrues.<\/p>\n\n<\/div>\n<\/div>\n<div id=\"faq-question-1684698428980\" class=\"rank-math-list-item\">\n<h3 class=\"rank-math-question \">Puis-je b\u00e9n\u00e9ficier d&rsquo;un don de sperme en Turquie ?<\/h3>\n<div class=\"rank-math-answer \">\n\n<p>Non, en Turquie, le don de sperme et le don d&rsquo;ovules ne sont pas autoris\u00e9s par la loi. Seuls les couples mari\u00e9s peuvent b\u00e9n\u00e9ficier d&rsquo;un traitement de f\u00e9condation.<\/p>\n\n<\/div>\n<\/div>\n<div id=\"faq-question-1684698429918\" class=\"rank-math-list-item\">\n<h3 class=\"rank-math-question \">\u00c0 quel \u00e2ge la FIV est-elle la plus fructueuse ?<\/h3>\n<div class=\"rank-math-answer \">\n\n<p>En g\u00e9n\u00e9ral, plus la femme est jeune, plus le traitement est efficace. \u00c0 un \u00e2ge plus jeune, le corps produit plus d&rsquo;ovules et des ovules de meilleure qualit\u00e9, ce qui augmente les chances de r\u00e9ussite du traitement. Selon les statistiques, le taux de r\u00e9ussite est le plus \u00e9lev\u00e9 lorsque la femme est \u00e2g\u00e9e de moins de 35 ans.  <\/p>\n\n<\/div>\n<\/div>\n<div id=\"faq-question-1684698430849\" class=\"rank-math-list-item\">\n<h3 class=\"rank-math-question \">Combien de fois puis-je avoir recours \u00e0 la FIV en un an ?<\/h3>\n<div class=\"rank-math-answer \">\n\n<p>En principe, le nombre de traitements par an n&rsquo;est pas limit\u00e9. Cependant, comme le traitement se poursuit avec des m\u00e9dicaments hormonaux, la plupart des femmes choisissent de faire une pause entre les traitements pour se r\u00e9tablir physiquement et psychiquement.<\/p>\n\n<\/div>\n<\/div>\n<\/div>\n<\/div>\n<h2 class=\"wp-block-heading\" id=\"history\">L&rsquo;histoire<\/h2>\n\n<p>1934 : La premi\u00e8re f\u00e9condation r\u00e9ussie d&rsquo;un ovule en dehors du corps se produit chez le lapin.<\/p>\n\n<p>1959 : La premi\u00e8re f\u00e9condation r\u00e9ussie d&rsquo;un ovule humain en dehors du corps a lieu, mais l&#8217;embryon ne survit pas.<\/p>\n\n<p>1969 : Le scientifique britannique Robert Edwards et son coll\u00e8gue Patrick Steptoe commencent \u00e0 travailler ensemble pour mettre au point un traitement de FIV pour les humains.<\/p>\n\n<p>1978 : La premi\u00e8re grossesse par f\u00e9condation in vitro r\u00e9ussie au monde a lieu en Angleterre avec la naissance de Louise Brown.<\/p>\n\n<p>1981 : La premi\u00e8re grossesse par FIV r\u00e9ussie aux \u00c9tats-Unis aboutit \u00e0 la naissance d&rsquo;Elizabeth Jordan Carr.<\/p>\n\n<p>1983 : Le premier transfert d&#8217;embryons congel\u00e9s aboutissant \u00e0 une grossesse r\u00e9ussie est r\u00e9alis\u00e9.<\/p>\n\n<p>1985 : Pour la premi\u00e8re fois, une grossesse est obtenue par injection intracytoplasmique de spermatozo\u00efdes (ICSI).<\/p>\n\n<p>1992 : Depuis cette ann\u00e9e, le diagnostic g\u00e9n\u00e9tique pr\u00e9implantatoire (DPI) permet de d\u00e9tecter des troubles g\u00e9n\u00e9tiques dans les embryons.<\/p>\n\n<p>2002 : Premi\u00e8re naissance r\u00e9ussie d&rsquo;un enfant issu d&rsquo;un ovule congel\u00e9.<\/p>\n","protected":false},"excerpt":{"rendered":"<p>La FIV est une m\u00e9thode qui consiste \u00e0 induire artificiellement une grossesse lorsque celle-ci n&rsquo;a pas \u00e9t\u00e9 obtenue par des [&hellip;]<\/p>\n","protected":false},"author":4,"featured_media":0,"parent":0,"menu_order":0,"comment_status":"closed","ping_status":"closed","template":"","meta":{"site-sidebar-layout":"default","site-content-layout":"","ast-site-content-layout":"default","site-content-style":"default","site-sidebar-style":"default","ast-global-header-display":"","ast-banner-title-visibility":"","ast-main-header-display":"","ast-hfb-above-header-display":"","ast-hfb-below-header-display":"","ast-hfb-mobile-header-display":"","site-post-title":"","ast-breadcrumbs-content":"","ast-featured-img":"","footer-sml-layout":"","ast-disable-related-posts":"","theme-transparent-header-meta":"","adv-header-id-meta":"","stick-header-meta":"","header-above-stick-meta":"","header-main-stick-meta":"","header-below-stick-meta":"","astra-migrate-meta-layouts":"default","ast-page-background-enabled":"default","ast-page-background-meta":{"desktop":{"background-color":"var(--ast-global-color-4)","background-image":"","background-repeat":"repeat","background-position":"center center","background-size":"auto","background-attachment":"scroll","background-type":"","background-media":"","overlay-type":"","overlay-color":"","overlay-opacity":"","overlay-gradient":""},"tablet":{"background-color":"","background-image":"","background-repeat":"repeat","background-position":"center center","background-size":"auto","background-attachment":"scroll","background-type":"","background-media":"","overlay-type":"","overlay-color":"","overlay-opacity":"","overlay-gradient":""},"mobile":{"background-color":"","background-image":"","background-repeat":"repeat","background-position":"center center","background-size":"auto","background-attachment":"scroll","background-type":"","background-media":"","overlay-type":"","overlay-color":"","overlay-opacity":"","overlay-gradient":""}},"ast-content-background-meta":{"desktop":{"background-color":"var(--ast-global-color-5)","background-image":"","background-repeat":"repeat","background-position":"center center","background-size":"auto","background-attachment":"scroll","background-type":"","background-media":"","overlay-type":"","overlay-color":"","overlay-opacity":"","overlay-gradient":""},"tablet":{"background-color":"var(--ast-global-color-5)","background-image":"","background-repeat":"repeat","background-position":"center center","background-size":"auto","background-attachment":"scroll","background-type":"","background-media":"","overlay-type":"","overlay-color":"","overlay-opacity":"","overlay-gradient":""},"mobile":{"background-color":"var(--ast-global-color-5)","background-image":"","background-repeat":"repeat","background-position":"center center","background-size":"auto","background-attachment":"scroll","background-type":"","background-media":"","overlay-type":"","overlay-color":"","overlay-opacity":"","overlay-gradient":""}},"footnotes":""},"class_list":["post-146089","page","type-page","status-publish","hentry"],"_links":{"self":[{"href":"https:\/\/medclinics.com\/fr\/wp-json\/wp\/v2\/pages\/146089","targetHints":{"allow":["GET"]}}],"collection":[{"href":"https:\/\/medclinics.com\/fr\/wp-json\/wp\/v2\/pages"}],"about":[{"href":"https:\/\/medclinics.com\/fr\/wp-json\/wp\/v2\/types\/page"}],"author":[{"embeddable":true,"href":"https:\/\/medclinics.com\/fr\/wp-json\/wp\/v2\/users\/4"}],"replies":[{"embeddable":true,"href":"https:\/\/medclinics.com\/fr\/wp-json\/wp\/v2\/comments?post=146089"}],"version-history":[{"count":0,"href":"https:\/\/medclinics.com\/fr\/wp-json\/wp\/v2\/pages\/146089\/revisions"}],"wp:attachment":[{"href":"https:\/\/medclinics.com\/fr\/wp-json\/wp\/v2\/media?parent=146089"}],"curies":[{"name":"wp","href":"https:\/\/api.w.org\/{rel}","templated":true}]}}