{"id":146067,"date":"2023-05-21T19:23:18","date_gmt":"2023-05-21T19:23:18","guid":{"rendered":"https:\/\/medclinics.com\/traitement-des-rides-avec-un-relaxant-musculaire\/"},"modified":"2024-04-04T19:19:52","modified_gmt":"2024-04-04T16:19:52","slug":"traitement-des-rides-avec-un-relaxant-musculaire","status":"publish","type":"page","link":"https:\/\/medclinics.com\/fr\/traitement-des-rides-avec-un-relaxant-musculaire\/","title":{"rendered":"Traitement des rides avec un relaxant musculaire"},"content":{"rendered":"\n<h2 class=\"wp-block-heading\">Pas le temps de vieillir ! Retrouvez une apparence naturelle et jeune ! Obtenez votre traitement contre les rides d\u00e8s maintenant !<\/h2>\n\n<p>Gr\u00e2ce au <a href=\"https:\/\/istanbul-tourist-information.com\/en\/beauty-salon-treatments\/\" target=\"_blank\" rel=\"noreferrer noopener\">traitement des rides<\/a> par un dermatologue exp\u00e9riment\u00e9, vous aurez l&rsquo;air aussi jeune que vous vous sentez en un rien de temps, \u00e0 un prix abordable et peu co\u00fbteux ! En injectant un relaxant musculaire dans les zones probl\u00e9matiques, vos rides disparaissent d&rsquo;elles-m\u00eames.<\/p>\n\n<p>N&rsquo;h\u00e9sitez plus ! Obtenez votre <a href=\"https:\/\/medclinics.com\/fr\/relaxant-musculaire\/\" target=\"_blank\" rel=\"noreferrer noopener\">traitement contre les rides<\/a> \u00e0 Istanbul maintenant !<\/p>\n\n<h3 class=\"wp-block-heading\"><strong>Le traitement des rides comprend<\/strong><\/h3>\n\n<ul class=\"wp-block-list\">\n<li>Traitement d&rsquo;une zone du visage, par exemple la ride du lion, la patte d&rsquo;oie, les rides du front ou m\u00eame le menton en forme de fraise.<\/li>\n\n\n\n<li>Injection sans douleur avec une canule extr\u00eamement fine. <\/li>\n\n\n\n<li>Traitement dans un cabinet m\u00e9dical ou une clinique de prestige par un m\u00e9decin exp\u00e9riment\u00e9 utilisant les derni\u00e8res technologies.<\/li>\n\n\n\n<li>Assistance gratuite pour toutes les questions que vous vous posez. <\/li>\n<\/ul>\n\n<h3 class=\"wp-block-heading\">Tout ce que vous devez savoir sur le traitement des rides, y compris le prix, les soins et le processus de gu\u00e9rison, ou <a href=\"#requestform\">contactez-nous<\/a>!<\/h3>\n\n<h2 class=\"wp-block-heading\">FAQ <\/h2>\n<div id=\"rank-math-faq\" class=\"rank-math-block\">\n<div class=\"rank-math-list \">\n<div id=\"faq-question-1682666956133\" class=\"rank-math-list-item\">\n<h3 class=\"rank-math-question \">Comment fonctionne le traitement des rides ?<\/h3>\n<div class=\"rank-math-answer \">\n\n<p>Le traitement se fait \u00e0 l&rsquo;aide de relaxants musculaires. Les myorelaxants sont un groupe de m\u00e9dicaments utilis\u00e9s pour soulager les spasmes musculaires et r\u00e9duire la rigidit\u00e9 musculaire. \u00c0 des fins esth\u00e9tiques, les relaxants musculaires suppriment les impulsions nerveuses vers les muscles.<\/p>\n\n<\/div>\n<\/div>\n<div id=\"faq-question-1682603361561\" class=\"rank-math-list-item\">\n<h3 class=\"rank-math-question \">Quels sont les effets secondaires potentiels des relaxants musculaires ?<\/h3>\n<div class=\"rank-math-answer \">\n\n<p>En r\u00e8gle g\u00e9n\u00e9rale, les traitements cosm\u00e9tiques \u00e0 base de myorelaxants se d\u00e9roulent sans effets secondaires en raison du faible dosage. Sporadiquement, une s\u00e9cheresse de la bouche ou de l\u00e9gers vertiges et maux de t\u00eate peuvent survenir. Dans ce cas, veuillez contacter imm\u00e9diatement votre m\u00e9decin traitant.<\/p>\n\n<\/div>\n<\/div>\n<div id=\"faq-question-1682665852961\" class=\"rank-math-list-item\">\n<h3 class=\"rank-math-question \">Les traitements \u00e0 base de relaxants musculaires sont-ils permanents ?<\/h3>\n<div class=\"rank-math-answer \">\n\n<p>Non, les traitements \u00e0 base de relaxants musculaires ne sont pas permanents. Cependant, en moyenne, l&rsquo;effet dure quelques mois avant que les muscles ne redeviennent actifs et que les rides ne r\u00e9apparaissent. Il est recommand\u00e9 de r\u00e9p\u00e9ter le traitement \u00e0 intervalles r\u00e9guliers.<\/p>\n\n<\/div>\n<\/div>\n<\/div>\n<\/div>\n<p><\/p>\n\n<h3 class=\"wp-block-heading\">Contactez-nous d\u00e8s maintenant si vous avez des questions !<\/h3>\n","protected":false},"excerpt":{"rendered":"<p>Pas le temps de vieillir ! Retrouvez une apparence naturelle et jeune ! Obtenez votre traitement contre les rides d\u00e8s [&hellip;]<\/p>\n","protected":false},"author":4,"featured_media":93177,"parent":0,"menu_order":0,"comment_status":"closed","ping_status":"closed","template":"","meta":{"site-sidebar-layout":"default","site-content-layout":"","ast-site-content-layout":"default","site-content-style":"default","site-sidebar-style":"default","ast-global-header-display":"","ast-banner-title-visibility":"","ast-main-header-display":"","ast-hfb-above-header-display":"","ast-hfb-below-header-display":"","ast-hfb-mobile-header-display":"","site-post-title":"","ast-breadcrumbs-content":"","ast-featured-img":"","footer-sml-layout":"","ast-disable-related-posts":"","theme-transparent-header-meta":"","adv-header-id-meta":"","stick-header-meta":"","header-above-stick-meta":"","header-main-stick-meta":"","header-below-stick-meta":"","astra-migrate-meta-layouts":"default","ast-page-background-enabled":"default","ast-page-background-meta":{"desktop":{"background-color":"var(--ast-global-color-4)","background-image":"","background-repeat":"repeat","background-position":"center center","background-size":"auto","background-attachment":"scroll","background-type":"","background-media":"","overlay-type":"","overlay-color":"","overlay-opacity":"","overlay-gradient":""},"tablet":{"background-color":"","background-image":"","background-repeat":"repeat","background-position":"center center","background-size":"auto","background-attachment":"scroll","background-type":"","background-media":"","overlay-type":"","overlay-color":"","overlay-opacity":"","overlay-gradient":""},"mobile":{"background-color":"","background-image":"","background-repeat":"repeat","background-position":"center center","background-size":"auto","background-attachment":"scroll","background-type":"","background-media":"","overlay-type":"","overlay-color":"","overlay-opacity":"","overlay-gradient":""}},"ast-content-background-meta":{"desktop":{"background-color":"var(--ast-global-color-5)","background-image":"","background-repeat":"repeat","background-position":"center center","background-size":"auto","background-attachment":"scroll","background-type":"","background-media":"","overlay-type":"","overlay-color":"","overlay-opacity":"","overlay-gradient":""},"tablet":{"background-color":"var(--ast-global-color-5)","background-image":"","background-repeat":"repeat","background-position":"center center","background-size":"auto","background-attachment":"scroll","background-type":"","background-media":"","overlay-type":"","overlay-color":"","overlay-opacity":"","overlay-gradient":""},"mobile":{"background-color":"var(--ast-global-color-5)","background-image":"","background-repeat":"repeat","background-position":"center center","background-size":"auto","background-attachment":"scroll","background-type":"","background-media":"","overlay-type":"","overlay-color":"","overlay-opacity":"","overlay-gradient":""}},"footnotes":""},"class_list":["post-146067","page","type-page","status-publish","has-post-thumbnail","hentry"],"_links":{"self":[{"href":"https:\/\/medclinics.com\/fr\/wp-json\/wp\/v2\/pages\/146067","targetHints":{"allow":["GET"]}}],"collection":[{"href":"https:\/\/medclinics.com\/fr\/wp-json\/wp\/v2\/pages"}],"about":[{"href":"https:\/\/medclinics.com\/fr\/wp-json\/wp\/v2\/types\/page"}],"author":[{"embeddable":true,"href":"https:\/\/medclinics.com\/fr\/wp-json\/wp\/v2\/users\/4"}],"replies":[{"embeddable":true,"href":"https:\/\/medclinics.com\/fr\/wp-json\/wp\/v2\/comments?post=146067"}],"version-history":[{"count":0,"href":"https:\/\/medclinics.com\/fr\/wp-json\/wp\/v2\/pages\/146067\/revisions"}],"wp:featuredmedia":[{"embeddable":true,"href":"https:\/\/medclinics.com\/fr\/wp-json\/wp\/v2\/media\/93177"}],"wp:attachment":[{"href":"https:\/\/medclinics.com\/fr\/wp-json\/wp\/v2\/media?parent=146067"}],"curies":[{"name":"wp","href":"https:\/\/api.w.org\/{rel}","templated":true}]}}