{"id":146053,"date":"2023-05-18T15:07:17","date_gmt":"2023-05-18T12:07:17","guid":{"rendered":"https:\/\/medclinics.com\/retrait-de-la-prothese-mammaire\/"},"modified":"2025-01-02T13:28:52","modified_gmt":"2025-01-02T10:28:52","slug":"retrait-de-la-prothese-mammaire","status":"publish","type":"page","link":"https:\/\/medclinics.com\/fr\/retrait-de-la-prothese-mammaire\/","title":{"rendered":"Retrait de la proth\u00e8se mammaire"},"content":{"rendered":"\n<h2 class=\"wp-block-heading\">Voici la solution \u00e0 tout ce que vous voulez savoir sur le retrait des proth\u00e8ses mammaires.<\/h2>\n\n<p>L&rsquo;ablation d&rsquo;une proth\u00e8se mammaire, \u00e9galement connue sous le nom d&rsquo;explantation, d\u00e9signe l&rsquo;intervention chirurgicale consistant \u00e0 retirer les <a href=\"https:\/\/istanbul-tourist-information.com\/en\/medical-treatment\/\" target=\"_blank\" rel=\"noreferrer noopener\">implants mammaires<\/a> ou les proth\u00e8ses qui ont \u00e9t\u00e9 mis en place pr\u00e9c\u00e9demment. Il existe plusieurs raisons pour lesquelles une personne peut opter pour le retrait d&rsquo;une proth\u00e8se mammaire, notamment des complications m\u00e9dicales, des pr\u00e9f\u00e9rences personnelles ou des changements dans l&rsquo;image corporelle.<\/p>\n\n<p>Il convient de noter que les d\u00e9tails sp\u00e9cifiques du retrait des proth\u00e8ses mammaires peuvent varier en fonction des circonstances individuelles, telles que le type d&rsquo;implants, l&rsquo;\u00e9tat du tissu mammaire et toute proc\u00e9dure suppl\u00e9mentaire impliqu\u00e9e. Il est donc essentiel d&rsquo;avoir une discussion approfondie avec votre chirurgien plasticien pour comprendre le processus et les r\u00e9sultats potentiels dans votre cas particulier.<\/p>\n\n<h3 class=\"wp-block-heading\">Tout ce que vous devez savoir sur les <a href=\"https:\/\/medclinics.com\/breast-aesthetic-surgery\/\" target=\"_blank\" rel=\"noreferrer noopener\">chirurgies mammaires esth\u00e9tiques<\/a>, y compris le prix, les soins et le processus de gu\u00e9rison, ou <a href=\"#requestform\">contactez-nous<\/a>!<\/h3>\n\n<figure class=\"wp-block-image size-full\"><img fetchpriority=\"high\" decoding=\"async\" width=\"960\" height=\"540\" class=\"wp-image-97578\" src=\"https:\/\/medclinics.com\/wp-content\/uploads\/2023\/07\/breast-prosthesis-removal-near-me.jpg\" alt=\"Enl&#xE8;vement de proth&#xE8;ses mammaires pr&#xE8;s de chez moi\" srcset=\"https:\/\/medclinics.com\/wp-content\/uploads\/2023\/07\/breast-prosthesis-removal-near-me.jpg 960w, https:\/\/medclinics.com\/wp-content\/uploads\/2023\/07\/breast-prosthesis-removal-near-me-500x281.jpg 500w, https:\/\/medclinics.com\/wp-content\/uploads\/2023\/07\/breast-prosthesis-removal-near-me-768x432.jpg 768w, https:\/\/medclinics.com\/wp-content\/uploads\/2023\/07\/breast-prosthesis-removal-near-me-24x14.jpg 24w, https:\/\/medclinics.com\/wp-content\/uploads\/2023\/07\/breast-prosthesis-removal-near-me-36x20.jpg 36w, https:\/\/medclinics.com\/wp-content\/uploads\/2023\/07\/breast-prosthesis-removal-near-me-48x27.jpg 48w\" sizes=\"(max-width: 960px) 100vw, 960px\" \/><\/figure>\n\n<h2 class=\"wp-block-heading\">FAQ<\/h2>\n<div id=\"rank-math-faq\" class=\"rank-math-block\">\n<div class=\"rank-math-list \">\n<div id=\"faq-question-1682666956133\" class=\"rank-math-list-item\">\n<h3 class=\"rank-math-question \">Est-il possible de retirer les implants mammaires ?<\/h3>\n<div class=\"rank-math-answer \">\n\n<p>Oui, il est possible de retirer les implants mammaires par une intervention chirurgicale appel\u00e9e retrait ou explantation de la proth\u00e8se mammaire. Il existe plusieurs raisons pour lesquelles une personne peut choisir de se faire retirer ses implants mammaires, notamment l&rsquo;insatisfaction quant aux r\u00e9sultats, les complications li\u00e9es aux implants, les changements dans les pr\u00e9f\u00e9rences personnelles ou les consid\u00e9rations m\u00e9dicales. Au cours de l&rsquo;intervention, le chirurgien pratiquera des incisions pour acc\u00e9der aux implants et les retirer avec pr\u00e9caution. Dans certains cas, des interventions suppl\u00e9mentaires telles qu&rsquo;un lifting des seins ou un transfert de graisse peuvent \u00eatre pratiqu\u00e9es pour rem\u00e9dier aux changements de forme ou de volume des seins qui peuvent survenir apr\u00e8s le retrait des implants. Les d\u00e9tails sp\u00e9cifiques de la proc\u00e9dure d\u00e9pendront des circonstances et des objectifs individuels, et il est important de consulter un chirurgien plasticien qualifi\u00e9 qui pourra fournir des conseils et une orientation personnalis\u00e9s.<\/p>\n\n<\/div>\n<\/div>\n<div id=\"faq-question-1684422143261\" class=\"rank-math-list-item\">\n<h3 class=\"rank-math-question \">\u00c0 quoi faut-il s&rsquo;attendre apr\u00e8s le retrait d&rsquo;un implant mammaire ?<\/h3>\n<div class=\"rank-math-answer \">\n\n<p>Apr\u00e8s l&rsquo;ablation d&rsquo;une proth\u00e8se mammaire, vous pouvez vous attendre \u00e0 des effets post-op\u00e9ratoires et \u00e0 des changements dans vos seins. Le gonflement et les ecchymoses autour du site chirurgical sont courants et devraient s&rsquo;att\u00e9nuer progressivement avec le temps. Vous pouvez ressentir une g\u00eane ou une douleur, qui peut \u00eatre prise en charge par des analg\u00e9siques prescrits. L&rsquo;apparence de vos seins peut changer, avec un d\u00e9gonflement potentiel ou une forme modifi\u00e9e due \u00e0 l&rsquo;adaptation du tissu mammaire naturel \u00e0 l&rsquo;absence d&rsquo;implants. Des cicatrices appara\u00eetront, mais elles s&rsquo;estomperont au bout de plusieurs mois ou d&rsquo;un an. Sur le plan \u00e9motionnel, vous pouvez \u00e9prouver toute une s\u00e9rie de sentiments et d&rsquo;inqui\u00e9tudes face aux changements de l&rsquo;apparence de vos seins, et il peut \u00eatre utile de disposer d&rsquo;un syst\u00e8me de soutien. Il est essentiel de suivre les instructions postop\u00e9ratoires de votre chirurgien, notamment en ce qui concerne les soins de la plaie et les restrictions d&rsquo;activit\u00e9, pour une bonne cicatrisation et des r\u00e9sultats optimaux. Si vous avez des questions ou des inqui\u00e9tudes pendant votre convalescence, il est important de contacter votre chirurgien pour obtenir des conseils et du soutien.<\/p>\n\n<\/div>\n<\/div>\n<div id=\"faq-question-1684422172491\" class=\"rank-math-list-item\">\n<h3 class=\"rank-math-question \">L&rsquo;op\u00e9ration de retrait des implants est-elle douloureuse ?<\/h3>\n<div class=\"rank-math-answer \">\n\n<p>L&rsquo;op\u00e9ration de retrait des implants implique une certaine g\u00eane ou douleur, mais des mesures sont prises pour la g\u00e9rer. L&rsquo;anesth\u00e9sie est utilis\u00e9e pendant l&rsquo;op\u00e9ration pour garantir une exp\u00e9rience indolore. Apr\u00e8s l&rsquo;op\u00e9ration, vous pouvez ressentir une douleur et une g\u00eane autour du site chirurgical, qui peuvent \u00eatre soulag\u00e9es par des m\u00e9dicaments antidouleur prescrits. Votre chirurgien vous donnera des instructions sp\u00e9cifiques sur la gestion de la douleur. Il est important de signaler toute douleur ou g\u00eane \u00e0 votre \u00e9quipe soignante pour qu&rsquo;elle prenne les mesures appropri\u00e9es. Le respect des instructions de soins postop\u00e9ratoires et la prise des m\u00e9dicaments prescrits contribueront \u00e0 minimiser l&rsquo;inconfort et \u00e0 favoriser un r\u00e9tablissement en douceur.<\/p>\n\n<\/div>\n<\/div>\n<\/div>\n<\/div>\n<p>\u00a0<\/p>\n\n<h3 class=\"wp-block-heading\">Contactez-nous d\u00e8s maintenant si vous avez des questions !<\/h3>\n","protected":false},"excerpt":{"rendered":"<p>Voici la solution \u00e0 tout ce que vous voulez savoir sur le retrait des proth\u00e8ses mammaires. L&rsquo;ablation d&rsquo;une proth\u00e8se mammaire, [&hellip;]<\/p>\n","protected":false},"author":4,"featured_media":91220,"parent":0,"menu_order":0,"comment_status":"closed","ping_status":"closed","template":"","meta":{"site-sidebar-layout":"default","site-content-layout":"","ast-site-content-layout":"default","site-content-style":"default","site-sidebar-style":"default","ast-global-header-display":"","ast-banner-title-visibility":"","ast-main-header-display":"","ast-hfb-above-header-display":"","ast-hfb-below-header-display":"","ast-hfb-mobile-header-display":"","site-post-title":"","ast-breadcrumbs-content":"","ast-featured-img":"","footer-sml-layout":"","ast-disable-related-posts":"","theme-transparent-header-meta":"","adv-header-id-meta":"","stick-header-meta":"","header-above-stick-meta":"","header-main-stick-meta":"","header-below-stick-meta":"","astra-migrate-meta-layouts":"default","ast-page-background-enabled":"default","ast-page-background-meta":{"desktop":{"background-color":"var(--ast-global-color-4)","background-image":"","background-repeat":"repeat","background-position":"center center","background-size":"auto","background-attachment":"scroll","background-type":"","background-media":"","overlay-type":"","overlay-color":"","overlay-opacity":"","overlay-gradient":""},"tablet":{"background-color":"","background-image":"","background-repeat":"repeat","background-position":"center center","background-size":"auto","background-attachment":"scroll","background-type":"","background-media":"","overlay-type":"","overlay-color":"","overlay-opacity":"","overlay-gradient":""},"mobile":{"background-color":"","background-image":"","background-repeat":"repeat","background-position":"center center","background-size":"auto","background-attachment":"scroll","background-type":"","background-media":"","overlay-type":"","overlay-color":"","overlay-opacity":"","overlay-gradient":""}},"ast-content-background-meta":{"desktop":{"background-color":"var(--ast-global-color-5)","background-image":"","background-repeat":"repeat","background-position":"center center","background-size":"auto","background-attachment":"scroll","background-type":"","background-media":"","overlay-type":"","overlay-color":"","overlay-opacity":"","overlay-gradient":""},"tablet":{"background-color":"var(--ast-global-color-5)","background-image":"","background-repeat":"repeat","background-position":"center center","background-size":"auto","background-attachment":"scroll","background-type":"","background-media":"","overlay-type":"","overlay-color":"","overlay-opacity":"","overlay-gradient":""},"mobile":{"background-color":"var(--ast-global-color-5)","background-image":"","background-repeat":"repeat","background-position":"center center","background-size":"auto","background-attachment":"scroll","background-type":"","background-media":"","overlay-type":"","overlay-color":"","overlay-opacity":"","overlay-gradient":""}},"footnotes":""},"class_list":["post-146053","page","type-page","status-publish","has-post-thumbnail","hentry"],"_links":{"self":[{"href":"https:\/\/medclinics.com\/fr\/wp-json\/wp\/v2\/pages\/146053","targetHints":{"allow":["GET"]}}],"collection":[{"href":"https:\/\/medclinics.com\/fr\/wp-json\/wp\/v2\/pages"}],"about":[{"href":"https:\/\/medclinics.com\/fr\/wp-json\/wp\/v2\/types\/page"}],"author":[{"embeddable":true,"href":"https:\/\/medclinics.com\/fr\/wp-json\/wp\/v2\/users\/4"}],"replies":[{"embeddable":true,"href":"https:\/\/medclinics.com\/fr\/wp-json\/wp\/v2\/comments?post=146053"}],"version-history":[{"count":0,"href":"https:\/\/medclinics.com\/fr\/wp-json\/wp\/v2\/pages\/146053\/revisions"}],"wp:featuredmedia":[{"embeddable":true,"href":"https:\/\/medclinics.com\/fr\/wp-json\/wp\/v2\/media\/91220"}],"wp:attachment":[{"href":"https:\/\/medclinics.com\/fr\/wp-json\/wp\/v2\/media?parent=146053"}],"curies":[{"name":"wp","href":"https:\/\/api.w.org\/{rel}","templated":true}]}}