{"id":146043,"date":"2023-05-18T14:57:06","date_gmt":"2023-05-18T11:57:06","guid":{"rendered":"https:\/\/medclinics.com\/esthetique-des-mamelons\/"},"modified":"2025-01-02T16:59:42","modified_gmt":"2025-01-02T13:59:42","slug":"esthetique-des-mamelons","status":"publish","type":"page","link":"https:\/\/medclinics.com\/fr\/esthetique-des-mamelons\/","title":{"rendered":"Esth\u00e9tique des mamelons"},"content":{"rendered":"\n<h2 class=\"wp-block-heading\">Voici la solution \u00e0 tout ce que vous voulez savoir sur le mamelon.<\/h2>\n\n<p>L&rsquo;esth\u00e9tique des mamelons fait r\u00e9f\u00e9rence \u00e0 l&rsquo;apparence et \u00e0 l&rsquo;attrait visuel des mamelons. Il s&rsquo;agit d&rsquo;un sujet qui englobe diff\u00e9rents aspects, notamment la taille, la forme, la couleur et la sym\u00e9trie des mamelons.<\/p>\n\n<p>L&rsquo;apparence des mamelons varie consid\u00e9rablement d&rsquo;un individu \u00e0 l&rsquo;autre, et ce qui est consid\u00e9r\u00e9 comme esth\u00e9tiquement plaisant peut varier consid\u00e9rablement en fonction des pr\u00e9f\u00e9rences culturelles, soci\u00e9tales et personnelles.<\/p>\n\n<p>Si vous avez des inqui\u00e9tudes concernant l&rsquo;<a href=\"https:\/\/istanbul-tourist-information.com\/en\/medical-treatment\/\" target=\"_blank\" rel=\"noreferrer noopener\">esth\u00e9tique de <\/a>vos mamelons ou tout autre aspect de votre corps, il est toujours pr\u00e9f\u00e9rable de consulter un professionnel de la sant\u00e9 ou un chirurgien plasticien certifi\u00e9 qui pourra vous donner des conseils personnalis\u00e9s. Ils peuvent r\u00e9pondre \u00e0 vos pr\u00e9occupations sp\u00e9cifiques et vous fournir des informations pr\u00e9cises en fonction de votre situation particuli\u00e8re.<\/p>\n\n<h3 class=\"wp-block-heading\">Tout ce que vous devez savoir sur les <a href=\"https:\/\/medclinics.com\/breast-aesthetic-surgery\/\" target=\"_blank\" rel=\"noreferrer noopener\">chirurgies mammaires esth\u00e9tiques<\/a>, y compris le prix, les soins et le processus de gu\u00e9rison, ou <a href=\"#requestform\">contactez-nous<\/a>!<\/h3>\n\n<figure class=\"wp-block-image size-full\"><img fetchpriority=\"high\" decoding=\"async\" width=\"960\" height=\"540\" src=\"https:\/\/medclinics.com\/wp-content\/uploads\/2023\/07\/nipple-aesthetics-near-me.jpg\" alt=\"Esth&#xE9;tique des mamelons pr&#xE8;s de chez moi\" class=\"wp-image-97586\" srcset=\"https:\/\/medclinics.com\/wp-content\/uploads\/2023\/07\/nipple-aesthetics-near-me.jpg 960w, https:\/\/medclinics.com\/wp-content\/uploads\/2023\/07\/nipple-aesthetics-near-me-500x281.jpg 500w, https:\/\/medclinics.com\/wp-content\/uploads\/2023\/07\/nipple-aesthetics-near-me-768x432.jpg 768w, https:\/\/medclinics.com\/wp-content\/uploads\/2023\/07\/nipple-aesthetics-near-me-24x14.jpg 24w, https:\/\/medclinics.com\/wp-content\/uploads\/2023\/07\/nipple-aesthetics-near-me-36x20.jpg 36w, https:\/\/medclinics.com\/wp-content\/uploads\/2023\/07\/nipple-aesthetics-near-me-48x27.jpg 48w\" sizes=\"(max-width: 960px) 100vw, 960px\" \/><\/figure>\n\n<h2 class=\"wp-block-heading\">FAQ<\/h2>\n<div id=\"rank-math-faq\" class=\"rank-math-block\">\n<div class=\"rank-math-list \">\n<div id=\"faq-question-1682666956133\" class=\"rank-math-list-item\">\n<h3 class=\"rank-math-question \">Qu&rsquo;est-ce que l&rsquo;esth\u00e9tique des mamelons ?<\/h3>\n<div class=\"rank-math-answer \">\n\n<p>L&rsquo;esth\u00e9tique des mamelons, ou chirurgie des mamelons, est une branche de la chirurgie plastique qui se concentre sur l&rsquo;am\u00e9lioration de l&rsquo;apparence des mamelons. Il s&rsquo;agit de diverses proc\u00e9dures visant \u00e0 r\u00e9pondre aux pr\u00e9occupations esth\u00e9tiques courantes li\u00e9es \u00e0 la taille, \u00e0 la forme, \u00e0 la position ou \u00e0 la sym\u00e9trie des mamelons. Ces interventions peuvent inclure la r\u00e9duction du mamelon pour diminuer la taille ou la longueur de mamelons trop grands ou trop allong\u00e9s, l&rsquo;augmentation du mamelon pour augmenter la taille ou la projection de mamelons petits ou sous-d\u00e9velopp\u00e9s, le soul\u00e8vement ou l&rsquo;\u00e9l\u00e9vation du mamelon pour corriger un affaissement ou une ptose, la reconstruction du mamelon pour les personnes ayant subi une mastectomie ou pr\u00e9sentant des malformations cong\u00e9nitales du mamelon, et la r\u00e9duction ou l&rsquo;agrandissement de l&rsquo;ar\u00e9ole pour ajuster la taille de l&rsquo;ar\u00e9ole. Chaque proc\u00e9dure est personnalis\u00e9e en fonction des pr\u00e9occupations et des objectifs sp\u00e9cifiques de l&rsquo;individu. Il est important de consulter un chirurgien plasticien qualifi\u00e9, sp\u00e9cialis\u00e9 dans l&rsquo;esth\u00e9tique des mamelons, afin de discuter des options, des d\u00e9tails de l&rsquo;intervention et de d\u00e9terminer l&rsquo;approche la plus appropri\u00e9e pour obtenir l&rsquo;apparence souhait\u00e9e des mamelons.<\/p>\n\n<\/div>\n<\/div>\n<div id=\"faq-question-1684421467017\" class=\"rank-math-list-item\">\n<h3 class=\"rank-math-question \">Qu&rsquo;est-ce que la sculpture des mamelons ?<\/h3>\n<div class=\"rank-math-answer \">\n\n<p>La sculpture du mamelon, \u00e9galement connue sous le nom de tatouage du mamelon ou de pigmentation du mamelon, est une proc\u00e9dure cosm\u00e9tique qui implique l&rsquo;application de pigments sur le mamelon et la zone de l&rsquo;ar\u00e9ole afin d&rsquo;en am\u00e9liorer l&rsquo;apparence. Elle est g\u00e9n\u00e9ralement pratiqu\u00e9e pour les personnes qui ont subi une reconstruction mammaire apr\u00e8s une mastectomie ou qui souhaitent une am\u00e9lioration esth\u00e9tique de leurs mamelons. Au cours de l&rsquo;intervention, un praticien qualifi\u00e9 utilise des techniques de tatouage sp\u00e9cialis\u00e9es pour cr\u00e9er la couleur, la forme et la d\u00e9finition souhait\u00e9es du mamelon et de l&rsquo;ar\u00e9ole. Il peut s&rsquo;agir de recr\u00e9er la pigmentation naturelle du mamelon, d&rsquo;ajouter une dimension ou d&rsquo;ajuster la taille et la forme pour obtenir une apparence plus sym\u00e9trique ou plus esth\u00e9tique.<\/p>\n\n<\/div>\n<\/div>\n<div id=\"faq-question-1684421506406\" class=\"rank-math-list-item\">\n<h3 class=\"rank-math-question \">Comment puis-je modeler mes mamelons ?<\/h3>\n<div class=\"rank-math-answer \">\n\n<p>Le modelage des mamelons est principalement d\u00e9termin\u00e9 par la g\u00e9n\u00e9tique et l&rsquo;anatomie individuelle, et n&rsquo;est pas facilement r\u00e9alisable par des moyens naturels ou des pratiques d&rsquo;autosoins. Toutefois, il existe des proc\u00e9dures esth\u00e9tiques permettant de r\u00e9pondre \u00e0 des pr\u00e9occupations sp\u00e9cifiques ou de modifier la forme des mamelons. La chirurgie de r\u00e9duction des mamelons peut \u00eatre pratiqu\u00e9e pour diminuer la taille ou la longueur des mamelons, tandis que les proc\u00e9dures d&rsquo;augmentation des mamelons peuvent am\u00e9liorer la taille ou la projection des mamelons petits ou sous-d\u00e9velopp\u00e9s. Pour les personnes souffrant d&rsquo;affaissement ou de ptose, un lifting des mamelons, souvent effectu\u00e9 en conjonction avec un lifting des seins, peut aider \u00e0 \u00e9lever et \u00e0 remodeler les mamelons. Il est important de consulter un chirurgien plasticien qualifi\u00e9, sp\u00e9cialis\u00e9 dans l&rsquo;esth\u00e9tique des mamelons, pour discuter de vos objectifs et pr\u00e9occupations sp\u00e9cifiques. Ils peuvent \u00e9valuer votre anatomie individuelle et recommander l&rsquo;intervention ou la combinaison d&rsquo;interventions la plus appropri\u00e9e pour obtenir la forme de mamelon souhait\u00e9e.<\/p>\n\n<\/div>\n<\/div>\n<\/div>\n<\/div>\n<p>\u00a0<\/p>\n\n<h3 class=\"wp-block-heading\">Contactez-nous d\u00e8s maintenant si vous avez des questions !<\/h3>\n","protected":false},"excerpt":{"rendered":"<p>Voici la solution \u00e0 tout ce que vous voulez savoir sur le mamelon. L&rsquo;esth\u00e9tique des mamelons fait r\u00e9f\u00e9rence \u00e0 l&rsquo;apparence [&hellip;]<\/p>\n","protected":false},"author":4,"featured_media":91471,"parent":0,"menu_order":0,"comment_status":"closed","ping_status":"closed","template":"","meta":{"site-sidebar-layout":"default","site-content-layout":"","ast-site-content-layout":"default","site-content-style":"default","site-sidebar-style":"default","ast-global-header-display":"","ast-banner-title-visibility":"","ast-main-header-display":"","ast-hfb-above-header-display":"","ast-hfb-below-header-display":"","ast-hfb-mobile-header-display":"","site-post-title":"","ast-breadcrumbs-content":"","ast-featured-img":"","footer-sml-layout":"","ast-disable-related-posts":"","theme-transparent-header-meta":"","adv-header-id-meta":"","stick-header-meta":"","header-above-stick-meta":"","header-main-stick-meta":"","header-below-stick-meta":"","astra-migrate-meta-layouts":"default","ast-page-background-enabled":"default","ast-page-background-meta":{"desktop":{"background-color":"var(--ast-global-color-4)","background-image":"","background-repeat":"repeat","background-position":"center center","background-size":"auto","background-attachment":"scroll","background-type":"","background-media":"","overlay-type":"","overlay-color":"","overlay-opacity":"","overlay-gradient":""},"tablet":{"background-color":"","background-image":"","background-repeat":"repeat","background-position":"center center","background-size":"auto","background-attachment":"scroll","background-type":"","background-media":"","overlay-type":"","overlay-color":"","overlay-opacity":"","overlay-gradient":""},"mobile":{"background-color":"","background-image":"","background-repeat":"repeat","background-position":"center center","background-size":"auto","background-attachment":"scroll","background-type":"","background-media":"","overlay-type":"","overlay-color":"","overlay-opacity":"","overlay-gradient":""}},"ast-content-background-meta":{"desktop":{"background-color":"var(--ast-global-color-5)","background-image":"","background-repeat":"repeat","background-position":"center center","background-size":"auto","background-attachment":"scroll","background-type":"","background-media":"","overlay-type":"","overlay-color":"","overlay-opacity":"","overlay-gradient":""},"tablet":{"background-color":"var(--ast-global-color-5)","background-image":"","background-repeat":"repeat","background-position":"center center","background-size":"auto","background-attachment":"scroll","background-type":"","background-media":"","overlay-type":"","overlay-color":"","overlay-opacity":"","overlay-gradient":""},"mobile":{"background-color":"var(--ast-global-color-5)","background-image":"","background-repeat":"repeat","background-position":"center center","background-size":"auto","background-attachment":"scroll","background-type":"","background-media":"","overlay-type":"","overlay-color":"","overlay-opacity":"","overlay-gradient":""}},"footnotes":""},"class_list":["post-146043","page","type-page","status-publish","has-post-thumbnail","hentry"],"_links":{"self":[{"href":"https:\/\/medclinics.com\/fr\/wp-json\/wp\/v2\/pages\/146043","targetHints":{"allow":["GET"]}}],"collection":[{"href":"https:\/\/medclinics.com\/fr\/wp-json\/wp\/v2\/pages"}],"about":[{"href":"https:\/\/medclinics.com\/fr\/wp-json\/wp\/v2\/types\/page"}],"author":[{"embeddable":true,"href":"https:\/\/medclinics.com\/fr\/wp-json\/wp\/v2\/users\/4"}],"replies":[{"embeddable":true,"href":"https:\/\/medclinics.com\/fr\/wp-json\/wp\/v2\/comments?post=146043"}],"version-history":[{"count":0,"href":"https:\/\/medclinics.com\/fr\/wp-json\/wp\/v2\/pages\/146043\/revisions"}],"wp:featuredmedia":[{"embeddable":true,"href":"https:\/\/medclinics.com\/fr\/wp-json\/wp\/v2\/media\/91471"}],"wp:attachment":[{"href":"https:\/\/medclinics.com\/fr\/wp-json\/wp\/v2\/media?parent=146043"}],"curies":[{"name":"wp","href":"https:\/\/api.w.org\/{rel}","templated":true}]}}