{"id":146031,"date":"2023-05-18T14:33:58","date_gmt":"2023-05-18T14:33:58","guid":{"rendered":"https:\/\/medclinics.com\/augmentation-mammaire-non-chirurgicale\/"},"modified":"2024-04-01T15:50:45","modified_gmt":"2024-04-01T12:50:45","slug":"augmentation-mammaire-non-chirurgicale","status":"publish","type":"page","link":"https:\/\/medclinics.com\/fr\/augmentation-mammaire-non-chirurgicale\/","title":{"rendered":"Augmentation mammaire non chirurgicale"},"content":{"rendered":"\n<h2 class=\"wp-block-heading\">Si vous cherchez un moyen d&rsquo;am\u00e9liorer votre poitrine et d&rsquo;obtenir un aspect plus naturel, l&rsquo;augmentation mammaire non chirurgicale peut \u00eatre la solution id\u00e9ale.<\/h2>\n\n<p>L&rsquo;<a href=\"https:\/\/en.wikipedia.org\/wiki\/Breast_augmentation\" target=\"_blank\" rel=\"noreferrer noopener\">augmentation mammaire<\/a> non chirurgicale fait g\u00e9n\u00e9ralement r\u00e9f\u00e9rence \u00e0 des m\u00e9thodes ou proc\u00e9dures visant \u00e0 am\u00e9liorer la taille ou l&rsquo;apparence des seins sans recourir \u00e0 une intervention chirurgicale telle que des implants mammaires ou un transfert de graisse. Bien qu&rsquo;il existe plusieurs techniques et produits non chirurgicaux, il est important de noter que leur efficacit\u00e9 peut varier et que les r\u00e9sultats sont souvent temporaires. Voici quelques approches non chirurgicales courantes :<\/p>\n\n<ul class=\"wp-block-list\">\n<li>La th\u00e9rapie par le vide : Cette m\u00e9thode utilise des dispositifs d&rsquo;aspiration ou des pompes con\u00e7us pour augmenter le flux sanguin vers les seins, ce qui peut entra\u00eener un gonflement temporaire et une l\u00e9g\u00e8re augmentation de la taille. Cependant, les effets sont temporaires et ne durent g\u00e9n\u00e9ralement que quelques heures.<\/li>\n\n\n\n<li>Injections de transfert de graisse : Cette technique consiste \u00e0 transf\u00e9rer de la graisse d&rsquo;une zone du corps, comme l&rsquo;abdomen ou les cuisses, vers les seins. Bien qu&rsquo;elle permette une augmentation modeste de la taille et de la forme des seins, elle implique toujours une intervention chirurgicale mineure pour extraire la graisse.<\/li>\n\n\n\n<li>Produits de comblement dermique : Certains produits de comblement dermiques injectables, g\u00e9n\u00e9ralement compos\u00e9s d&rsquo;acide hyaluronique, peuvent \u00eatre utilis\u00e9s de mani\u00e8re non homologu\u00e9e pour augmenter le volume des seins. Cette proc\u00e9dure est temporaire, elle dure environ six \u00e0 douze mois, et n\u00e9cessite des injections r\u00e9p\u00e9t\u00e9es pour maintenir les r\u00e9sultats.<\/li>\n<\/ul>\n\n<p>Il est important de consulter un professionnel de la sant\u00e9 ou un chirurgien plasticien qualifi\u00e9 pour discuter des options qui s&rsquo;offrent \u00e0 vous, comprendre les risques et les limites potentiels et d\u00e9terminer quelle approche non chirurgicale, le cas \u00e9ch\u00e9ant, peut convenir \u00e0 vos besoins et \u00e0 vos objectifs sp\u00e9cifiques.<\/p>\n\n<h3 class=\"wp-block-heading\">Tout ce que vous devez savoir sur les <a href=\"https:\/\/medclinics.com\/breast-aesthetic-surgery\/\" target=\"_blank\" rel=\"noreferrer noopener\">chirurgies mammaires esth\u00e9tiques<\/a>, y compris le prix, les soins et le processus de gu\u00e9rison, ou <a href=\"#requestform\">contactez-nous<\/a>!<\/h3>\n\n<h2 class=\"wp-block-heading\">FAQ <\/h2>\n<div id=\"rank-math-faq\" class=\"rank-math-block\">\n<div class=\"rank-math-list \">\n<div id=\"faq-question-1682666956133\" class=\"rank-math-list-item\">\n<h3 class=\"rank-math-question \">L&rsquo;augmentation mammaire non chirurgicale est-elle efficace ?<\/h3>\n<div class=\"rank-math-answer \">\n\n<p>Les m\u00e9thodes non chirurgicales d&rsquo;augmentation mammaire, telles que les cr\u00e8mes, les lotions ou les pilules, ne disposent que de preuves scientifiques limit\u00e9es quant \u00e0 leur efficacit\u00e9 \u00e0 augmenter le volume des seins ou \u00e0 am\u00e9liorer leur apparence. Les proc\u00e9dures chirurgicales, telles que l&rsquo;augmentation mammaire non chirurgicale, sont g\u00e9n\u00e9ralement consid\u00e9r\u00e9es comme plus fiables pour les changements significatifs de la taille et de la forme des seins.<\/p>\n\n<\/div>\n<\/div>\n<div id=\"faq-question-1684419460704\" class=\"rank-math-list-item\">\n<h3 class=\"rank-math-question \">Combien de temps dure une augmentation mammaire non chirurgicale ?<\/h3>\n<div class=\"rank-math-answer \">\n\n<p>La dur\u00e9e des effets d&rsquo;une augmentation mammaire non chirurgicale peut varier en fonction de plusieurs facteurs, notamment la m\u00e9thode sp\u00e9cifique utilis\u00e9e, les caract\u00e9ristiques individuelles et les facteurs li\u00e9s au mode de vie. Les m\u00e9thodes non chirurgicales d&rsquo;augmentation mammaire donnent g\u00e9n\u00e9ralement des r\u00e9sultats temporaires qui peuvent durer de quelques mois \u00e0 quelques ann\u00e9es.<\/p>\n\n<\/div>\n<\/div>\n<div id=\"faq-question-1684419463748\" class=\"rank-math-list-item\">\n<h3 class=\"rank-math-question \">Qu&rsquo;est-ce que l&rsquo;augmentation mammaire non chirurgicale ?<\/h3>\n<div class=\"rank-math-answer \">\n\n<p>L&rsquo;augmentation mammaire non chirurgicale fait r\u00e9f\u00e9rence \u00e0 une vari\u00e9t\u00e9 de m\u00e9thodes et de traitements visant \u00e0 am\u00e9liorer l&rsquo;apparence des seins sans avoir recours \u00e0 la chirurgie. Ces m\u00e9thodes impliquent g\u00e9n\u00e9ralement l&rsquo;utilisation de techniques non invasives ou peu invasives, telles que les cr\u00e8mes, les lotions, les pilules, les dispositifs d&rsquo;aspiration sous vide ou le transfert de graisse. L&rsquo;objectif est d&rsquo;am\u00e9liorer la taille, la forme ou la fermet\u00e9 des seins sans avoir recours \u00e0 des implants ou \u00e0 des incisions chirurgicales. Toutefois, il est important de noter que l&rsquo;efficacit\u00e9 et la s\u00e9curit\u00e9 de ces m\u00e9thodes non chirurgicales peuvent varier et que les preuves scientifiques \u00e0 l&rsquo;appui de leurs affirmations peuvent \u00eatre limit\u00e9es. Il est recommand\u00e9 de consulter un professionnel de sant\u00e9 qualifi\u00e9, tel qu&rsquo;un chirurgien plasticien, pour discuter de vos objectifs et explorer les options les plus appropri\u00e9es pour obtenir les r\u00e9sultats souhait\u00e9s en mati\u00e8re d&rsquo;augmentation mammaire. Ils peuvent vous fournir des informations pr\u00e9cises, \u00e9valuer votre situation personnelle et vous guider vers des choix s\u00fbrs et efficaces.<\/p>\n\n<\/div>\n<\/div>\n<div id=\"faq-question-1684419464769\" class=\"rank-math-list-item\">\n<h3 class=\"rank-math-question \">L&rsquo;augmentation mammaire non chirurgicale est-elle s\u00fbre ?<\/h3>\n<div class=\"rank-math-answer \">\n\n<p>Les m\u00e9thodes non chirurgicales d&rsquo;augmentation mammaire peuvent varier en termes de s\u00e9curit\u00e9, et il est important de faire preuve de prudence lorsque l&rsquo;on envisage ces options. Si certaines techniques non chirurgicales, telles que l&rsquo;utilisation de cr\u00e8mes ou de lotions, ne pr\u00e9sentent que des risques minimes, d&rsquo;autres peuvent poser des probl\u00e8mes de s\u00e9curit\u00e9 plus importants. Il est toujours recommand\u00e9 de consulter un professionnel de la sant\u00e9 qualifi\u00e9, tel qu&rsquo;un chirurgien plasticien, avant de recourir \u00e0 une m\u00e9thode non chirurgicale d&rsquo;augmentation mammaire. Ils peuvent vous conseiller correctement, \u00e9valuer vos ant\u00e9c\u00e9dents m\u00e9dicaux et discuter des risques et des avantages potentiels associ\u00e9s \u00e0 ces proc\u00e9dures. En travaillant avec un professionnel de confiance, vous pouvez prendre une d\u00e9cision \u00e9clair\u00e9e et assurer votre s\u00e9curit\u00e9 tout au long du processus.<\/p>\n\n<\/div>\n<\/div>\n<\/div>\n<\/div>\n<p><\/p>\n\n<h3 class=\"wp-block-heading\">Contactez-nous d\u00e8s maintenant si vous avez des questions !<\/h3>\n","protected":false},"excerpt":{"rendered":"<p>Si vous cherchez un moyen d&rsquo;am\u00e9liorer votre poitrine et d&rsquo;obtenir un aspect plus naturel, l&rsquo;augmentation mammaire non chirurgicale peut \u00eatre [&hellip;]<\/p>\n","protected":false},"author":4,"featured_media":53227,"parent":0,"menu_order":0,"comment_status":"closed","ping_status":"closed","template":"","meta":{"site-sidebar-layout":"default","site-content-layout":"","ast-site-content-layout":"default","site-content-style":"default","site-sidebar-style":"default","ast-global-header-display":"","ast-banner-title-visibility":"","ast-main-header-display":"","ast-hfb-above-header-display":"","ast-hfb-below-header-display":"","ast-hfb-mobile-header-display":"","site-post-title":"","ast-breadcrumbs-content":"","ast-featured-img":"","footer-sml-layout":"","ast-disable-related-posts":"","theme-transparent-header-meta":"","adv-header-id-meta":"","stick-header-meta":"","header-above-stick-meta":"","header-main-stick-meta":"","header-below-stick-meta":"","astra-migrate-meta-layouts":"default","ast-page-background-enabled":"default","ast-page-background-meta":{"desktop":{"background-color":"var(--ast-global-color-4)","background-image":"","background-repeat":"repeat","background-position":"center center","background-size":"auto","background-attachment":"scroll","background-type":"","background-media":"","overlay-type":"","overlay-color":"","overlay-opacity":"","overlay-gradient":""},"tablet":{"background-color":"","background-image":"","background-repeat":"repeat","background-position":"center center","background-size":"auto","background-attachment":"scroll","background-type":"","background-media":"","overlay-type":"","overlay-color":"","overlay-opacity":"","overlay-gradient":""},"mobile":{"background-color":"","background-image":"","background-repeat":"repeat","background-position":"center center","background-size":"auto","background-attachment":"scroll","background-type":"","background-media":"","overlay-type":"","overlay-color":"","overlay-opacity":"","overlay-gradient":""}},"ast-content-background-meta":{"desktop":{"background-color":"var(--ast-global-color-5)","background-image":"","background-repeat":"repeat","background-position":"center center","background-size":"auto","background-attachment":"scroll","background-type":"","background-media":"","overlay-type":"","overlay-color":"","overlay-opacity":"","overlay-gradient":""},"tablet":{"background-color":"var(--ast-global-color-5)","background-image":"","background-repeat":"repeat","background-position":"center center","background-size":"auto","background-attachment":"scroll","background-type":"","background-media":"","overlay-type":"","overlay-color":"","overlay-opacity":"","overlay-gradient":""},"mobile":{"background-color":"var(--ast-global-color-5)","background-image":"","background-repeat":"repeat","background-position":"center center","background-size":"auto","background-attachment":"scroll","background-type":"","background-media":"","overlay-type":"","overlay-color":"","overlay-opacity":"","overlay-gradient":""}},"footnotes":""},"class_list":["post-146031","page","type-page","status-publish","has-post-thumbnail","hentry"],"_links":{"self":[{"href":"https:\/\/medclinics.com\/fr\/wp-json\/wp\/v2\/pages\/146031","targetHints":{"allow":["GET"]}}],"collection":[{"href":"https:\/\/medclinics.com\/fr\/wp-json\/wp\/v2\/pages"}],"about":[{"href":"https:\/\/medclinics.com\/fr\/wp-json\/wp\/v2\/types\/page"}],"author":[{"embeddable":true,"href":"https:\/\/medclinics.com\/fr\/wp-json\/wp\/v2\/users\/4"}],"replies":[{"embeddable":true,"href":"https:\/\/medclinics.com\/fr\/wp-json\/wp\/v2\/comments?post=146031"}],"version-history":[{"count":0,"href":"https:\/\/medclinics.com\/fr\/wp-json\/wp\/v2\/pages\/146031\/revisions"}],"wp:featuredmedia":[{"embeddable":true,"href":"https:\/\/medclinics.com\/fr\/wp-json\/wp\/v2\/media\/53227"}],"wp:attachment":[{"href":"https:\/\/medclinics.com\/fr\/wp-json\/wp\/v2\/media?parent=146031"}],"curies":[{"name":"wp","href":"https:\/\/api.w.org\/{rel}","templated":true}]}}