{"id":146019,"date":"2023-05-09T13:54:05","date_gmt":"2023-05-09T10:54:05","guid":{"rendered":"https:\/\/medclinics.com\/lifting-des-sourcils\/"},"modified":"2025-01-02T15:25:51","modified_gmt":"2025-01-02T12:25:51","slug":"lifting-des-sourcils","status":"publish","type":"page","link":"https:\/\/medclinics.com\/fr\/lifting-des-sourcils\/","title":{"rendered":"Lifting des sourcils"},"content":{"rendered":"\n<h2 class=\"wp-block-heading\">Un lifting des sourcils peut \u00eatre ce dont vous avez besoin pour obtenir une apparence plus jeune et rajeunie.<\/h2>\n\n<p>Cette intervention cosm\u00e9tique consiste \u00e0 \u00e9lever et \u00e0 repositionner les sourcils et le front \u00e0 l&rsquo;aide de diff\u00e9rentes techniques. Lors d&rsquo;un <a href=\"https:\/\/en.wikipedia.org\/wiki\/Forehead_lift\" target=\"_blank\" rel=\"noreferrer noopener\">lifting des sourcils<\/a>, les chirurgiens comp\u00e9tents pratiquent des incisions au niveau ou derri\u00e8re la ligne des cheveux, selon la technique utilis\u00e9e. Ils ajustent ou enl\u00e8vent ensuite les tissus\/muscles sous-jacents tout en taillant\/repositionnant l&rsquo;exc\u00e8s de peau avant de refermer avec des sutures\/autres m\u00e9thodes.<\/p>\n\n<p>Il existe trois techniques principales pour r\u00e9aliser cette op\u00e9ration qui change la vie :<\/p>\n\n<ol class=\"wp-block-list\" start=\"1\" type=\"1\">\n<li>Le lifting frontal traditionnel\/coronal consiste \u00e0 pratiquer une incision sur la partie sup\u00e9rieure du cuir chevelu, derri\u00e8re la ligne des cheveux, ce qui permet un lifting et un repositionnement en profondeur.<\/li>\n\n\n\n<li>Le lifting des sourcils par endoscopie utilise plusieurs petites incisions pratiqu\u00e9es derri\u00e8re la ligne des cheveux, o\u00f9 une minuscule cam\u00e9ra appel\u00e9e endoscope guide l&rsquo;ajustement des tissus, ce qui permet d&rsquo;obtenir des cicatrices plus petites et des temps de r\u00e9tablissement plus rapides.<\/li>\n\n\n\n<li>Le lifting temporal\/\u00e0 incision limit\u00e9e des sourcils est peu invasif car il ne n\u00e9cessite que de petites incisions au niveau des tempes qui permettent de positionner\/relever les sourcils ext\u00e9rieurs &#8211; id\u00e9al en cas de rel\u00e2chement l\u00e9ger \u00e0 mod\u00e9r\u00e9.<\/li>\n<\/ol>\n\n<h3 class=\"wp-block-heading\">Tout ce que vous devez savoir sur les <a href=\"https:\/\/medclinics.com\/fr\/beaute\/\" target=\"_blank\" rel=\"noreferrer noopener\">traitements de beaut\u00e9<\/a>, y compris le prix, les soins et le processus de gu\u00e9rison, ou <a href=\"#requestform\">contactez-nous<\/a>!<\/h3>\n\n<figure class=\"wp-block-image size-full\"><img decoding=\"async\" class=\"wp-image-88612\" src=\"https:\/\/medclinics.com\/wp-content\/uploads\/2023\/05\/Eyebrow-lift-in-istanbul.jpg\" alt=\"\"\/><\/figure>\n\n<h2 class=\"wp-block-heading\">FAQ<\/h2>\n<div id=\"rank-math-faq\" class=\"rank-math-block\">\n<div class=\"rank-math-list \">\n<div id=\"faq-question-1682603361561\" class=\"rank-math-list-item\">\n<h3 class=\"rank-math-question \">Qu&rsquo;est-ce que le lifting des sourcils ?<\/h3>\n<div class=\"rank-math-answer \">\n\n<p>Le lifting des sourcils est une intervention chirurgicale qui permet de relever et de repositionner les sourcils dans une position plus jeune. Il permet de rem\u00e9dier \u00e0 l&rsquo;affaissement des sourcils, aux rides du front et aux rides du lion. L&rsquo;intervention consiste \u00e0 pratiquer des incisions, \u00e0 soulever et \u00e0 repositionner les tissus sous-jacents et \u00e0 retirer l&rsquo;exc\u00e8s de peau si n\u00e9cessaire. Diff\u00e9rentes techniques peuvent \u00eatre utilis\u00e9es et il est important de consulter un chirurgien qualifi\u00e9 pour d\u00e9terminer la meilleure approche pour vos besoins.<\/p>\n\n<\/div>\n<\/div>\n<div id=\"faq-question-1684417633032\" class=\"rank-math-list-item\">\n<h3 class=\"rank-math-question \">Le lifting des sourcils est-il douloureux ?<\/h3>\n<div class=\"rank-math-answer \">\n\n<p>Lors d&rsquo;un lifting des sourcils, il faut s&rsquo;attendre \u00e0 une certaine g\u00eane et \u00e0 une certaine douleur. Toutefois, l&rsquo;intervention est g\u00e9n\u00e9ralement r\u00e9alis\u00e9e sous anesth\u00e9sie afin que vous ne ressentiez aucune douleur pendant l&rsquo;op\u00e9ration elle-m\u00eame. Apr\u00e8s l&rsquo;intervention, il est normal de ressentir une certaine g\u00eane, un gonflement et une tension dans la zone trait\u00e9e. Votre chirurgien vous donnera des m\u00e9dicaments contre la douleur pour g\u00e9rer tout inconfort postop\u00e9ratoire. Il est important de suivre les instructions post-op\u00e9ratoires de votre chirurgien et de prendre les m\u00e9dicaments prescrits pour soulager la douleur. Le niveau de douleur ressentie peut varier d&rsquo;un individu \u00e0 l&rsquo;autre, mais la plupart des patients estiment que la g\u00eane est g\u00e9rable et s&rsquo;att\u00e9nue au fur et \u00e0 mesure que le processus de gu\u00e9rison progresse.<\/p>\n\n<\/div>\n<\/div>\n<div id=\"faq-question-1684417696234\" class=\"rank-math-list-item\">\n<h3 class=\"rank-math-question \">Le lifting des sourcils est-il permanent ?<\/h3>\n<div class=\"rank-math-answer \">\n\n<p>Le lifting des sourcils n&rsquo;est pas consid\u00e9r\u00e9 comme une solution permanente. Les r\u00e9sultats peuvent durer plusieurs ann\u00e9es, mais le processus naturel de vieillissement et d&rsquo;autres facteurs peuvent entra\u00eener une redescente progressive des sourcils au fil du temps.<\/p>\n\n<\/div>\n<\/div>\n<div id=\"faq-question-1684417804387\" class=\"rank-math-list-item\">\n<h3 class=\"rank-math-question \">Comment se d\u00e9roule le lifting frontal ?<\/h3>\n<div class=\"rank-math-answer \">\n\n<p>Le lifting frontal est une intervention chirurgicale r\u00e9alis\u00e9e sous anesth\u00e9sie. Le chirurgien pratique des incisions soit derri\u00e8re la ligne des cheveux, soit en utilisant des incisions plus petites \u00e0 l&rsquo;aide d&rsquo;un endoscope. Les tissus et les muscles sous-jacents du front sont soulev\u00e9s et repositionn\u00e9s, et l&rsquo;exc\u00e8s de peau est \u00e9limin\u00e9. Les incisions sont ensuite referm\u00e9es. L&rsquo;objectif est de relever les sourcils et d&rsquo;obtenir une apparence plus jeune. La technique sp\u00e9cifique utilis\u00e9e d\u00e9pend de facteurs individuels et de l&rsquo;expertise du chirurgien.<\/p>\n\n<\/div>\n<\/div>\n<\/div>\n<\/div>\n<p>\u00a0<\/p>\n\n<h3 class=\"wp-block-heading\">Contactez-nous d\u00e8s maintenant si vous avez des questions !<\/h3>\n","protected":false},"excerpt":{"rendered":"<p>Un lifting des sourcils peut \u00eatre ce dont vous avez besoin pour obtenir une apparence plus jeune et rajeunie. Cette [&hellip;]<\/p>\n","protected":false},"author":4,"featured_media":91820,"parent":0,"menu_order":0,"comment_status":"closed","ping_status":"closed","template":"","meta":{"site-sidebar-layout":"default","site-content-layout":"","ast-site-content-layout":"default","site-content-style":"default","site-sidebar-style":"default","ast-global-header-display":"","ast-banner-title-visibility":"","ast-main-header-display":"","ast-hfb-above-header-display":"","ast-hfb-below-header-display":"","ast-hfb-mobile-header-display":"","site-post-title":"","ast-breadcrumbs-content":"","ast-featured-img":"","footer-sml-layout":"","ast-disable-related-posts":"","theme-transparent-header-meta":"","adv-header-id-meta":"","stick-header-meta":"","header-above-stick-meta":"","header-main-stick-meta":"","header-below-stick-meta":"","astra-migrate-meta-layouts":"default","ast-page-background-enabled":"default","ast-page-background-meta":{"desktop":{"background-color":"var(--ast-global-color-4)","background-image":"","background-repeat":"repeat","background-position":"center center","background-size":"auto","background-attachment":"scroll","background-type":"","background-media":"","overlay-type":"","overlay-color":"","overlay-opacity":"","overlay-gradient":""},"tablet":{"background-color":"","background-image":"","background-repeat":"repeat","background-position":"center center","background-size":"auto","background-attachment":"scroll","background-type":"","background-media":"","overlay-type":"","overlay-color":"","overlay-opacity":"","overlay-gradient":""},"mobile":{"background-color":"","background-image":"","background-repeat":"repeat","background-position":"center center","background-size":"auto","background-attachment":"scroll","background-type":"","background-media":"","overlay-type":"","overlay-color":"","overlay-opacity":"","overlay-gradient":""}},"ast-content-background-meta":{"desktop":{"background-color":"var(--ast-global-color-5)","background-image":"","background-repeat":"repeat","background-position":"center center","background-size":"auto","background-attachment":"scroll","background-type":"","background-media":"","overlay-type":"","overlay-color":"","overlay-opacity":"","overlay-gradient":""},"tablet":{"background-color":"var(--ast-global-color-5)","background-image":"","background-repeat":"repeat","background-position":"center center","background-size":"auto","background-attachment":"scroll","background-type":"","background-media":"","overlay-type":"","overlay-color":"","overlay-opacity":"","overlay-gradient":""},"mobile":{"background-color":"var(--ast-global-color-5)","background-image":"","background-repeat":"repeat","background-position":"center center","background-size":"auto","background-attachment":"scroll","background-type":"","background-media":"","overlay-type":"","overlay-color":"","overlay-opacity":"","overlay-gradient":""}},"footnotes":""},"class_list":["post-146019","page","type-page","status-publish","has-post-thumbnail","hentry"],"_links":{"self":[{"href":"https:\/\/medclinics.com\/fr\/wp-json\/wp\/v2\/pages\/146019","targetHints":{"allow":["GET"]}}],"collection":[{"href":"https:\/\/medclinics.com\/fr\/wp-json\/wp\/v2\/pages"}],"about":[{"href":"https:\/\/medclinics.com\/fr\/wp-json\/wp\/v2\/types\/page"}],"author":[{"embeddable":true,"href":"https:\/\/medclinics.com\/fr\/wp-json\/wp\/v2\/users\/4"}],"replies":[{"embeddable":true,"href":"https:\/\/medclinics.com\/fr\/wp-json\/wp\/v2\/comments?post=146019"}],"version-history":[{"count":0,"href":"https:\/\/medclinics.com\/fr\/wp-json\/wp\/v2\/pages\/146019\/revisions"}],"wp:featuredmedia":[{"embeddable":true,"href":"https:\/\/medclinics.com\/fr\/wp-json\/wp\/v2\/media\/91820"}],"wp:attachment":[{"href":"https:\/\/medclinics.com\/fr\/wp-json\/wp\/v2\/media?parent=146019"}],"curies":[{"name":"wp","href":"https:\/\/api.w.org\/{rel}","templated":true}]}}