{"id":146007,"date":"2023-05-18T14:10:28","date_gmt":"2023-05-18T11:10:28","guid":{"rendered":"https:\/\/medclinics.com\/rhinoplastie-de-revision\/"},"modified":"2025-01-02T19:28:08","modified_gmt":"2025-01-02T16:28:08","slug":"rhinoplastie-de-revision","status":"publish","type":"page","link":"https:\/\/medclinics.com\/fr\/rhinoplastie-de-revision\/","title":{"rendered":"Rhinoplastie de r\u00e9vision"},"content":{"rendered":"\n<h2 class=\"wp-block-heading\">Si vous cherchez un moyen d&rsquo;obtenir l&rsquo;apparence que vous souhaitez, la rhinoplastie de r\u00e9vision peut \u00eatre le choix id\u00e9al.<\/h2>\n\n<p>La <a href=\"https:\/\/medclinics.com\/fr\/rhinoplastie-pose-de-nez\/\" target=\"_blank\" rel=\"noreferrer noopener\" data-type=\"page\" data-id=\"77372\">rhinoplastie de r\u00e9vision<\/a>, \u00e9galement appel\u00e9e rhinoplastie secondaire, est une intervention chirurgicale visant \u00e0 corriger ou \u00e0 am\u00e9liorer les r\u00e9sultats d&rsquo;une pr\u00e9c\u00e9dente chirurgie du nez. Elle est g\u00e9n\u00e9ralement pratiqu\u00e9e lorsque la rhinoplastie initiale n&rsquo;a pas r\u00e9pondu aux attentes du patient ou lorsque des probl\u00e8mes fonctionnels surviennent apr\u00e8s l&rsquo;intervention.<\/p>\n\n<p>Raisons de la r\u00e9vision de la rhinoplastie :<\/p>\n\n<ul class=\"wp-block-list\">\n<li>Probl\u00e8mes esth\u00e9tiques : Si un patient n&rsquo;est pas satisfait du r\u00e9sultat esth\u00e9tique de la <a href=\"https:\/\/en.wikipedia.org\/wiki\/Rhinoplasty\" target=\"_blank\" rel=\"noreferrer noopener\">rhinoplastie<\/a> initiale, la chirurgie de r\u00e9vision peut r\u00e9soudre des probl\u00e8mes tels que l&rsquo;asym\u00e9trie, un nez tordu ou trop projet\u00e9, une ablation excessive de tissu ou d&rsquo;autres imperfections esth\u00e9tiques.<\/li>\n\n\n\n<li>Probl\u00e8mes fonctionnels : Parfois, la rhinoplastie primaire peut entra\u00eener des difficult\u00e9s respiratoires ou d&rsquo;autres probl\u00e8mes fonctionnels, tels qu&rsquo;un affaissement de la valve nasale ou une obstruction des voies respiratoires. Il peut corriger ces probl\u00e8mes et am\u00e9liorer la fonction nasale.<\/li>\n\n\n\n<li>Traumatisme ou blessure : Dans certains cas, un patient peut avoir besoin d&rsquo;une rhinoplastie de r\u00e9vision en raison d&rsquo;un traumatisme nasal ou d&rsquo;une blessure qui a modifi\u00e9 l&rsquo;apparence ou la fonction du nez apr\u00e8s la chirurgie initiale.<\/li>\n\n\n\n<li>Vieillissement naturel : Avec le temps, les effets du vieillissement peuvent affecter l&rsquo;apparence du nez, y compris les modifications de la pointe nasale ou de la structure nasale. Il peut rem\u00e9dier \u00e0 ces changements et redonner une apparence plus jeune.<\/li>\n<\/ul>\n\n<h3 class=\"wp-block-heading\">Tout ce que vous devez savoir sur la <a href=\"https:\/\/medclinics.com\/fr\/chirurgie-plastique-et-esthetique\/\" target=\"_blank\" rel=\"noreferrer noopener\">chirurgie esth\u00e9tique et plastique<\/a>, y compris le prix, les soins et le processus de gu\u00e9rison, ou <a href=\"#requestform\">contactez-nous<\/a>!<\/h3>\n\n<figure class=\"wp-block-image size-full\"><img fetchpriority=\"high\" decoding=\"async\" width=\"960\" height=\"540\" class=\"wp-image-97595\" src=\"https:\/\/medclinics.com\/wp-content\/uploads\/2023\/07\/revision-rhinoplasty-near-me.jpg\" alt=\"Rhinoplastie de r&#xE9;vision pr&#xE8;s de chez moi\" srcset=\"https:\/\/medclinics.com\/wp-content\/uploads\/2023\/07\/revision-rhinoplasty-near-me.jpg 960w, https:\/\/medclinics.com\/wp-content\/uploads\/2023\/07\/revision-rhinoplasty-near-me-500x281.jpg 500w, https:\/\/medclinics.com\/wp-content\/uploads\/2023\/07\/revision-rhinoplasty-near-me-768x432.jpg 768w, https:\/\/medclinics.com\/wp-content\/uploads\/2023\/07\/revision-rhinoplasty-near-me-24x14.jpg 24w, https:\/\/medclinics.com\/wp-content\/uploads\/2023\/07\/revision-rhinoplasty-near-me-36x20.jpg 36w, https:\/\/medclinics.com\/wp-content\/uploads\/2023\/07\/revision-rhinoplasty-near-me-48x27.jpg 48w\" sizes=\"(max-width: 960px) 100vw, 960px\" \/><\/figure>\n\n<h2 class=\"wp-block-heading\">FAQ<\/h2>\n<div id=\"rank-math-faq\" class=\"rank-math-block\">\n<div class=\"rank-math-list \">\n<div id=\"faq-question-1682666956133\" class=\"rank-math-list-item\">\n<h3 class=\"rank-math-question \">La rhinoplastie de r\u00e9vision en vaut-elle la peine ?<\/h3>\n<div class=\"rank-math-answer \">\n\n<p>Le bien-fond\u00e9 d&rsquo;une rhinoplastie de r\u00e9vision d\u00e9pend des circonstances individuelles. Pour les personnes qui ne sont pas satisfaites des r\u00e9sultats ou qui ont des probl\u00e8mes fonctionnels apr\u00e8s une rhinoplastie ant\u00e9rieure, la chirurgie de r\u00e9vision peut offrir une possibilit\u00e9 d&rsquo;am\u00e9lioration et de satisfaction accrue. Toutefois, il est essentiel d&rsquo;avoir des attentes r\u00e9alistes et de comprendre que la perfection n&rsquo;est pas toujours au rendez-vous. Les consid\u00e9rations \u00e9motionnelles et financi\u00e8res doivent \u00e9galement \u00eatre prises en compte, car le fait de subir une nouvelle intervention chirurgicale implique des investissements dans ces deux domaines. Le choix d&rsquo;un chirurgien comp\u00e9tent et exp\u00e9riment\u00e9, sp\u00e9cialis\u00e9 dans la rhinoplastie de r\u00e9vision, est essentiel pour obtenir des r\u00e9sultats optimaux. Il est recommand\u00e9 de consulter un chirurgien plasticien qualifi\u00e9 pour \u00e9valuer votre situation sp\u00e9cifique et d\u00e9terminer si la rhinoplastie de r\u00e9vision est le bon choix pour vous.<\/p>\n\n<\/div>\n<\/div>\n<div id=\"faq-question-1684418611893\" class=\"rank-math-list-item\">\n<h3 class=\"rank-math-question \">Une r\u00e9vision de la rhinoplastie est-elle n\u00e9cessaire ?<\/h3>\n<div class=\"rank-math-answer \">\n\n<p>Elle peut s&rsquo;av\u00e9rer n\u00e9cessaire dans certains cas o\u00f9 les personnes ne sont pas satisfaites des r\u00e9sultats ou rencontrent des probl\u00e8mes fonctionnels apr\u00e8s une rhinoplastie ant\u00e9rieure. Toutefois, la n\u00e9cessit\u00e9 d&rsquo;une reprise chirurgicale d\u00e9pend des circonstances sp\u00e9cifiques et des pr\u00e9occupations individuelles. Il est recommand\u00e9 de consulter un chirurgien plasticien qualifi\u00e9 qui pourra \u00e9valuer votre situation et d\u00e9terminer s&rsquo;il est n\u00e9cessaire de r\u00e9pondre \u00e0 vos pr\u00e9occupations esth\u00e9tiques ou fonctionnelles. Ils peuvent \u00e9valuer la possibilit\u00e9 d&rsquo;atteindre les r\u00e9sultats souhait\u00e9s et fournir des recommandations personnalis\u00e9es en fonction de vos besoins uniques. En fin de compte, la d\u00e9cision de subir une rhinoplastie de r\u00e9vision doit \u00eatre fond\u00e9e sur une \u00e9valuation approfondie des avantages, des risques et de l&rsquo;impact potentiel sur votre bien-\u00eatre g\u00e9n\u00e9ral.<\/p>\n\n<\/div>\n<\/div>\n<div id=\"faq-question-1684418615131\" class=\"rank-math-list-item\">\n<h3 class=\"rank-math-question \">La rhinoplastie de r\u00e9vision peut-elle \u00eatre couronn\u00e9e de succ\u00e8s ?<\/h3>\n<div class=\"rank-math-answer \">\n\n<p>Oui, la rhinoplastie de r\u00e9vision peut permettre de r\u00e9soudre les probl\u00e8mes et les complications li\u00e9s \u00e0 une rhinoplastie ant\u00e9rieure. Son succ\u00e8s d\u00e9pend de plusieurs facteurs, notamment des comp\u00e9tences et de l&rsquo;exp\u00e9rience du chirurgien, des probl\u00e8mes sp\u00e9cifiques \u00e0 r\u00e9soudre, de l&rsquo;anatomie unique de la personne et d&rsquo;attentes r\u00e9alistes.<\/p>\n\n<\/div>\n<\/div>\n<div id=\"faq-question-1684418728528\" class=\"rank-math-list-item\">\n<h3 class=\"rank-math-question \">Pourquoi la rhinoplastie de r\u00e9vision est-elle si difficile ?<\/h3>\n<div class=\"rank-math-answer \">\n\n<p>La rhinoplastie de r\u00e9vision est souvent consid\u00e9r\u00e9e comme plus difficile que la rhinoplastie primaire en raison de facteurs tels que la modification de l&rsquo;anatomie, le tissu cicatriciel, la disponibilit\u00e9 limit\u00e9e du mat\u00e9riel de greffe, les facteurs psychologiques et la n\u00e9cessit\u00e9 d&rsquo;une expertise chirurgicale avanc\u00e9e. La pr\u00e9sence de tissu cicatriciel et de structures nasales alt\u00e9r\u00e9es par une intervention chirurgicale ant\u00e9rieure peut rendre la manipulation et le remodelage des tissus plus difficiles. La disponibilit\u00e9 limit\u00e9e de mat\u00e9riaux provenant de donneurs pour la greffe peut n\u00e9cessiter d&rsquo;autres approches. Les patients qui subissent une reprise chirurgicale peuvent avoir un niveau d&rsquo;anxi\u00e9t\u00e9 plus \u00e9lev\u00e9 et des attentes sp\u00e9cifiques. Les chirurgiens sp\u00e9cialis\u00e9s dans la rhinoplastie de r\u00e9vision poss\u00e8dent l&rsquo;expertise n\u00e9cessaire pour relever ces d\u00e9fis. Le choix d&rsquo;un chirurgien qualifi\u00e9 et exp\u00e9riment\u00e9, des attentes r\u00e9alistes et une planification pr\u00e9op\u00e9ratoire minutieuse sont importants pour obtenir un r\u00e9sultat satisfaisant.<\/p>\n\n<\/div>\n<\/div>\n<\/div>\n<\/div>\n<p>\u00a0<\/p>\n\n<h3 class=\"wp-block-heading\">Contactez-nous d\u00e8s maintenant si vous avez des questions !<\/h3>\n","protected":false},"excerpt":{"rendered":"<p>Si vous cherchez un moyen d&rsquo;obtenir l&rsquo;apparence que vous souhaitez, la rhinoplastie de r\u00e9vision peut \u00eatre le choix id\u00e9al. La [&hellip;]<\/p>\n","protected":false},"author":4,"featured_media":91485,"parent":0,"menu_order":0,"comment_status":"closed","ping_status":"closed","template":"","meta":{"site-sidebar-layout":"default","site-content-layout":"","ast-site-content-layout":"default","site-content-style":"default","site-sidebar-style":"default","ast-global-header-display":"","ast-banner-title-visibility":"","ast-main-header-display":"","ast-hfb-above-header-display":"","ast-hfb-below-header-display":"","ast-hfb-mobile-header-display":"","site-post-title":"","ast-breadcrumbs-content":"","ast-featured-img":"","footer-sml-layout":"","ast-disable-related-posts":"","theme-transparent-header-meta":"","adv-header-id-meta":"","stick-header-meta":"","header-above-stick-meta":"","header-main-stick-meta":"","header-below-stick-meta":"","astra-migrate-meta-layouts":"default","ast-page-background-enabled":"default","ast-page-background-meta":{"desktop":{"background-color":"var(--ast-global-color-4)","background-image":"","background-repeat":"repeat","background-position":"center center","background-size":"auto","background-attachment":"scroll","background-type":"","background-media":"","overlay-type":"","overlay-color":"","overlay-opacity":"","overlay-gradient":""},"tablet":{"background-color":"","background-image":"","background-repeat":"repeat","background-position":"center center","background-size":"auto","background-attachment":"scroll","background-type":"","background-media":"","overlay-type":"","overlay-color":"","overlay-opacity":"","overlay-gradient":""},"mobile":{"background-color":"","background-image":"","background-repeat":"repeat","background-position":"center center","background-size":"auto","background-attachment":"scroll","background-type":"","background-media":"","overlay-type":"","overlay-color":"","overlay-opacity":"","overlay-gradient":""}},"ast-content-background-meta":{"desktop":{"background-color":"var(--ast-global-color-5)","background-image":"","background-repeat":"repeat","background-position":"center center","background-size":"auto","background-attachment":"scroll","background-type":"","background-media":"","overlay-type":"","overlay-color":"","overlay-opacity":"","overlay-gradient":""},"tablet":{"background-color":"var(--ast-global-color-5)","background-image":"","background-repeat":"repeat","background-position":"center center","background-size":"auto","background-attachment":"scroll","background-type":"","background-media":"","overlay-type":"","overlay-color":"","overlay-opacity":"","overlay-gradient":""},"mobile":{"background-color":"var(--ast-global-color-5)","background-image":"","background-repeat":"repeat","background-position":"center center","background-size":"auto","background-attachment":"scroll","background-type":"","background-media":"","overlay-type":"","overlay-color":"","overlay-opacity":"","overlay-gradient":""}},"footnotes":""},"class_list":["post-146007","page","type-page","status-publish","has-post-thumbnail","hentry"],"_links":{"self":[{"href":"https:\/\/medclinics.com\/fr\/wp-json\/wp\/v2\/pages\/146007","targetHints":{"allow":["GET"]}}],"collection":[{"href":"https:\/\/medclinics.com\/fr\/wp-json\/wp\/v2\/pages"}],"about":[{"href":"https:\/\/medclinics.com\/fr\/wp-json\/wp\/v2\/types\/page"}],"author":[{"embeddable":true,"href":"https:\/\/medclinics.com\/fr\/wp-json\/wp\/v2\/users\/4"}],"replies":[{"embeddable":true,"href":"https:\/\/medclinics.com\/fr\/wp-json\/wp\/v2\/comments?post=146007"}],"version-history":[{"count":0,"href":"https:\/\/medclinics.com\/fr\/wp-json\/wp\/v2\/pages\/146007\/revisions"}],"wp:featuredmedia":[{"embeddable":true,"href":"https:\/\/medclinics.com\/fr\/wp-json\/wp\/v2\/media\/91485"}],"wp:attachment":[{"href":"https:\/\/medclinics.com\/fr\/wp-json\/wp\/v2\/media?parent=146007"}],"curies":[{"name":"wp","href":"https:\/\/api.w.org\/{rel}","templated":true}]}}