{"id":145851,"date":"2023-05-18T08:54:03","date_gmt":"2023-05-18T05:54:03","guid":{"rendered":"https:\/\/medclinics.com\/dents-de-sagesse\/"},"modified":"2024-04-01T17:27:09","modified_gmt":"2024-04-01T14:27:09","slug":"dents-de-sagesse","status":"publish","type":"page","link":"https:\/\/medclinics.com\/fr\/dents-de-sagesse\/","title":{"rendered":"Dents de sagesse"},"content":{"rendered":"\n<h2 class=\"wp-block-heading\">Si vous cherchez un moyen de rire naturellement, le traitement des dents de sagesse peut \u00eatre le choix id\u00e9al.<\/h2>\n\n<p>Avec l&rsquo;\u00e2ge, notre corps subit de nombreux changements. L&rsquo;une d&rsquo;entre elles est l&rsquo;apparition des <a href=\"https:\/\/en.wikipedia.org\/wiki\/Wisdom_tooth\" target=\"_blank\" rel=\"noreferrer noopener\">dents de sagesse<\/a>, \u00e9galement appel\u00e9es troisi\u00e8mes molaires. Ces derniers sont situ\u00e9s \u00e0 l&rsquo;arri\u00e8re de la bouche et apparaissent g\u00e9n\u00e9ralement entre 17 et 25 ans.<\/p>\n\n<p>Si certaines personnes ne les d\u00e9veloppent jamais ou en ont plus de quatre, d&rsquo;autres rencontrent des probl\u00e8mes lorsque leurs dents sont incluses, c&rsquo;est-\u00e0-dire qu&rsquo;elles ne sortent pas compl\u00e8tement de sous la gencive. Cela peut entra\u00eener des douleurs, des gonflements et m\u00eame des infections qui peuvent affecter non seulement les m\u00e2choires \u00e9gar\u00e9es, mais aussi les m\u00e2choires voisines !<\/p>\n\n<p>Il n&rsquo;est donc pas \u00e9tonnant que les dentistes recommandent d&rsquo;extraire les dents de sagesse probl\u00e9matiques avant qu&rsquo;elles ne causent d&rsquo;autres probl\u00e8mes, tels que le d\u00e9salignement d&rsquo;autres parties de la m\u00e2choire ! Chaque cas doit \u00eatre \u00e9valu\u00e9 individuellement par un dentiste professionnel ou un chirurgien buccal qui d\u00e9terminera si l&rsquo;extraction est n\u00e9cessaire en fonction de circonstances sp\u00e9cifiques qui vous sont propres.<\/p>\n\n<h3 class=\"wp-block-heading\">Tout ce que vous devez savoir sur les <a href=\"https:\/\/medclinics.com\/dental-treatment\/\" target=\"_blank\" rel=\"noreferrer noopener\">traitements dentaires<\/a>, y compris le prix, les soins et le processus de gu\u00e9rison, ou <a href=\"#requestform\">contactez-nous<\/a>!<\/h3>\n\n<figure class=\"wp-block-image size-full\"><img fetchpriority=\"high\" decoding=\"async\" width=\"960\" height=\"540\" class=\"wp-image-98288\" src=\"https:\/\/medclinics.com\/wp-content\/uploads\/2023\/07\/wisdom-teeth-treatment-near-me.jpg\" alt=\"Dents de sagesse pr&#xE8;s de chez moi\" srcset=\"https:\/\/medclinics.com\/wp-content\/uploads\/2023\/07\/wisdom-teeth-treatment-near-me.jpg 960w, https:\/\/medclinics.com\/wp-content\/uploads\/2023\/07\/wisdom-teeth-treatment-near-me-500x281.jpg 500w, https:\/\/medclinics.com\/wp-content\/uploads\/2023\/07\/wisdom-teeth-treatment-near-me-768x432.jpg 768w, https:\/\/medclinics.com\/wp-content\/uploads\/2023\/07\/wisdom-teeth-treatment-near-me-24x14.jpg 24w, https:\/\/medclinics.com\/wp-content\/uploads\/2023\/07\/wisdom-teeth-treatment-near-me-36x20.jpg 36w, https:\/\/medclinics.com\/wp-content\/uploads\/2023\/07\/wisdom-teeth-treatment-near-me-48x27.jpg 48w\" sizes=\"(max-width: 960px) 100vw, 960px\" \/><\/figure>\n\n<h2 class=\"wp-block-heading\">FAQ<\/h2>\n<div id=\"rank-math-faq\" class=\"rank-math-block\">\n<div class=\"rank-math-list \">\n<div id=\"faq-question-1682603361561\" class=\"rank-math-list-item\">\n<h3 class=\"rank-math-question \">Quand les dents de sagesse poussent-elles ?<\/h3>\n<div class=\"rank-math-answer \">\n\n<p>Les dents de sagesse, \u00e9galement appel\u00e9es troisi\u00e8mes molaires, commencent g\u00e9n\u00e9ralement \u00e0 pousser \u00e0 la fin de l&rsquo;adolescence ou au d\u00e9but de la vingtaine. Le moment exact peut varier d&rsquo;une personne \u00e0 l&rsquo;autre. Certaines personnes peuvent avoir une dent de sagesse compl\u00e8tement \u00e9rig\u00e9e et bien align\u00e9e, tandis que d&rsquo;autres peuvent rencontrer des probl\u00e8mes tels que des dents de sagesse incluses, qui ne peuvent pas \u00e9merger compl\u00e8tement en raison d&rsquo;un manque d&rsquo;espace dans la m\u00e2choire. Si vous avez des inqui\u00e9tudes, il est recommand\u00e9 de consulter un dentiste ou un chirurgien buccal pour une \u00e9valuation.<\/p>\n\n<\/div>\n<\/div>\n<div id=\"faq-question-1682665852961\" class=\"rank-math-list-item\">\n<h3 class=\"rank-math-question \">Comment proc\u00e8de-t-on \u00e0 l&rsquo;extraction des dents de sagesse ?<\/h3>\n<div class=\"rank-math-answer \">\n\n<p>L&rsquo;extraction des dents de sagesse implique un examen, des radiographies, une anesth\u00e9sie, une incision, une extraction, un nettoyage et d&rsquo;\u00e9ventuelles sutures. Les soins post-op\u00e9ratoires comprennent la prise en charge de l&rsquo;\u0153d\u00e8me et de l&rsquo;inconfort. La complexit\u00e9 de la proc\u00e9dure d\u00e9pend de l&rsquo;\u00e9tat des dents.<\/p>\n\n<\/div>\n<\/div>\n<div id=\"faq-question-1682666623404\" class=\"rank-math-list-item\">\n<h3 class=\"rank-math-question \">Les dents de sagesse peuvent-elles provoquer des douleurs \u00e0 l&rsquo;oreille ?<\/h3>\n<div class=\"rank-math-answer \">\n\n<p>Oui, les dents de sagesse incluses ou enflamm\u00e9es peuvent provoquer des douleurs dans l&rsquo;oreille en raison de la proximit\u00e9 des nerfs. Il est conseill\u00e9 de demander une \u00e9valuation professionnelle \u00e0 un dentiste ou \u00e0 un chirurgien buccal afin de d\u00e9terminer la cause et le traitement appropri\u00e9.<\/p>\n\n<\/div>\n<\/div>\n<div id=\"faq-question-1682666956133\" class=\"rank-math-list-item\">\n<h3 class=\"rank-math-question \">Les dents de sagesse peuvent-elles provoquer des maux de t\u00eate ?<\/h3>\n<div class=\"rank-math-answer \">\n\n<p>Oui, les dents de sagesse peuvent parfois provoquer des maux de t\u00eate. Lorsqu&rsquo;elles sont incluses ou qu&rsquo;elles font \u00e9ruption dans une mauvaise position, elles peuvent exercer une pression sur les structures environnantes, notamment la m\u00e2choire, les sinus et les nerfs. Cette pression et cette inflammation peuvent entra\u00eener des sympt\u00f4mes de maux de t\u00eate, notamment des c\u00e9phal\u00e9es de tension ou des douleurs r\u00e9f\u00e9r\u00e9es \u00e0 d&rsquo;autres r\u00e9gions de la t\u00eate. Si vous souffrez de maux de t\u00eate persistants et que vous pensez qu&rsquo;ils peuvent \u00eatre li\u00e9s \u00e0 vos dents, il est recommand\u00e9 de consulter un professionnel des soins dentaires pour un examen et des recommandations de traitement appropri\u00e9es.<\/p>\n\n<\/div>\n<\/div>\n<\/div>\n<\/div>\n<p>\u00a0<\/p>\n\n<h3 class=\"wp-block-heading\">Contactez-nous d\u00e8s maintenant si vous avez des questions !<\/h3>\n","protected":false},"excerpt":{"rendered":"<p>Si vous cherchez un moyen de rire naturellement, le traitement des dents de sagesse peut \u00eatre le choix id\u00e9al. Avec [&hellip;]<\/p>\n","protected":false},"author":4,"featured_media":92456,"parent":0,"menu_order":0,"comment_status":"closed","ping_status":"closed","template":"","meta":{"site-sidebar-layout":"default","site-content-layout":"","ast-site-content-layout":"default","site-content-style":"default","site-sidebar-style":"default","ast-global-header-display":"","ast-banner-title-visibility":"","ast-main-header-display":"","ast-hfb-above-header-display":"","ast-hfb-below-header-display":"","ast-hfb-mobile-header-display":"","site-post-title":"","ast-breadcrumbs-content":"","ast-featured-img":"","footer-sml-layout":"","ast-disable-related-posts":"","theme-transparent-header-meta":"","adv-header-id-meta":"","stick-header-meta":"","header-above-stick-meta":"","header-main-stick-meta":"","header-below-stick-meta":"","astra-migrate-meta-layouts":"default","ast-page-background-enabled":"default","ast-page-background-meta":{"desktop":{"background-color":"var(--ast-global-color-4)","background-image":"","background-repeat":"repeat","background-position":"center center","background-size":"auto","background-attachment":"scroll","background-type":"","background-media":"","overlay-type":"","overlay-color":"","overlay-opacity":"","overlay-gradient":""},"tablet":{"background-color":"","background-image":"","background-repeat":"repeat","background-position":"center center","background-size":"auto","background-attachment":"scroll","background-type":"","background-media":"","overlay-type":"","overlay-color":"","overlay-opacity":"","overlay-gradient":""},"mobile":{"background-color":"","background-image":"","background-repeat":"repeat","background-position":"center center","background-size":"auto","background-attachment":"scroll","background-type":"","background-media":"","overlay-type":"","overlay-color":"","overlay-opacity":"","overlay-gradient":""}},"ast-content-background-meta":{"desktop":{"background-color":"var(--ast-global-color-5)","background-image":"","background-repeat":"repeat","background-position":"center center","background-size":"auto","background-attachment":"scroll","background-type":"","background-media":"","overlay-type":"","overlay-color":"","overlay-opacity":"","overlay-gradient":""},"tablet":{"background-color":"var(--ast-global-color-5)","background-image":"","background-repeat":"repeat","background-position":"center center","background-size":"auto","background-attachment":"scroll","background-type":"","background-media":"","overlay-type":"","overlay-color":"","overlay-opacity":"","overlay-gradient":""},"mobile":{"background-color":"var(--ast-global-color-5)","background-image":"","background-repeat":"repeat","background-position":"center center","background-size":"auto","background-attachment":"scroll","background-type":"","background-media":"","overlay-type":"","overlay-color":"","overlay-opacity":"","overlay-gradient":""}},"footnotes":""},"class_list":["post-145851","page","type-page","status-publish","has-post-thumbnail","hentry"],"_links":{"self":[{"href":"https:\/\/medclinics.com\/fr\/wp-json\/wp\/v2\/pages\/145851","targetHints":{"allow":["GET"]}}],"collection":[{"href":"https:\/\/medclinics.com\/fr\/wp-json\/wp\/v2\/pages"}],"about":[{"href":"https:\/\/medclinics.com\/fr\/wp-json\/wp\/v2\/types\/page"}],"author":[{"embeddable":true,"href":"https:\/\/medclinics.com\/fr\/wp-json\/wp\/v2\/users\/4"}],"replies":[{"embeddable":true,"href":"https:\/\/medclinics.com\/fr\/wp-json\/wp\/v2\/comments?post=145851"}],"version-history":[{"count":0,"href":"https:\/\/medclinics.com\/fr\/wp-json\/wp\/v2\/pages\/145851\/revisions"}],"wp:featuredmedia":[{"embeddable":true,"href":"https:\/\/medclinics.com\/fr\/wp-json\/wp\/v2\/media\/92456"}],"wp:attachment":[{"href":"https:\/\/medclinics.com\/fr\/wp-json\/wp\/v2\/media?parent=145851"}],"curies":[{"name":"wp","href":"https:\/\/api.w.org\/{rel}","templated":true}]}}