{"id":145839,"date":"2023-05-31T08:30:15","date_gmt":"2023-05-31T05:30:15","guid":{"rendered":"https:\/\/medclinics.com\/mesotherapie\/"},"modified":"2024-04-08T16:34:42","modified_gmt":"2024-04-08T13:34:42","slug":"mesotherapie","status":"publish","type":"page","link":"https:\/\/medclinics.com\/fr\/mesotherapie\/","title":{"rendered":"M\u00e9soth\u00e9rapie"},"content":{"rendered":"\n<h3 class=\"wp-block-heading\" id=\"mesotherapy-involves-injecting-a-mixture-of-different-components-such-as-hyaluronic-acid-vitamins-amino-acids-and-proteins-under-the-skin\">La m\u00e9soth\u00e9rapie consiste \u00e0 injecter sous la peau un m\u00e9lange de diff\u00e9rents composants tels que l&rsquo;acide hyaluronique, des vitamines, des acides amin\u00e9s et des prot\u00e9ines.<\/h3>\n\n<div class=\"wp-block-rank-math-toc-block\" id=\"rank-math-toc\"><h2>Table des mati\u00e8res<\/h2><nav><ul><li><a href=\"#types-and-methods\">Types et m\u00e9thodes<\/a><\/li><li><a href=\"#treatment-plan\">Plan de traitement<\/a><\/li><li><a href=\"#aftercare\">Postcure<\/a><\/li><li><a href=\"#top-mesotherapy-costs-by-country\">Co\u00fbts les plus \u00e9lev\u00e9s de la m\u00e9soth\u00e9rapie par pays<\/a><\/li><li><a href=\"#faq\">FAQ<\/a><\/li><li><a href=\"#history\">L&rsquo;histoire<\/a><\/li><\/ul><\/nav><\/div>\n\n<h3 class=\"wp-block-heading\" id=\"so-what-is-mesotherapy\">Qu&rsquo;est-ce que c&rsquo;est ?<\/h3>\n\n<p>La m\u00e9soth\u00e9rapie est l&rsquo;injection intradermique de cocktails de pr\u00e9parations. Ces cocktails peuvent comprendre jusqu&rsquo;\u00e0 50 composants.<\/p>\n\n<h3 class=\"wp-block-heading\" id=\"mesotherapy-cocktails-can-contain\">Les cocktails de m\u00e9soth\u00e9rapie peuvent contenir<\/h3>\n\n<ul class=\"wp-block-list\">\n<li>L&rsquo;<strong>acide hyaluronique<\/strong> est la substance num\u00e9ro un pour le rajeunissement et la revitalisation de la peau. Il lie les mol\u00e9cules d&rsquo;eau, retenant ainsi l&rsquo;humidit\u00e9 dans les tissus. L&rsquo;acide hyaluronique permet la division cellulaire, le m\u00e9tabolisme et les processus de r\u00e9g\u00e9n\u00e9ration. L&rsquo;acide hyaluronique contribue \u00e0 renforcer les fonctions de barri\u00e8re de la peau.<\/li>\n\n\n\n<li><strong>Acides amin\u00e9s<\/strong>. Les \u00ab\u00a0\u00e9l\u00e9ments constitutifs\u00a0\u00bb des prot\u00e9ines. Ils stimulent la synth\u00e8se du collag\u00e8ne et de l&rsquo;\u00e9lastine et favorisent le rajeunissement.<\/li>\n\n\n\n<li><strong>Vitamines<\/strong>. Nourrir la peau. \u00c9limine les signes du photovieillissement, prot\u00e8ge contre les rayons ultraviolets, favorise la fermet\u00e9 et la tonicit\u00e9.<\/li>\n\n\n\n<li><strong>Substances et extraits v\u00e9g\u00e9taux.  <\/strong>Calme l&rsquo;inflammation, hydrate, soulage les gonflements, donne un aspect frais et raffermi \u00e0 la peau.<\/li>\n\n\n\n<li><strong>Peptides<\/strong>. Ils assurent la r\u00e9g\u00e9n\u00e9ration, ont des propri\u00e9t\u00e9s antioxydantes et renforcent les parois vasculaires.<\/li>\n<\/ul>\n\n<figure class=\"wp-block-image size-full\"><img fetchpriority=\"high\" decoding=\"async\" width=\"780\" height=\"488\" src=\"https:\/\/medclinics.com\/wp-content\/uploads\/2024\/04\/Mesotherapy-Beauty-Salon-near-me.jpg\" alt=\"M&#xE9;soth&#xE9;rapie-Salon de beaut&#xE9; pr&#xE8;s de chez moi\" class=\"wp-image-161777\" srcset=\"https:\/\/medclinics.com\/wp-content\/uploads\/2024\/04\/Mesotherapy-Beauty-Salon-near-me.jpg 780w, https:\/\/medclinics.com\/wp-content\/uploads\/2024\/04\/Mesotherapy-Beauty-Salon-near-me-300x188.jpg 300w, https:\/\/medclinics.com\/wp-content\/uploads\/2024\/04\/Mesotherapy-Beauty-Salon-near-me-768x480.jpg 768w\" sizes=\"(max-width: 780px) 100vw, 780px\" \/><\/figure>\n\n<h2 class=\"wp-block-heading\" id=\"types-and-methods\">Types et m\u00e9thodes<\/h2>\n\n<ul class=\"wp-block-list\">\n<li><strong>Injection <\/strong>&#8211; le m\u00e9dicament est administr\u00e9 dans les couches moyennes de la peau \u00e0 l&rsquo;aide de seringues munies d&rsquo;aiguilles ultrafines.<\/li>\n\n\n\n<li><strong>Application par machine <\/strong>&#8211; un m\u00e9sococktail est appliqu\u00e9 sur la peau, puis la zone est trait\u00e9e \u00e0 l&rsquo;aide de la buse de la machine. La capacit\u00e9 de p\u00e9n\u00e9tration de la membrane cellulaire est multipli\u00e9e par pr\u00e8s de 400 pendant le traitement.<\/li>\n\n\n\n<li><strong>M\u00e9soroller <\/strong>&#8211; utilisation d&rsquo;un rouleau sp\u00e9cial dont la surface est recouverte d&rsquo;aiguilles courtes et fines. Le produit est d&rsquo;abord appliqu\u00e9 sur la peau, puis roul\u00e9 \u00e0 l&rsquo;aide d&rsquo;un rouleau afin que le m\u00e9sococktail atteigne les couches plus profondes.<\/li>\n\n\n\n<li>Le <strong>fractionnement<\/strong> est une technique de micro-injection. Les injections sont r\u00e9alis\u00e9es \u00e0 l&rsquo;aide d&rsquo;un embout sp\u00e9cial recouvert d&rsquo;argent et de micro-aiguilles. La profondeur d&rsquo;injection peut atteindre plusieurs millim\u00e8tres.<\/li>\n\n\n\n<li><strong>Oxyg\u00e8ne <\/strong>&#8211; le m\u00e9dicament p\u00e9n\u00e8tre dans la peau sous la pression d&rsquo;un flux d&rsquo;oxyg\u00e8ne.<\/li>\n\n\n\n<li><strong>Laser <\/strong>&#8211; la peau est satur\u00e9e de substances b\u00e9n\u00e9fiques sous l&rsquo;influence du laser infrarouge.<\/li>\n<\/ul>\n\n<h2 class=\"wp-block-heading\" id=\"treatment-plan\">Plan de traitement<\/h2>\n\n<p>Le traitement est r\u00e9alis\u00e9 en ambulatoire.<\/p>\n\n<p>En comptant le temps de pr\u00e9paration, vous devez pr\u00e9voir un total d&rsquo;environ 2 heures pour votre m\u00e9soth\u00e9rapie.<\/p>\n\n<h3 class=\"wp-block-heading\" id=\"mesotherapy-for\">M\u00e9soth\u00e9rapie pour :<\/h3>\n\n<ul class=\"wp-block-list\">\n<li><strong>Cernes et poches sous les yeux.  <\/strong>Cette th\u00e9rapie normalise le flux lymphatique, \u00e9limine les d\u00e9p\u00f4ts de graisse localis\u00e9s et retend la peau pour lutter efficacement contre les poches sous les yeux. De plus, sa capacit\u00e9 \u00e0 restaurer le teint normal de la peau permet d&rsquo;\u00e9liminer les cernes.<\/li>\n\n\n\n<li><strong>Taches pigmentaires.  <\/strong>Ils sont \u00e9limin\u00e9s en raison de la pr\u00e9sence de substances d\u00e9truisant la m\u00e9lanine dans les m\u00e9sococktails. Apr\u00e8s 2 ou 3 traitements, la pigmentation s&rsquo;\u00e9claircit.<\/li>\n\n\n\n<li><strong>Rides<\/strong>. Cette th\u00e9rapie est la m\u00e9thode la plus r\u00e9pandue et la plus \u00e9conome pour \u00e9liminer les rides, y compris les rides d&rsquo;expression, les pattes d&rsquo;oie et les plis du front.<\/li>\n\n\n\n<li><strong>Boutons<\/strong>. Certains m\u00e9sococktails contiennent des ingr\u00e9dients antibact\u00e9riens sp\u00e9cialement con\u00e7us pour lutter contre l&rsquo;acn\u00e9. Elles tuent les bact\u00e9ries \u00e0 l&rsquo;origine de l&rsquo;anomalie et les injections elles-m\u00eames d\u00e9clenchent des processus de r\u00e9g\u00e9n\u00e9ration. La peau devient saine et fra\u00eeche.<\/li>\n\n\n\n<li><strong>Alop\u00e9cie et perte de cheveux<\/strong>. La th\u00e9rapie normalise les glandes s\u00e9bac\u00e9es du cuir chevelu, active la croissance des cheveux, renforce les follicules pileux. Par cons\u00e9quent, il aide non seulement \u00e0 lutter contre la perte de cheveux, mais aussi contre la calvitie. Toutefois, dans ce dernier cas, il est important que les follicules pileux soient pr\u00e9serv\u00e9s. Dans le cas de la calvitie masculine hormonale, la m\u00e9soth\u00e9rapie est inefficace.<\/li>\n\n\n\n<li><strong>Cellulite<\/strong>. Les m\u00e9sococktails \u00e9liminent les amas graisseux localis\u00e9s et lissent la surface de la peau tout en la raffermissant. La \u00ab\u00a0peau d&rsquo;orange\u00a0\u00bb dispara\u00eet donc compl\u00e8tement.<\/li>\n\n\n\n<li>Les m\u00e9sococktails att\u00e9nuent sp\u00e9cifiquement les <strong>cicatrices<\/strong>, stimulent la r\u00e9g\u00e9n\u00e9ration des tissus et les processus m\u00e9taboliques. Les meilleurs r\u00e9sultats sont obtenus aux premiers stades de la cicatrisation.<\/li>\n\n\n\n<li><strong>Vergetures<\/strong>. La th\u00e9rapie est l&rsquo;une des proc\u00e9dures les plus efficaces contre les vergetures. Il stimule la r\u00e9g\u00e9n\u00e9ration des tissus et les processus m\u00e9taboliques, ce qui a pour effet de renouveler la peau dans la zone concern\u00e9e et de faire dispara\u00eetre les vergetures.<\/li>\n<\/ul>\n\n<h3 class=\"wp-block-heading\" id=\"duration\">Dur\u00e9e de l&rsquo;enqu\u00eate :<\/h3>\n\n<ul class=\"wp-block-list\">\n<li>La <a href=\"https:\/\/medclinics.com\/fr\/mesotherapie\/\" target=\"_blank\" rel=\"noreferrer noopener\">m\u00e9soth\u00e9rapie<\/a> peut durer entre 15 et 40 minutes, en fonction de la taille de la zone \u00e0 traiter.<\/li>\n\n\n\n<li>Plusieurs s\u00e9ances peuvent \u00eatre n\u00e9cessaires.<\/li>\n<\/ul>\n\n<h3 class=\"wp-block-heading\" id=\"possible-risks-for-mesotherapy\">Risques possibles de la m\u00e9soth\u00e9rapie :<\/h3>\n\n<ul class=\"wp-block-list\">\n<li>Ecchymoses et rougeurs en r\u00e9action \u00e0 l&rsquo;injection de l&rsquo;aiguille et du m\u00e9dicament.<\/li>\n\n\n\n<li>Les infections sont extr\u00eamement rares, et pour une clinique qui a fait ses preuves et un sp\u00e9cialiste exp\u00e9riment\u00e9, il s&rsquo;agit d&rsquo;un effet secondaire impossible.<\/li>\n\n\n\n<li>Il peut entra\u00eener des complications avec certaines maladies, c&rsquo;est pourquoi il est d\u00e9conseill\u00e9 en cas de calculs biliaires, de cancer, de troubles de la coagulation sanguine, etc.<\/li>\n<\/ul>\n\n<h2 class=\"wp-block-heading\" id=\"aftercare\">Postcure  <\/h2>\n\n<p><a href=\"https:\/\/istanbul-tourist-information.com\/en\/beauty-salon-treatments\/\" target=\"_blank\" rel=\"noopener\">La m\u00e9soth\u00e9rapie<\/a> ne n\u00e9cessite pas de soins particuliers.<br\/>Comme pr\u00e9vu, la rougeur et le gonflement de la peau disparaissent en quelques heures.<\/p>\n\n<h2 class=\"wp-block-heading\" id=\"top-mesotherapy-costs-by-country\">Co\u00fbts les plus \u00e9lev\u00e9s de la m\u00e9soth\u00e9rapie par pays<\/h2>\n\n<p>Le co\u00fbt d&rsquo;une m\u00e9soth\u00e9rapie d\u00e9pend de l&rsquo;exp\u00e9rience du m\u00e9decin ou du cosm\u00e9tologue, des ingr\u00e9dients utilis\u00e9s et de la clinique choisie.<br\/>Les prix indiqu\u00e9s ci-dessous sont destin\u00e9s \u00e0 vous donner une id\u00e9e approximative et ne constituent pas un devis d\u00e9finitif. Votre conseiller MedClincs se fera un plaisir de vous fournir des informations d\u00e9taill\u00e9es.<\/p>\n\n<figure class=\"wp-block-table\"><table><thead><tr><th>Pays<\/th><th>Prix (PRP)<\/th><th>\u00c9valuation ;<\/th><\/tr><\/thead><tbody><tr><td>T\u00fcrkiye (Turquie)<\/td><td>~ 180\u20ac<\/td><td>\u2605\u2605\u2605\u2605\u2605<\/td><\/tr><tr><td>Pologne<\/td><td>~ 250\u20ac<\/td><td>\u2605\u2605\u2605\u2605<\/td><\/tr><tr><td>R\u00e9publique tch\u00e8que<\/td><td>~ 290\u20ac<\/td><td>\u2605\u2605\u2605\u2605<\/td><\/tr><tr><td>Mexique<\/td><td>~ 330\u20ac<\/td><td>\u2605\u2605\u2605<\/td><\/tr><tr><td>Allemagne<\/td><td>~ 490\u20ac<\/td><td>\u2605\u2605<\/td><\/tr><tr><td>Royaume-Uni<\/td><td>~ 500\u20ac<\/td><td>\u2605\u2605<\/td><\/tr><tr><td>\u00c9TATS-UNIS<\/td><td>~ 600\u20ac<\/td><td>\u2605\u2605<\/td><\/tr><\/tbody><\/table><\/figure>\n\n<h2 class=\"wp-block-heading\" id=\"faq\">FAQ<\/h2>\n<div id=\"rank-math-faq\" class=\"rank-math-block\">\n<div class=\"rank-math-list \">\n<div id=\"faq-question-1682598236692\" class=\"rank-math-list-item\">\n<h3 class=\"rank-math-question \">Puis-je utiliser la m\u00e9soth\u00e9rapie sur mon cuir chevelu ?<\/h3>\n<div class=\"rank-math-answer \">\n\n<p>Oui, il am\u00e9liore la croissance des cheveux, stoppe la calvitie, \u00e9limine les pellicules et la s\u00e9cheresse. Les cheveux deviennent \u00e9pais, beaux et brillants. Les injections intradermiques fournissent des nutriments aux follicules, stimulent la circulation sanguine du cuir chevelu, r\u00e9gulent les processus de k\u00e9ratinisation et la production de s\u00e9bum.<\/p>\n\n<\/div>\n<\/div>\n<div id=\"faq-question-1684398167402\" class=\"rank-math-list-item\">\n<h3 class=\"rank-math-question \">Quelle est la diff\u00e9rence entre la m\u00e9soth\u00e9rapie sans injection et la m\u00e9soth\u00e9rapie ordinaire ?<\/h3>\n<div class=\"rank-math-answer \">\n\n<p>Dans la m\u00e9soth\u00e9rapie sans injection, des m\u00e9dicaments ou des m\u00e9langes de m\u00e9dicaments sont inject\u00e9s par voie sous-cutan\u00e9e \u00e0 l&rsquo;aide d&rsquo;une machine qui cr\u00e9e une pression \u00e9lev\u00e9e. Cette technique est utilis\u00e9e pour rajeunir la peau, \u00e9liminer les taches de vieillesse et les petites imperfections. Les m\u00e9dicaments inject\u00e9s ne se d\u00e9posent pas mais sont imm\u00e9diatement absorb\u00e9s et commencent \u00e0 agir. Avec ce traitement, d&rsquo;autres traitements sont n\u00e9cessaires.<\/p>\n\n<\/div>\n<\/div>\n<div id=\"faq-question-1684398168500\" class=\"rank-math-list-item\">\n<h3 class=\"rank-math-question \">La m\u00e9soth\u00e9rapie peut-elle \u00e9liminer la cellulite ?<\/h3>\n<div class=\"rank-math-answer \">\n\n<p>Oui, c&rsquo;est une m\u00e9thode tr\u00e8s efficace pour lutter contre les amas graisseux sous-cutan\u00e9s. Des cocktails anticellulite sont inject\u00e9s sous la peau et se diffusent progressivement dans le flux sanguin et lymphatique. Les cocktails d\u00e9composent la graisse, \u00e9liminent l&rsquo;exc\u00e8s d&rsquo;eau, tonifient les vaisseaux sanguins et am\u00e9liorent la microcirculation dans les tissus. Pour de meilleurs r\u00e9sultats, la m\u00e9soth\u00e9rapie est combin\u00e9e avec des enveloppements, des massages et d&rsquo;autres traitements.<\/p>\n\n<\/div>\n<\/div>\n<div id=\"faq-question-1684398171741\" class=\"rank-math-list-item\">\n<h3 class=\"rank-math-question \">Comment la m\u00e9soth\u00e9rapie aide-t-elle \u00e0 lutter contre les rides ?<\/h3>\n<div class=\"rank-math-answer \">\n\n<p>L&rsquo;apparition des rides est li\u00e9e \u00e0 une diminution de l&rsquo;\u00e9lasticit\u00e9 de la peau caus\u00e9e par la r\u00e9duction de la production d&rsquo;\u00e9lastine et de collag\u00e8ne par l&rsquo;organisme. Les injections intradermiques de ces substances ralentissent le processus de vieillissement, att\u00e9nuent les rides et rendent le visage et le corps lisses et beaux. Le nombre de traitements est choisi individuellement, mais des cours d&rsquo;entretien sont n\u00e9cessaires apr\u00e8s le traitement.<\/p>\n\n<\/div>\n<\/div>\n<div id=\"faq-question-1684398172766\" class=\"rank-math-list-item\">\n<h3 class=\"rank-math-question \">Avec quoi la m\u00e9soth\u00e9rapie peut-elle \u00eatre combin\u00e9e ?<\/h3>\n<div class=\"rank-math-answer \">\n\n<p>La m\u00e9soth\u00e9rapie n&rsquo;est g\u00e9n\u00e9ralement pas une monoth\u00e9rapie. Il peut \u00eatre combin\u00e9 avec presque toutes les proc\u00e9dures cosm\u00e9tiques : peelings chimiques, produits de comblement, relaxants musculaires, biorevitalisation, cosm\u00e9tologie mat\u00e9rielle, chirurgie plastique.<\/p>\n\n<\/div>\n<\/div>\n<div id=\"faq-question-1684398176178\" class=\"rank-math-list-item\">\n<h3 class=\"rank-math-question \">Quand puis-je prendre des relaxants musculaires apr\u00e8s la m\u00e9soth\u00e9rapie ?<\/h3>\n<div class=\"rank-math-answer \">\n\n<p>Le traitement par m\u00e9soth\u00e9rapie doit \u00eatre termin\u00e9 deux semaines avant l&rsquo;injection du relaxant musculaire. Il est possible de reprendre les s\u00e9ances de m\u00e9soth\u00e9rapie 3 semaines apr\u00e8s les injections de myorelaxant (apr\u00e8s avoir atteint son effet maximal).<\/p>\n\n<\/div>\n<\/div>\n<div id=\"faq-question-1684398177963\" class=\"rank-math-list-item\">\n<h3 class=\"rank-math-question \">Peut-on combiner la m\u00e9soth\u00e9rapie et les produits de comblement ?<\/h3>\n<div class=\"rank-math-answer \">\n\n<p>Il est pr\u00e9f\u00e9rable d&rsquo;effectuer une cure de m\u00e9soth\u00e9rapie avant les produits de comblement. Apr\u00e8s les injections de produits de comblement, il faut attendre au moins 10 \u00e0 14 jours.<\/p>\n\n<\/div>\n<\/div>\n<div id=\"faq-question-1684398179112\" class=\"rank-math-list-item\">\n<h3 class=\"rank-math-question \">Comment la m\u00e9soth\u00e9rapie se combine-t-elle avec la chirurgie plastique ?<\/h3>\n<div class=\"rank-math-answer \">\n\n<p>Vous devriez recevoir 4 \u00e0 5 s\u00e9ances de m\u00e9soth\u00e9rapie pour vous pr\u00e9parer \u00e0 l&rsquo;op\u00e9ration, ce qui acc\u00e9l\u00e9rera la p\u00e9riode de r\u00e9adaptation et r\u00e9duira le risque de complications. Apr\u00e8s le retrait du pansement, le nombre de m\u00e9soproc\u00e9dures est d\u00e9termin\u00e9 par le m\u00e9decin en fonction des indications.<\/p>\n\n<\/div>\n<\/div>\n<\/div>\n<\/div>\n<h2 class=\"wp-block-heading\" id=\"history\">L&rsquo;histoire<\/h2>\n\n<h3 class=\"wp-block-heading\" id=\"mesotherapy-treatment-history\">Historique du traitement par m\u00e9soth\u00e9rapie<\/h3>\n\n<h4 class=\"wp-block-heading\" id=\"the-history-of-this-therapy-dates-back-to-the-work-of-dr-michel-pistor-1924-2003\">L&rsquo;histoire de cette th\u00e9rapie remonte aux travaux du Dr Michel Pistor (1924 &#8211; 2003).<\/h4>\n\n<p>Il a men\u00e9 des recherches cliniques et des essais internationaux dans le domaine de la th\u00e9rapie intradermique. Il a travaill\u00e9 sur ces proc\u00e9dures de 1948 \u00e0 1952, apr\u00e8s quoi le terme \u00ab\u00a0m\u00e9soth\u00e9rapie\u00a0\u00bb a \u00e9t\u00e9 officiellement introduit par la presse fran\u00e7aise en 1958.<\/p>\n\n<p>Pr\u00e8s de 30 ans plus tard (en 1987), la m\u00e9soth\u00e9rapie est reconnue par l&rsquo;Acad\u00e9mie de m\u00e9decine fran\u00e7aise et sa pratique est autoris\u00e9e.<\/p>\n","protected":false},"excerpt":{"rendered":"<p>La m\u00e9soth\u00e9rapie consiste \u00e0 injecter sous la peau un m\u00e9lange de diff\u00e9rents composants tels que l&rsquo;acide hyaluronique, des vitamines, des [&hellip;]<\/p>\n","protected":false},"author":4,"featured_media":161779,"parent":0,"menu_order":0,"comment_status":"closed","ping_status":"closed","template":"","meta":{"site-sidebar-layout":"default","site-content-layout":"","ast-site-content-layout":"default","site-content-style":"default","site-sidebar-style":"default","ast-global-header-display":"","ast-banner-title-visibility":"","ast-main-header-display":"","ast-hfb-above-header-display":"","ast-hfb-below-header-display":"","ast-hfb-mobile-header-display":"","site-post-title":"","ast-breadcrumbs-content":"","ast-featured-img":"","footer-sml-layout":"","ast-disable-related-posts":"","theme-transparent-header-meta":"","adv-header-id-meta":"","stick-header-meta":"","header-above-stick-meta":"","header-main-stick-meta":"","header-below-stick-meta":"","astra-migrate-meta-layouts":"default","ast-page-background-enabled":"default","ast-page-background-meta":{"desktop":{"background-color":"var(--ast-global-color-4)","background-image":"","background-repeat":"repeat","background-position":"center center","background-size":"auto","background-attachment":"scroll","background-type":"","background-media":"","overlay-type":"","overlay-color":"","overlay-opacity":"","overlay-gradient":""},"tablet":{"background-color":"","background-image":"","background-repeat":"repeat","background-position":"center center","background-size":"auto","background-attachment":"scroll","background-type":"","background-media":"","overlay-type":"","overlay-color":"","overlay-opacity":"","overlay-gradient":""},"mobile":{"background-color":"","background-image":"","background-repeat":"repeat","background-position":"center center","background-size":"auto","background-attachment":"scroll","background-type":"","background-media":"","overlay-type":"","overlay-color":"","overlay-opacity":"","overlay-gradient":""}},"ast-content-background-meta":{"desktop":{"background-color":"var(--ast-global-color-5)","background-image":"","background-repeat":"repeat","background-position":"center center","background-size":"auto","background-attachment":"scroll","background-type":"","background-media":"","overlay-type":"","overlay-color":"","overlay-opacity":"","overlay-gradient":""},"tablet":{"background-color":"var(--ast-global-color-5)","background-image":"","background-repeat":"repeat","background-position":"center center","background-size":"auto","background-attachment":"scroll","background-type":"","background-media":"","overlay-type":"","overlay-color":"","overlay-opacity":"","overlay-gradient":""},"mobile":{"background-color":"var(--ast-global-color-5)","background-image":"","background-repeat":"repeat","background-position":"center center","background-size":"auto","background-attachment":"scroll","background-type":"","background-media":"","overlay-type":"","overlay-color":"","overlay-opacity":"","overlay-gradient":""}},"footnotes":""},"class_list":["post-145839","page","type-page","status-publish","has-post-thumbnail","hentry"],"_links":{"self":[{"href":"https:\/\/medclinics.com\/fr\/wp-json\/wp\/v2\/pages\/145839","targetHints":{"allow":["GET"]}}],"collection":[{"href":"https:\/\/medclinics.com\/fr\/wp-json\/wp\/v2\/pages"}],"about":[{"href":"https:\/\/medclinics.com\/fr\/wp-json\/wp\/v2\/types\/page"}],"author":[{"embeddable":true,"href":"https:\/\/medclinics.com\/fr\/wp-json\/wp\/v2\/users\/4"}],"replies":[{"embeddable":true,"href":"https:\/\/medclinics.com\/fr\/wp-json\/wp\/v2\/comments?post=145839"}],"version-history":[{"count":0,"href":"https:\/\/medclinics.com\/fr\/wp-json\/wp\/v2\/pages\/145839\/revisions"}],"wp:featuredmedia":[{"embeddable":true,"href":"https:\/\/medclinics.com\/fr\/wp-json\/wp\/v2\/media\/161779"}],"wp:attachment":[{"href":"https:\/\/medclinics.com\/fr\/wp-json\/wp\/v2\/media?parent=145839"}],"curies":[{"name":"wp","href":"https:\/\/api.w.org\/{rel}","templated":true}]}}