{"id":145825,"date":"2023-05-18T08:12:30","date_gmt":"2023-05-18T05:12:30","guid":{"rendered":"https:\/\/medclinics.com\/plasma-therapy-meilleurs-prix-et-cliniques\/"},"modified":"2024-04-15T11:49:02","modified_gmt":"2024-04-15T08:49:02","slug":"plasma-therapy-meilleurs-prix-et-cliniques","status":"publish","type":"page","link":"https:\/\/medclinics.com\/fr\/plasma-therapy-meilleurs-prix-et-cliniques\/","title":{"rendered":"Plasma Therapy | Meilleurs prix et cliniques"},"content":{"rendered":"\n<p>La plasmath\u00e9rapie est une proc\u00e9dure qui implique un traitement avec votre propre plasma sanguin enrichi en plaquettes.<\/p>\n\n\n\n<div class=\"wp-block-rank-math-toc-block\" id=\"rank-math-toc\"><h2>Table des mati\u00e8res<\/h2><nav><ul><li><a href=\"#quest-ce-que-cest\">Qu&rsquo;est-ce que c&rsquo;est ?<\/a><\/li><li><a href=\"#plan-de-traitement\">Plan de traitement<\/a><\/li><li><a href=\"#postcure\">Postcure<\/a><\/li><li><a href=\"#couts-de-la-therapie-plasmatique-par-pays\">Co\u00fbts de la th\u00e9rapie plasmatique par pays<\/a><\/li><li><a href=\"#faq\">FAQ<\/a><\/li><li><a href=\"#lhistoire\">L&rsquo;histoire<\/a><\/li><\/ul><\/nav><\/div>\n\n\n\n<h2 class=\"wp-block-heading\" id=\"quest-ce-que-cest\">Qu&rsquo;est-ce que c&rsquo;est ?<\/h2>\n\n\n\n<p>La <a href=\"https:\/\/medclinics.com\/fr\/therapie-par-le-plasma\/\" target=\"_blank\" rel=\"noreferrer noopener\">plasmath\u00e9rapie<\/a> est une proc\u00e9dure qui implique un traitement avec votre propre plasma sanguin enrichi en plaquettes. Le plasma est une partie liquide du sang qui contient \u00e9galement des facteurs de croissance qui activent la croissance et le renouvellement des cellules. En cons\u00e9quence, la r\u00e9g\u00e9n\u00e9ration des tissus endommag\u00e9s est acc\u00e9l\u00e9r\u00e9e et le processus inflammatoire et le syndrome de la douleur sont \u00e9limin\u00e9s. La plasmath\u00e9rapie est une technique de pointe qui utilise une forme injectable de plasma.<\/p>\n\n\n\n<p>Le plasma est obtenu par centrifugation des tubes de sang pour s\u00e9parer les plaquettes du sang total. Le sang est pr\u00e9lev\u00e9 sur le patient juste avant la proc\u00e9dure, les tubes de sang sont ensuite centrifug\u00e9s et tournent \u00e0 une certaine vitesse. Un anticoagulant est ajout\u00e9 pour emp\u00eacher le sang de coaguler.<\/p>\n\n\n\n\n\n<h3 class=\"wp-block-heading\" id=\"plasma-contains\">Le plasma contient :<\/h3>\n\n\n\n<ul class=\"wp-block-list\">\n<li>Vitamines<\/li>\n\n\n\n<li>Micronutriments<\/li>\n\n\n\n<li>Acides amin\u00e9s<\/li>\n\n\n\n<li>Facteurs de croissance et de renouvellement cellulaire<\/li>\n<\/ul>\n\n\n\n<h2 class=\"wp-block-heading\" id=\"plan-de-traitement\">Plan de traitement<\/h2>\n\n\n\n<p>La th\u00e9rapie est r\u00e9alis\u00e9e en ambulatoire au cabinet et dure au minimum une heure.<\/p>\n\n\n\n<p>Au total, vous devez pr\u00e9voir environ 2 \u00e0 2,5 heures pour l&rsquo;intervention.<\/p>\n\n\n\n<h3 class=\"wp-block-heading\" id=\"plasma-therapy-for\">Th\u00e9rapie par le plasma pour :<\/h3>\n\n\n\n<ul class=\"wp-block-list\">\n<li>Vieillissement pr\u00e9coce de la peau<\/li>\n\n\n\n<li>Acn\u00e9<\/li>\n\n\n\n<li>Taches pigmentaires<\/li>\n\n\n\n<li>P\u00e9riode de r\u00e9habilitation de la peau apr\u00e8s une proc\u00e9dure de peeling profond<\/li>\n\n\n\n<li>Restauration de l&rsquo;\u00e9lasticit\u00e9 et de la fermet\u00e9 de la peau apr\u00e8s une perte de poids rapide<\/li>\n\n\n\n<li>Rides profondes pr\u00e9coces<\/li>\n\n\n\n<li>Peau s\u00e8che et rel\u00e2ch\u00e9e<\/li>\n\n\n\n<li>Perte ou \u00e9claircissement des cheveux<\/li>\n<\/ul>\n\n\n\n<h3 class=\"wp-block-heading\" id=\"plasma-therapy-is-not-suitable-for\">La plasmath\u00e9rapie n&rsquo;est pas indiqu\u00e9e pour :<\/h3>\n\n\n\n<ul class=\"wp-block-list\">\n<li>Grossesse ou allaitement<\/li>\n\n\n\n<li>Epilepsie<\/li>\n\n\n\n<li>Diab\u00e8te sucr\u00e9<\/li>\n\n\n\n<li>Maladies du sang<\/li>\n\n\n\n<li>Maladies oncologiques<\/li>\n\n\n\n<li>Prise d&rsquo;anticoagulants<\/li>\n\n\n\n<li>Processus inflammatoires dans la zone d&rsquo;injection.<\/li>\n<\/ul>\n\n\n\n\n\n<h3 class=\"wp-block-heading\" id=\"how-the-therapy-works\">Comment fonctionne la th\u00e9rapie par le plasma :<\/h3>\n\n\n\n<ul class=\"wp-block-list\">\n<li>Nourrit les cellules des tissus.<\/li>\n\n\n\n<li>Renforce le squelette interne de la peau.<\/li>\n\n\n\n<li>Am\u00e9liore le teint de la peau, la rendant lisse et naturelle.<\/li>\n\n\n\n<li>\u00c9limine les taches pigmentaires. Le plasma inject\u00e9 sous la peau d\u00e9truit l&rsquo;exc\u00e8s de m\u00e9lanine. C&rsquo;est cette substance qui provoque l&rsquo;hyperpigmentation.<\/li>\n\n\n\n<li>Stimule la croissance des cellules souches.<\/li>\n\n\n\n<li>Favorise la coagulation du sang.<\/li>\n\n\n\n<li>R\u00e9g\u00e9n\u00e8re la peau.<\/li>\n\n\n\n<li>Acc\u00e9l\u00e8re le m\u00e9tabolisme intracellulaire.<\/li>\n\n\n\n<li>Nourrit les follicules pileux du cuir chevelu.<\/li>\n\n\n\n<li>D\u00e9clenche une meilleure r\u00e9g\u00e9n\u00e9ration des tissus.<\/li>\n<\/ul>\n\n\n\n<h3 class=\"wp-block-heading\" id=\"plasma-therapy-duration\">Th\u00e9rapie par le plasma Dur\u00e9e :<\/h3>\n\n\n\n<ul class=\"wp-block-list\">\n<li>20 \u00e0 75 minutes, en fonction de la zone \u00e0 traiter.<\/li>\n\n\n\n<li>Lorsque la <a href=\"https:\/\/istanbul-tourist-information.com\/en\/beauty-salon-treatments\/\" target=\"_blank\" rel=\"noopener\">plasmath\u00e9rapie<\/a> est utilis\u00e9e pour le rajeunissement de la peau, plus d&rsquo;une s\u00e9ance peut \u00eatre n\u00e9cessaire.<\/li>\n<\/ul>\n\n\n\n<h3 class=\"wp-block-heading\" id=\"possible-risks-for-plasma-therapy\">Risques possibles de la th\u00e9rapie plasmatique :<\/h3>\n\n\n\n<ul class=\"wp-block-list\">\n<li>Gonflement<\/li>\n\n\n\n<li>D\u00e9coloration de la peau<\/li>\n\n\n\n<li>Rougeur<\/li>\n\n\n\n<li>Douleur<\/li>\n\n\n\n<li>Caillot de sang<\/li>\n\n\n\n<li>Infection<\/li>\n\n\n\n<li>Contusions<\/li>\n<\/ul>\n\n\n\n<h2 class=\"wp-block-heading\" id=\"postcure\">Postcure<\/h2>\n\n\n\n<p>La th\u00e9rapie plasmatique ne n\u00e9cessite pas de suivi particulier.<br>Comme pr\u00e9vu, la rougeur et le gonflement de la peau disparaissent en quelques heures.<\/p>\n\n\n\n\n\n<h2 class=\"wp-block-heading\" id=\"couts-de-la-therapie-plasmatique-par-pays\">Co\u00fbts de la th\u00e9rapie plasmatique par pays<\/h2>\n\n\n\n<p>Le co\u00fbt de la th\u00e9rapie plasmatique d\u00e9pend de l&rsquo;exp\u00e9rience du m\u00e9decin et de la clinique ou de l&rsquo;h\u00f4pital que vous choisissez.<br>Les prix indiqu\u00e9s ci-dessous sont destin\u00e9s \u00e0 vous donner une id\u00e9e approximative et ne constituent pas un devis d\u00e9finitif. Votre conseiller MedClincs se fera un plaisir de vous fournir des informations d\u00e9taill\u00e9es.<\/p>\n\n\n\n<figure class=\"wp-block-table\"><table><thead><tr><th>Pays<\/th><th>Prix (PRP)  <\/th><th>\u00c9valuation ;<\/th><\/tr><\/thead><tbody><tr><td>T\u00fcrkiye (Turquie)<\/td><td>~ 290\u20ac<\/td><td>\u2605\u2605\u2605\u2605\u2605<\/td><\/tr><tr><td>Pologne<\/td><td>~ 320\u20ac<\/td><td>\u2605\u2605\u2605\u2605<\/td><\/tr><tr><td>Mexique<\/td><td>~ 330\u20ac<\/td><td>\u2605\u2605\u2605<\/td><\/tr><tr><td>Allemagne<\/td><td>~ 490\u20ac<\/td><td>\u2605\u2605<\/td><\/tr><tr><td>Royaume-Uni<\/td><td>~ 500\u20ac<\/td><td>\u2605\u2605<\/td><\/tr><tr><td>\u00c9TATS-UNIS<\/td><td>~ 600\u20ac<\/td><td>\u2605\u2605<\/td><\/tr><\/tbody><\/table><\/figure>\n\n\n\n<h2 class=\"wp-block-heading\" id=\"faq\">FAQ<\/h2>\n\n\n<div id=\"rank-math-faq\" class=\"rank-math-block\">\n<div class=\"rank-math-list \">\n<div id=\"faq-question-1684396604890\" class=\"rank-math-list-item\">\n<h3 class=\"rank-math-question \">Combien de traitements de plasmath\u00e9rapie faciale sont n\u00e9cessaires pour obtenir un effet ?<\/h3>\n<div class=\"rank-math-answer \">\n\n<p>Un effet stable est obtenu apr\u00e8s 3-4 traitements. En g\u00e9n\u00e9ral, le cosm\u00e9tologue prescrit une visite tous les 7 \u00e0 10 jours.<\/p>\n\n<\/div>\n<\/div>\n<div id=\"faq-question-1684396606611\" class=\"rank-math-list-item\">\n<h3 class=\"rank-math-question \">Puis-je prendre un bain de soleil apr\u00e8s ma plasmath\u00e9rapie faciale ?<\/h3>\n<div class=\"rank-math-answer \">\n\n<p>Il est conseill\u00e9 d&rsquo;\u00e9viter les bains de soleil et le solarium pendant les 2 ou 3 premiers jours.<\/p>\n\n<\/div>\n<\/div>\n<div id=\"faq-question-1684396608150\" class=\"rank-math-list-item\">\n<h3 class=\"rank-math-question \">Quels sont les soins \u00e0 apporter \u00e0 la peau apr\u00e8s une plasmath\u00e9rapie faciale ?<\/h3>\n<div class=\"rank-math-answer \">\n\n<p>Ne pas appliquer de produits cosm\u00e9tiques, y compris des produits d\u00e9coratifs, sur le visage apr\u00e8s la s\u00e9ance ; ne pas soumettre les tissus \u00e0 des influences m\u00e9caniques intensives (massage).<\/p>\n\n<\/div>\n<\/div>\n<div id=\"faq-question-1684396610189\" class=\"rank-math-list-item\">\n<h3 class=\"rank-math-question \">A partir de quel \u00e2ge peut-on pratiquer une plasmath\u00e9rapie faciale ?<\/h3>\n<div class=\"rank-math-answer \">\n\n<p>L&rsquo;\u00e2ge minimum pour la proc\u00e9dure est de 15 ans, l&rsquo;\u00e2ge maximum, selon la plupart des cosm\u00e9tologues, n&rsquo;est pas atteint.<\/p>\n\n<\/div>\n<\/div>\n<div id=\"faq-question-1684396611167\" class=\"rank-math-list-item\">\n<h3 class=\"rank-math-question \">Combien de fois la plasmath\u00e9rapie peut-elle \u00eatre r\u00e9p\u00e9t\u00e9e ?<\/h3>\n<div class=\"rank-math-answer \">\n\n<p>Le cours est g\u00e9n\u00e9ralement r\u00e9p\u00e9t\u00e9 deux fois par an. Si n\u00e9cessaire, la quantit\u00e9 peut \u00eatre augment\u00e9e, par exemple pendant la r\u00e9\u00e9ducation apr\u00e8s les traitements au laser et pour pr\u00e9parer la peau \u00e0 l&rsquo;exposition au soleil.<\/p>\n\n<\/div>\n<\/div>\n<div id=\"faq-question-1684396612039\" class=\"rank-math-list-item\">\n<h3 class=\"rank-math-question \">Le plasma fini peut-il \u00eatre conserv\u00e9 dans la clinique pour \u00eatre r\u00e9utilis\u00e9 lors de la proc\u00e9dure suivante ?<\/h3>\n<div class=\"rank-math-answer \">\n\n<p>Le plasma n&rsquo;est pas stock\u00e9 car la viabilit\u00e9 des plaquettes n&rsquo;est pas particuli\u00e8rement \u00e9lev\u00e9e. La proc\u00e9dure se fait en une seule fois, ce qui signifie que votre propre sang est pr\u00e9lev\u00e9 et, imm\u00e9diatement apr\u00e8s centrifugation, inject\u00e9 dans la peau du patient.<\/p>\n\n<\/div>\n<\/div>\n<div id=\"faq-question-1684396613776\" class=\"rank-math-list-item\">\n<h3 class=\"rank-math-question \">Est-il possible de contracter une infection pendant la plasmath\u00e9rapie ?<\/h3>\n<div class=\"rank-math-answer \">\n\n<p>Non, car le sang est pr\u00e9lev\u00e9 sur le patient et non sur quelqu&rsquo;un d&rsquo;autre. Tous les instruments et consommables sont st\u00e9riles et jetables et sont \u00e9limin\u00e9s apr\u00e8s la proc\u00e9dure.<\/p>\n\n<\/div>\n<\/div>\n<div id=\"faq-question-1684396615610\" class=\"rank-math-list-item\">\n<h3 class=\"rank-math-question \">La plasmath\u00e9rapie peut-elle \u00e9puiser les ressources de l&rsquo;organisme ?<\/h3>\n<div class=\"rank-math-answer \">\n\n<p>Non, ce n&rsquo;est pas le cas. Seuls quelques millilitres de sang sont pr\u00e9lev\u00e9s sur le patient, qui sont ensuite restitu\u00e9s l\u00e9g\u00e8rement modifi\u00e9s. Par cons\u00e9quent, le corps ne ressent aucune perte et il n&rsquo;y a aucun dommage pour votre sant\u00e9 apr\u00e8s la proc\u00e9dure.<\/p>\n\n<\/div>\n<\/div>\n<div id=\"faq-question-1684396616552\" class=\"rank-math-list-item\">\n<h3 class=\"rank-math-question \">Puis-je b\u00e9n\u00e9ficier d&rsquo;une plasmath\u00e9rapie en \u00e9t\u00e9 ?<\/h3>\n<div class=\"rank-math-answer \">\n\n<p>L&rsquo;\u00e9t\u00e9 est consid\u00e9r\u00e9 comme la p\u00e9riode id\u00e9ale pour les proc\u00e9dures PRP. Les composants cicatrisants du plasma riche en plaquettes permettent de lutter contre l&rsquo;apparition de taches de vieillesse sur le visage et le corps pendant l&rsquo;\u00e9t\u00e9. La dur\u00e9e de l&rsquo;effet de rajeunissement apr\u00e8s le plasmolifting d\u00e9pend de l&rsquo;\u00e2ge et du mode de vie du patient.<\/p>\n\n<\/div>\n<\/div>\n<div id=\"faq-question-1684397191902\" class=\"rank-math-list-item\">\n<h3 class=\"rank-math-question \">Les injections de plasmath\u00e9rapie sont-elles douloureuses ?<\/h3>\n<div class=\"rank-math-answer \">\n\n<p>Avant l&rsquo;intervention, un gel anesth\u00e9siant sp\u00e9cial est appliqu\u00e9 sur le visage pendant 15 minutes, de sorte qu&rsquo;aucune sensation douloureuse n&rsquo;est ressentie.<\/p>\n\n<\/div>\n<\/div>\n<\/div>\n<\/div>\n\n\n<h2 class=\"wp-block-heading\" id=\"lhistoire\">L&rsquo;histoire<\/h2>\n\n\n\n<h3 class=\"wp-block-heading\" id=\"the-first-application-of-plasma-therapy-dates-back-to-1999\">La premi\u00e8re application de la th\u00e9rapie par le plasma remonte \u00e0 1999<\/h3>\n\n\n\n<p>lorsque des chirurgiens plasticiens ont utilis\u00e9 du plasma enrichi en plaquettes pour rajeunir la peau d&rsquo;un patient. Parall\u00e8lement, la m\u00e9thode s&rsquo;est impos\u00e9e en traumatologie : Les blessures sportives des patients gu\u00e9rissent en un temps record apr\u00e8s une th\u00e9rapie par PRP.<br>Aujourd&rsquo;hui, ce domaine th\u00e9rapeutique est utilis\u00e9 en dermatologie, en cosm\u00e9tologie et en chirurgie plastique, et la liste des maladies pouvant \u00eatre trait\u00e9es par la th\u00e9rapie PRP s&rsquo;est consid\u00e9rablement \u00e9largie.<\/p>\n","protected":false},"excerpt":{"rendered":"<p>La plasmath\u00e9rapie est une proc\u00e9dure qui implique un traitement avec votre propre plasma sanguin enrichi en plaquettes. Qu&rsquo;est-ce que c&rsquo;est [&hellip;]<\/p>\n","protected":false},"author":4,"featured_media":92977,"parent":0,"menu_order":0,"comment_status":"closed","ping_status":"closed","template":"","meta":{"site-sidebar-layout":"default","site-content-layout":"","ast-site-content-layout":"default","site-content-style":"default","site-sidebar-style":"default","ast-global-header-display":"","ast-banner-title-visibility":"","ast-main-header-display":"","ast-hfb-above-header-display":"","ast-hfb-below-header-display":"","ast-hfb-mobile-header-display":"","site-post-title":"","ast-breadcrumbs-content":"","ast-featured-img":"","footer-sml-layout":"","ast-disable-related-posts":"","theme-transparent-header-meta":"","adv-header-id-meta":"","stick-header-meta":"","header-above-stick-meta":"","header-main-stick-meta":"","header-below-stick-meta":"","astra-migrate-meta-layouts":"default","ast-page-background-enabled":"default","ast-page-background-meta":{"desktop":{"background-color":"var(--ast-global-color-4)","background-image":"","background-repeat":"repeat","background-position":"center center","background-size":"auto","background-attachment":"scroll","background-type":"","background-media":"","overlay-type":"","overlay-color":"","overlay-opacity":"","overlay-gradient":""},"tablet":{"background-color":"","background-image":"","background-repeat":"repeat","background-position":"center center","background-size":"auto","background-attachment":"scroll","background-type":"","background-media":"","overlay-type":"","overlay-color":"","overlay-opacity":"","overlay-gradient":""},"mobile":{"background-color":"","background-image":"","background-repeat":"repeat","background-position":"center center","background-size":"auto","background-attachment":"scroll","background-type":"","background-media":"","overlay-type":"","overlay-color":"","overlay-opacity":"","overlay-gradient":""}},"ast-content-background-meta":{"desktop":{"background-color":"var(--ast-global-color-5)","background-image":"","background-repeat":"repeat","background-position":"center center","background-size":"auto","background-attachment":"scroll","background-type":"","background-media":"","overlay-type":"","overlay-color":"","overlay-opacity":"","overlay-gradient":""},"tablet":{"background-color":"var(--ast-global-color-5)","background-image":"","background-repeat":"repeat","background-position":"center center","background-size":"auto","background-attachment":"scroll","background-type":"","background-media":"","overlay-type":"","overlay-color":"","overlay-opacity":"","overlay-gradient":""},"mobile":{"background-color":"var(--ast-global-color-5)","background-image":"","background-repeat":"repeat","background-position":"center center","background-size":"auto","background-attachment":"scroll","background-type":"","background-media":"","overlay-type":"","overlay-color":"","overlay-opacity":"","overlay-gradient":""}},"footnotes":""},"class_list":["post-145825","page","type-page","status-publish","has-post-thumbnail","hentry"],"_links":{"self":[{"href":"https:\/\/medclinics.com\/fr\/wp-json\/wp\/v2\/pages\/145825","targetHints":{"allow":["GET"]}}],"collection":[{"href":"https:\/\/medclinics.com\/fr\/wp-json\/wp\/v2\/pages"}],"about":[{"href":"https:\/\/medclinics.com\/fr\/wp-json\/wp\/v2\/types\/page"}],"author":[{"embeddable":true,"href":"https:\/\/medclinics.com\/fr\/wp-json\/wp\/v2\/users\/4"}],"replies":[{"embeddable":true,"href":"https:\/\/medclinics.com\/fr\/wp-json\/wp\/v2\/comments?post=145825"}],"version-history":[{"count":0,"href":"https:\/\/medclinics.com\/fr\/wp-json\/wp\/v2\/pages\/145825\/revisions"}],"wp:featuredmedia":[{"embeddable":true,"href":"https:\/\/medclinics.com\/fr\/wp-json\/wp\/v2\/media\/92977"}],"wp:attachment":[{"href":"https:\/\/medclinics.com\/fr\/wp-json\/wp\/v2\/media?parent=145825"}],"curies":[{"name":"wp","href":"https:\/\/api.w.org\/{rel}","templated":true}]}}