{"id":145779,"date":"2023-05-16T13:52:11","date_gmt":"2023-05-16T10:52:11","guid":{"rendered":"https:\/\/medclinics.com\/appareils-amovibles\/"},"modified":"2025-01-02T19:34:33","modified_gmt":"2025-01-02T16:34:33","slug":"appareils-amovibles","status":"publish","type":"page","link":"https:\/\/medclinics.com\/fr\/appareils-amovibles\/","title":{"rendered":"Appareils amovibles"},"content":{"rendered":"\n<h2 class=\"wp-block-heading\">D\u00e9couvrez la commodit\u00e9 des appareils amovibles : Une vue d&rsquo;ensemble<\/h2>\n\n<p>Si vous souhaitez rire librement et am\u00e9liorer votre sourire, les appareils amovibles pourraient \u00eatre la solution id\u00e9ale. Ces appareils orthodontiques polyvalents offrent souplesse et confort. Ils constituent donc un choix populaire pour traiter les probl\u00e8mes dentaires mineurs tels que l&rsquo;encombrement ou l&rsquo;espacement.  <\/p>\n\n<h3 class=\"wp-block-heading\">Qu&rsquo;est-ce qu&rsquo;un appareil amovible ? <\/h3>\n\n<p>Les appareils amovibles sont des solutions orthodontiques que les patients peuvent retirer eux-m\u00eames. Contrairement aux appareils fixes qui doivent rester coll\u00e9s aux dents, les appareils amovibles offrent une plus grande flexibilit\u00e9 et une plus grande facilit\u00e9 d&rsquo;utilisation que les appareils fixes, ce qui les rend id\u00e9aux pour les patients qui recherchent des solutions rapides pour corriger leurs probl\u00e8mes dentaires sans s&rsquo;engager \u00e0 long terme. <\/p>\n\n<h3 class=\"wp-block-heading\">Types d&rsquo;appareils amovibles<\/h3>\n\n<p>Il existe sur le march\u00e9 diff\u00e9rents types d&rsquo;appareils dentaires amovibles con\u00e7us pour r\u00e9pondre \u00e0 des besoins dentaires sp\u00e9cifiques :<\/p>\n\n<h4 class=\"wp-block-heading\">Retenues<\/h4>\n\n<p>Les appareils de r\u00e9tention sont des dispositifs sur mesure con\u00e7us pour aider \u00e0 maintenir l&rsquo;alignement des dents apr\u00e8s un traitement orthodontique. Fabriqu\u00e9s en acrylique ou en plastique transparent, les appareils de r\u00e9tention s&rsquo;adaptent confortablement sur ou derri\u00e8re les dents et peuvent aider \u00e0 prot\u00e9ger les r\u00e9sultats obtenus au cours d&rsquo;un programme orthodontique en \u00e9vitant qu&rsquo;ils ne reviennent \u00e0 leur position d&rsquo;origine apr\u00e8s le retrait de l&rsquo;appareil dentaire &#8211; ce qui offre des avantages \u00e0 long terme pour l&rsquo;utilisation de ces appareils. <\/p>\n\n<h4 class=\"wp-block-heading\">Aligneurs<\/h4>\n\n<p>Les aligneurs sont un autre appareil amovible compos\u00e9 de goutti\u00e8res transparentes ressemblant \u00e0 des prot\u00e8ge-dents qui sont utilis\u00e9s pour redresser les dents de travers. Ils sont port\u00e9s 20 \u00e0 22 heures par jour et ne sont retir\u00e9s que pendant les repas, le brossage des dents ou l&rsquo;utilisation du fil dentaire, ce qui en fait une option de traitement orthodontique discr\u00e8te et pratique. Invisalign est devenu un choix attrayant en raison de sa quasi-invisibilit\u00e9 et de sa facilit\u00e9 d&rsquo;utilisation ; sa s\u00e9rie progressive d\u00e9place doucement les dents dans la position souhait\u00e9e, offrant ainsi une alternative moderne aux appareils orthodontiques traditionnels. <\/p>\n\n<h4 class=\"wp-block-heading\">Expandeurs<\/h4>\n\n<p>Les expandeurs offrent aux patients qui souhaitent corriger des arcades \u00e9troites une excellente solution. Ces dispositifs sont plac\u00e9s sur le palais et agissent en \u00e9largissant les m\u00e2choires. Les ajustements sont effectu\u00e9s soit par un orthodontiste, soit en suivant directement les instructions sp\u00e9cifiques de ce dernier. Les extenseurs sont particuli\u00e8rement utiles pour cr\u00e9er plus d&rsquo;espace dans la bouche et am\u00e9liorer l&rsquo;alignement dentaire global. Ils sont particuli\u00e8rement importants en tant qu&rsquo;outil d&rsquo;intervention pr\u00e9coce qui peut pr\u00e9venir des probl\u00e8mes dentaires plus graves par la suite.  <\/p>\n\n<h3 class=\"wp-block-heading\">Avantages des appareils amovibles<\/h3>\n\n<p>Les <a href=\"https:\/\/en.wikipedia.org\/wiki\/Orthodontic_technology\" target=\"_blank\" rel=\"noreferrer noopener\">appareils amovibles<\/a> pr\u00e9sentent de nombreux avantages qui en font le choix pr\u00e9f\u00e9r\u00e9 de nombreux patients :<\/p>\n\n<h4 class=\"wp-block-heading\">Commodit\u00e9 : <\/h4>\n\n<p>Les appareils amovibles simplifient le nettoyage et le maintien de l&rsquo;hygi\u00e8ne dentaire en \u00e9tant retir\u00e9s pour manger, se brosser les dents et utiliser du fil dentaire selon les besoins, ce qui permet aux patients d&rsquo;atteindre toutes les surfaces sans entraver leur routine de brossage ou d&rsquo;utilisation du fil dentaire.<\/p>\n\n<h4 class=\"wp-block-heading\">Confort : <\/h4>\n\n<p>Fabriqu\u00e9s sur mesure pour s&rsquo;adapter parfaitement \u00e0 votre bouche, ces appareils sont sp\u00e9cialement con\u00e7us pour offrir un confort optimal et une exp\u00e9rience orthodontique agr\u00e9able. Leur ajustement personnalis\u00e9 r\u00e9duit l&rsquo;irritation et l&rsquo;inconfort souvent associ\u00e9s aux appareils fixes. <\/p>\n\n<h4 class=\"wp-block-heading\">Flexibilit\u00e9 : <\/h4>\n\n<p>Les proth\u00e8ses dentaires permettent aux patients de r\u00e9soudre des probl\u00e8mes dentaires mineurs sans qu&rsquo;il soit n\u00e9cessaire de recourir \u00e0 des appareils permanents. En outre, les patients peuvent facilement les retirer pour des \u00e9v\u00e9nements ou des occasions sp\u00e9ciales, le cas \u00e9ch\u00e9ant, ce qui ajoute un niveau de polyvalence et d&rsquo;adaptabilit\u00e9 \u00e0 leur traitement.<\/p>\n\n<p>Les goutti\u00e8res transparentes offrent un traitement orthodontique discret, id\u00e9al pour les adultes et les adolescents qui pourraient se sentir g\u00ean\u00e9s de porter des bagues m\u00e9talliques traditionnelles.<\/p>\n\n<h3 class=\"wp-block-heading\">Pourquoi la Turquie pour les soins dentaires ? <\/h3>\n\n<p>La Turquie est rapidement devenue une destination de choix pour le tourisme dentaire, attirant des patients du monde entier. L&rsquo;offre d&rsquo;une dentisterie de haute qualit\u00e9 \u00e0 des co\u00fbts inf\u00e9rieurs \u00e0 ceux de nombreux pays occidentaux &#8211; en particulier le Royaume-Uni &#8211; combin\u00e9e \u00e0 l&rsquo;expertise des dentistes turcs fait de la Turquie une excellente option pour toute personne cherchant \u00e0 se faire soigner \u00e0 l&rsquo;\u00e9tranger. <\/p>\n\n<p>La Turquie a connu une expansion rapide du tourisme dentaire au cours des derni\u00e8res ann\u00e9es gr\u00e2ce \u00e0 ses installations de pointe, \u00e0 ses professionnels dentaires hautement qualifi\u00e9s et aux soins complets qu&rsquo;elle offre aux patients internationaux. De nombreuses cliniques turques proposent des forfaits incluant l&rsquo;h\u00e9bergement et le transport, ce qui permet aux visiteurs \u00e9trangers de vivre une exp\u00e9rience transparente et sans stress. <\/p>\n\n<h3 class=\"wp-block-heading\">MedClinics propose des services dentaires complets, tels que<\/h3>\n\n<h4 class=\"wp-block-heading\">Dentisterie esth\u00e9tique : <\/h4>\n\n<p>Am\u00e9liorez votre sourire gr\u00e2ce \u00e0 nos proc\u00e9dures cosm\u00e9tiques avanc\u00e9es telles que le blanchiment des dents, les facettes et les transformations du sourire pour obtenir des transformations durables. L&rsquo;objectif principal de la dentisterie esth\u00e9tique est d&rsquo;am\u00e9liorer l&rsquo;apparence des dents tout en augmentant la confiance en soi et l&rsquo;esth\u00e9tique. <\/p>\n\n<h4 class=\"wp-block-heading\">Dentisterie esth\u00e9tique : <\/h4>\n\n<p>Nos traitements esth\u00e9tiques visent \u00e0 am\u00e9liorer l&rsquo;apparence g\u00e9n\u00e9rale et l&rsquo;harmonie de vos dents et de vos gencives, y compris des traitements tels que le remodelage des gencives et le collage pour cr\u00e9er une plus grande sym\u00e9trie et une plus grande beaut\u00e9 dans votre sourire.<\/p>\n\n<h4 class=\"wp-block-heading\">Dentisterie restauratrice : <\/h4>\n\n<p>Dans notre cabinet, nous proposons des solutions pour les dents endommag\u00e9es ou manquantes, notamment des couronnes, des bridges et des implants, afin de restaurer la sant\u00e9 et la fonctionnalit\u00e9 bucco-dentaires. La dentisterie restauratrice vise \u00e0 r\u00e9tablir la fonction naturelle de vos dents afin que vous puissiez manger, parler et sourire \u00e0 nouveau avec fiert\u00e9. <\/p>\n\n<h3 class=\"wp-block-heading\">Conclusion<\/h3>\n\n<p>Les appareils amovibles constituent une solution efficace, souple et pratique pour r\u00e9pondre \u00e0 divers besoins orthodontiques. Qu&rsquo;il s&rsquo;agisse de maintenir l&rsquo;alignement des dents, de redresser les dents tordues ou de corriger les arcades \u00e9troites, les appareils amovibles offrent des solutions \u00e0 la fois efficaces et confortables. Faciles \u00e0 nettoyer, confortables \u00e0 porter et discrets, les appareils amovibles sont un choix attrayant pour les patients.  <\/p>\n\n<p>Opter pour des traitements dentaires en Turquie pr\u00e9sente un avantage : celui de b\u00e9n\u00e9ficier de soins haut de gamme \u00e0 un prix \u00e9conomique. L&rsquo;expertise des dentistes turcs et la modernit\u00e9 des cliniques dentaires du pays vous garantissent des soins de qualit\u00e9. <\/p>\n\n<p>D\u00e9couvrez les services dentaires complets de medClinics, et d\u00e9couvrez comment les appareils amovibles peuvent vous aider \u00e0 cr\u00e9er un sourire \u00e9blouissant et confiant.<\/p>\n\n<h3 class=\"wp-block-heading\">Tout ce que vous devez savoir sur les <a href=\"https:\/\/medclinics.com\/dental-treatment\/\" target=\"_blank\" rel=\"noreferrer noopener\">traitements dentaires<\/a>, y compris le prix, les soins et le processus de gu\u00e9rison, ou <a href=\"#requestform\">contactez-nous<\/a>!<\/h3>\n\n<figure class=\"wp-block-image size-large\"><img fetchpriority=\"high\" decoding=\"async\" width=\"6048\" height=\"4024\" src=\"https:\/\/medclinics.com\/wp-content\/uploads\/2023\/05\/removal-appliances.png\" alt=\"Appareils amovibles\" class=\"wp-image-85801\" srcset=\"https:\/\/medclinics.com\/wp-content\/uploads\/2023\/05\/removal-appliances.png 6048w, https:\/\/medclinics.com\/wp-content\/uploads\/2023\/05\/removal-appliances-500x333.png 500w, https:\/\/medclinics.com\/wp-content\/uploads\/2023\/05\/removal-appliances-1024x681.png 1024w, https:\/\/medclinics.com\/wp-content\/uploads\/2023\/05\/removal-appliances-768x511.png 768w, https:\/\/medclinics.com\/wp-content\/uploads\/2023\/05\/removal-appliances-1536x1022.png 1536w, https:\/\/medclinics.com\/wp-content\/uploads\/2023\/05\/removal-appliances-2048x1363.png 2048w, https:\/\/medclinics.com\/wp-content\/uploads\/2023\/05\/removal-appliances-24x16.png 24w, https:\/\/medclinics.com\/wp-content\/uploads\/2023\/05\/removal-appliances-36x24.png 36w, https:\/\/medclinics.com\/wp-content\/uploads\/2023\/05\/removal-appliances-48x32.png 48w\" sizes=\"(max-width: 6048px) 100vw, 6048px\" \/><\/figure>\n\n<h2 class=\"wp-block-heading\">FAQ<\/h2>\n<div id=\"rank-math-faq\" class=\"rank-math-block\">\n<div class=\"rank-math-list \">\n<div id=\"faq-question-1682666956133\" class=\"rank-math-list-item\">\n<h3 class=\"rank-math-question \">Qu&rsquo;est-ce que la th\u00e9rapie par appareil amovible ?<\/h3>\n<div class=\"rank-math-answer \">\n\n<p>La th\u00e9rapie par appareil amovible est un type de traitement orthodontique qui utilise des appareils amovibles sur mesure pour corriger les probl\u00e8mes d&rsquo;alignement dentaire et d&rsquo;occlusion. Ces appareils peuvent \u00eatre retir\u00e9s pour le nettoyage et certaines activit\u00e9s. Ils sont utilis\u00e9s pour corriger les mouvements mineurs des dents, guider la croissance de la m\u00e2choire, conserver les dents apr\u00e8s le traitement ou \u00e9largir temporairement les arcades dentaires. Un port r\u00e9gulier et des visites de suivi sont n\u00e9cessaires pour assurer le succ\u00e8s du traitement.<\/p>\n\n<\/div>\n<\/div>\n<div id=\"faq-question-1684244742028\" class=\"rank-math-list-item\">\n<h3 class=\"rank-math-question \">A quoi servent les appareils orthodontiques amovibles ?<\/h3>\n<div class=\"rank-math-answer \">\n\n<p>Les appareils orthodontiques amovibles ont de multiples fonctions dans le cadre d&rsquo;un traitement orthodontique. Ils sont utilis\u00e9s pour corriger les mouvements mineurs des dents, tels que les probl\u00e8mes d&rsquo;encombrement ou d&rsquo;espacement, ainsi que les rotations ou inclinaisons mineures des dents. Ces appareils peuvent \u00e9galement guider la croissance et le d\u00e9veloppement des m\u00e2choires chez les personnes en pleine croissance, favorisant ainsi une relation d&rsquo;occlusion plus harmonieuse. \u00c0 l&rsquo;issue du traitement orthodontique, des appareils de r\u00e9tention amovibles sont souvent utilis\u00e9s pour maintenir l&rsquo;alignement dentaire obtenu et pr\u00e9venir les rechutes. En outre, les appareils amovibles avec extenseurs peuvent temporairement cr\u00e9er plus d&rsquo;espace dans les arcades dentaires, en particulier dans les cas d&rsquo;encombrement dentaire. Les orthodontistes \u00e9valuent soigneusement les besoins de chaque patient et \u00e9laborent un plan de traitement personnalis\u00e9 qui peut inclure l&rsquo;utilisation d&rsquo;appareils amovibles. Le port r\u00e9gulier et l&rsquo;entretien ad\u00e9quat des appareils sont essentiels \u00e0 la r\u00e9ussite du traitement.<\/p>\n\n<\/div>\n<\/div>\n<\/div>\n<\/div>\n<h3 class=\"wp-block-heading\"><a href=\"#requestform\">Contactez-nous<\/a> d\u00e8s maintenant si vous avez des questions !<\/h3>\n","protected":false},"excerpt":{"rendered":"<p>D\u00e9couvrez la commodit\u00e9 des appareils amovibles : Une vue d&rsquo;ensemble Si vous souhaitez rire librement et am\u00e9liorer votre sourire, les [&hellip;]<\/p>\n","protected":false},"author":4,"featured_media":92420,"parent":0,"menu_order":0,"comment_status":"closed","ping_status":"closed","template":"","meta":{"site-sidebar-layout":"default","site-content-layout":"","ast-site-content-layout":"default","site-content-style":"default","site-sidebar-style":"default","ast-global-header-display":"","ast-banner-title-visibility":"","ast-main-header-display":"","ast-hfb-above-header-display":"","ast-hfb-below-header-display":"","ast-hfb-mobile-header-display":"","site-post-title":"","ast-breadcrumbs-content":"","ast-featured-img":"","footer-sml-layout":"","ast-disable-related-posts":"","theme-transparent-header-meta":"","adv-header-id-meta":"","stick-header-meta":"","header-above-stick-meta":"","header-main-stick-meta":"","header-below-stick-meta":"","astra-migrate-meta-layouts":"default","ast-page-background-enabled":"default","ast-page-background-meta":{"desktop":{"background-color":"var(--ast-global-color-4)","background-image":"","background-repeat":"repeat","background-position":"center center","background-size":"auto","background-attachment":"scroll","background-type":"","background-media":"","overlay-type":"","overlay-color":"","overlay-opacity":"","overlay-gradient":""},"tablet":{"background-color":"","background-image":"","background-repeat":"repeat","background-position":"center center","background-size":"auto","background-attachment":"scroll","background-type":"","background-media":"","overlay-type":"","overlay-color":"","overlay-opacity":"","overlay-gradient":""},"mobile":{"background-color":"","background-image":"","background-repeat":"repeat","background-position":"center center","background-size":"auto","background-attachment":"scroll","background-type":"","background-media":"","overlay-type":"","overlay-color":"","overlay-opacity":"","overlay-gradient":""}},"ast-content-background-meta":{"desktop":{"background-color":"var(--ast-global-color-5)","background-image":"","background-repeat":"repeat","background-position":"center center","background-size":"auto","background-attachment":"scroll","background-type":"","background-media":"","overlay-type":"","overlay-color":"","overlay-opacity":"","overlay-gradient":""},"tablet":{"background-color":"var(--ast-global-color-5)","background-image":"","background-repeat":"repeat","background-position":"center center","background-size":"auto","background-attachment":"scroll","background-type":"","background-media":"","overlay-type":"","overlay-color":"","overlay-opacity":"","overlay-gradient":""},"mobile":{"background-color":"var(--ast-global-color-5)","background-image":"","background-repeat":"repeat","background-position":"center center","background-size":"auto","background-attachment":"scroll","background-type":"","background-media":"","overlay-type":"","overlay-color":"","overlay-opacity":"","overlay-gradient":""}},"footnotes":""},"class_list":["post-145779","page","type-page","status-publish","has-post-thumbnail","hentry"],"_links":{"self":[{"href":"https:\/\/medclinics.com\/fr\/wp-json\/wp\/v2\/pages\/145779","targetHints":{"allow":["GET"]}}],"collection":[{"href":"https:\/\/medclinics.com\/fr\/wp-json\/wp\/v2\/pages"}],"about":[{"href":"https:\/\/medclinics.com\/fr\/wp-json\/wp\/v2\/types\/page"}],"author":[{"embeddable":true,"href":"https:\/\/medclinics.com\/fr\/wp-json\/wp\/v2\/users\/4"}],"replies":[{"embeddable":true,"href":"https:\/\/medclinics.com\/fr\/wp-json\/wp\/v2\/comments?post=145779"}],"version-history":[{"count":0,"href":"https:\/\/medclinics.com\/fr\/wp-json\/wp\/v2\/pages\/145779\/revisions"}],"wp:featuredmedia":[{"embeddable":true,"href":"https:\/\/medclinics.com\/fr\/wp-json\/wp\/v2\/media\/92420"}],"wp:attachment":[{"href":"https:\/\/medclinics.com\/fr\/wp-json\/wp\/v2\/media?parent=145779"}],"curies":[{"name":"wp","href":"https:\/\/api.w.org\/{rel}","templated":true}]}}