{"id":145767,"date":"2023-05-16T13:31:27","date_gmt":"2023-05-16T10:31:27","guid":{"rendered":"https:\/\/medclinics.com\/facette-en-porcelaine-stratifiee\/"},"modified":"2025-01-02T19:10:47","modified_gmt":"2025-01-02T16:10:47","slug":"facette-en-porcelaine-stratifiee","status":"publish","type":"page","link":"https:\/\/medclinics.com\/fr\/facette-en-porcelaine-stratifiee\/","title":{"rendered":"Facette en porcelaine stratifi\u00e9e"},"content":{"rendered":"\n<h2 class=\"wp-block-heading\">Am\u00e9liorez votre sourire avec des facettes en stratifi\u00e9 de porcelaine<\/h2>\n\n<p>Vous souhaitez donner un coup de jeune \u00e0 votre sourire ? <a href=\"https:\/\/en.wikipedia.org\/wiki\/Veneer_(dentistry)\" target=\"_blank\" rel=\"noreferrer noopener\">Les facettes<\/a> en porcelaine stratifi\u00e9e sont peut-\u00eatre ce qu&rsquo;il vous faut. Ces facettes incroyablement fines peuvent modifier compl\u00e8tement la forme, la taille et la couleur de vos dents. Vous obtiendrez ainsi un sourire magnifique et naturel. En raison de ses r\u00e9sultats \u00e9tonnants et durables, cette option est pr\u00e9f\u00e9r\u00e9e par de nombreux patients.    <\/p>\n\n<h3 class=\"wp-block-heading\">Pourquoi les facettes en stratifi\u00e9 de porcelaine sont-elles un excellent choix ?<\/h3>\n\n<p>Les facettes en porcelaine stratifi\u00e9e offrent de nombreux avantages qui en font un excellent choix pour embellir les sourires :<\/p>\n\n<h4 class=\"wp-block-heading\">Un aspect tr\u00e8s naturel : <\/h4>\n\n<p>Le grand avantage des facettes en porcelaine est leur capacit\u00e9 \u00e0 reproduire les propri\u00e9t\u00e9s de r\u00e9flexion de la lumi\u00e8re des dents naturelles. Cela donne \u00e0 votre sourire un aspect naturel et r\u00e9aliste. <\/p>\n\n<h4 class=\"wp-block-heading\">Longue dur\u00e9e de vie et durable :<\/h4>\n\n<p>Les facettes en porcelaine stratifi\u00e9e sont r\u00e9put\u00e9es pour leur solidit\u00e9 et leur long\u00e9vit\u00e9. Lorsqu&rsquo;elles sont correctement entretenues (brossage, fil dentaire et visites chez le dentiste), elles peuvent durer de nombreuses ann\u00e9es tout en r\u00e9sistant mieux aux taches que les dents naturelles et en conservant leur aspect brillant pendant de nombreuses ann\u00e9es. <\/p>\n\n<h4 class=\"wp-block-heading\">Moins invasif : <\/h4>\n\n<p>Compar\u00e9e \u00e0 d&rsquo;autres techniques de restauration dentaire, la pose de facettes en porcelaine est peu invasive. Seule une petite partie de l&rsquo;\u00e9mail de la dent originale doit \u00eatre enlev\u00e9e, ce qui rend la proc\u00e9dure plus rapide et moins douloureuse. <\/p>\n\n<h4 class=\"wp-block-heading\">Une solution polyvalente : <\/h4>\n\n<p>Ces facettes sont tr\u00e8s polyvalentes et peuvent r\u00e9pondre \u00e0 divers probl\u00e8mes dentaires, tels que la d\u00e9coloration, les dents \u00e9br\u00e9ch\u00e9es ou cass\u00e9es, les l\u00e9gers d\u00e9fauts d&rsquo;alignement et les espaces entre les dents. Leur adaptabilit\u00e9 en fait un rem\u00e8de complet pour de multiples imperfections en un seul paquet. <\/p>\n\n<h4 class=\"wp-block-heading\">R\u00e9sultats rapides : <\/h4>\n\n<p>Contrairement aux traitements orthodontiques, qui peuvent prendre des ann\u00e9es avant de produire des changements significatifs, les facettes en porcelaine permettent une transformation rapide. Vous pouvez obtenir un nouveau sourire en quelques visites chez le dentiste. <\/p>\n\n<h3 class=\"wp-block-heading\">Le processus de demande de placage<\/h3>\n\n<p>L&rsquo;obtention de facettes en porcelaine comporte plusieurs \u00e9tapes cl\u00e9s :<\/p>\n\n<p><strong>Consultation initiale :<\/strong> Votre voyage commence par une consultation au cours de laquelle votre dentiste discutera de vos objectifs en mati\u00e8re de sourire et examinera vos dents afin de d\u00e9terminer si les facettes vous conviennent. Il vous expliquera chaque \u00e9tape de la proc\u00e9dure afin que vous sachiez exactement \u00e0 quoi vous attendre. <\/p>\n\n<p><strong>Pr\u00e9paration des dents<\/strong>: Lors du rendez-vous suivant, votre dentiste pr\u00e9parera vos dents en enlevant une petite quantit\u00e9 d&rsquo;\u00e9mail de la surface. Cette op\u00e9ration est n\u00e9cessaire pour que les facettes puissent \u00eatre correctement ancr\u00e9es sur les dents. <\/p>\n\n<p><strong>Prise d&#8217;empreintes :<\/strong> apr\u00e8s avoir pr\u00e9par\u00e9 vos dents, votre dentiste prendra des empreintes d\u00e9taill\u00e9es. Ces empreintes sont envoy\u00e9es \u00e0 un laboratoire dentaire o\u00f9 vos facettes personnalis\u00e9es sont cr\u00e9\u00e9es. <\/p>\n\n<p><strong>Application des facettes : <\/strong>Une fois que les facettes sont pr\u00eates, le dentiste les place sur les dents pour v\u00e9rifier qu&rsquo;elles sont bien adapt\u00e9es et que la couleur correspond bien. Apr\u00e8s avoir effectu\u00e9 les ajustements n\u00e9cessaires, les facettes sont coll\u00e9es de mani\u00e8re permanente \u00e0 vos dents \u00e0 l&rsquo;aide d&rsquo;un adh\u00e9sif sp\u00e9cial. <\/p>\n\n<p><strong>Ajustements finaux : <\/strong>Votre dentiste proc\u00e9dera \u00e0 des ajustements de derni\u00e8re minute pour s&rsquo;assurer que votre occlusion est correcte et que les facettes ont un aspect aussi naturel que possible. <\/p>\n\n<h3 class=\"wp-block-heading\">Entretien de vos facettes en porcelaine<\/h3>\n\n<p>Pour que vos facettes en porcelaine conservent leur \u00e9clat et assurent leur long\u00e9vit\u00e9, suivez les conseils d&rsquo;entretien suivants :<\/p>\n\n<p>** <strong>Maintenir une<\/strong> <strong>bonne hygi\u00e8ne bucco-dentaire<\/strong>: Brossez-vous les dents et passez le fil dentaire tous les jours, tout comme vos dents naturelles, pour les garder propres et exemptes de plaque.<br\/>** <strong>\u00c9viter les aliments durs<\/strong>: Bien que les facettes en porcelaine soient durables, il est conseill\u00e9 d&rsquo;\u00e9viter de mordre sur des aliments ou des objets tr\u00e8s durs pour \u00e9viter tout dommage.<br\/>** <strong>Contr\u00f4les dentaires r\u00e9guliers :<\/strong> Rendez-vous r\u00e9guli\u00e8rement chez votre dentiste pour des contr\u00f4les et des nettoyages professionnels afin de maintenir vos facettes et votre sant\u00e9 dentaire g\u00e9n\u00e9rale en parfait \u00e9tat.<br\/>** <strong>Utiliser un dentifrice doux<\/strong>: Choisissez un dentifrice non abrasif pour \u00e9viter de rayer la surface de vos facettes.<\/p>\n\n<h3 class=\"wp-block-heading\">Avant de vous d\u00e9cider &#8230;<\/h3>\n\n<p>Il est important de se rappeler que la pose de facettes en porcelaine est un processus irr\u00e9versible, puisqu&rsquo;elle implique l&rsquo;\u00e9limination d&rsquo;une partie de la structure dentaire d&rsquo;origine. Toutefois, compte tenu des avantages incroyables qu&rsquo;elles pr\u00e9sentent, cette solution vaut certainement la peine d&rsquo;\u00eatre envisag\u00e9e. Si vos dents et vos gencives sont saines et que vous souhaitez am\u00e9liorer consid\u00e9rablement votre sourire, les facettes en porcelaine pourraient \u00eatre la solution id\u00e9ale pour vous.  <\/p>\n\n<p>Pour tirer le meilleur parti de votre nouvel investissement en mati\u00e8re de sourire, traitez vos facettes avec d\u00e9licatesse et \u00e9vitez les activit\u00e9s susceptibles d&rsquo;exercer une pression excessive sur elles. N&rsquo;attendez plus et saisissez la chance de recevoir vos facettes d\u00e8s maintenant !  <\/p>\n\n<p>Les facettes en porcelaine stratifi\u00e9e peuvent vous donner le sourire dont vous avez toujours r\u00eav\u00e9. Avec leur aspect naturel, leur durabilit\u00e9 et leurs r\u00e9sultats rapides, elles constituent un excellent investissement pour votre confiance en vous et votre apparence. Si vous envisagez d&rsquo;am\u00e9liorer votre sourire, consultez votre dentiste pour savoir si les facettes en porcelaine sont le bon choix pour vous.  <\/p>\n\n<h4 class=\"wp-block-heading\">Pr\u00eat \u00e0 transformer votre sourire ? Contactez-nous d\u00e8s maintenant, MedClinics vous guidera tout au long du processus !  <\/h4>\n\n<h3 class=\"wp-block-heading\">Tout ce que vous devez savoir sur les <a href=\"https:\/\/medclinics.com\/dental-treatment\/\" target=\"_blank\" rel=\"noreferrer noopener\">traitements dentaires<\/a>, y compris le prix, les soins et le processus de gu\u00e9rison, ou <a href=\"#requestform\">contactez-nous<\/a>!<\/h3>\n\n<figure class=\"wp-block-image size-large\"><img fetchpriority=\"high\" decoding=\"async\" width=\"7360\" height=\"4912\" src=\"https:\/\/medclinics.com\/wp-content\/uploads\/2023\/05\/porcelain-laminate-veneer.png\" alt=\"Facette en porcelaine stratifi&#xE9;e\" class=\"wp-image-85775\" srcset=\"https:\/\/medclinics.com\/wp-content\/uploads\/2023\/05\/porcelain-laminate-veneer.png 7360w, https:\/\/medclinics.com\/wp-content\/uploads\/2023\/05\/porcelain-laminate-veneer-500x334.png 500w, https:\/\/medclinics.com\/wp-content\/uploads\/2023\/05\/porcelain-laminate-veneer-1024x683.png 1024w, https:\/\/medclinics.com\/wp-content\/uploads\/2023\/05\/porcelain-laminate-veneer-768x513.png 768w, https:\/\/medclinics.com\/wp-content\/uploads\/2023\/05\/porcelain-laminate-veneer-1536x1025.png 1536w, https:\/\/medclinics.com\/wp-content\/uploads\/2023\/05\/porcelain-laminate-veneer-2048x1367.png 2048w, https:\/\/medclinics.com\/wp-content\/uploads\/2023\/05\/porcelain-laminate-veneer-24x16.png 24w, https:\/\/medclinics.com\/wp-content\/uploads\/2023\/05\/porcelain-laminate-veneer-36x24.png 36w, https:\/\/medclinics.com\/wp-content\/uploads\/2023\/05\/porcelain-laminate-veneer-48x32.png 48w\" sizes=\"(max-width: 7360px) 100vw, 7360px\" \/><\/figure>\n\n<h2 class=\"wp-block-heading\">FAQ<\/h2>\n<div id=\"rank-math-faq\" class=\"rank-math-block\">\n<div class=\"rank-math-list \">\n<div id=\"faq-question-1682666956133\" class=\"rank-math-list-item\">\n<h3 class=\"rank-math-question \">Qu&rsquo;est-ce qu&rsquo;une facette stratifi\u00e9e en porcelaine ?<\/h3>\n<div class=\"rank-math-answer \">\n\n<p>Les facettes en porcelaine stratifi\u00e9e sont de minces coquilles en porcelaine con\u00e7ues sur mesure pour recouvrir la surface avant des dents. Ils sont utilis\u00e9s pour am\u00e9liorer l&rsquo;apparence des dents en rehaussant leur couleur, leur forme et leur alignement. Les facettes peuvent r\u00e9pondre \u00e0 divers probl\u00e8mes esth\u00e9tiques tels que la d\u00e9coloration, les dents \u00e9br\u00e9ch\u00e9es, l&rsquo;espacement in\u00e9gal et les d\u00e9fauts mineurs d&rsquo;alignement. Le processus comprend la pr\u00e9paration des dents, la prise d&#8217;empreintes et le collage des facettes sur les dents. Les facettes en porcelaine stratifi\u00e9e sont connues pour leur aspect naturel et leur durabilit\u00e9, ce qui en fait une solution durable pour am\u00e9liorer votre sourire. Il est important de consulter un professionnel des soins dentaires pour d\u00e9terminer si les facettes conviennent \u00e0 vos besoins sp\u00e9cifiques.<\/p>\n\n<\/div>\n<\/div>\n<div id=\"faq-question-1684243616949\" class=\"rank-math-list-item\">\n<h3 class=\"rank-math-question \">Mes facettes en porcelaine se tacheront-elles ?<\/h3>\n<div class=\"rank-math-answer \">\n\n<p>Les facettes en porcelaine sont tr\u00e8s r\u00e9sistantes aux taches, mais elles peuvent n\u00e9anmoins accumuler des taches superficielles au fil du temps. Une bonne hygi\u00e8ne bucco-dentaire et l&rsquo;absence de consommation excessive de substances tachantes peuvent contribuer \u00e0 pr\u00e9server leur apparence. Un nettoyage dentaire professionnel permet d&rsquo;\u00e9liminer les taches superficielles et de pr\u00e9server l&rsquo;aspect naturel de vos facettes en porcelaine stratifi\u00e9e.<\/p>\n\n<\/div>\n<\/div>\n<div id=\"faq-question-1684243725450\" class=\"rank-math-list-item\">\n<h3 class=\"rank-math-question \">Les facettes en porcelaine peuvent-elles bouger ?<\/h3>\n<div class=\"rank-math-answer \">\n\n<p>Les facettes en porcelaine sont con\u00e7ues pour \u00eatre solidement coll\u00e9es \u00e0 la surface avant de vos dents, ce qui les rend r\u00e9sistantes aux mouvements ou aux d\u00e9placements. Une fois correctement plac\u00e9es et coll\u00e9es, les facettes doivent rester stables et dans la position pr\u00e9vue. Toutefois, il est important de noter que des forces extr\u00eames ou des traumatismes dentaires peuvent potentiellement d\u00e9loger ou endommager les facettes. Il est recommand\u00e9 d&rsquo;\u00e9viter les habitudes telles que mordre des objets durs ou utiliser ses dents comme des outils afin de prot\u00e9ger la long\u00e9vit\u00e9 et l&rsquo;int\u00e9grit\u00e9 de vos facettes en porcelaine. Des contr\u00f4les dentaires r\u00e9guliers peuvent garantir la stabilit\u00e9 et le bon fonctionnement de vos facettes au fil du temps.<\/p>\n\n<\/div>\n<\/div>\n<\/div>\n<\/div>\n<h3 class=\"wp-block-heading\"><a href=\"#requestform\">Contactez-nous<\/a> d\u00e8s maintenant si vous avez des questions !<\/h3>\n","protected":false},"excerpt":{"rendered":"<p>Am\u00e9liorez votre sourire avec des facettes en stratifi\u00e9 de porcelaine Vous souhaitez donner un coup de jeune \u00e0 votre sourire [&hellip;]<\/p>\n","protected":false},"author":4,"featured_media":92406,"parent":0,"menu_order":0,"comment_status":"closed","ping_status":"closed","template":"","meta":{"site-sidebar-layout":"default","site-content-layout":"","ast-site-content-layout":"default","site-content-style":"default","site-sidebar-style":"default","ast-global-header-display":"","ast-banner-title-visibility":"","ast-main-header-display":"","ast-hfb-above-header-display":"","ast-hfb-below-header-display":"","ast-hfb-mobile-header-display":"","site-post-title":"","ast-breadcrumbs-content":"","ast-featured-img":"","footer-sml-layout":"","ast-disable-related-posts":"","theme-transparent-header-meta":"","adv-header-id-meta":"","stick-header-meta":"","header-above-stick-meta":"","header-main-stick-meta":"","header-below-stick-meta":"","astra-migrate-meta-layouts":"default","ast-page-background-enabled":"default","ast-page-background-meta":{"desktop":{"background-color":"var(--ast-global-color-4)","background-image":"","background-repeat":"repeat","background-position":"center center","background-size":"auto","background-attachment":"scroll","background-type":"","background-media":"","overlay-type":"","overlay-color":"","overlay-opacity":"","overlay-gradient":""},"tablet":{"background-color":"","background-image":"","background-repeat":"repeat","background-position":"center center","background-size":"auto","background-attachment":"scroll","background-type":"","background-media":"","overlay-type":"","overlay-color":"","overlay-opacity":"","overlay-gradient":""},"mobile":{"background-color":"","background-image":"","background-repeat":"repeat","background-position":"center center","background-size":"auto","background-attachment":"scroll","background-type":"","background-media":"","overlay-type":"","overlay-color":"","overlay-opacity":"","overlay-gradient":""}},"ast-content-background-meta":{"desktop":{"background-color":"var(--ast-global-color-5)","background-image":"","background-repeat":"repeat","background-position":"center center","background-size":"auto","background-attachment":"scroll","background-type":"","background-media":"","overlay-type":"","overlay-color":"","overlay-opacity":"","overlay-gradient":""},"tablet":{"background-color":"var(--ast-global-color-5)","background-image":"","background-repeat":"repeat","background-position":"center center","background-size":"auto","background-attachment":"scroll","background-type":"","background-media":"","overlay-type":"","overlay-color":"","overlay-opacity":"","overlay-gradient":""},"mobile":{"background-color":"var(--ast-global-color-5)","background-image":"","background-repeat":"repeat","background-position":"center center","background-size":"auto","background-attachment":"scroll","background-type":"","background-media":"","overlay-type":"","overlay-color":"","overlay-opacity":"","overlay-gradient":""}},"footnotes":""},"class_list":["post-145767","page","type-page","status-publish","has-post-thumbnail","hentry"],"_links":{"self":[{"href":"https:\/\/medclinics.com\/fr\/wp-json\/wp\/v2\/pages\/145767","targetHints":{"allow":["GET"]}}],"collection":[{"href":"https:\/\/medclinics.com\/fr\/wp-json\/wp\/v2\/pages"}],"about":[{"href":"https:\/\/medclinics.com\/fr\/wp-json\/wp\/v2\/types\/page"}],"author":[{"embeddable":true,"href":"https:\/\/medclinics.com\/fr\/wp-json\/wp\/v2\/users\/4"}],"replies":[{"embeddable":true,"href":"https:\/\/medclinics.com\/fr\/wp-json\/wp\/v2\/comments?post=145767"}],"version-history":[{"count":0,"href":"https:\/\/medclinics.com\/fr\/wp-json\/wp\/v2\/pages\/145767\/revisions"}],"wp:featuredmedia":[{"embeddable":true,"href":"https:\/\/medclinics.com\/fr\/wp-json\/wp\/v2\/media\/92406"}],"wp:attachment":[{"href":"https:\/\/medclinics.com\/fr\/wp-json\/wp\/v2\/media?parent=145767"}],"curies":[{"name":"wp","href":"https:\/\/api.w.org\/{rel}","templated":true}]}}