{"id":145741,"date":"2023-05-16T13:08:49","date_gmt":"2023-05-16T10:08:49","guid":{"rendered":"https:\/\/medclinics.com\/traitements-orthodontiques\/"},"modified":"2025-01-02T19:08:32","modified_gmt":"2025-01-02T16:08:32","slug":"traitements-orthodontiques","status":"publish","type":"page","link":"https:\/\/medclinics.com\/fr\/traitements-orthodontiques\/","title":{"rendered":"Traitements orthodontiques"},"content":{"rendered":"\n<h2 class=\"wp-block-heading\">Vous en avez assez d&rsquo;\u00eatre g\u00ean\u00e9 par vos dents de travers ou votre m\u00e2choire mal align\u00e9e ? Les traitements orthodontiques offrent une solution \u00e0 ces probl\u00e8mes dentaires courants.<\/h2>\n\n<p>En utilisant des bagues, des brackets, des \u00e9lastiques et des ressorts, les orthodontistes peuvent progressivement appliquer une force pour redresser les dents et les m\u00e2choires.<\/p>\n\n<p>Cela permet non seulement d&rsquo;obtenir un sourire plus esth\u00e9tique, mais aussi d&rsquo;am\u00e9liorer la fonction de mastication et de pr\u00e9venir l&rsquo;apparition de probl\u00e8mes de sant\u00e9 bucco-dentaire \u00e0 l&rsquo;avenir. Bien que la dur\u00e9e des <a href=\"https:\/\/istanbul-tourist-information.com\/en\/medical-treatment\/\" target=\"_blank\" rel=\"noreferrer noopener\">traitements<\/a> orthodontiques varie en fonction de l&rsquo;\u00e9tat de chaque individu, la plupart des patients suivent un traitement pendant 1 \u00e0 3 ans.<\/p>\n\n<p>Les avantages d&rsquo;un traitement orthodontique sont nombreux : vous aurez non seulement une bouche plus saine avec des dents plus droites, mais aussi une meilleure \u00e9locution ! Cependant, nous comprenons qu&rsquo;il peut y avoir un certain inconfort temporaire, comme une douleur\/sensibilit\u00e9 dans la zone trait\u00e9e ou m\u00eame une \u00e9rosion de l&rsquo;\u00e9mail, c&rsquo;est pourquoi il est important de proc\u00e9der \u00e0 des contr\u00f4les r\u00e9guliers pendant cette p\u00e9riode.<\/p>\n\n<p>Tout se r\u00e9sume au respect des recommandations de votre dentiste tout au long du processus, ce qui d\u00e9termine en fin de compte le succ\u00e8s de votre voyage vers une sant\u00e9 bucco-dentaire optimale !<\/p>\n\n<h3 class=\"wp-block-heading\">Tout ce que vous devez savoir sur les <a href=\"https:\/\/medclinics.com\/dental-treatment\/\" target=\"_blank\" rel=\"noreferrer noopener\">traitements dentaires<\/a>, y compris le prix, les soins et le processus de gu\u00e9rison, ou <a href=\"#requestform\">contactez-nous<\/a>!<\/h3>\n\n<figure class=\"wp-block-image size-large\"><img fetchpriority=\"high\" decoding=\"async\" width=\"960\" height=\"640\" class=\"wp-image-85747\" src=\"https:\/\/medclinics.com\/wp-content\/uploads\/2023\/05\/orthodontic-treatments-e1685087135641.png\" alt=\"Traitements orthodontiques\" srcset=\"https:\/\/medclinics.com\/wp-content\/uploads\/2023\/05\/orthodontic-treatments-e1685087135641.png 960w, https:\/\/medclinics.com\/wp-content\/uploads\/2023\/05\/orthodontic-treatments-e1685087135641-500x333.png 500w, https:\/\/medclinics.com\/wp-content\/uploads\/2023\/05\/orthodontic-treatments-e1685087135641-768x512.png 768w, https:\/\/medclinics.com\/wp-content\/uploads\/2023\/05\/orthodontic-treatments-e1685087135641-24x16.png 24w, https:\/\/medclinics.com\/wp-content\/uploads\/2023\/05\/orthodontic-treatments-e1685087135641-36x24.png 36w, https:\/\/medclinics.com\/wp-content\/uploads\/2023\/05\/orthodontic-treatments-e1685087135641-48x32.png 48w\" sizes=\"(max-width: 960px) 100vw, 960px\" \/><\/figure>\n\n<h2 class=\"wp-block-heading\">FAQ<\/h2>\n<div id=\"rank-math-faq\" class=\"rank-math-block\">\n<div class=\"rank-math-list \">\n<div id=\"faq-question-1682666956133\" class=\"rank-math-list-item\">\n<h3 class=\"rank-math-question \">Un traitement orthodontique peut-il provoquer une r\u00e9cession gingivale ?<\/h3>\n<div class=\"rank-math-answer \">\n\n<p>Les traitements orthodontiques, tels que les bagues ou autres appareils orthodontiques, peuvent dans certains cas contribuer \u00e0 la r\u00e9cession gingivale. Plusieurs facteurs peuvent augmenter le risque de r\u00e9cession gingivale pendant un traitement orthodontique. Une hygi\u00e8ne bucco-dentaire inad\u00e9quate peut entra\u00eener une inflammation et une r\u00e9cession des gencives. L&rsquo;application de forces pour d\u00e9placer les dents peut exercer une pression sur les tissus gingivaux environnants, et des forces excessives ou inappropri\u00e9es peuvent contribuer \u00e0 la r\u00e9cession. Les personnes dont les tissus gingivaux sont naturellement fins ou d\u00e9licats peuvent \u00eatre plus sensibles \u00e0 la r\u00e9cession. En outre, la position initiale et l&rsquo;angulation des dents peuvent influencer leur r\u00e9action aux forces orthodontiques. Il est important de maintenir une bonne hygi\u00e8ne bucco-dentaire et de consulter r\u00e9guli\u00e8rement un orthodontiste pour minimiser le risque de r\u00e9cession gingivale pendant le traitement orthodontique.<\/p>\n\n<\/div>\n<\/div>\n<div id=\"faq-question-1684242136074\" class=\"rank-math-list-item\">\n<h3 class=\"rank-math-question \">Le traitement orthodontique est-il douloureux ?<\/h3>\n<div class=\"rank-math-answer \">\n\n<p>Les traitements orthodontiques peuvent entra\u00eener une g\u00eane et une douleur temporaires, en particulier apr\u00e8s la pose ou l&rsquo;ajustement d&rsquo;un appareil dentaire ou d&rsquo;une goutti\u00e8re. Cependant, la g\u00eane est g\u00e9n\u00e9ralement g\u00e9rable et s&rsquo;att\u00e9nue en quelques jours ou en une semaine. La cire dentaire peut \u00eatre utilis\u00e9e pour att\u00e9nuer l&rsquo;irritation caus\u00e9e par les appareils orthodontiques ou les fils. Bien que l&rsquo;inconfort fasse partie du processus orthodontique, les avantages \u00e0 long terme d&rsquo;un sourire plus droit et plus sain l&#8217;emportent sur l&rsquo;inconfort temporaire.<\/p>\n\n<\/div>\n<\/div>\n<div id=\"faq-question-1684242220273\" class=\"rank-math-list-item\">\n<h3 class=\"rank-math-question \">Le traitement orthodontique est-il s\u00fbr ?<\/h3>\n<div class=\"rank-math-answer \">\n\n<p>Oui, le traitement orthodontique est g\u00e9n\u00e9ralement s\u00fbr lorsqu&rsquo;il est effectu\u00e9 par un orthodontiste form\u00e9 et qualifi\u00e9. Bien qu&rsquo;il y ait des risques et des complications potentielles, ils sont rares et les orthodontistes sont form\u00e9s pour les minimiser. En suivant les instructions de votre orthodontiste et en vous rendant \u00e0 des examens r\u00e9guliers, vous pouvez vous assurer d&rsquo;un traitement orthodontique s\u00fbr et efficace.<\/p>\n\n<\/div>\n<\/div>\n<div id=\"faq-question-1684242391057\" class=\"rank-math-list-item\">\n<h3 class=\"rank-math-question \">Un traitement orthodontique en vaut-il la peine ?<\/h3>\n<div class=\"rank-math-answer \">\n\n<p>Le traitement orthodontique est souvent consid\u00e9r\u00e9 comme rentable pour de nombreuses personnes en raison des nombreux avantages qu&rsquo;il offre. Il peut am\u00e9liorer l&rsquo;esth\u00e9tique de votre sourire, votre confiance en vous et votre qualit\u00e9 de vie en g\u00e9n\u00e9ral. En outre, les traitements orthodontiques favorisent une meilleure sant\u00e9 bucco-dentaire en alignant les dents, ce qui facilite leur nettoyage et r\u00e9duit le risque de probl\u00e8mes dentaires. Il peut \u00e9galement am\u00e9liorer la fonctionnalit\u00e9, en permettant une meilleure efficacit\u00e9 de la morsure et de la mastication. Le traitement orthodontique est un investissement \u00e0 long terme, car les r\u00e9sultats durent g\u00e9n\u00e9ralement toute la vie avec un entretien ad\u00e9quat. Il est essentiel de consulter un orthodontiste pour d\u00e9terminer les avantages sp\u00e9cifiques que vous pouvez attendre en fonction de vos besoins et de vos objectifs. Ils peuvent vous fournir des recommandations personnalis\u00e9es et vous aider \u00e0 obtenir un sourire plus droit, plus sain et plus attrayant.<\/p>\n\n<\/div>\n<\/div>\n<\/div>\n<\/div>\n<p>\u00a0<\/p>\n\n<h3 class=\"wp-block-heading\">Contactez-nous d\u00e8s maintenant si vous avez des questions !<\/h3>\n","protected":false},"excerpt":{"rendered":"<p>Vous en avez assez d&rsquo;\u00eatre g\u00ean\u00e9 par vos dents de travers ou votre m\u00e2choire mal align\u00e9e ? Les traitements orthodontiques [&hellip;]<\/p>\n","protected":false},"author":4,"featured_media":85755,"parent":0,"menu_order":0,"comment_status":"closed","ping_status":"closed","template":"","meta":{"site-sidebar-layout":"default","site-content-layout":"","ast-site-content-layout":"default","site-content-style":"default","site-sidebar-style":"default","ast-global-header-display":"","ast-banner-title-visibility":"","ast-main-header-display":"","ast-hfb-above-header-display":"","ast-hfb-below-header-display":"","ast-hfb-mobile-header-display":"","site-post-title":"","ast-breadcrumbs-content":"","ast-featured-img":"","footer-sml-layout":"","ast-disable-related-posts":"","theme-transparent-header-meta":"","adv-header-id-meta":"","stick-header-meta":"","header-above-stick-meta":"","header-main-stick-meta":"","header-below-stick-meta":"","astra-migrate-meta-layouts":"default","ast-page-background-enabled":"default","ast-page-background-meta":{"desktop":{"background-color":"var(--ast-global-color-4)","background-image":"","background-repeat":"repeat","background-position":"center center","background-size":"auto","background-attachment":"scroll","background-type":"","background-media":"","overlay-type":"","overlay-color":"","overlay-opacity":"","overlay-gradient":""},"tablet":{"background-color":"","background-image":"","background-repeat":"repeat","background-position":"center center","background-size":"auto","background-attachment":"scroll","background-type":"","background-media":"","overlay-type":"","overlay-color":"","overlay-opacity":"","overlay-gradient":""},"mobile":{"background-color":"","background-image":"","background-repeat":"repeat","background-position":"center center","background-size":"auto","background-attachment":"scroll","background-type":"","background-media":"","overlay-type":"","overlay-color":"","overlay-opacity":"","overlay-gradient":""}},"ast-content-background-meta":{"desktop":{"background-color":"var(--ast-global-color-5)","background-image":"","background-repeat":"repeat","background-position":"center center","background-size":"auto","background-attachment":"scroll","background-type":"","background-media":"","overlay-type":"","overlay-color":"","overlay-opacity":"","overlay-gradient":""},"tablet":{"background-color":"var(--ast-global-color-5)","background-image":"","background-repeat":"repeat","background-position":"center center","background-size":"auto","background-attachment":"scroll","background-type":"","background-media":"","overlay-type":"","overlay-color":"","overlay-opacity":"","overlay-gradient":""},"mobile":{"background-color":"var(--ast-global-color-5)","background-image":"","background-repeat":"repeat","background-position":"center center","background-size":"auto","background-attachment":"scroll","background-type":"","background-media":"","overlay-type":"","overlay-color":"","overlay-opacity":"","overlay-gradient":""}},"footnotes":""},"class_list":["post-145741","page","type-page","status-publish","has-post-thumbnail","hentry"],"_links":{"self":[{"href":"https:\/\/medclinics.com\/fr\/wp-json\/wp\/v2\/pages\/145741","targetHints":{"allow":["GET"]}}],"collection":[{"href":"https:\/\/medclinics.com\/fr\/wp-json\/wp\/v2\/pages"}],"about":[{"href":"https:\/\/medclinics.com\/fr\/wp-json\/wp\/v2\/types\/page"}],"author":[{"embeddable":true,"href":"https:\/\/medclinics.com\/fr\/wp-json\/wp\/v2\/users\/4"}],"replies":[{"embeddable":true,"href":"https:\/\/medclinics.com\/fr\/wp-json\/wp\/v2\/comments?post=145741"}],"version-history":[{"count":0,"href":"https:\/\/medclinics.com\/fr\/wp-json\/wp\/v2\/pages\/145741\/revisions"}],"wp:featuredmedia":[{"embeddable":true,"href":"https:\/\/medclinics.com\/fr\/wp-json\/wp\/v2\/media\/85755"}],"wp:attachment":[{"href":"https:\/\/medclinics.com\/fr\/wp-json\/wp\/v2\/media?parent=145741"}],"curies":[{"name":"wp","href":"https:\/\/api.w.org\/{rel}","templated":true}]}}