{"id":145719,"date":"2023-05-16T12:07:37","date_gmt":"2023-05-16T09:07:37","guid":{"rendered":"https:\/\/medclinics.com\/kystes-de-la-machoire\/"},"modified":"2025-01-02T16:23:17","modified_gmt":"2025-01-02T13:23:17","slug":"kystes-de-la-machoire","status":"publish","type":"page","link":"https:\/\/medclinics.com\/fr\/kystes-de-la-machoire\/","title":{"rendered":"Kystes de la m\u00e2choire"},"content":{"rendered":"\n<h2 class=\"wp-block-heading\">Si vous cherchez un moyen de rire confortablement, le traitement des kystes de la m\u00e2choire peut \u00eatre la solution id\u00e9ale.<\/h2>\n\n<p>Les <a href=\"https:\/\/en.wikipedia.org\/wiki\/Cysts_of_the_jaws\" target=\"_blank\" rel=\"noreferrer noopener\">kystes de la m\u00e2choire<\/a>, ces sacs encombrants remplis de liquide dans la r\u00e9gion de la m\u00e2choire et contenant des prot\u00e9ines de k\u00e9ratine, peuvent sembler inoffensifs \u00e0 premi\u00e8re vue. S&rsquo;ils ne sont pas trait\u00e9s et si on les laisse grossir, ils peuvent provoquer toute une s\u00e9rie de sympt\u00f4mes douloureux tels que le gonflement, la mobilit\u00e9 des dents et des probl\u00e8mes de gencives.<\/p>\n\n<p>En fonction de la taille et de la localisation de vos kystes, les options de traitement varieront d&rsquo;une simple surveillance (pour les plus petits) \u00e0 l&rsquo;ablation chirurgicale sous anesth\u00e9sie locale si n\u00e9cessaire.<\/p>\n\n<p>Bien que la plupart des kystes de la m\u00e2choire soient b\u00e9nins, il est important de ne pas prendre de risque avec eux, car certains cas rares se sont r\u00e9v\u00e9l\u00e9s canc\u00e9reux avec le temps. Alors pourquoi attendre ? Faites-vous examiner par un dentiste ou un chirurgien maxillo-facial d\u00e8s aujourd&rsquo;hui si vous ressentez une g\u00eane ou si vous en d\u00e9tectez une par radiographie !<\/p>\n\n<h3 class=\"wp-block-heading\">Tout ce que vous devez savoir sur les <a href=\"https:\/\/medclinics.com\/dental-treatment\/\" target=\"_blank\" rel=\"noreferrer noopener\">traitements dentaires<\/a>, y compris le prix, le processus de gu\u00e9rison et plus encore, ou <a href=\"#requestform\">contactez-nous<\/a>!<\/h3>\n\n<figure class=\"wp-block-image size-large\"><img fetchpriority=\"high\" decoding=\"async\" width=\"5227\" height=\"3598\" class=\"wp-image-85663\" src=\"https:\/\/medclinics.com\/wp-content\/uploads\/2023\/05\/jaw-cysts.png\" alt=\"Kystes de la m&#xE2;choire\" srcset=\"https:\/\/medclinics.com\/wp-content\/uploads\/2023\/05\/jaw-cysts.png 5227w, https:\/\/medclinics.com\/wp-content\/uploads\/2023\/05\/jaw-cysts-500x344.png 500w, https:\/\/medclinics.com\/wp-content\/uploads\/2023\/05\/jaw-cysts-1024x705.png 1024w, https:\/\/medclinics.com\/wp-content\/uploads\/2023\/05\/jaw-cysts-768x529.png 768w, https:\/\/medclinics.com\/wp-content\/uploads\/2023\/05\/jaw-cysts-1536x1057.png 1536w, https:\/\/medclinics.com\/wp-content\/uploads\/2023\/05\/jaw-cysts-2048x1410.png 2048w, https:\/\/medclinics.com\/wp-content\/uploads\/2023\/05\/jaw-cysts-24x17.png 24w, https:\/\/medclinics.com\/wp-content\/uploads\/2023\/05\/jaw-cysts-36x25.png 36w, https:\/\/medclinics.com\/wp-content\/uploads\/2023\/05\/jaw-cysts-48x33.png 48w\" sizes=\"(max-width: 5227px) 100vw, 5227px\" \/><\/figure>\n\n<h2 class=\"wp-block-heading\">FAQ<\/h2>\n<div id=\"rank-math-faq\" class=\"rank-math-block\">\n<div class=\"rank-math-list \">\n<div id=\"faq-question-1682666956133\" class=\"rank-math-list-item\">\n<h3 class=\"rank-math-question \">Les kystes de la m\u00e2choire sont-ils canc\u00e9reux ?<\/h3>\n<div class=\"rank-math-answer \">\n\n<p>Les kystes de la m\u00e2choire, \u00e9galement appel\u00e9s kystes odontog\u00e8nes, sont g\u00e9n\u00e9ralement non canc\u00e9reux (b\u00e9nins). Ils se d\u00e9veloppent g\u00e9n\u00e9ralement \u00e0 partir des tissus associ\u00e9s \u00e0 la formation des dents et ne sont pas intrins\u00e8quement malins. Cependant, il est important de noter qu&rsquo;il existe de rares cas o\u00f9 un kyste de la m\u00e2choire peut \u00eatre associ\u00e9 \u00e0 une affection plus grave, telle qu&rsquo;une tumeur maligne. Si vous avez des inqui\u00e9tudes concernant un kyste \u00e0 la m\u00e2choire, il est recommand\u00e9 de consulter un professionnel dentaire ou m\u00e9dical pour une \u00e9valuation et un diagnostic appropri\u00e9s. Ils peuvent \u00e9valuer l&rsquo;enkystement et d\u00e9terminer la marche \u00e0 suivre appropri\u00e9e en fonction de votre situation sp\u00e9cifique.<\/p>\n\n<\/div>\n<\/div>\n<div id=\"faq-question-1684238641578\" class=\"rank-math-list-item\">\n<h3 class=\"rank-math-question \">Les kystes de la m\u00e2choire sont-ils douloureux ?<\/h3>\n<div class=\"rank-math-answer \">\n\n<p>Les kystes de la m\u00e2choire peuvent provoquer une douleur ou une g\u00eane, mais cela varie d&rsquo;une personne \u00e0 l&rsquo;autre. Certains kystes de la m\u00e2choire ne provoquent aucune douleur, tandis que d&rsquo;autres peuvent entra\u00eener des sympt\u00f4mes tels qu&rsquo;un gonflement, une sensibilit\u00e9 et une pression sur les structures environnantes, entra\u00eenant une douleur. Si vous avez des inqui\u00e9tudes concernant un kyste de la m\u00e2choire ou si vous ressentez une g\u00eane buccale, il est pr\u00e9f\u00e9rable de consulter un professionnel des soins dentaires ou m\u00e9dicaux pour une \u00e9valuation et des options de traitement appropri\u00e9es.<\/p>\n\n<\/div>\n<\/div>\n<div id=\"faq-question-1684238740544\" class=\"rank-math-list-item\">\n<h3 class=\"rank-math-question \">Les kystes de la m\u00e2choire peuvent-ils dispara\u00eetre ?<\/h3>\n<div class=\"rank-math-answer \">\n\n<p>Les kystes de la m\u00e2choire ne disparaissent g\u00e9n\u00e9ralement pas d&rsquo;eux-m\u00eames et n\u00e9cessitent un traitement. L&rsquo;ablation chirurgicale est l&rsquo;approche la plus courante pour traiter le kyste de la m\u00e2choire et pr\u00e9venir d&rsquo;autres complications. La consultation d&rsquo;un professionnel de la sant\u00e9 ou d&rsquo;un dentiste est essentielle pour une \u00e9valuation correcte et des recommandations de traitement. Une intervention pr\u00e9coce est recommand\u00e9e pour garantir une sant\u00e9 bucco-dentaire optimale.<\/p>\n\n<\/div>\n<\/div>\n<\/div>\n<\/div>\n<p>\u00a0<\/p>\n\n<h3 class=\"wp-block-heading\">Contactez-nous d\u00e8s maintenant si vous avez des questions !<\/h3>\n","protected":false},"excerpt":{"rendered":"<p>Si vous cherchez un moyen de rire confortablement, le traitement des kystes de la m\u00e2choire peut \u00eatre la solution id\u00e9ale. [&hellip;]<\/p>\n","protected":false},"author":4,"featured_media":92349,"parent":0,"menu_order":0,"comment_status":"closed","ping_status":"closed","template":"","meta":{"site-sidebar-layout":"default","site-content-layout":"","ast-site-content-layout":"default","site-content-style":"default","site-sidebar-style":"default","ast-global-header-display":"","ast-banner-title-visibility":"","ast-main-header-display":"","ast-hfb-above-header-display":"","ast-hfb-below-header-display":"","ast-hfb-mobile-header-display":"","site-post-title":"","ast-breadcrumbs-content":"","ast-featured-img":"","footer-sml-layout":"","ast-disable-related-posts":"","theme-transparent-header-meta":"","adv-header-id-meta":"","stick-header-meta":"","header-above-stick-meta":"","header-main-stick-meta":"","header-below-stick-meta":"","astra-migrate-meta-layouts":"default","ast-page-background-enabled":"default","ast-page-background-meta":{"desktop":{"background-color":"var(--ast-global-color-4)","background-image":"","background-repeat":"repeat","background-position":"center center","background-size":"auto","background-attachment":"scroll","background-type":"","background-media":"","overlay-type":"","overlay-color":"","overlay-opacity":"","overlay-gradient":""},"tablet":{"background-color":"","background-image":"","background-repeat":"repeat","background-position":"center center","background-size":"auto","background-attachment":"scroll","background-type":"","background-media":"","overlay-type":"","overlay-color":"","overlay-opacity":"","overlay-gradient":""},"mobile":{"background-color":"","background-image":"","background-repeat":"repeat","background-position":"center center","background-size":"auto","background-attachment":"scroll","background-type":"","background-media":"","overlay-type":"","overlay-color":"","overlay-opacity":"","overlay-gradient":""}},"ast-content-background-meta":{"desktop":{"background-color":"var(--ast-global-color-5)","background-image":"","background-repeat":"repeat","background-position":"center center","background-size":"auto","background-attachment":"scroll","background-type":"","background-media":"","overlay-type":"","overlay-color":"","overlay-opacity":"","overlay-gradient":""},"tablet":{"background-color":"var(--ast-global-color-5)","background-image":"","background-repeat":"repeat","background-position":"center center","background-size":"auto","background-attachment":"scroll","background-type":"","background-media":"","overlay-type":"","overlay-color":"","overlay-opacity":"","overlay-gradient":""},"mobile":{"background-color":"var(--ast-global-color-5)","background-image":"","background-repeat":"repeat","background-position":"center center","background-size":"auto","background-attachment":"scroll","background-type":"","background-media":"","overlay-type":"","overlay-color":"","overlay-opacity":"","overlay-gradient":""}},"footnotes":""},"class_list":["post-145719","page","type-page","status-publish","has-post-thumbnail","hentry"],"_links":{"self":[{"href":"https:\/\/medclinics.com\/fr\/wp-json\/wp\/v2\/pages\/145719","targetHints":{"allow":["GET"]}}],"collection":[{"href":"https:\/\/medclinics.com\/fr\/wp-json\/wp\/v2\/pages"}],"about":[{"href":"https:\/\/medclinics.com\/fr\/wp-json\/wp\/v2\/types\/page"}],"author":[{"embeddable":true,"href":"https:\/\/medclinics.com\/fr\/wp-json\/wp\/v2\/users\/4"}],"replies":[{"embeddable":true,"href":"https:\/\/medclinics.com\/fr\/wp-json\/wp\/v2\/comments?post=145719"}],"version-history":[{"count":0,"href":"https:\/\/medclinics.com\/fr\/wp-json\/wp\/v2\/pages\/145719\/revisions"}],"wp:featuredmedia":[{"embeddable":true,"href":"https:\/\/medclinics.com\/fr\/wp-json\/wp\/v2\/media\/92349"}],"wp:attachment":[{"href":"https:\/\/medclinics.com\/fr\/wp-json\/wp\/v2\/media?parent=145719"}],"curies":[{"name":"wp","href":"https:\/\/api.w.org\/{rel}","templated":true}]}}