{"id":145703,"date":"2023-05-16T11:45:30","date_gmt":"2023-05-16T08:45:30","guid":{"rendered":"https:\/\/medclinics.com\/incrustation-et-incrustation\/"},"modified":"2025-01-02T16:17:16","modified_gmt":"2025-01-02T13:17:16","slug":"incrustation-et-incrustation","status":"publish","type":"page","link":"https:\/\/medclinics.com\/fr\/incrustation-et-incrustation\/","title":{"rendered":"Incrustation et incrustation"},"content":{"rendered":"\n<h2 class=\"wp-block-heading\">Si vous cherchez un moyen de rire confortablement, les obturations Inlay et Onlay peuvent \u00eatre la solution parfaite.<\/h2>\n\n<p>La dentisterie propose deux m\u00e9thodes uniques pour obturer les dents : l&rsquo;<a href=\"https:\/\/en.wikipedia.org\/wiki\/Inlays_and_onlays\" target=\"_blank\" rel=\"noreferrer noopener\">incrustation (Inlay) et l&rsquo;incrustation (Onlay<\/a>). Ces proc\u00e9dures sont utilis\u00e9es pour restaurer les zones endommag\u00e9es de la dent, mais elles diff\u00e8rent dans leur approche.<\/p>\n\n<p>L&rsquo;obturation par incrustation consiste \u00e0 retirer la zone affect\u00e9e \u00e0 l&rsquo;aide d&rsquo;une fraise ou d&rsquo;un laser avant de la remplacer par des mat\u00e9riaux durables tels que la c\u00e9ramique, l&rsquo;or ou la porcelaine. Le r\u00e9sultat est une finition d&rsquo;aspect naturel qui s&rsquo;int\u00e8gre parfaitement \u00e0 votre sourire.<\/p>\n\n<p>D&rsquo;autre part, les onlays consistent \u00e0 placer des pi\u00e8ces pr\u00e9fabriqu\u00e9es sur les surfaces ext\u00e9rieures apr\u00e8s avoir \u00e9limin\u00e9 tout dommage. Ces pi\u00e8ces peuvent \u00eatre fabriqu\u00e9es \u00e0 partir de mat\u00e9riaux \u00e0 base de r\u00e9sine, comme la c\u00e9ramique et la porcelaine, qui donnent un aspect tout aussi convaincant lorsqu&rsquo;elles sont coll\u00e9es correctement !<\/p>\n\n<h3 class=\"wp-block-heading\">Tout ce que vous devez savoir sur les <a href=\"https:\/\/medclinics.com\/dental-treatment\/\" target=\"_blank\" rel=\"noreferrer noopener\">traitements dentaires<\/a>, y compris le prix, les soins et le processus de gu\u00e9rison, ou <a href=\"#requestform\">contactez-nous<\/a>!<\/h3>\n\n<figure class=\"wp-block-image size-large\"><img fetchpriority=\"high\" decoding=\"async\" width=\"5760\" height=\"3840\" class=\"wp-image-85609\" src=\"https:\/\/medclinics.com\/wp-content\/uploads\/2023\/05\/inlay-and-onlay.png\" alt=\"Incrustation et incrustation\" srcset=\"https:\/\/medclinics.com\/wp-content\/uploads\/2023\/05\/inlay-and-onlay.png 5760w, https:\/\/medclinics.com\/wp-content\/uploads\/2023\/05\/inlay-and-onlay-500x333.png 500w, https:\/\/medclinics.com\/wp-content\/uploads\/2023\/05\/inlay-and-onlay-1024x683.png 1024w, https:\/\/medclinics.com\/wp-content\/uploads\/2023\/05\/inlay-and-onlay-768x512.png 768w, https:\/\/medclinics.com\/wp-content\/uploads\/2023\/05\/inlay-and-onlay-1536x1024.png 1536w, https:\/\/medclinics.com\/wp-content\/uploads\/2023\/05\/inlay-and-onlay-2048x1365.png 2048w, https:\/\/medclinics.com\/wp-content\/uploads\/2023\/05\/inlay-and-onlay-24x16.png 24w, https:\/\/medclinics.com\/wp-content\/uploads\/2023\/05\/inlay-and-onlay-36x24.png 36w, https:\/\/medclinics.com\/wp-content\/uploads\/2023\/05\/inlay-and-onlay-48x32.png 48w\" sizes=\"(max-width: 5760px) 100vw, 5760px\" \/><\/figure>\n\n<h2 class=\"wp-block-heading\">FAQ<\/h2>\n<div id=\"rank-math-faq\" class=\"rank-math-block\">\n<div class=\"rank-math-list \">\n<div id=\"faq-question-1684237092744\" class=\"rank-math-list-item\">\n<h3 class=\"rank-math-question \">Qu&rsquo;est-ce que l&rsquo;inlay et l&rsquo;onlay ?<\/h3>\n<div class=\"rank-math-answer \">\n\n<p>En dentisterie, les inlays et onlays sont des restaurations sur mesure utilis\u00e9es pour r\u00e9parer des dents endommag\u00e9es ou cari\u00e9es. Un inlay est utilis\u00e9 lorsque les dommages se situent \u00e0 l&rsquo;int\u00e9rieur des cuspides ou de la surface de mastication de la dent, tandis qu&rsquo;un onlay est utilis\u00e9 pour des dommages plus importants qui s&rsquo;\u00e9tendent au-del\u00e0 des cuspides. Les inlays et les onlays sont cr\u00e9\u00e9s dans un laboratoire dentaire, puis coll\u00e9s sur la dent. Ils offrent un aspect naturel et une r\u00e9sistance tout en pr\u00e9servant la structure naturelle de la dent. Le choix entre un inlay et un onlay d\u00e9pend de l&rsquo;\u00e9tendue des dommages.<\/p>\n\n<\/div>\n<\/div>\n<div id=\"faq-question-1682666956133\" class=\"rank-math-list-item\">\n<h3 class=\"rank-math-question \">Qu&rsquo;est-ce que l&rsquo;inlay et l&rsquo;onlay en dentisterie ?<\/h3>\n<div class=\"rank-math-answer \">\n\n<p>En dentisterie, un inlay est une obturation sur mesure utilis\u00e9e pour r\u00e9parer un dommage ou une carie dans la surface de mastication d&rsquo;une dent. Il est plac\u00e9 \u00e0 l&rsquo;int\u00e9rieur de la dent. Un onlay, en revanche, est une restauration plus \u00e9tendue qui couvre une plus grande partie de la dent, y compris une ou plusieurs surfaces. Il est plac\u00e9 sur la dent. Les inlays et les onlays sont fabriqu\u00e9s dans un laboratoire dentaire et sont coll\u00e9s sur la dent \u00e0 l&rsquo;aide d&rsquo;un ciment dentaire. Elles offrent un aspect naturel et sont des alternatives durables aux couronnes dentaires compl\u00e8tes. Le choix entre un inlay et un onlay d\u00e9pend de l&rsquo;\u00e9tendue des dommages caus\u00e9s \u00e0 la dent.<\/p>\n\n<\/div>\n<\/div>\n<div id=\"faq-question-1684237270458\" class=\"rank-math-list-item\">\n<h3 class=\"rank-math-question \">Quel est le co\u00fbt d&rsquo;un inlay et d&rsquo;un onlay ?<\/h3>\n<div class=\"rank-math-answer \">\n\n<p>Le co\u00fbt d&rsquo;un inlay et d&rsquo;un onlay peut varier en fonction de facteurs tels que le mat\u00e9riau utilis\u00e9, la complexit\u00e9 du cas et les honoraires du dentiste. En moyenne, il faut compter entre 500 et 1 500 dollars par dent. Il est pr\u00e9f\u00e9rable de consulter un dentiste pour obtenir une estimation pr\u00e9cise des co\u00fbts en fonction de votre situation sp\u00e9cifique.<\/p>\n\n<\/div>\n<\/div>\n<div id=\"faq-question-1684237334482\" class=\"rank-math-list-item\">\n<h3 class=\"rank-math-question \">Les incrustations peuvent-elles \u00eatre remplac\u00e9es ?<\/h3>\n<div class=\"rank-math-answer \">\n\n<p>Oui, les incrustations peuvent \u00eatre remplac\u00e9es si n\u00e9cessaire. Avec le temps, un inlay peut s&rsquo;user, s&rsquo;ab\u00eemer ou d\u00e9velopper de nouvelles caries sur ses bords. Dans ce cas, le dentiste peut retirer l&rsquo;inlay existant et le remplacer par un nouvel inlay afin de restaurer la fonction et l&rsquo;apparence de la dent. Le processus consiste g\u00e9n\u00e9ralement \u00e0 retirer l&rsquo;ancien inlay, \u00e0 pr\u00e9parer la dent et \u00e0 prendre des empreintes pour cr\u00e9er un nouvel inlay sur mesure. Le nouvel inlay est ensuite coll\u00e9 en place \u00e0 l&rsquo;aide d&rsquo;un ciment dentaire. Si vous avez des doutes sur un inlay existant, il est pr\u00e9f\u00e9rable de consulter un dentiste qui pourra \u00e9valuer la situation et d\u00e9terminer si un remplacement est n\u00e9cessaire.<\/p>\n\n<\/div>\n<\/div>\n<\/div>\n<\/div>\n<p>\u00a0<\/p>\n\n<h3 class=\"wp-block-heading\">Contactez-nous d\u00e8s maintenant si vous avez des questions !<\/h3>\n","protected":false},"excerpt":{"rendered":"<p>Si vous cherchez un moyen de rire confortablement, les obturations Inlay et Onlay peuvent \u00eatre la solution parfaite. La dentisterie [&hellip;]<\/p>\n","protected":false},"author":4,"featured_media":92334,"parent":0,"menu_order":0,"comment_status":"closed","ping_status":"closed","template":"","meta":{"site-sidebar-layout":"default","site-content-layout":"","ast-site-content-layout":"default","site-content-style":"default","site-sidebar-style":"default","ast-global-header-display":"","ast-banner-title-visibility":"","ast-main-header-display":"","ast-hfb-above-header-display":"","ast-hfb-below-header-display":"","ast-hfb-mobile-header-display":"","site-post-title":"","ast-breadcrumbs-content":"","ast-featured-img":"","footer-sml-layout":"","ast-disable-related-posts":"","theme-transparent-header-meta":"","adv-header-id-meta":"","stick-header-meta":"","header-above-stick-meta":"","header-main-stick-meta":"","header-below-stick-meta":"","astra-migrate-meta-layouts":"default","ast-page-background-enabled":"default","ast-page-background-meta":{"desktop":{"background-color":"var(--ast-global-color-4)","background-image":"","background-repeat":"repeat","background-position":"center center","background-size":"auto","background-attachment":"scroll","background-type":"","background-media":"","overlay-type":"","overlay-color":"","overlay-opacity":"","overlay-gradient":""},"tablet":{"background-color":"","background-image":"","background-repeat":"repeat","background-position":"center center","background-size":"auto","background-attachment":"scroll","background-type":"","background-media":"","overlay-type":"","overlay-color":"","overlay-opacity":"","overlay-gradient":""},"mobile":{"background-color":"","background-image":"","background-repeat":"repeat","background-position":"center center","background-size":"auto","background-attachment":"scroll","background-type":"","background-media":"","overlay-type":"","overlay-color":"","overlay-opacity":"","overlay-gradient":""}},"ast-content-background-meta":{"desktop":{"background-color":"var(--ast-global-color-5)","background-image":"","background-repeat":"repeat","background-position":"center center","background-size":"auto","background-attachment":"scroll","background-type":"","background-media":"","overlay-type":"","overlay-color":"","overlay-opacity":"","overlay-gradient":""},"tablet":{"background-color":"var(--ast-global-color-5)","background-image":"","background-repeat":"repeat","background-position":"center center","background-size":"auto","background-attachment":"scroll","background-type":"","background-media":"","overlay-type":"","overlay-color":"","overlay-opacity":"","overlay-gradient":""},"mobile":{"background-color":"var(--ast-global-color-5)","background-image":"","background-repeat":"repeat","background-position":"center center","background-size":"auto","background-attachment":"scroll","background-type":"","background-media":"","overlay-type":"","overlay-color":"","overlay-opacity":"","overlay-gradient":""}},"footnotes":""},"class_list":["post-145703","page","type-page","status-publish","has-post-thumbnail","hentry"],"_links":{"self":[{"href":"https:\/\/medclinics.com\/fr\/wp-json\/wp\/v2\/pages\/145703","targetHints":{"allow":["GET"]}}],"collection":[{"href":"https:\/\/medclinics.com\/fr\/wp-json\/wp\/v2\/pages"}],"about":[{"href":"https:\/\/medclinics.com\/fr\/wp-json\/wp\/v2\/types\/page"}],"author":[{"embeddable":true,"href":"https:\/\/medclinics.com\/fr\/wp-json\/wp\/v2\/users\/4"}],"replies":[{"embeddable":true,"href":"https:\/\/medclinics.com\/fr\/wp-json\/wp\/v2\/comments?post=145703"}],"version-history":[{"count":0,"href":"https:\/\/medclinics.com\/fr\/wp-json\/wp\/v2\/pages\/145703\/revisions"}],"wp:featuredmedia":[{"embeddable":true,"href":"https:\/\/medclinics.com\/fr\/wp-json\/wp\/v2\/media\/92334"}],"wp:attachment":[{"href":"https:\/\/medclinics.com\/fr\/wp-json\/wp\/v2\/media?parent=145703"}],"curies":[{"name":"wp","href":"https:\/\/api.w.org\/{rel}","templated":true}]}}