{"id":145639,"date":"2023-05-16T07:18:19","date_gmt":"2023-05-16T04:18:19","guid":{"rendered":"https:\/\/medclinics.com\/lifting-du-cou\/"},"modified":"2025-01-02T16:59:43","modified_gmt":"2025-01-02T13:59:43","slug":"lifting-du-cou","status":"publish","type":"page","link":"https:\/\/medclinics.com\/fr\/lifting-du-cou\/","title":{"rendered":"Lifting du cou"},"content":{"rendered":"\n<h2 class=\"wp-block-heading\">Si vous cherchez un moyen de para\u00eetre plus jeune et de vous d\u00e9barrasser de votre affaissement, le lifting du cou peut \u00eatre la solution id\u00e9ale.<\/h2>\n\n<p>Le lifting du cou est une intervention chirurgicale qui vise \u00e0 am\u00e9liorer l&rsquo;apparence de la r\u00e9gion du cou. Elle est g\u00e9n\u00e9ralement pratiqu\u00e9e pour \u00e9liminer les signes du vieillissement tels que le rel\u00e2chement de la peau, l&rsquo;exc\u00e8s de graisse et la laxit\u00e9 musculaire au niveau du cou et de la m\u00e2choire. Elle est souvent r\u00e9alis\u00e9e en m\u00eame temps qu&rsquo;un <a href=\"https:\/\/medclinics.com\/face-and-neck-lifting\/\" data-type=\"page\" data-id=\"77171\">lifting du visage<\/a>. La proc\u00e9dure commence par l&rsquo;administration d&rsquo;une anesth\u00e9sie afin d&rsquo;assurer le confort du patient tout au long de l&rsquo;op\u00e9ration.<\/p>\n\n<p>Le chirurgien pratique de petites incisions sous le menton ou derri\u00e8re les oreilles pendant le lifting du cou, en fonction des besoins sp\u00e9cifiques du patient. L&rsquo;exc\u00e8s de graisse peut \u00eatre retir\u00e9 de ces incisions \u00e0 l&rsquo;aide de techniques de liposuccion. Les muscles sous-jacents du cou peuvent \u00e9galement \u00eatre resserr\u00e9s pour r\u00e9tablir la fermet\u00e9 et les contours. En outre, la peau l\u00e2che ou affaiss\u00e9e est soigneusement coup\u00e9e et repositionn\u00e9e pour une apparence plus lisse et plus jeune.<\/p>\n\n<p>Le r\u00e9tablissement apr\u00e8s un <a href=\"https:\/\/istanbul-tourist-information.com\/en\/medical-treatment\/\" target=\"_blank\" rel=\"noopener\">lifting du cou<\/a> implique g\u00e9n\u00e9ralement une p\u00e9riode d&rsquo;immobilisation de plusieurs semaines. Les patients peuvent pr\u00e9senter des ecchymoses, des gonflements et une g\u00eane, qui peuvent \u00eatre trait\u00e9s avec des m\u00e9dicaments d\u00e9livr\u00e9s sur ordonnance. Il est important de suivre les instructions de soins postop\u00e9ratoires fournies par le chirurgien pour assurer une bonne cicatrisation. Les r\u00e9sultats d\u00e9finitifs du lifting du cou apparaissent g\u00e9n\u00e9ralement apr\u00e8s quelques mois, permettant aux patients d&rsquo;avoir un profil de cou plus d\u00e9fini et rajeuni.<\/p>\n\n<h3 class=\"wp-block-heading\">Nous sommes l\u00e0 pour r\u00e9pondre \u00e0 toutes vos questions sur la <a href=\"https:\/\/medclinics.com\/fr\/chirurgie-plastique-et-esthetique\/\" target=\"_blank\" rel=\"noreferrer noopener\">chirurgie esth\u00e9tique<\/a>, y compris le prix, et plus encore, ou <a href=\"#requestform\">contactez-nous<\/a>!<\/h3>\n\n<figure class=\"wp-block-image size-large\"><img fetchpriority=\"high\" decoding=\"async\" width=\"5327\" height=\"2848\" class=\"wp-image-85313\" src=\"https:\/\/medclinics.com\/wp-content\/uploads\/2023\/05\/neck-lift.png\" alt=\"Lifting du cou\" srcset=\"https:\/\/medclinics.com\/wp-content\/uploads\/2023\/05\/neck-lift.png 5327w, https:\/\/medclinics.com\/wp-content\/uploads\/2023\/05\/neck-lift-500x267.png 500w, https:\/\/medclinics.com\/wp-content\/uploads\/2023\/05\/neck-lift-1024x547.png 1024w, https:\/\/medclinics.com\/wp-content\/uploads\/2023\/05\/neck-lift-768x411.png 768w, https:\/\/medclinics.com\/wp-content\/uploads\/2023\/05\/neck-lift-1536x821.png 1536w, https:\/\/medclinics.com\/wp-content\/uploads\/2023\/05\/neck-lift-2048x1095.png 2048w, https:\/\/medclinics.com\/wp-content\/uploads\/2023\/05\/neck-lift-24x13.png 24w, https:\/\/medclinics.com\/wp-content\/uploads\/2023\/05\/neck-lift-36x19.png 36w, https:\/\/medclinics.com\/wp-content\/uploads\/2023\/05\/neck-lift-48x26.png 48w\" sizes=\"(max-width: 5327px) 100vw, 5327px\" \/><\/figure>\n\n<h2 class=\"wp-block-heading\">FAQ<\/h2>\n<div id=\"rank-math-faq\" class=\"rank-math-block\">\n<div class=\"rank-math-list \">\n<div id=\"faq-question-1684220768632\" class=\"rank-math-list-item\">\n<h3 class=\"rank-math-question \">Combien de temps dure un lifting du cou ?<\/h3>\n<div class=\"rank-math-answer \">\n\n<p>La dur\u00e9e de vie des r\u00e9sultats obtenus par le lifting du cou peut varier d&rsquo;une personne \u00e0 l&rsquo;autre. Bien qu&rsquo;un lifting du cou n&rsquo;arr\u00eate pas le processus de vieillissement, il peut apporter des am\u00e9liorations durables \u00e0 l&rsquo;apparence du cou et de la m\u00e2choire. En moyenne, les r\u00e9sultats d&rsquo;un lifting du cou peuvent durer de 10 \u00e0 15 ans, voire plus. Des facteurs tels que la g\u00e9n\u00e9tique, le mode de vie et le r\u00e9gime de soins de la peau peuvent influencer la dur\u00e9e des r\u00e9sultats. Il est \u00e9galement important de se rappeler que si les am\u00e9liorations chirurgicales sont durables, le processus naturel de vieillissement se poursuit et certains changements peuvent survenir au fil du temps. Un entretien r\u00e9gulier et de bonnes pratiques de soins de la peau peuvent contribuer \u00e0 prolonger les avantages esth\u00e9tiques d&rsquo;un lifting du cou. La consultation d&rsquo;un chirurgien plasticien qualifi\u00e9 peut fournir une \u00e9valuation plus personnalis\u00e9e de la long\u00e9vit\u00e9 attendue des r\u00e9sultats dans votre cas sp\u00e9cifique.<\/p>\n\n<\/div>\n<\/div>\n<div id=\"faq-question-1682603361561\" class=\"rank-math-list-item\">\n<h3 class=\"rank-math-question \">Le lifting cervical est-il dangereux ?<\/h3>\n<div class=\"rank-math-answer \">\n\n<p>Comme toute intervention chirurgicale, le lifting cervical comporte des risques et des complications potentielles. Cependant, lorsqu&rsquo;elle est pratiqu\u00e9e par un chirurgien plasticien qualifi\u00e9 et exp\u00e9riment\u00e9, la proc\u00e9dure est g\u00e9n\u00e9ralement consid\u00e9r\u00e9e comme s\u00fbre. Les complications sont relativement rares, mais peuvent inclure des saignements, des infections, des r\u00e9actions ind\u00e9sirables \u00e0 l&rsquo;anesth\u00e9sie, des cicatrices, des l\u00e9sions nerveuses et des r\u00e9sultats esth\u00e9tiques insatisfaisants. Il est important de consulter un chirurgien plasticien certifi\u00e9 qui \u00e9valuera votre \u00e9tat de sant\u00e9, discutera des risques potentiels et vous guidera dans le processus de prise de d\u00e9cision. En suivant les instructions pr\u00e9 et postop\u00e9ratoires et en choisissant un chirurgien r\u00e9put\u00e9, vous pouvez contribuer \u00e0 minimiser les risques associ\u00e9s au lifting cervical.<\/p>\n\n<\/div>\n<\/div>\n<div id=\"faq-question-1684220924727\" class=\"rank-math-list-item\">\n<h3 class=\"rank-math-question \">Le lifting cervical en vaut-il la peine ?<\/h3>\n<div class=\"rank-math-answer \">\n\n<p>Le lifting du cou peut \u00eatre une option int\u00e9ressante pour les personnes qui sont g\u00ean\u00e9es par le rel\u00e2chement de la peau, l&rsquo;exc\u00e8s de graisse ou la laxit\u00e9 musculaire dans la r\u00e9gion du cou et qui souhaitent un contour du cou plus jeune et mieux d\u00e9fini. Elle peut am\u00e9liorer l&rsquo;apparence du cou et de la m\u00e2choire, en donnant un profil facial rajeuni et plus \u00e9quilibr\u00e9.<\/p>\n\n<\/div>\n<\/div>\n<div id=\"faq-question-1684221051311\" class=\"rank-math-list-item\">\n<h3 class=\"rank-math-question \">Le lifting cervical est-il douloureux ?<\/h3>\n<div class=\"rank-math-answer \">\n\n<p>La douleur ressentie pendant l&rsquo;op\u00e9ration peut varier d&rsquo;une personne \u00e0 l&rsquo;autre. En g\u00e9n\u00e9ral, les patients peuvent s&rsquo;attendre \u00e0 une certaine g\u00eane et \u00e0 une douleur l\u00e9g\u00e8re \u00e0 mod\u00e9r\u00e9e apr\u00e8s l&rsquo;intervention. Cependant, la douleur peut g\u00e9n\u00e9ralement \u00eatre g\u00e9r\u00e9e \u00e0 l&rsquo;aide d&rsquo;analg\u00e9siques prescrits et tend \u00e0 diminuer progressivement dans les jours et les semaines qui suivent l&rsquo;op\u00e9ration.<\/p>\n\n<\/div>\n<\/div>\n<div id=\"faq-question-1684221172329\" class=\"rank-math-list-item\">\n<h3 class=\"rank-math-question \">Lifting du cou : comment se fait-il ?<\/h3>\n<div class=\"rank-math-answer \">\n\n<p>Le chirurgien commence l&rsquo;op\u00e9ration de lifting du cou par une anesth\u00e9sie afin de garantir le confort du patient. Une fois l&rsquo;anesth\u00e9sie termin\u00e9e, le chirurgien incise soigneusement les endroits cl\u00e9s, g\u00e9n\u00e9ralement derri\u00e8re les oreilles ou sous le menton, tout en tenant compte des demandes sp\u00e9cifiques du patient. Ces incisions permettent au chirurgien d&rsquo;atteindre les tissus sous-jacents du cou. Les proc\u00e9dures de liposuccion peuvent \u00eatre utilis\u00e9es pour \u00e9liminer l&rsquo;exc\u00e8s de graisse, et les muscles sous-jacents sont souvent resserr\u00e9s et r\u00e9align\u00e9s pour am\u00e9liorer la forme et la rigidit\u00e9 du cou. En outre, la peau flasque ou rel\u00e2ch\u00e9e est minutieusement taill\u00e9e et recouverte pour une apparence plus lisse et plus jeune. Des sutures ou d&rsquo;autres proc\u00e9dures de fermeture sont ensuite utilis\u00e9es pour refermer les incisions, et le patient re\u00e7oit des instructions sur les soins postop\u00e9ratoires. Suivre les instructions du chirurgien, contr\u00f4ler toute g\u00eane \u00e0 l&rsquo;aide de m\u00e9dicaments prescrits et se rendre aux rendez-vous de suivi font partie du processus de r\u00e9tablissement.<\/p>\n\n<\/div>\n<\/div>\n<\/div>\n<\/div>\n<p>\u00a0<\/p>\n\n<h3 class=\"wp-block-heading\">Contactez-nous d\u00e8s maintenant si vous avez des questions !<\/h3>\n","protected":false},"excerpt":{"rendered":"<p>Si vous cherchez un moyen de para\u00eetre plus jeune et de vous d\u00e9barrasser de votre affaissement, le lifting du cou [&hellip;]<\/p>\n","protected":false},"author":4,"featured_media":85327,"parent":0,"menu_order":0,"comment_status":"closed","ping_status":"closed","template":"","meta":{"site-sidebar-layout":"default","site-content-layout":"","ast-site-content-layout":"default","site-content-style":"default","site-sidebar-style":"default","ast-global-header-display":"","ast-banner-title-visibility":"","ast-main-header-display":"","ast-hfb-above-header-display":"","ast-hfb-below-header-display":"","ast-hfb-mobile-header-display":"","site-post-title":"","ast-breadcrumbs-content":"","ast-featured-img":"","footer-sml-layout":"","ast-disable-related-posts":"","theme-transparent-header-meta":"","adv-header-id-meta":"","stick-header-meta":"","header-above-stick-meta":"","header-main-stick-meta":"","header-below-stick-meta":"","astra-migrate-meta-layouts":"default","ast-page-background-enabled":"default","ast-page-background-meta":{"desktop":{"background-color":"var(--ast-global-color-4)","background-image":"","background-repeat":"repeat","background-position":"center center","background-size":"auto","background-attachment":"scroll","background-type":"","background-media":"","overlay-type":"","overlay-color":"","overlay-opacity":"","overlay-gradient":""},"tablet":{"background-color":"","background-image":"","background-repeat":"repeat","background-position":"center center","background-size":"auto","background-attachment":"scroll","background-type":"","background-media":"","overlay-type":"","overlay-color":"","overlay-opacity":"","overlay-gradient":""},"mobile":{"background-color":"","background-image":"","background-repeat":"repeat","background-position":"center center","background-size":"auto","background-attachment":"scroll","background-type":"","background-media":"","overlay-type":"","overlay-color":"","overlay-opacity":"","overlay-gradient":""}},"ast-content-background-meta":{"desktop":{"background-color":"var(--ast-global-color-5)","background-image":"","background-repeat":"repeat","background-position":"center center","background-size":"auto","background-attachment":"scroll","background-type":"","background-media":"","overlay-type":"","overlay-color":"","overlay-opacity":"","overlay-gradient":""},"tablet":{"background-color":"var(--ast-global-color-5)","background-image":"","background-repeat":"repeat","background-position":"center center","background-size":"auto","background-attachment":"scroll","background-type":"","background-media":"","overlay-type":"","overlay-color":"","overlay-opacity":"","overlay-gradient":""},"mobile":{"background-color":"var(--ast-global-color-5)","background-image":"","background-repeat":"repeat","background-position":"center center","background-size":"auto","background-attachment":"scroll","background-type":"","background-media":"","overlay-type":"","overlay-color":"","overlay-opacity":"","overlay-gradient":""}},"footnotes":""},"class_list":["post-145639","page","type-page","status-publish","has-post-thumbnail","hentry"],"_links":{"self":[{"href":"https:\/\/medclinics.com\/fr\/wp-json\/wp\/v2\/pages\/145639","targetHints":{"allow":["GET"]}}],"collection":[{"href":"https:\/\/medclinics.com\/fr\/wp-json\/wp\/v2\/pages"}],"about":[{"href":"https:\/\/medclinics.com\/fr\/wp-json\/wp\/v2\/types\/page"}],"author":[{"embeddable":true,"href":"https:\/\/medclinics.com\/fr\/wp-json\/wp\/v2\/users\/4"}],"replies":[{"embeddable":true,"href":"https:\/\/medclinics.com\/fr\/wp-json\/wp\/v2\/comments?post=145639"}],"version-history":[{"count":0,"href":"https:\/\/medclinics.com\/fr\/wp-json\/wp\/v2\/pages\/145639\/revisions"}],"wp:featuredmedia":[{"embeddable":true,"href":"https:\/\/medclinics.com\/fr\/wp-json\/wp\/v2\/media\/85327"}],"wp:attachment":[{"href":"https:\/\/medclinics.com\/fr\/wp-json\/wp\/v2\/media?parent=145639"}],"curies":[{"name":"wp","href":"https:\/\/api.w.org\/{rel}","templated":true}]}}