{"id":145607,"date":"2023-05-15T14:35:51","date_gmt":"2023-05-15T11:35:51","guid":{"rendered":"https:\/\/medclinics.com\/esthetique-de-loreille\/"},"modified":"2025-01-02T19:28:07","modified_gmt":"2025-01-02T16:28:07","slug":"esthetique-de-loreille","status":"publish","type":"page","link":"https:\/\/medclinics.com\/fr\/esthetique-de-loreille\/","title":{"rendered":"Esth\u00e9tique de l&rsquo;oreille"},"content":{"rendered":"\n<h2 class=\"wp-block-heading\">Si vous cherchez un moyen d&rsquo;obtenir l&rsquo;apparence souhait\u00e9e, Prominent Ear Aesthetics peut \u00eatre la solution id\u00e9ale.<\/h2>\n\n<p>L&rsquo;esth\u00e9tique des oreilles pro\u00e9minentes, \u00e9galement connue sous le nom d&rsquo;otoplastie, est une intervention de chirurgie esth\u00e9tique qui vise \u00e0 am\u00e9liorer l&rsquo;apparence des oreilles pro\u00e9minentes. Elle est couramment pratiqu\u00e9e chez les personnes qui se sentent g\u00ean\u00e9es par la forme, la taille ou la position de leurs oreilles.<\/p>\n\n<p>Au cours de l&rsquo;intervention, le chirurgien pratique des incisions derri\u00e8re l&rsquo;oreille pour acc\u00e9der au cartilage. Ils remod\u00e8lent et repositionnent ensuite le cartilage pour cr\u00e9er une forme d&rsquo;oreille plus \u00e9quilibr\u00e9e et mieux proportionn\u00e9e. Le chirurgien peut \u00e9galement retirer une petite quantit\u00e9 de peau exc\u00e9dentaire si n\u00e9cessaire. Les incisions sont g\u00e9n\u00e9ralement dissimul\u00e9es dans les plis naturels derri\u00e8re l&rsquo;oreille, ce qui les rend discr\u00e8tes.<\/p>\n\n<p>L&rsquo;<a href=\"https:\/\/istanbul-tourist-information.com\/en\/medical-treatment\/\" target=\"_blank\" rel=\"noreferrer noopener\">esth\u00e9tique des<\/a> oreilles pro\u00e9minentes peut r\u00e9pondre \u00e0 divers probl\u00e8mes, notamment les oreilles pro\u00e9minentes, l&rsquo;asym\u00e9trie des oreilles ou les oreilles difformes. L&rsquo;intervention est g\u00e9n\u00e9ralement r\u00e9alis\u00e9e sous anesth\u00e9sie locale et le temps de r\u00e9cup\u00e9ration varie, la plupart des personnes pouvant reprendre leurs activit\u00e9s normales au bout d&rsquo;une semaine ou deux.<\/p>\n\n<h3 class=\"wp-block-heading\">Tout ce que vous devez savoir sur la <a href=\"https:\/\/medclinics.com\/fr\/chirurgie-plastique-et-esthetique\/\" target=\"_blank\" rel=\"noreferrer noopener\">chirurgie esth\u00e9tique<\/a>, y compris le prix, les soins et le processus de gu\u00e9rison, ou <a href=\"#requestform\">contactez-nous<\/a>!<\/h3>\n\n<figure class=\"wp-block-image size-large\"><img fetchpriority=\"high\" decoding=\"async\" width=\"4500\" height=\"3000\" class=\"wp-image-85119\" src=\"https:\/\/medclinics.com\/wp-content\/uploads\/2023\/05\/prominent-ear-aesthetics-featured.png\" alt=\"Esth&#xE9;tique de l'oreille\" srcset=\"https:\/\/medclinics.com\/wp-content\/uploads\/2023\/05\/prominent-ear-aesthetics-featured.png 4500w, https:\/\/medclinics.com\/wp-content\/uploads\/2023\/05\/prominent-ear-aesthetics-featured-500x333.png 500w, https:\/\/medclinics.com\/wp-content\/uploads\/2023\/05\/prominent-ear-aesthetics-featured-1024x683.png 1024w, https:\/\/medclinics.com\/wp-content\/uploads\/2023\/05\/prominent-ear-aesthetics-featured-768x512.png 768w, https:\/\/medclinics.com\/wp-content\/uploads\/2023\/05\/prominent-ear-aesthetics-featured-1536x1024.png 1536w, https:\/\/medclinics.com\/wp-content\/uploads\/2023\/05\/prominent-ear-aesthetics-featured-2048x1365.png 2048w, https:\/\/medclinics.com\/wp-content\/uploads\/2023\/05\/prominent-ear-aesthetics-featured-24x16.png 24w, https:\/\/medclinics.com\/wp-content\/uploads\/2023\/05\/prominent-ear-aesthetics-featured-36x24.png 36w, https:\/\/medclinics.com\/wp-content\/uploads\/2023\/05\/prominent-ear-aesthetics-featured-48x32.png 48w\" sizes=\"(max-width: 4500px) 100vw, 4500px\" \/><\/figure>\n\n<h2 class=\"wp-block-heading\">FAQ<\/h2>\n<div id=\"rank-math-faq\" class=\"rank-math-block\">\n<div class=\"rank-math-list \">\n<div id=\"faq-question-1682666956133\" class=\"rank-math-list-item\">\n<h3 class=\"rank-math-question \">Les oreilles d\u00e9coll\u00e9es sont-elles g\u00e9n\u00e9tiques ?<\/h3>\n<div class=\"rank-math-answer \">\n\n<p>Oui, les oreilles d\u00e9coll\u00e9es peuvent \u00eatre d&rsquo;origine g\u00e9n\u00e9tique. La maladie est souvent h\u00e9r\u00e9ditaire et transmise par les membres de la famille. Si l&rsquo;un ou les deux parents ont des oreilles d\u00e9coll\u00e9es, il y a une plus grande probabilit\u00e9 que leurs enfants pr\u00e9sentent \u00e9galement cette caract\u00e9ristique. Cependant, il est important de noter que l&rsquo;h\u00e9r\u00e9dit\u00e9 des oreilles d\u00e9coll\u00e9es peut varier dans chaque cas et qu&rsquo;elle n&rsquo;est pas uniquement d\u00e9termin\u00e9e par la g\u00e9n\u00e9tique. D&rsquo;autres facteurs, tels que la structure et la forme du cartilage de l&rsquo;oreille, peuvent \u00e9galement contribuer \u00e0 la pro\u00e9minence des oreilles.<\/p>\n\n<\/div>\n<\/div>\n<div id=\"faq-question-1684160796361\" class=\"rank-math-list-item\">\n<h3 class=\"rank-math-question \">Comment puis-je corriger mes oreilles d\u00e9coll\u00e9es sans avoir recours \u00e0 la chirurgie ?<\/h3>\n<div class=\"rank-math-answer \">\n\n<p>Bien que la correction chirurgicale, connue sous le nom d&rsquo;otoplastie, soit la m\u00e9thode la plus efficace pour traiter les oreilles d\u00e9coll\u00e9es, il existe des alternatives non chirurgicales qui peuvent aider \u00e0 minimiser leur apparence dans une certaine mesure. Une option consiste \u00e0 essayer diff\u00e9rentes coiffures qui couvrent ou cachent partiellement les oreilles, comme des cheveux plus longs ou des coiffures qui donnent du volume sur les c\u00f4t\u00e9s du visage. En outre, pour les nourrissons aux oreilles pro\u00e9minentes, des techniques de moulage de l&rsquo;oreille peuvent \u00eatre utilis\u00e9es au cours des premi\u00e8res semaines ou des premiers mois de la vie pour remodeler le cartilage et encourager le d\u00e9veloppement correct de l&rsquo;oreille. Des techniques de camouflage, telles que le maquillage ou les bandes adh\u00e9sives pour les oreilles, peuvent \u00e9galement \u00eatre utilis\u00e9es pour cr\u00e9er l&rsquo;illusion d&rsquo;une oreille temporairement moins pro\u00e9minente. Toutefois, il est important de noter que ces options non chirurgicales ne traitent pas le probl\u00e8me structurel sous-jacent \u00e0 l&rsquo;origine de la pro\u00e9minence des oreilles. Pour une correction permanente et plus importante, une intervention chirurgicale telle que l&rsquo;esth\u00e9tique de l&rsquo;oreille pro\u00e9minente est g\u00e9n\u00e9ralement recommand\u00e9e. La consultation d&rsquo;un chirurgien plasticien qualifi\u00e9 peut vous permettre de mieux comprendre votre cas particulier et les options de traitement disponibles.<\/p>\n\n<\/div>\n<\/div>\n<div id=\"faq-question-1684160883326\" class=\"rank-math-list-item\">\n<h3 class=\"rank-math-question \">Qu&rsquo;est-ce que la correction de l&rsquo;oreille pro\u00e9minente ?<\/h3>\n<div class=\"rank-math-answer \">\n\n<p>L&rsquo;esth\u00e9tique des oreilles pro\u00e9minentes, ou otoplastie, est une intervention chirurgicale qui vise \u00e0 corriger l&rsquo;apparence des oreilles d\u00e9coll\u00e9es ou pro\u00e9minentes. Lors de la correction esth\u00e9tique de l&rsquo;oreille, le chirurgien remod\u00e8le et repositionne le cartilage de l&rsquo;oreille afin de cr\u00e9er un contour d&rsquo;oreille plus \u00e9quilibr\u00e9 et plus naturel. Elle est g\u00e9n\u00e9ralement r\u00e9alis\u00e9e sous anesth\u00e9sie locale et les incisions sont pratiqu\u00e9es derri\u00e8re l&rsquo;oreille afin de minimiser les cicatrices visibles. La plastie esth\u00e9tique de l&rsquo;oreille pro\u00e9minente peut rem\u00e9dier \u00e0 des probl\u00e8mes tels que les oreilles pro\u00e9minentes, l&rsquo;asym\u00e9trie de l&rsquo;oreille et les oreilles difformes, avec des r\u00e9sultats durables. Il est important de consulter un chirurgien plasticien qualifi\u00e9 pour discuter de vos pr\u00e9occupations sp\u00e9cifiques et d\u00e9terminer si l&rsquo;otoplastie vous convient.<\/p>\n\n<\/div>\n<\/div>\n<\/div>\n<\/div>\n<p>\u00a0<\/p>\n\n<h3 class=\"wp-block-heading\">Contactez-nous d\u00e8s maintenant si vous avez des questions !<\/h3>\n","protected":false},"excerpt":{"rendered":"<p>Si vous cherchez un moyen d&rsquo;obtenir l&rsquo;apparence souhait\u00e9e, Prominent Ear Aesthetics peut \u00eatre la solution id\u00e9ale. L&rsquo;esth\u00e9tique des oreilles pro\u00e9minentes, [&hellip;]<\/p>\n","protected":false},"author":4,"featured_media":85127,"parent":0,"menu_order":0,"comment_status":"closed","ping_status":"closed","template":"","meta":{"site-sidebar-layout":"default","site-content-layout":"","ast-site-content-layout":"default","site-content-style":"default","site-sidebar-style":"default","ast-global-header-display":"","ast-banner-title-visibility":"","ast-main-header-display":"","ast-hfb-above-header-display":"","ast-hfb-below-header-display":"","ast-hfb-mobile-header-display":"","site-post-title":"","ast-breadcrumbs-content":"","ast-featured-img":"","footer-sml-layout":"","ast-disable-related-posts":"","theme-transparent-header-meta":"","adv-header-id-meta":"","stick-header-meta":"","header-above-stick-meta":"","header-main-stick-meta":"","header-below-stick-meta":"","astra-migrate-meta-layouts":"default","ast-page-background-enabled":"default","ast-page-background-meta":{"desktop":{"background-color":"var(--ast-global-color-4)","background-image":"","background-repeat":"repeat","background-position":"center center","background-size":"auto","background-attachment":"scroll","background-type":"","background-media":"","overlay-type":"","overlay-color":"","overlay-opacity":"","overlay-gradient":""},"tablet":{"background-color":"","background-image":"","background-repeat":"repeat","background-position":"center center","background-size":"auto","background-attachment":"scroll","background-type":"","background-media":"","overlay-type":"","overlay-color":"","overlay-opacity":"","overlay-gradient":""},"mobile":{"background-color":"","background-image":"","background-repeat":"repeat","background-position":"center center","background-size":"auto","background-attachment":"scroll","background-type":"","background-media":"","overlay-type":"","overlay-color":"","overlay-opacity":"","overlay-gradient":""}},"ast-content-background-meta":{"desktop":{"background-color":"var(--ast-global-color-5)","background-image":"","background-repeat":"repeat","background-position":"center center","background-size":"auto","background-attachment":"scroll","background-type":"","background-media":"","overlay-type":"","overlay-color":"","overlay-opacity":"","overlay-gradient":""},"tablet":{"background-color":"var(--ast-global-color-5)","background-image":"","background-repeat":"repeat","background-position":"center center","background-size":"auto","background-attachment":"scroll","background-type":"","background-media":"","overlay-type":"","overlay-color":"","overlay-opacity":"","overlay-gradient":""},"mobile":{"background-color":"var(--ast-global-color-5)","background-image":"","background-repeat":"repeat","background-position":"center center","background-size":"auto","background-attachment":"scroll","background-type":"","background-media":"","overlay-type":"","overlay-color":"","overlay-opacity":"","overlay-gradient":""}},"footnotes":""},"class_list":["post-145607","page","type-page","status-publish","has-post-thumbnail","hentry"],"_links":{"self":[{"href":"https:\/\/medclinics.com\/fr\/wp-json\/wp\/v2\/pages\/145607","targetHints":{"allow":["GET"]}}],"collection":[{"href":"https:\/\/medclinics.com\/fr\/wp-json\/wp\/v2\/pages"}],"about":[{"href":"https:\/\/medclinics.com\/fr\/wp-json\/wp\/v2\/types\/page"}],"author":[{"embeddable":true,"href":"https:\/\/medclinics.com\/fr\/wp-json\/wp\/v2\/users\/4"}],"replies":[{"embeddable":true,"href":"https:\/\/medclinics.com\/fr\/wp-json\/wp\/v2\/comments?post=145607"}],"version-history":[{"count":0,"href":"https:\/\/medclinics.com\/fr\/wp-json\/wp\/v2\/pages\/145607\/revisions"}],"wp:featuredmedia":[{"embeddable":true,"href":"https:\/\/medclinics.com\/fr\/wp-json\/wp\/v2\/media\/85127"}],"wp:attachment":[{"href":"https:\/\/medclinics.com\/fr\/wp-json\/wp\/v2\/media?parent=145607"}],"curies":[{"name":"wp","href":"https:\/\/api.w.org\/{rel}","templated":true}]}}