{"id":145595,"date":"2023-04-15T14:01:00","date_gmt":"2023-04-15T14:01:00","guid":{"rendered":"https:\/\/medclinics.com\/j-plasma-2\/"},"modified":"2024-04-01T15:18:34","modified_gmt":"2024-04-01T12:18:34","slug":"j-plasma-2","status":"publish","type":"page","link":"https:\/\/medclinics.com\/fr\/j-plasma-2\/","title":{"rendered":"J Plasma"},"content":{"rendered":"\n<h2 class=\"wp-block-heading\">Si vous \u00eates \u00e0 la recherche de la technologie la plus r\u00e9cente pour raffermir votre corps, le plasma j peut \u00eatre la m\u00e9thode la plus appropri\u00e9e pour vous.<\/h2>\n\n<p>Le plasma J est une technologie m\u00e9dicale avanc\u00e9e utilis\u00e9e pour les proc\u00e9dures de raffermissement et de rajeunissement de la peau. Il combine l&rsquo;utilisation d&rsquo;h\u00e9lium gazeux et d&rsquo;\u00e9nergie radiofr\u00e9quence pour cr\u00e9er un faisceau de plasma contr\u00f4l\u00e9 et focalis\u00e9. L&rsquo;appareil J Plasma d\u00e9livre l&rsquo;\u00e9nergie par le biais d&rsquo;une petite baguette manuelle sur la zone cibl\u00e9e de la peau.<\/p>\n\n<p>Lorsque le faisceau de plasma entre en contact avec la peau, il chauffe le tissu, ce qui provoque une contraction et un resserrement imm\u00e9diats de la peau. En outre, l&rsquo;\u00e9nergie stimule la production de collag\u00e8ne, ce qui contribue \u00e0 am\u00e9liorer la texture g\u00e9n\u00e9rale et la fermet\u00e9 de la peau au fil du temps.<\/p>\n\n<p>Il est couramment utilis\u00e9 dans les proc\u00e9dures de <a href=\"https:\/\/istanbul-tourist-information.com\/en\/medical-treatment\/\" target=\"_blank\" rel=\"noreferrer noopener\">chirurgie esth\u00e9tique<\/a> et chirurgie pour r\u00e9pondre \u00e0 divers probl\u00e8mes, notamment la r\u00e9duction des rides et des ridules, le resserrement de la peau rel\u00e2ch\u00e9e, l&rsquo;am\u00e9lioration du tonus et de la texture de la peau et le traitement de certains types de cicatrices.<\/p>\n\n<h3 class=\"wp-block-heading\">Tout ce que vous devez savoir sur la <a href=\"https:\/\/medclinics.com\/fr\/liposuccion\/\" target=\"_blank\" rel=\"noreferrer noopener\">liposuccion<\/a>, y compris le prix, les soins et le processus de gu\u00e9rison, ou <a href=\"#requestform\">contactez-nous<\/a>!<\/h3>\n\n<figure class=\"wp-block-image size-large\"><img fetchpriority=\"high\" decoding=\"async\" width=\"5760\" height=\"3840\" class=\"wp-image-85042\" src=\"https:\/\/medclinics.com\/wp-content\/uploads\/2023\/05\/vaser-hi-def-liposuction.png\" alt=\"J Plasma\" srcset=\"https:\/\/medclinics.com\/wp-content\/uploads\/2023\/05\/vaser-hi-def-liposuction.png 5760w, https:\/\/medclinics.com\/wp-content\/uploads\/2023\/05\/vaser-hi-def-liposuction-500x333.png 500w, https:\/\/medclinics.com\/wp-content\/uploads\/2023\/05\/vaser-hi-def-liposuction-1024x683.png 1024w, https:\/\/medclinics.com\/wp-content\/uploads\/2023\/05\/vaser-hi-def-liposuction-768x512.png 768w, https:\/\/medclinics.com\/wp-content\/uploads\/2023\/05\/vaser-hi-def-liposuction-1536x1024.png 1536w, https:\/\/medclinics.com\/wp-content\/uploads\/2023\/05\/vaser-hi-def-liposuction-2048x1365.png 2048w, https:\/\/medclinics.com\/wp-content\/uploads\/2023\/05\/vaser-hi-def-liposuction-24x16.png 24w, https:\/\/medclinics.com\/wp-content\/uploads\/2023\/05\/vaser-hi-def-liposuction-36x24.png 36w, https:\/\/medclinics.com\/wp-content\/uploads\/2023\/05\/vaser-hi-def-liposuction-48x32.png 48w\" sizes=\"(max-width: 5760px) 100vw, 5760px\" \/><\/figure>\n\n<h2 class=\"wp-block-heading\">FAQ<\/h2>\n<div id=\"rank-math-faq\" class=\"rank-math-block\">\n<div class=\"rank-math-list \">\n<div id=\"faq-question-1684158552538\" class=\"rank-math-list-item\">\n<h3 class=\"rank-math-question \">Le plasma j en vaut-il la peine ?<\/h3>\n<div class=\"rank-math-answer \">\n\n<p>L&rsquo;int\u00e9r\u00eat de J Plasma d\u00e9pend des circonstances et des objectifs de chacun. Il peut s&rsquo;agir d&rsquo;une option int\u00e9ressante pour les personnes qui cherchent \u00e0 resserrer la peau, \u00e0 r\u00e9duire les rides et \u00e0 traiter les cicatrices. Toutefois, il est important de prendre en compte des facteurs tels que la gravit\u00e9 des probl\u00e8mes, l&rsquo;\u00e9tat de la peau, les r\u00e9sultats escompt\u00e9s et le co\u00fbt. Il est essentiel de consulter un professionnel qualifi\u00e9 pour \u00e9valuer l&rsquo;ad\u00e9quation et discuter des avantages et des limites potentiels.<\/p>\n\n<\/div>\n<\/div>\n<div id=\"faq-question-1684159005302\" class=\"rank-math-list-item\">\n<h3 class=\"rank-math-question \">Est-ce que j-plasma est permanent ?<\/h3>\n<div class=\"rank-math-answer \">\n\n<p>Le plasma J permet d&rsquo;obtenir des r\u00e9sultats durables. Le traitement peut am\u00e9liorer la tension de la peau, r\u00e9duire les rides et am\u00e9liorer l&rsquo;aspect g\u00e9n\u00e9ral de la peau. Toutefois, la long\u00e9vit\u00e9 des r\u00e9sultats peut varier en fonction de facteurs tels que les caract\u00e9ristiques individuelles de la peau, le vieillissement, le mode de vie et les pratiques de soins de la peau. Bien qu&rsquo;il stimule la production de collag\u00e8ne, ce qui peut contribuer \u00e0 des am\u00e9liorations \u00e0 long terme, le processus naturel de vieillissement et les facteurs externes peuvent toujours avoir un impact sur la peau au fil du temps. Pour conserver les r\u00e9sultats du plasma J, il est important de suivre une routine de soins coh\u00e9rente, de prot\u00e9ger la peau contre l&rsquo;exposition au soleil et d&rsquo;adopter un mode de vie sain. La consultation d&rsquo;un professionnel m\u00e9dical qualifi\u00e9, sp\u00e9cialis\u00e9 dans le plasma J, peut permettre de mieux comprendre la dur\u00e9e attendue des r\u00e9sultats et de formuler des recommandations personnalis\u00e9es pour l&rsquo;entretien \u00e0 long terme.<\/p>\n\n<\/div>\n<\/div>\n<div id=\"faq-question-1684159135117\" class=\"rank-math-list-item\">\n<h3 class=\"rank-math-question \">Peut-on faire du plasma j sans faire de lipo ?<\/h3>\n<div class=\"rank-math-answer \">\n\n<p>Oui, le Plasma J peut \u00eatre r\u00e9alis\u00e9 en tant que traitement autonome sans avoir recours \u00e0 la liposuccion. Bien qu&rsquo;il soit g\u00e9n\u00e9ralement utilis\u00e9 en conjonction avec les proc\u00e9dures de liposuccion pour am\u00e9liorer le resserrement de la peau et les contours, il peut \u00e9galement \u00eatre utilis\u00e9 seul pour r\u00e9pondre \u00e0 des pr\u00e9occupations sp\u00e9cifiques telles que le resserrement de la peau, la r\u00e9duction des rides et le traitement des cicatrices. Lors d&rsquo;un traitement au plasma J autonome, l&rsquo;\u00e9nergie du plasma est dirig\u00e9e sur les zones cibl\u00e9es de la peau pour favoriser la production de collag\u00e8ne et stimuler le raffermissement de la peau. Cela permet d&rsquo;am\u00e9liorer la texture g\u00e9n\u00e9rale, la fermet\u00e9 et l&rsquo;aspect de la peau sans qu&rsquo;il soit n\u00e9cessaire de proc\u00e9der \u00e0 une \u00e9limination suppl\u00e9mentaire de la graisse par liposuccion.<\/p>\n\n<\/div>\n<\/div>\n<\/div>\n<\/div>\n<h3 class=\"wp-block-heading\">Contactez-nous d\u00e8s maintenant si vous avez des questions !<\/h3>\n","protected":false},"excerpt":{"rendered":"<p>Si vous \u00eates \u00e0 la recherche de la technologie la plus r\u00e9cente pour raffermir votre corps, le plasma j peut [&hellip;]<\/p>\n","protected":false},"author":4,"featured_media":84998,"parent":0,"menu_order":0,"comment_status":"closed","ping_status":"closed","template":"","meta":{"site-sidebar-layout":"default","site-content-layout":"","ast-site-content-layout":"default","site-content-style":"default","site-sidebar-style":"default","ast-global-header-display":"","ast-banner-title-visibility":"","ast-main-header-display":"","ast-hfb-above-header-display":"","ast-hfb-below-header-display":"","ast-hfb-mobile-header-display":"","site-post-title":"","ast-breadcrumbs-content":"","ast-featured-img":"","footer-sml-layout":"","ast-disable-related-posts":"","theme-transparent-header-meta":"","adv-header-id-meta":"","stick-header-meta":"","header-above-stick-meta":"","header-main-stick-meta":"","header-below-stick-meta":"","astra-migrate-meta-layouts":"default","ast-page-background-enabled":"default","ast-page-background-meta":{"desktop":{"background-color":"var(--ast-global-color-4)","background-image":"","background-repeat":"repeat","background-position":"center center","background-size":"auto","background-attachment":"scroll","background-type":"","background-media":"","overlay-type":"","overlay-color":"","overlay-opacity":"","overlay-gradient":""},"tablet":{"background-color":"","background-image":"","background-repeat":"repeat","background-position":"center center","background-size":"auto","background-attachment":"scroll","background-type":"","background-media":"","overlay-type":"","overlay-color":"","overlay-opacity":"","overlay-gradient":""},"mobile":{"background-color":"","background-image":"","background-repeat":"repeat","background-position":"center center","background-size":"auto","background-attachment":"scroll","background-type":"","background-media":"","overlay-type":"","overlay-color":"","overlay-opacity":"","overlay-gradient":""}},"ast-content-background-meta":{"desktop":{"background-color":"var(--ast-global-color-5)","background-image":"","background-repeat":"repeat","background-position":"center center","background-size":"auto","background-attachment":"scroll","background-type":"","background-media":"","overlay-type":"","overlay-color":"","overlay-opacity":"","overlay-gradient":""},"tablet":{"background-color":"var(--ast-global-color-5)","background-image":"","background-repeat":"repeat","background-position":"center center","background-size":"auto","background-attachment":"scroll","background-type":"","background-media":"","overlay-type":"","overlay-color":"","overlay-opacity":"","overlay-gradient":""},"mobile":{"background-color":"var(--ast-global-color-5)","background-image":"","background-repeat":"repeat","background-position":"center center","background-size":"auto","background-attachment":"scroll","background-type":"","background-media":"","overlay-type":"","overlay-color":"","overlay-opacity":"","overlay-gradient":""}},"footnotes":""},"class_list":["post-145595","page","type-page","status-publish","has-post-thumbnail","hentry"],"_links":{"self":[{"href":"https:\/\/medclinics.com\/fr\/wp-json\/wp\/v2\/pages\/145595","targetHints":{"allow":["GET"]}}],"collection":[{"href":"https:\/\/medclinics.com\/fr\/wp-json\/wp\/v2\/pages"}],"about":[{"href":"https:\/\/medclinics.com\/fr\/wp-json\/wp\/v2\/types\/page"}],"author":[{"embeddable":true,"href":"https:\/\/medclinics.com\/fr\/wp-json\/wp\/v2\/users\/4"}],"replies":[{"embeddable":true,"href":"https:\/\/medclinics.com\/fr\/wp-json\/wp\/v2\/comments?post=145595"}],"version-history":[{"count":0,"href":"https:\/\/medclinics.com\/fr\/wp-json\/wp\/v2\/pages\/145595\/revisions"}],"wp:featuredmedia":[{"embeddable":true,"href":"https:\/\/medclinics.com\/fr\/wp-json\/wp\/v2\/media\/84998"}],"wp:attachment":[{"href":"https:\/\/medclinics.com\/fr\/wp-json\/wp\/v2\/media?parent=145595"}],"curies":[{"name":"wp","href":"https:\/\/api.w.org\/{rel}","templated":true}]}}