{"id":145585,"date":"2023-04-15T13:28:00","date_gmt":"2023-04-15T13:28:00","guid":{"rendered":"https:\/\/medclinics.com\/liposuccion-vaser-hi-def\/"},"modified":"2024-04-01T17:24:39","modified_gmt":"2024-04-01T14:24:39","slug":"liposuccion-vaser-hi-def","status":"publish","type":"page","link":"https:\/\/medclinics.com\/fr\/liposuccion-vaser-hi-def\/","title":{"rendered":"Liposuccion Vaser Hi-Def"},"content":{"rendered":"\n<h2 class=\"wp-block-heading\">Si vous cherchez un moyen d&rsquo;obtenir un corps sculpt\u00e9, la liposuccion Vaser Hi-Def peut \u00eatre la solution id\u00e9ale.<\/h2>\n\n<p>La liposuccion Vaser Hi-Def est une technique avanc\u00e9e de sculpture du corps qui vise \u00e0 cr\u00e9er des contours plus athl\u00e9tiques et d\u00e9finis. Il s&rsquo;agit d&rsquo;une forme sp\u00e9cialis\u00e9e de <a href=\"https:\/\/istanbul-tourist-information.com\/en\/medical-treatment\/\" target=\"_blank\" rel=\"noreferrer noopener\">liposuccion<\/a> Vaser qui utilise la technologie des ultrasons pour cibler pr\u00e9cis\u00e9ment et \u00e9liminer les couches de graisse superficielles et profondes afin d&rsquo;am\u00e9liorer la d\u00e9finition musculaire.<\/p>\n\n<p>Au cours de l&rsquo;intervention, le chirurgien \u00e9limine strat\u00e9giquement l&rsquo;exc\u00e8s de graisse autour de groupes musculaires sp\u00e9cifiques afin de cr\u00e9er une apparence sculpt\u00e9e. Cette technique requiert un niveau \u00e9lev\u00e9 de comp\u00e9tence et d&rsquo;expertise pour obtenir des r\u00e9sultats pr\u00e9cis et cr\u00e9er le contour athl\u00e9tique souhait\u00e9.<\/p>\n\n<p>La liposuccion Vaser Hi-Def est g\u00e9n\u00e9ralement pratiqu\u00e9e sur des personnes qui ont une bonne structure musculaire sous-jacente, mais qui sont aux prises avec des d\u00e9p\u00f4ts de graisse tenaces qui masquent la d\u00e9finition des muscles. Il est souvent utilis\u00e9 pour am\u00e9liorer des zones telles que l&rsquo;abdomen, la poitrine, les bras, le dos et les cuisses.<\/p>\n\n<h3 class=\"wp-block-heading\">Tout ce que vous devez savoir sur la <a href=\"https:\/\/medclinics.com\/fr\/liposuccion\/\" target=\"_blank\" rel=\"noreferrer noopener\">liposuccion<\/a>, y compris le prix, les soins et le processus de gu\u00e9rison, ou <a href=\"#requestform\">contactez-nous<\/a>!<\/h3>\n\n<figure class=\"wp-block-image size-large\"><img fetchpriority=\"high\" decoding=\"async\" width=\"9504\" height=\"6336\" src=\"https:\/\/medclinics.com\/wp-content\/uploads\/2023\/05\/vaser-hi-def-liposuction-.png\" alt=\"Liposuccion Vaser Hi-Def Istanbul Turquie\" class=\"wp-image-85032\" srcset=\"https:\/\/medclinics.com\/wp-content\/uploads\/2023\/05\/vaser-hi-def-liposuction-.png 9504w, https:\/\/medclinics.com\/wp-content\/uploads\/2023\/05\/vaser-hi-def-liposuction--500x333.png 500w, https:\/\/medclinics.com\/wp-content\/uploads\/2023\/05\/vaser-hi-def-liposuction--1024x683.png 1024w, https:\/\/medclinics.com\/wp-content\/uploads\/2023\/05\/vaser-hi-def-liposuction--768x512.png 768w, https:\/\/medclinics.com\/wp-content\/uploads\/2023\/05\/vaser-hi-def-liposuction--1536x1024.png 1536w, https:\/\/medclinics.com\/wp-content\/uploads\/2023\/05\/vaser-hi-def-liposuction--2048x1365.png 2048w, https:\/\/medclinics.com\/wp-content\/uploads\/2023\/05\/vaser-hi-def-liposuction--24x16.png 24w, https:\/\/medclinics.com\/wp-content\/uploads\/2023\/05\/vaser-hi-def-liposuction--36x24.png 36w, https:\/\/medclinics.com\/wp-content\/uploads\/2023\/05\/vaser-hi-def-liposuction--48x32.png 48w\" sizes=\"(max-width: 9504px) 100vw, 9504px\" \/><\/figure>\n\n<h2 class=\"wp-block-heading\">FAQ<\/h2>\n<div id=\"rank-math-faq\" class=\"rank-math-block\">\n<div class=\"rank-math-list \">\n<div id=\"faq-question-1682666956133\" class=\"rank-math-list-item\">\n<h3 class=\"rank-math-question \">Qu&rsquo;est-ce que la liposuccion Vaser Hi-Def ?<\/h3>\n<div class=\"rank-math-answer \">\n\n<p>La liposuccion Vaser Hi-Def est une proc\u00e9dure de pointe de remodelage du corps qui utilise avec pr\u00e9cision la technologie des ultrasons pour am\u00e9liorer la d\u00e9finition des muscles et \u00e9liminer les graisses superflues, ce qui donne au patient une image plus athl\u00e9tique et mieux d\u00e9finie.<\/p>\n\n<\/div>\n<\/div>\n<div id=\"faq-question-1684156392775\" class=\"rank-math-list-item\">\n<h3 class=\"rank-math-question \">Comment se d\u00e9roule la liposuccion Vaser Hi-Def en Turquie ?<\/h3>\n<div class=\"rank-math-answer \">\n\n<p>La Turquie est connue pour sa r\u00e9putation dans le domaine du tourisme m\u00e9dical, offrant diverses proc\u00e9dures esth\u00e9tiques, dont la liposuccion Vaser Hi-Def. La qualit\u00e9 des soins en Turquie d\u00e9pend de la clinique ou du chirurgien que vous choisissez. Il est essentiel de faire des recherches approfondies et de choisir un chirurgien plasticien r\u00e9put\u00e9 et exp\u00e9riment\u00e9 qui se sp\u00e9cialise dans ce type de liposuccion. Lire les commentaires des patients, \u00e9valuer les qualifications et discuter de l&rsquo;intervention avec le chirurgien choisi lors d&rsquo;une consultation peut donner une id\u00e9e de la qualit\u00e9 de la liposuccion en Turquie.<\/p>\n\n<\/div>\n<\/div>\n<\/div>\n<\/div>\n<p>\u00a0<\/p>\n\n<h3 class=\"wp-block-heading\">Contactez-nous d\u00e8s maintenant si vous avez des questions !<\/h3>\n","protected":false},"excerpt":{"rendered":"<p>Si vous cherchez un moyen d&rsquo;obtenir un corps sculpt\u00e9, la liposuccion Vaser Hi-Def peut \u00eatre la solution id\u00e9ale. La liposuccion [&hellip;]<\/p>\n","protected":false},"author":4,"featured_media":85042,"parent":0,"menu_order":0,"comment_status":"closed","ping_status":"closed","template":"","meta":{"site-sidebar-layout":"default","site-content-layout":"","ast-site-content-layout":"default","site-content-style":"default","site-sidebar-style":"default","ast-global-header-display":"","ast-banner-title-visibility":"","ast-main-header-display":"","ast-hfb-above-header-display":"","ast-hfb-below-header-display":"","ast-hfb-mobile-header-display":"","site-post-title":"","ast-breadcrumbs-content":"","ast-featured-img":"","footer-sml-layout":"","ast-disable-related-posts":"","theme-transparent-header-meta":"","adv-header-id-meta":"","stick-header-meta":"","header-above-stick-meta":"","header-main-stick-meta":"","header-below-stick-meta":"","astra-migrate-meta-layouts":"default","ast-page-background-enabled":"default","ast-page-background-meta":{"desktop":{"background-color":"var(--ast-global-color-4)","background-image":"","background-repeat":"repeat","background-position":"center center","background-size":"auto","background-attachment":"scroll","background-type":"","background-media":"","overlay-type":"","overlay-color":"","overlay-opacity":"","overlay-gradient":""},"tablet":{"background-color":"","background-image":"","background-repeat":"repeat","background-position":"center center","background-size":"auto","background-attachment":"scroll","background-type":"","background-media":"","overlay-type":"","overlay-color":"","overlay-opacity":"","overlay-gradient":""},"mobile":{"background-color":"","background-image":"","background-repeat":"repeat","background-position":"center center","background-size":"auto","background-attachment":"scroll","background-type":"","background-media":"","overlay-type":"","overlay-color":"","overlay-opacity":"","overlay-gradient":""}},"ast-content-background-meta":{"desktop":{"background-color":"var(--ast-global-color-5)","background-image":"","background-repeat":"repeat","background-position":"center center","background-size":"auto","background-attachment":"scroll","background-type":"","background-media":"","overlay-type":"","overlay-color":"","overlay-opacity":"","overlay-gradient":""},"tablet":{"background-color":"var(--ast-global-color-5)","background-image":"","background-repeat":"repeat","background-position":"center center","background-size":"auto","background-attachment":"scroll","background-type":"","background-media":"","overlay-type":"","overlay-color":"","overlay-opacity":"","overlay-gradient":""},"mobile":{"background-color":"var(--ast-global-color-5)","background-image":"","background-repeat":"repeat","background-position":"center center","background-size":"auto","background-attachment":"scroll","background-type":"","background-media":"","overlay-type":"","overlay-color":"","overlay-opacity":"","overlay-gradient":""}},"footnotes":""},"class_list":["post-145585","page","type-page","status-publish","has-post-thumbnail","hentry"],"_links":{"self":[{"href":"https:\/\/medclinics.com\/fr\/wp-json\/wp\/v2\/pages\/145585","targetHints":{"allow":["GET"]}}],"collection":[{"href":"https:\/\/medclinics.com\/fr\/wp-json\/wp\/v2\/pages"}],"about":[{"href":"https:\/\/medclinics.com\/fr\/wp-json\/wp\/v2\/types\/page"}],"author":[{"embeddable":true,"href":"https:\/\/medclinics.com\/fr\/wp-json\/wp\/v2\/users\/4"}],"replies":[{"embeddable":true,"href":"https:\/\/medclinics.com\/fr\/wp-json\/wp\/v2\/comments?post=145585"}],"version-history":[{"count":0,"href":"https:\/\/medclinics.com\/fr\/wp-json\/wp\/v2\/pages\/145585\/revisions"}],"wp:featuredmedia":[{"embeddable":true,"href":"https:\/\/medclinics.com\/fr\/wp-json\/wp\/v2\/media\/85042"}],"wp:attachment":[{"href":"https:\/\/medclinics.com\/fr\/wp-json\/wp\/v2\/media?parent=145585"}],"curies":[{"name":"wp","href":"https:\/\/api.w.org\/{rel}","templated":true}]}}