{"id":145575,"date":"2023-05-15T13:26:42","date_gmt":"2023-05-15T10:26:42","guid":{"rendered":"https:\/\/medclinics.com\/esthetique-gingivale\/"},"modified":"2025-01-02T15:46:39","modified_gmt":"2025-01-02T12:46:39","slug":"esthetique-gingivale","status":"publish","type":"page","link":"https:\/\/medclinics.com\/fr\/esthetique-gingivale\/","title":{"rendered":"Esth\u00e9tique gingivale"},"content":{"rendered":"\n<h2 class=\"wp-block-heading\">Souffrez-vous d&rsquo;un d\u00e9chaussement des gencives ? Dans ce cas, vous avez besoin d&rsquo;une esth\u00e9tique gingivale !<\/h2>\n\n<p>L&rsquo;esth\u00e9tique gingivale est une s\u00e9rie de proc\u00e9dures esth\u00e9tiques visant \u00e0 corriger les probl\u00e8mes de gencives. Les probl\u00e8mes de gencives comprennent le d\u00e9chaussement des gencives, l&rsquo;exc\u00e8s de gencives, les anomalies de couleur et de forme des gencives.<\/p>\n\n<p>En <a href=\"https:\/\/en.wikipedia.org\/wiki\/Gingivectomy\" target=\"_blank\" rel=\"noreferrer noopener\">esth\u00e9tique gingivale<\/a>, diff\u00e9rentes techniques sont utilis\u00e9es pour am\u00e9liorer l&rsquo;aspect et l&rsquo;esth\u00e9tique des gencives. Il s&rsquo;agit notamment de la correction chirurgicale des gencives, de la greffe de gencives, des traitements au laser, de la d\u00e9coloration des gencives et de la fermeture des gencives, des obturations des gencives et des proth\u00e8ses gingivales.<\/p>\n\n<p>Les interventions esth\u00e9tiques sur les gencives doivent \u00eatre r\u00e9alis\u00e9es par un dentiste qui accorde une grande importance \u00e0 la sant\u00e9 des gencives et \u00e0 l&rsquo;hygi\u00e8ne bucco-dentaire. Il est ainsi possible d&rsquo;obtenir un r\u00e9sultat sain et esth\u00e9tique sans endommager les gencives pendant la proc\u00e9dure esth\u00e9tique.<\/p>\n\n<h3 class=\"wp-block-heading\">Tout ce que vous devez savoir sur les <a href=\"https:\/\/medclinics.com\/dental-treatment\/\" target=\"_blank\" rel=\"noreferrer noopener\">traitements dentaires<\/a>, y compris le prix, les soins et le processus de gu\u00e9rison, ou <a href=\"#requestform\">contactez-nous<\/a>!<\/h3>\n\n<figure class=\"wp-block-image size-full\"><img fetchpriority=\"high\" decoding=\"async\" width=\"960\" height=\"580\" src=\"https:\/\/medclinics.com\/wp-content\/uploads\/2023\/05\/Gingival-aesthetics-.jpg\" alt=\"\" class=\"wp-image-85025\" srcset=\"https:\/\/medclinics.com\/wp-content\/uploads\/2023\/05\/Gingival-aesthetics-.jpg 960w, https:\/\/medclinics.com\/wp-content\/uploads\/2023\/05\/Gingival-aesthetics--500x302.jpg 500w, https:\/\/medclinics.com\/wp-content\/uploads\/2023\/05\/Gingival-aesthetics--768x464.jpg 768w, https:\/\/medclinics.com\/wp-content\/uploads\/2023\/05\/Gingival-aesthetics--24x15.jpg 24w, https:\/\/medclinics.com\/wp-content\/uploads\/2023\/05\/Gingival-aesthetics--36x22.jpg 36w, https:\/\/medclinics.com\/wp-content\/uploads\/2023\/05\/Gingival-aesthetics--48x29.jpg 48w\" sizes=\"(max-width: 960px) 100vw, 960px\" \/><\/figure>\n\n<h3 class=\"wp-block-heading\">FAQ<\/h3>\n<div id=\"rank-math-faq\" class=\"rank-math-block\">\n<div class=\"rank-math-list \">\n<div id=\"faq-question-1683898477333\" class=\"rank-math-list-item\">\n<h3 class=\"rank-math-question \">Qu&rsquo;est-ce qu&rsquo;un sourire gingival ?<\/h3>\n<div class=\"rank-math-answer \">\n\n<p>Le sourire gingival, \u00e9galement connu sous le nom de gencives excessives, est un probl\u00e8me cosm\u00e9tique. En souriant, on montre trop de gencive. La cause peut \u00eatre une hyperactivit\u00e9 du muscle de la l\u00e8vre sup\u00e9rieure, une l\u00e8vre sup\u00e9rieure courte ou une ligne gingivale trop d\u00e9velopp\u00e9e. Le traitement est orthodontique ou chirurgical, et le dentiste peut recommander une combinaison des deux.<\/p>\n\n<\/div>\n<\/div>\n<div id=\"faq-question-1683898525995\" class=\"rank-math-list-item\">\n<h3 class=\"rank-math-question \">Qu&rsquo;est-ce que l&rsquo;esth\u00e9tique gingivale ?<\/h3>\n<div class=\"rank-math-answer \">\n\n<p>L&rsquo;esth\u00e9tique gingivale, \u00e9galement connue sous le nom d&rsquo;esth\u00e9tique des gencives ou de chirurgie plastique parodontale, est une branche de la dentisterie qui se concentre sur l&rsquo;am\u00e9lioration de l&rsquo;apparence des gencives et des tissus mous autour des dents.<\/p>\n\n<\/div>\n<\/div>\n<div id=\"faq-question-1683898720036\" class=\"rank-math-list-item\">\n<h3 class=\"rank-math-question \">Quels sont les types de gencives ?<\/h3>\n<div class=\"rank-math-answer \">\n\n<p>Il existe deux types de gencive : la gencive attach\u00e9e, qui est ferme et entoure les dents, et la gencive muqueuse, qui est mobile et couvre les surfaces internes des l\u00e8vres, des joues, du plancher de la bouche et de la face inf\u00e9rieure de la langue.<\/p>\n\n<\/div>\n<\/div>\n<\/div>\n<\/div>\n<p>\u00a0<\/p>\n\n<h3 class=\"wp-block-heading\">Contactez-nous d\u00e8s maintenant si vous avez des questions !<\/h3>\n","protected":false},"excerpt":{"rendered":"<p>Souffrez-vous d&rsquo;un d\u00e9chaussement des gencives ? Dans ce cas, vous avez besoin d&rsquo;une esth\u00e9tique gingivale ! L&rsquo;esth\u00e9tique gingivale est une [&hellip;]<\/p>\n","protected":false},"author":4,"featured_media":92277,"parent":0,"menu_order":0,"comment_status":"closed","ping_status":"closed","template":"","meta":{"site-sidebar-layout":"default","site-content-layout":"","ast-site-content-layout":"default","site-content-style":"default","site-sidebar-style":"default","ast-global-header-display":"","ast-banner-title-visibility":"","ast-main-header-display":"","ast-hfb-above-header-display":"","ast-hfb-below-header-display":"","ast-hfb-mobile-header-display":"","site-post-title":"","ast-breadcrumbs-content":"","ast-featured-img":"","footer-sml-layout":"","ast-disable-related-posts":"","theme-transparent-header-meta":"","adv-header-id-meta":"","stick-header-meta":"","header-above-stick-meta":"","header-main-stick-meta":"","header-below-stick-meta":"","astra-migrate-meta-layouts":"default","ast-page-background-enabled":"default","ast-page-background-meta":{"desktop":{"background-color":"var(--ast-global-color-4)","background-image":"","background-repeat":"repeat","background-position":"center center","background-size":"auto","background-attachment":"scroll","background-type":"","background-media":"","overlay-type":"","overlay-color":"","overlay-opacity":"","overlay-gradient":""},"tablet":{"background-color":"","background-image":"","background-repeat":"repeat","background-position":"center center","background-size":"auto","background-attachment":"scroll","background-type":"","background-media":"","overlay-type":"","overlay-color":"","overlay-opacity":"","overlay-gradient":""},"mobile":{"background-color":"","background-image":"","background-repeat":"repeat","background-position":"center center","background-size":"auto","background-attachment":"scroll","background-type":"","background-media":"","overlay-type":"","overlay-color":"","overlay-opacity":"","overlay-gradient":""}},"ast-content-background-meta":{"desktop":{"background-color":"var(--ast-global-color-5)","background-image":"","background-repeat":"repeat","background-position":"center center","background-size":"auto","background-attachment":"scroll","background-type":"","background-media":"","overlay-type":"","overlay-color":"","overlay-opacity":"","overlay-gradient":""},"tablet":{"background-color":"var(--ast-global-color-5)","background-image":"","background-repeat":"repeat","background-position":"center center","background-size":"auto","background-attachment":"scroll","background-type":"","background-media":"","overlay-type":"","overlay-color":"","overlay-opacity":"","overlay-gradient":""},"mobile":{"background-color":"var(--ast-global-color-5)","background-image":"","background-repeat":"repeat","background-position":"center center","background-size":"auto","background-attachment":"scroll","background-type":"","background-media":"","overlay-type":"","overlay-color":"","overlay-opacity":"","overlay-gradient":""}},"footnotes":""},"class_list":["post-145575","page","type-page","status-publish","has-post-thumbnail","hentry"],"_links":{"self":[{"href":"https:\/\/medclinics.com\/fr\/wp-json\/wp\/v2\/pages\/145575","targetHints":{"allow":["GET"]}}],"collection":[{"href":"https:\/\/medclinics.com\/fr\/wp-json\/wp\/v2\/pages"}],"about":[{"href":"https:\/\/medclinics.com\/fr\/wp-json\/wp\/v2\/types\/page"}],"author":[{"embeddable":true,"href":"https:\/\/medclinics.com\/fr\/wp-json\/wp\/v2\/users\/4"}],"replies":[{"embeddable":true,"href":"https:\/\/medclinics.com\/fr\/wp-json\/wp\/v2\/comments?post=145575"}],"version-history":[{"count":0,"href":"https:\/\/medclinics.com\/fr\/wp-json\/wp\/v2\/pages\/145575\/revisions"}],"wp:featuredmedia":[{"embeddable":true,"href":"https:\/\/medclinics.com\/fr\/wp-json\/wp\/v2\/media\/92277"}],"wp:attachment":[{"href":"https:\/\/medclinics.com\/fr\/wp-json\/wp\/v2\/media?parent=145575"}],"curies":[{"name":"wp","href":"https:\/\/api.w.org\/{rel}","templated":true}]}}