{"id":145547,"date":"2023-05-15T12:29:46","date_gmt":"2023-05-15T09:29:46","guid":{"rendered":"https:\/\/medclinics.com\/liposuccion-des-bras\/"},"modified":"2024-12-29T01:08:45","modified_gmt":"2024-12-28T22:08:45","slug":"liposuccion-des-bras","status":"publish","type":"page","link":"https:\/\/medclinics.com\/fr\/liposuccion-des-bras\/","title":{"rendered":"Liposuccion des bras"},"content":{"rendered":"\n<h2 class=\"wp-block-heading\">Si vous recherchez un moyen de transformation qui r\u00e9v\u00e8le des bras \u00e9l\u00e9gants et sculpt\u00e9s, la liposuccion des bras peut \u00eatre la solution parfaite.<\/h2>\n\n<p>La liposuccion des bras est une proc\u00e9dure cosm\u00e9tique qui vise \u00e0 \u00e9liminer l&rsquo;exc\u00e8s de graisse dans la partie sup\u00e9rieure des bras. Elle est g\u00e9n\u00e9ralement pratiqu\u00e9e chez les personnes qui pr\u00e9sentent des d\u00e9p\u00f4ts de graisse localis\u00e9s dans la r\u00e9gion du bras et qui r\u00e9sistent aux r\u00e9gimes alimentaires et \u00e0 l&rsquo;exercice physique.<\/p>\n\n<p>Lors d&rsquo;une <a href=\"https:\/\/istanbul-tourist-information.com\/en\/medical-treatment\/\" target=\"_blank\" rel=\"noreferrer noopener\">liposuccion des<\/a> bras, de petites incisions sont pratiqu\u00e9es \u00e0 des endroits discrets et un tube fin appel\u00e9 canule est ins\u00e9r\u00e9 pour aspirer l&rsquo;exc\u00e8s de graisse. Le chirurgien man\u0153uvre soigneusement la canule pour cibler et \u00e9liminer les d\u00e9p\u00f4ts de graisse, sculptant ainsi les bras pour leur donner une apparence plus galb\u00e9e et plus proportionnelle.<\/p>\n\n<p>La liposuccion des bras est g\u00e9n\u00e9ralement r\u00e9alis\u00e9e en ambulatoire sous anesth\u00e9sie locale ou g\u00e9n\u00e9rale, en fonction de l&rsquo;ampleur du traitement. Il s&rsquo;agit d&rsquo;une alternative moins invasive \u00e0 la chirurgie traditionnelle de lifting des bras et le temps de r\u00e9cup\u00e9ration est g\u00e9n\u00e9ralement plus court. Cependant, elle s&rsquo;attaque principalement \u00e0 l&rsquo;exc\u00e8s de graisse et peut ne pas traiter efficacement le rel\u00e2chement de la peau. En cas de laxit\u00e9 cutan\u00e9e importante, une combinaison de liposuccion et de lifting des bras peut \u00eatre recommand\u00e9e pour obtenir des r\u00e9sultats optimaux. La consultation d&rsquo;un chirurgien plasticien qualifi\u00e9 peut permettre de mieux comprendre la pertinence et les r\u00e9sultats potentiels de la liposuccion des bras en fonction des besoins individuels.<\/p>\n\n<h3 class=\"wp-block-heading\">Tout ce que vous devez savoir sur la <a href=\"https:\/\/medclinics.com\/fr\/liposuccion\/\" target=\"_blank\" rel=\"noreferrer noopener\">liposuccion<\/a>, y compris le prix, les soins et le processus de gu\u00e9rison, ou <a href=\"#requestform\">contactez-nous<\/a>!<\/h3>\n\n<figure class=\"wp-block-image size-large is-resized\"><img fetchpriority=\"high\" decoding=\"async\" width=\"5039\" height=\"3359\" src=\"https:\/\/medclinics.com\/wp-content\/uploads\/2023\/05\/arm-liposuction.png\" alt=\"Lifting des bras Istanbul Turquie\" class=\"wp-image-84941\" style=\"width:960px;height:540px\" srcset=\"https:\/\/medclinics.com\/wp-content\/uploads\/2023\/05\/arm-liposuction.png 5039w, https:\/\/medclinics.com\/wp-content\/uploads\/2023\/05\/arm-liposuction-500x333.png 500w, https:\/\/medclinics.com\/wp-content\/uploads\/2023\/05\/arm-liposuction-1024x683.png 1024w, https:\/\/medclinics.com\/wp-content\/uploads\/2023\/05\/arm-liposuction-768x512.png 768w, https:\/\/medclinics.com\/wp-content\/uploads\/2023\/05\/arm-liposuction-1536x1024.png 1536w, https:\/\/medclinics.com\/wp-content\/uploads\/2023\/05\/arm-liposuction-2048x1365.png 2048w, https:\/\/medclinics.com\/wp-content\/uploads\/2023\/05\/arm-liposuction-24x16.png 24w, https:\/\/medclinics.com\/wp-content\/uploads\/2023\/05\/arm-liposuction-36x24.png 36w, https:\/\/medclinics.com\/wp-content\/uploads\/2023\/05\/arm-liposuction-48x32.png 48w\" sizes=\"(max-width: 5039px) 100vw, 5039px\" \/><\/figure>\n\n<h2 class=\"wp-block-heading\">FAQ<\/h2>\n<div id=\"rank-math-faq\" class=\"rank-math-block\">\n<div class=\"rank-math-list \">\n<div id=\"faq-question-1682603361561\" class=\"rank-math-list-item\">\n<h3 class=\"rank-math-question \">Le lifting des bras en vaut-il la peine ?<\/h3>\n<div class=\"rank-math-answer \">\n\n<p>La d\u00e9cision de savoir si un lifting des bras en vaut la peine d\u00e9pend des circonstances individuelles et des pr\u00e9f\u00e9rences personnelles. Un lifting des bras peut \u00eatre b\u00e9n\u00e9fique pour les personnes qui sont g\u00ean\u00e9es par un exc\u00e8s de peau rel\u00e2ch\u00e9e et de graisse dans la partie sup\u00e9rieure des bras. Elle peut am\u00e9liorer le contour des bras, cr\u00e9er une apparence plus tonique et renforcer la confiance en soi. Cependant, il est important de prendre en compte plusieurs facteurs avant de d\u00e9cider si un lifting des bras en vaut la peine. Il s&rsquo;agit notamment des risques potentiels et des complications li\u00e9s \u00e0 l&rsquo;intervention chirurgicale, du processus de r\u00e9tablissement et du co\u00fbt de l&rsquo;op\u00e9ration. En outre, il est essentiel d&rsquo;avoir des attentes r\u00e9alistes, car un lifting des bras laissera une cicatrice visible le long de la partie interne du bras.<\/p>\n\n<\/div>\n<\/div>\n<div id=\"faq-question-1684152986827\" class=\"rank-math-list-item\">\n<h3 class=\"rank-math-question \">La liposuccion des bras est-elle s\u00fbre ?<\/h3>\n<div class=\"rank-math-answer \">\n\n<p>La liposuccion des bras est g\u00e9n\u00e9ralement consid\u00e9r\u00e9e comme une intervention s\u00fbre lorsqu&rsquo;elle est pratiqu\u00e9e par un chirurgien plasticien qualifi\u00e9 et exp\u00e9riment\u00e9. Comme toute intervention chirurgicale, la liposuccion des bras comporte des risques inh\u00e9rents et des complications potentielles, mais elles sont relativement rares.<\/p>\n\n<\/div>\n<\/div>\n<div id=\"faq-question-1684153069636\" class=\"rank-math-list-item\">\n<h3 class=\"rank-math-question \">La liposuccion des bras est-elle douloureuse ?<\/h3>\n<div class=\"rank-math-answer \">\n\n<p>La liposuccion des bras peut entra\u00eener une certaine g\u00eane pendant la p\u00e9riode de convalescence, notamment des gonflements, des ecchymoses, des douleurs et une sensibilit\u00e9. Cependant, la douleur peut \u00eatre g\u00e9r\u00e9e \u00e0 l&rsquo;aide de m\u00e9dicaments prescrits. Il est important de suivre les instructions post-op\u00e9ratoires fournies par votre chirurgien afin de garantir un r\u00e9tablissement en douceur et plus confortable.<\/p>\n\n<\/div>\n<\/div>\n<\/div>\n<\/div>\n<p>\u00a0<\/p>\n\n<h3 class=\"wp-block-heading\">Contactez-nous d\u00e8s maintenant si vous avez des questions !<\/h3>\n","protected":false},"excerpt":{"rendered":"<p>Si vous recherchez un moyen de transformation qui r\u00e9v\u00e8le des bras \u00e9l\u00e9gants et sculpt\u00e9s, la liposuccion des bras peut \u00eatre [&hellip;]<\/p>\n","protected":false},"author":4,"featured_media":84948,"parent":0,"menu_order":0,"comment_status":"closed","ping_status":"closed","template":"","meta":{"site-sidebar-layout":"default","site-content-layout":"","ast-site-content-layout":"default","site-content-style":"default","site-sidebar-style":"default","ast-global-header-display":"","ast-banner-title-visibility":"","ast-main-header-display":"","ast-hfb-above-header-display":"","ast-hfb-below-header-display":"","ast-hfb-mobile-header-display":"","site-post-title":"","ast-breadcrumbs-content":"","ast-featured-img":"","footer-sml-layout":"","ast-disable-related-posts":"","theme-transparent-header-meta":"","adv-header-id-meta":"","stick-header-meta":"","header-above-stick-meta":"","header-main-stick-meta":"","header-below-stick-meta":"","astra-migrate-meta-layouts":"default","ast-page-background-enabled":"default","ast-page-background-meta":{"desktop":{"background-color":"var(--ast-global-color-4)","background-image":"","background-repeat":"repeat","background-position":"center center","background-size":"auto","background-attachment":"scroll","background-type":"","background-media":"","overlay-type":"","overlay-color":"","overlay-opacity":"","overlay-gradient":""},"tablet":{"background-color":"","background-image":"","background-repeat":"repeat","background-position":"center center","background-size":"auto","background-attachment":"scroll","background-type":"","background-media":"","overlay-type":"","overlay-color":"","overlay-opacity":"","overlay-gradient":""},"mobile":{"background-color":"","background-image":"","background-repeat":"repeat","background-position":"center center","background-size":"auto","background-attachment":"scroll","background-type":"","background-media":"","overlay-type":"","overlay-color":"","overlay-opacity":"","overlay-gradient":""}},"ast-content-background-meta":{"desktop":{"background-color":"var(--ast-global-color-5)","background-image":"","background-repeat":"repeat","background-position":"center center","background-size":"auto","background-attachment":"scroll","background-type":"","background-media":"","overlay-type":"","overlay-color":"","overlay-opacity":"","overlay-gradient":""},"tablet":{"background-color":"var(--ast-global-color-5)","background-image":"","background-repeat":"repeat","background-position":"center center","background-size":"auto","background-attachment":"scroll","background-type":"","background-media":"","overlay-type":"","overlay-color":"","overlay-opacity":"","overlay-gradient":""},"mobile":{"background-color":"var(--ast-global-color-5)","background-image":"","background-repeat":"repeat","background-position":"center center","background-size":"auto","background-attachment":"scroll","background-type":"","background-media":"","overlay-type":"","overlay-color":"","overlay-opacity":"","overlay-gradient":""}},"footnotes":""},"class_list":["post-145547","page","type-page","status-publish","has-post-thumbnail","hentry"],"_links":{"self":[{"href":"https:\/\/medclinics.com\/fr\/wp-json\/wp\/v2\/pages\/145547","targetHints":{"allow":["GET"]}}],"collection":[{"href":"https:\/\/medclinics.com\/fr\/wp-json\/wp\/v2\/pages"}],"about":[{"href":"https:\/\/medclinics.com\/fr\/wp-json\/wp\/v2\/types\/page"}],"author":[{"embeddable":true,"href":"https:\/\/medclinics.com\/fr\/wp-json\/wp\/v2\/users\/4"}],"replies":[{"embeddable":true,"href":"https:\/\/medclinics.com\/fr\/wp-json\/wp\/v2\/comments?post=145547"}],"version-history":[{"count":0,"href":"https:\/\/medclinics.com\/fr\/wp-json\/wp\/v2\/pages\/145547\/revisions"}],"wp:featuredmedia":[{"embeddable":true,"href":"https:\/\/medclinics.com\/fr\/wp-json\/wp\/v2\/media\/84948"}],"wp:attachment":[{"href":"https:\/\/medclinics.com\/fr\/wp-json\/wp\/v2\/media?parent=145547"}],"curies":[{"name":"wp","href":"https:\/\/api.w.org\/{rel}","templated":true}]}}