{"id":145535,"date":"2023-05-15T12:08:51","date_gmt":"2023-05-15T09:08:51","guid":{"rendered":"https:\/\/medclinics.com\/levee-de-bras\/"},"modified":"2024-12-29T01:08:45","modified_gmt":"2024-12-28T22:08:45","slug":"levee-de-bras","status":"publish","type":"page","link":"https:\/\/medclinics.com\/fr\/levee-de-bras\/","title":{"rendered":"Lev\u00e9e de bras"},"content":{"rendered":"\n<h2 class=\"wp-block-heading\">Si vous recherchez un moyen de transformation qui r\u00e9v\u00e8le des bras \u00e9l\u00e9gants et sculpt\u00e9s, le lifting des bras peut \u00eatre la solution id\u00e9ale.<\/h2>\n\n<p>Le lifting des bras, \u00e9galement appel\u00e9 brachioplastie, est une intervention chirurgicale qui vise \u00e0 remodeler et \u00e0 am\u00e9liorer l&rsquo;apparence de la partie sup\u00e9rieure des bras. Elle est g\u00e9n\u00e9ralement demand\u00e9e par les personnes qui pr\u00e9sentent un exc\u00e8s de peau rel\u00e2ch\u00e9e et des d\u00e9p\u00f4ts de graisse dans la zone sup\u00e9rieure du bras, g\u00e9n\u00e9ralement caus\u00e9s par des facteurs tels que le vieillissement, la perte de poids ou des pr\u00e9dispositions g\u00e9n\u00e9tiques.<\/p>\n\n<p>L&rsquo;intervention consiste \u00e0 retirer l&rsquo;exc\u00e8s de peau et de graisse des bras, \u00e0 resserrer les tissus sous-jacents et \u00e0 remodeler les bras pour leur donner une apparence plus tonique et plus jeune.Lors d&rsquo;un <a href=\"https:\/\/istanbul-tourist-information.com\/en\/\" target=\"_blank\" rel=\"noopener\">levage de bras<\/a>, une incision est pratiqu\u00e9e le long de la partie interne du bras, s&rsquo;\u00e9tendant g\u00e9n\u00e9ralement de l&rsquo;aisselle au coude.<\/p>\n\n<p>La longueur et le trac\u00e9 de l&rsquo;incision peuvent varier en fonction des besoins sp\u00e9cifiques de la personne. Par cette incision, le chirurgien retire l&rsquo;exc\u00e8s de peau et de graisse, et peut \u00e9galement resserrer et remodeler les tissus sous-jacents, tels que les structures de soutien et les muscles. La peau restante est ensuite repositionn\u00e9e et sutur\u00e9e, ce qui permet d&rsquo;obtenir des bras plus lisses et mieux d\u00e9finis.<\/p>\n\n<h3 class=\"wp-block-heading\">Tout ce que vous devez savoir sur la <a href=\"https:\/\/medclinics.com\/fr\/chirurgie-plastique-et-esthetique\/\" target=\"_blank\" rel=\"noreferrer noopener\">chirurgie plastique et esth\u00e9tique<\/a>, y compris le prix, les soins et le processus de gu\u00e9rison, ou <a href=\"#requestform\">contactez-nous<\/a>!<\/h3>\n\n<figure class=\"wp-block-image size-large\"><img fetchpriority=\"high\" decoding=\"async\" width=\"5184\" height=\"3456\" class=\"wp-image-84869\" src=\"https:\/\/medclinics.com\/wp-content\/uploads\/2023\/05\/arm-lift.png\" alt=\"Lev&#xE9;e de bras\" srcset=\"https:\/\/medclinics.com\/wp-content\/uploads\/2023\/05\/arm-lift.png 5184w, https:\/\/medclinics.com\/wp-content\/uploads\/2023\/05\/arm-lift-500x333.png 500w, https:\/\/medclinics.com\/wp-content\/uploads\/2023\/05\/arm-lift-1024x683.png 1024w, https:\/\/medclinics.com\/wp-content\/uploads\/2023\/05\/arm-lift-768x512.png 768w, https:\/\/medclinics.com\/wp-content\/uploads\/2023\/05\/arm-lift-1536x1024.png 1536w, https:\/\/medclinics.com\/wp-content\/uploads\/2023\/05\/arm-lift-2048x1365.png 2048w, https:\/\/medclinics.com\/wp-content\/uploads\/2023\/05\/arm-lift-24x16.png 24w, https:\/\/medclinics.com\/wp-content\/uploads\/2023\/05\/arm-lift-36x24.png 36w, https:\/\/medclinics.com\/wp-content\/uploads\/2023\/05\/arm-lift-48x32.png 48w\" sizes=\"(max-width: 5184px) 100vw, 5184px\" \/><\/figure>\n\n<h2 class=\"wp-block-heading\">FAQ<\/h2>\n<div id=\"rank-math-faq\" class=\"rank-math-block\">\n<div class=\"rank-math-list \">\n<div id=\"faq-question-1682603361561\" class=\"rank-math-list-item\">\n<h3 class=\"rank-math-question \">L&rsquo;op\u00e9ration de lifting des bras est-elle douloureuse ?<\/h3>\n<div class=\"rank-math-answer \">\n\n<p>L&rsquo;op\u00e9ration de lifting des bras peut \u00eatre douloureuse pendant la p\u00e9riode de convalescence. L&rsquo;intervention consiste \u00e0 pratiquer des incisions, \u00e0 retirer l&rsquo;exc\u00e8s de peau et de graisse et, \u00e9ventuellement, \u00e0 resserrer les tissus sous-jacents. Ce processus chirurgical peut entra\u00eener des douleurs et une g\u00eane postop\u00e9ratoires pendant la p\u00e9riode de cicatrisation. Les gonflements, les ecchymoses, la sensibilit\u00e9 et les douleurs sont fr\u00e9quents apr\u00e8s l&rsquo;op\u00e9ration. Cependant, il est important de noter que la douleur ressentie varie d&rsquo;une personne \u00e0 l&rsquo;autre. Certaines personnes peuvent avoir une plus grande tol\u00e9rance \u00e0 la douleur et ressentir moins d&rsquo;inconfort que d&rsquo;autres. En outre, l&rsquo;ampleur de l&rsquo;intervention et les techniques du chirurgien peuvent \u00e9galement avoir un impact sur le niveau de douleur ressentie.<\/p>\n\n<\/div>\n<\/div>\n<div id=\"faq-question-1684151966879\" class=\"rank-math-list-item\">\n<h3 class=\"rank-math-question \">L&rsquo;op\u00e9ration de lifting des bras est-elle dangereuse ?<\/h3>\n<div class=\"rank-math-answer \">\n\n<p>Comme toute intervention chirurgicale, le lifting des bras comporte certains risques et des complications potentielles. Toutefois, cette proc\u00e9dure est g\u00e9n\u00e9ralement consid\u00e9r\u00e9e comme s\u00fbre lorsqu&rsquo;elle est pratiqu\u00e9e par un chirurgien plasticien qualifi\u00e9 et exp\u00e9riment\u00e9. Les risques potentiels comprennent l&rsquo;infection, le saignement, la mauvaise cicatrisation, la cicatrice, l&rsquo;asym\u00e9trie, les l\u00e9sions nerveuses, l&rsquo;accumulation de liquide et les r\u00e9actions ind\u00e9sirables \u00e0 l&rsquo;anesth\u00e9sie. Ces risques peuvent \u00eatre minimis\u00e9s en choisissant un chirurgien de bonne r\u00e9putation, en suivant les instructions pr\u00e9 et postop\u00e9ratoires et en communiquant \u00e0 votre chirurgien l&rsquo;ensemble de vos ant\u00e9c\u00e9dents m\u00e9dicaux. Pour garantir la s\u00e9curit\u00e9 de l&rsquo;intervention, il est important d&rsquo;avoir une consultation approfondie avec un chirurgien plasticien qualifi\u00e9 qui pourra \u00e9valuer votre cas sp\u00e9cifique, discuter des risques et complications potentiels et vous fournir des recommandations personnalis\u00e9es.<\/p>\n\n<\/div>\n<\/div>\n<div id=\"faq-question-1684152117536\" class=\"rank-math-list-item\">\n<h3 class=\"rank-math-question \">Qu&rsquo;est-ce qu&rsquo;un lifting des bras ?<\/h3>\n<div class=\"rank-math-answer \">\n\n<p>Le lifting des bras, \u00e9galement appel\u00e9 brachioplastie, est une intervention esth\u00e9tique qui vise \u00e0 am\u00e9liorer l&rsquo;apparence de la partie sup\u00e9rieure des bras. Il s&rsquo;agit d&rsquo;\u00e9liminer l&rsquo;exc\u00e8s de peau et de graisse et de resserrer les tissus sous-jacents pour obtenir des bras plus toniques et mieux d\u00e9finis.<\/p>\n\n<\/div>\n<\/div>\n<div id=\"faq-question-1684152177743\" class=\"rank-math-list-item\">\n<h3 class=\"rank-math-question \">Le lifting des bras en vaut-il la peine ?<\/h3>\n<div class=\"rank-math-answer \">\n\n<p>La d\u00e9cision de savoir si un lifting des bras en vaut la peine d\u00e9pend des circonstances, des pr\u00e9f\u00e9rences et des objectifs de chacun. Pour les personnes g\u00ean\u00e9es par l&rsquo;exc\u00e8s de peau et de graisse dans la partie sup\u00e9rieure des bras, un lifting des bras peut \u00eatre une intervention transformatrice qui am\u00e9liore le contour des bras et renforce la confiance en soi. Il peut aider les personnes \u00e0 se sentir plus \u00e0 l&rsquo;aise dans des v\u00eatements sans manches ou \u00e0 manches courtes et \u00e0 am\u00e9liorer leur apparence g\u00e9n\u00e9rale. Toutefois, il est important de prendre en compte les risques potentiels, le processus de gu\u00e9rison et le co\u00fbt de la proc\u00e9dure. En outre, il convient d&rsquo;avoir des attentes r\u00e9alistes, car un lifting des bras laissera une cicatrice visible le long de la partie interne du bras. La consultation d&rsquo;un chirurgien plasticien qualifi\u00e9 peut permettre de mieux comprendre les avantages et les limites potentiels en fonction des objectifs et des attentes de chacun. En fin de compte, la d\u00e9cision de savoir si un lifting des bras en vaut la peine est une d\u00e9cision personnelle qui doit \u00eatre m\u00fbrement r\u00e9fl\u00e9chie en consultation avec un professionnel de la sant\u00e9 de confiance.<\/p>\n\n<\/div>\n<\/div>\n<\/div>\n<\/div>\n<p>\u00a0<\/p>\n\n<h3 class=\"wp-block-heading\">Contactez-nous d\u00e8s maintenant si vous avez des questions !<\/h3>\n","protected":false},"excerpt":{"rendered":"<p>Si vous recherchez un moyen de transformation qui r\u00e9v\u00e8le des bras \u00e9l\u00e9gants et sculpt\u00e9s, le lifting des bras peut \u00eatre [&hellip;]<\/p>\n","protected":false},"author":4,"featured_media":84909,"parent":0,"menu_order":0,"comment_status":"closed","ping_status":"closed","template":"","meta":{"site-sidebar-layout":"default","site-content-layout":"","ast-site-content-layout":"default","site-content-style":"default","site-sidebar-style":"default","ast-global-header-display":"","ast-banner-title-visibility":"","ast-main-header-display":"","ast-hfb-above-header-display":"","ast-hfb-below-header-display":"","ast-hfb-mobile-header-display":"","site-post-title":"","ast-breadcrumbs-content":"","ast-featured-img":"","footer-sml-layout":"","ast-disable-related-posts":"","theme-transparent-header-meta":"","adv-header-id-meta":"","stick-header-meta":"","header-above-stick-meta":"","header-main-stick-meta":"","header-below-stick-meta":"","astra-migrate-meta-layouts":"default","ast-page-background-enabled":"default","ast-page-background-meta":{"desktop":{"background-color":"var(--ast-global-color-4)","background-image":"","background-repeat":"repeat","background-position":"center center","background-size":"auto","background-attachment":"scroll","background-type":"","background-media":"","overlay-type":"","overlay-color":"","overlay-opacity":"","overlay-gradient":""},"tablet":{"background-color":"","background-image":"","background-repeat":"repeat","background-position":"center center","background-size":"auto","background-attachment":"scroll","background-type":"","background-media":"","overlay-type":"","overlay-color":"","overlay-opacity":"","overlay-gradient":""},"mobile":{"background-color":"","background-image":"","background-repeat":"repeat","background-position":"center center","background-size":"auto","background-attachment":"scroll","background-type":"","background-media":"","overlay-type":"","overlay-color":"","overlay-opacity":"","overlay-gradient":""}},"ast-content-background-meta":{"desktop":{"background-color":"var(--ast-global-color-5)","background-image":"","background-repeat":"repeat","background-position":"center center","background-size":"auto","background-attachment":"scroll","background-type":"","background-media":"","overlay-type":"","overlay-color":"","overlay-opacity":"","overlay-gradient":""},"tablet":{"background-color":"var(--ast-global-color-5)","background-image":"","background-repeat":"repeat","background-position":"center center","background-size":"auto","background-attachment":"scroll","background-type":"","background-media":"","overlay-type":"","overlay-color":"","overlay-opacity":"","overlay-gradient":""},"mobile":{"background-color":"var(--ast-global-color-5)","background-image":"","background-repeat":"repeat","background-position":"center center","background-size":"auto","background-attachment":"scroll","background-type":"","background-media":"","overlay-type":"","overlay-color":"","overlay-opacity":"","overlay-gradient":""}},"footnotes":""},"class_list":["post-145535","page","type-page","status-publish","has-post-thumbnail","hentry"],"_links":{"self":[{"href":"https:\/\/medclinics.com\/fr\/wp-json\/wp\/v2\/pages\/145535","targetHints":{"allow":["GET"]}}],"collection":[{"href":"https:\/\/medclinics.com\/fr\/wp-json\/wp\/v2\/pages"}],"about":[{"href":"https:\/\/medclinics.com\/fr\/wp-json\/wp\/v2\/types\/page"}],"author":[{"embeddable":true,"href":"https:\/\/medclinics.com\/fr\/wp-json\/wp\/v2\/users\/4"}],"replies":[{"embeddable":true,"href":"https:\/\/medclinics.com\/fr\/wp-json\/wp\/v2\/comments?post=145535"}],"version-history":[{"count":0,"href":"https:\/\/medclinics.com\/fr\/wp-json\/wp\/v2\/pages\/145535\/revisions"}],"wp:featuredmedia":[{"embeddable":true,"href":"https:\/\/medclinics.com\/fr\/wp-json\/wp\/v2\/media\/84909"}],"wp:attachment":[{"href":"https:\/\/medclinics.com\/fr\/wp-json\/wp\/v2\/media?parent=145535"}],"curies":[{"name":"wp","href":"https:\/\/api.w.org\/{rel}","templated":true}]}}