{"id":145525,"date":"2023-05-15T11:40:55","date_gmt":"2023-05-15T08:40:55","guid":{"rendered":"https:\/\/medclinics.com\/application-de-la-fibre\/"},"modified":"2025-01-02T15:44:50","modified_gmt":"2025-01-02T12:44:50","slug":"application-de-la-fibre","status":"publish","type":"page","link":"https:\/\/medclinics.com\/fr\/application-de-la-fibre\/","title":{"rendered":"Application de la fibre"},"content":{"rendered":"\n<h2 class=\"wp-block-heading\">L&rsquo;application de fibres est une technique utilis\u00e9e dans les traitements dentaires.<\/h2>\n\n<p>Dans cette technique, on utilise des mat\u00e9riaux fibreux sp\u00e9cialement con\u00e7us pour les dents. Ces mat\u00e9riaux sont plac\u00e9s dans la zone endommag\u00e9e ou cass\u00e9e de la dent et la renforcent, tout en pr\u00e9servant la structure originale de la dent.<\/p>\n\n<p>Les fibres sont particuli\u00e8rement efficaces dans le traitement des l\u00e9sions de la racine de la dent. Cette pratique permet aux dentistes de sauver des dents endommag\u00e9es pour diverses raisons.<\/p>\n\n<p>L&rsquo;application de la <a href=\"https:\/\/en.wikipedia.org\/wiki\/Fiber\" target=\"_blank\" rel=\"noreferrer noopener\">fibre<\/a> est moins invasive que d&rsquo;autres m\u00e9thodes de traitement dentaire et r\u00e9duit la douleur et l&rsquo;inconfort pour les patients. C&rsquo;est pourquoi il est souvent pr\u00e9f\u00e9r\u00e9 par les dentistes.<\/p>\n\n<p>Cependant, l&rsquo;application de la fibre peut ne pas convenir \u00e0 tous les patients. C&rsquo;est pourquoi l&rsquo;\u00e9valuation d&rsquo;un dentiste est n\u00e9cessaire dans chaque cas. Il est \u00e9galement important que les patients effectuent des soins dentaires r\u00e9guliers apr\u00e8s l&rsquo;application des fibres.<\/p>\n\n<h3 class=\"wp-block-heading\">Tout ce que vous devez savoir sur les <a href=\"https:\/\/medclinics.com\/dental-treatment\/\" target=\"_blank\" rel=\"noreferrer noopener\">traitements dentaires<\/a>, y compris le prix, les soins et le processus de gu\u00e9rison, ou <a href=\"#requestform\">contactez-nous<\/a>!<\/h3>\n\n<figure class=\"wp-block-image size-full\"><img fetchpriority=\"high\" decoding=\"async\" width=\"960\" height=\"580\" class=\"wp-image-84772\" src=\"https:\/\/medclinics.com\/wp-content\/uploads\/2023\/05\/fiber-application.jpg\" alt=\"\" srcset=\"https:\/\/medclinics.com\/wp-content\/uploads\/2023\/05\/fiber-application.jpg 960w, https:\/\/medclinics.com\/wp-content\/uploads\/2023\/05\/fiber-application-500x302.jpg 500w, https:\/\/medclinics.com\/wp-content\/uploads\/2023\/05\/fiber-application-768x464.jpg 768w, https:\/\/medclinics.com\/wp-content\/uploads\/2023\/05\/fiber-application-24x15.jpg 24w, https:\/\/medclinics.com\/wp-content\/uploads\/2023\/05\/fiber-application-36x22.jpg 36w, https:\/\/medclinics.com\/wp-content\/uploads\/2023\/05\/fiber-application-48x29.jpg 48w\" sizes=\"(max-width: 960px) 100vw, 960px\" \/><\/figure>\n\n<h3 class=\"wp-block-heading\">FAQ<\/h3>\n<div id=\"rank-math-faq\" class=\"rank-math-block\">\n<div class=\"rank-math-list \">\n<div id=\"faq-question-1683898477333\" class=\"rank-math-list-item\">\n<h3 class=\"rank-math-question \">Pourquoi les fibres sont-elles utilis\u00e9es dans les composites ?<\/h3>\n<div class=\"rank-math-answer \">\n\n<p>Les fibres sont ajout\u00e9es aux composites dentaires pour am\u00e9liorer leur solidit\u00e9, leur t\u00e9nacit\u00e9, leur manipulation et leur r\u00e9sistance \u00e0 l&rsquo;usure, \u00e0 la fracture, au r\u00e9tr\u00e9cissement et \u00e0 la sensibilit\u00e9.<\/p>\n\n<\/div>\n<\/div>\n<div id=\"faq-question-1683898525995\" class=\"rank-math-list-item\">\n<h3 class=\"rank-math-question \">Quels sont les diff\u00e9rents types de fibres utilis\u00e9s dans la pulpe dentaire ?<\/h3>\n<div class=\"rank-math-answer \">\n\n<p>Les fibres les plus couramment utilis\u00e9es dans les composites dentaires sont en verre, en carbone ou en c\u00e9ramique, et leur type et leur quantit\u00e9 peuvent varier en fonction de l&rsquo;application sp\u00e9cifique et des propri\u00e9t\u00e9s souhait\u00e9es du mat\u00e9riau.<\/p>\n\n<\/div>\n<\/div>\n<div id=\"faq-question-1683898720036\" class=\"rank-math-list-item\">\n<h3 class=\"rank-math-question \">Qu&rsquo;est-ce qu&rsquo;une proth\u00e8se dentaire renforc\u00e9e par des fibres ?<\/h3>\n<div class=\"rank-math-answer \">\n\n<p>Les composites dentaires renforc\u00e9s de fibres contiennent de petites fibres de verre, de carbone ou de c\u00e9ramique pour am\u00e9liorer leurs propri\u00e9t\u00e9s m\u00e9caniques et leur r\u00e9sistance \u00e0 l&rsquo;usure, \u00e0 la fracture, \u00e0 l&rsquo;abrasion et \u00e0 la sensibilit\u00e9. Les fibres sont m\u00e9lang\u00e9es \u00e0 la matrice de r\u00e9sine composite et ajoutent de la r\u00e9sistance et de la durabilit\u00e9 au mat\u00e9riau. Les composites dentaires renforc\u00e9s de fibres sont couramment utilis\u00e9s pour les restaurations dentaires telles que les obturations, les couronnes et les bridges.<\/p>\n\n<\/div>\n<\/div>\n<\/div>\n<\/div>\n<p>\u00a0<\/p>\n\n<h3 class=\"wp-block-heading\">Contactez-nous d\u00e8s maintenant si vous avez des questions !<\/h3>\n","protected":false},"excerpt":{"rendered":"<p>L&rsquo;application de fibres est une technique utilis\u00e9e dans les traitements dentaires. Dans cette technique, on utilise des mat\u00e9riaux fibreux sp\u00e9cialement [&hellip;]<\/p>\n","protected":false},"author":4,"featured_media":92263,"parent":0,"menu_order":0,"comment_status":"closed","ping_status":"closed","template":"","meta":{"site-sidebar-layout":"default","site-content-layout":"","ast-site-content-layout":"default","site-content-style":"default","site-sidebar-style":"default","ast-global-header-display":"","ast-banner-title-visibility":"","ast-main-header-display":"","ast-hfb-above-header-display":"","ast-hfb-below-header-display":"","ast-hfb-mobile-header-display":"","site-post-title":"","ast-breadcrumbs-content":"","ast-featured-img":"","footer-sml-layout":"","ast-disable-related-posts":"","theme-transparent-header-meta":"","adv-header-id-meta":"","stick-header-meta":"","header-above-stick-meta":"","header-main-stick-meta":"","header-below-stick-meta":"","astra-migrate-meta-layouts":"default","ast-page-background-enabled":"default","ast-page-background-meta":{"desktop":{"background-color":"var(--ast-global-color-4)","background-image":"","background-repeat":"repeat","background-position":"center center","background-size":"auto","background-attachment":"scroll","background-type":"","background-media":"","overlay-type":"","overlay-color":"","overlay-opacity":"","overlay-gradient":""},"tablet":{"background-color":"","background-image":"","background-repeat":"repeat","background-position":"center center","background-size":"auto","background-attachment":"scroll","background-type":"","background-media":"","overlay-type":"","overlay-color":"","overlay-opacity":"","overlay-gradient":""},"mobile":{"background-color":"","background-image":"","background-repeat":"repeat","background-position":"center center","background-size":"auto","background-attachment":"scroll","background-type":"","background-media":"","overlay-type":"","overlay-color":"","overlay-opacity":"","overlay-gradient":""}},"ast-content-background-meta":{"desktop":{"background-color":"var(--ast-global-color-5)","background-image":"","background-repeat":"repeat","background-position":"center center","background-size":"auto","background-attachment":"scroll","background-type":"","background-media":"","overlay-type":"","overlay-color":"","overlay-opacity":"","overlay-gradient":""},"tablet":{"background-color":"var(--ast-global-color-5)","background-image":"","background-repeat":"repeat","background-position":"center center","background-size":"auto","background-attachment":"scroll","background-type":"","background-media":"","overlay-type":"","overlay-color":"","overlay-opacity":"","overlay-gradient":""},"mobile":{"background-color":"var(--ast-global-color-5)","background-image":"","background-repeat":"repeat","background-position":"center center","background-size":"auto","background-attachment":"scroll","background-type":"","background-media":"","overlay-type":"","overlay-color":"","overlay-opacity":"","overlay-gradient":""}},"footnotes":""},"class_list":["post-145525","page","type-page","status-publish","has-post-thumbnail","hentry"],"_links":{"self":[{"href":"https:\/\/medclinics.com\/fr\/wp-json\/wp\/v2\/pages\/145525","targetHints":{"allow":["GET"]}}],"collection":[{"href":"https:\/\/medclinics.com\/fr\/wp-json\/wp\/v2\/pages"}],"about":[{"href":"https:\/\/medclinics.com\/fr\/wp-json\/wp\/v2\/types\/page"}],"author":[{"embeddable":true,"href":"https:\/\/medclinics.com\/fr\/wp-json\/wp\/v2\/users\/4"}],"replies":[{"embeddable":true,"href":"https:\/\/medclinics.com\/fr\/wp-json\/wp\/v2\/comments?post=145525"}],"version-history":[{"count":0,"href":"https:\/\/medclinics.com\/fr\/wp-json\/wp\/v2\/pages\/145525\/revisions"}],"wp:featuredmedia":[{"embeddable":true,"href":"https:\/\/medclinics.com\/fr\/wp-json\/wp\/v2\/media\/92263"}],"wp:attachment":[{"href":"https:\/\/medclinics.com\/fr\/wp-json\/wp\/v2\/media?parent=145525"}],"curies":[{"name":"wp","href":"https:\/\/api.w.org\/{rel}","templated":true}]}}