{"id":145513,"date":"2023-05-15T11:10:06","date_gmt":"2023-05-15T08:10:06","guid":{"rendered":"https:\/\/medclinics.com\/rehabilitation-de-la-basse-vision\/"},"modified":"2025-01-02T16:49:52","modified_gmt":"2025-01-02T13:49:52","slug":"rehabilitation-de-la-basse-vision","status":"publish","type":"page","link":"https:\/\/medclinics.com\/fr\/rehabilitation-de-la-basse-vision\/","title":{"rendered":"R\u00e9habilitation de la basse vision"},"content":{"rendered":"\n<h2 class=\"wp-block-heading\">Si vous cherchez un moyen d&rsquo;am\u00e9liorer vos capacit\u00e9s visuelles et de retrouver votre ind\u00e9pendance, la r\u00e9\u00e9ducation de la basse vision peut \u00eatre la solution id\u00e9ale.<\/h2>\n\n<p>La r\u00e9adaptation basse vision est un programme sp\u00e9cialis\u00e9 qui aide les personnes souffrant d&rsquo;une d\u00e9ficience visuelle importante \u00e0 maximiser leur vision restante et \u00e0 retrouver leur ind\u00e9pendance dans les activit\u00e9s quotidiennes. Il est con\u00e7u pour r\u00e9pondre aux besoins sp\u00e9cifiques et aux d\u00e9fis auxquels sont confront\u00e9es les personnes souffrant de basse vision, qui est g\u00e9n\u00e9ralement caus\u00e9e par des conditions telles que la d\u00e9g\u00e9n\u00e9rescence maculaire, le glaucome, la r\u00e9tinopathie diab\u00e9tique ou d&rsquo;autres maladies oculaires.<\/p>\n\n<p>L&rsquo;objectif de la <a href=\"https:\/\/en.wikipedia.org\/wiki\/Vision_rehabilitation\" target=\"_blank\" rel=\"noreferrer noopener\">r\u00e9\u00e9ducation de la basse vision<\/a> est d&rsquo;am\u00e9liorer la vision fonctionnelle, la qualit\u00e9 de vie et le bien-\u00eatre g\u00e9n\u00e9ral. Le programme est adapt\u00e9 aux capacit\u00e9s visuelles, au mode de vie et aux objectifs de chaque individu. Il peut s&rsquo;agir d&rsquo;une combinaison d&rsquo;aides visuelles et d&rsquo;appareils d&rsquo;assistance, tels que des loupes, des t\u00e9lescopes, des appareils \u00e9lectroniques et des technologies d&rsquo;adaptation. En outre, une formation est dispens\u00e9e pour d\u00e9velopper des strat\u00e9gies compensatoires, telles que l&rsquo;am\u00e9lioration du contraste, la modification de l&rsquo;\u00e9clairage et le positionnement optimal pour la lecture ou l&rsquo;ex\u00e9cution de t\u00e2ches.<\/p>\n\n<p>La r\u00e9\u00e9ducation de la basse vision est g\u00e9n\u00e9ralement men\u00e9e par une \u00e9quipe de professionnels, notamment des optom\u00e9tristes, des ophtalmologues, des ergoth\u00e9rapeutes et des sp\u00e9cialistes de l&rsquo;orientation et de la mobilit\u00e9. Ils travaillent en collaboration pour \u00e9valuer les capacit\u00e9s visuelles de l&rsquo;individu, prescrire des aides et des dispositifs appropri\u00e9s et fournir une formation sur leur utilisation efficace. Le programme comprend \u00e9galement des conseils et un soutien pour aider les personnes \u00e0 faire face aux aspects \u00e9motionnels et psychologiques de la perte de vision.<\/p>\n\n<p>En participant \u00e0 la r\u00e9\u00e9ducation de la basse vision, les personnes malvoyantes peuvent retrouver leur ind\u00e9pendance, am\u00e9liorer leur vision fonctionnelle et conserver un mode de vie actif et \u00e9panouissant.<\/p>\n\n<h3 class=\"wp-block-heading\">Tout ce que vous devez savoir sur la <a href=\"https:\/\/medclinics.com\/fr\/chirurgie-oculaire-generale\/\" target=\"_blank\" rel=\"noreferrer noopener\">chirurgie des yeux<\/a>, y compris le prix, les soins et le processus de gu\u00e9rison, ou <a href=\"#requestform\">contactez-nous<\/a>!<\/h3>\n\n<figure class=\"wp-block-image size-large\"><img fetchpriority=\"high\" decoding=\"async\" width=\"4708\" height=\"3139\" src=\"https:\/\/medclinics.com\/wp-content\/uploads\/2023\/05\/low-vision-rehabilitation.png\" alt=\"R&#xE9;habilitation de la basse vision\" class=\"wp-image-84753\" srcset=\"https:\/\/medclinics.com\/wp-content\/uploads\/2023\/05\/low-vision-rehabilitation.png 4708w, https:\/\/medclinics.com\/wp-content\/uploads\/2023\/05\/low-vision-rehabilitation-500x333.png 500w, https:\/\/medclinics.com\/wp-content\/uploads\/2023\/05\/low-vision-rehabilitation-1024x683.png 1024w, https:\/\/medclinics.com\/wp-content\/uploads\/2023\/05\/low-vision-rehabilitation-768x512.png 768w, https:\/\/medclinics.com\/wp-content\/uploads\/2023\/05\/low-vision-rehabilitation-1536x1024.png 1536w, https:\/\/medclinics.com\/wp-content\/uploads\/2023\/05\/low-vision-rehabilitation-2048x1365.png 2048w, https:\/\/medclinics.com\/wp-content\/uploads\/2023\/05\/low-vision-rehabilitation-24x16.png 24w, https:\/\/medclinics.com\/wp-content\/uploads\/2023\/05\/low-vision-rehabilitation-36x24.png 36w, https:\/\/medclinics.com\/wp-content\/uploads\/2023\/05\/low-vision-rehabilitation-48x32.png 48w\" sizes=\"(max-width: 4708px) 100vw, 4708px\" \/><\/figure>\n\n<h2 class=\"wp-block-heading\">FAQ  <\/h2>\n<div id=\"rank-math-faq\" class=\"rank-math-block\">\n<div class=\"rank-math-list \">\n<div id=\"faq-question-1682603361561\" class=\"rank-math-list-item\">\n<h3 class=\"rank-math-question \">Qu&rsquo;est-ce que la r\u00e9\u00e9ducation de la basse vision ?<\/h3>\n<div class=\"rank-math-answer \">\n\n<p>La r\u00e9adaptation basse vision est un programme sp\u00e9cialis\u00e9 qui aide les personnes souffrant d&rsquo;une d\u00e9ficience visuelle importante \u00e0 maximiser leur vision restante et \u00e0 retrouver leur ind\u00e9pendance dans les activit\u00e9s quotidiennes. Elle implique une formation personnalis\u00e9e, l&rsquo;utilisation d&rsquo;aides visuelles et d&rsquo;appareils d&rsquo;assistance, ainsi que le soutien d&rsquo;une \u00e9quipe de professionnels. L&rsquo;objectif est d&rsquo;am\u00e9liorer la vision fonctionnelle, la qualit\u00e9 de vie et l&rsquo;ind\u00e9pendance des personnes malvoyantes.<\/p>\n\n<\/div>\n<\/div>\n<div id=\"faq-question-1684148576735\" class=\"rank-math-list-item\">\n<h3 class=\"rank-math-question \">La perte de la vision centrale peut-elle \u00eatre restaur\u00e9e ?<\/h3>\n<div class=\"rank-math-answer \">\n\n<p>En g\u00e9n\u00e9ral, la perte de la vision centrale ne peut pas \u00eatre totalement restaur\u00e9e. Les maladies qui entra\u00eenent une perte de la vision centrale, telles que la d\u00e9g\u00e9n\u00e9rescence maculaire ou l&rsquo;occlusion de la veine centrale de la r\u00e9tine, provoquent g\u00e9n\u00e9ralement des l\u00e9sions permanentes de la partie centrale de la r\u00e9tine, appel\u00e9e macula. Cependant, il existe des aides \u00e0 la basse vision, des dispositifs et des programmes de r\u00e9adaptation qui peuvent aider les personnes souffrant d&rsquo;une perte de vision centrale \u00e0 tirer le meilleur parti de leur vision restante et \u00e0 conserver leur ind\u00e9pendance dans les activit\u00e9s quotidiennes. Ces strat\u00e9gies visent \u00e0 optimiser l&rsquo;utilisation de la vision p\u00e9riph\u00e9rique et \u00e0 am\u00e9liorer la fonction visuelle pour des t\u00e2ches telles que la lecture, l&rsquo;\u00e9criture et la reconnaissance des visages. Il est important de consulter un professionnel des soins oculaires ou un sp\u00e9cialiste de la basse vision pour explorer les options qui peuvent maximiser les capacit\u00e9s visuelles et am\u00e9liorer la qualit\u00e9 de vie.<\/p>\n\n<\/div>\n<\/div>\n<div id=\"faq-question-1684148637223\" class=\"rank-math-list-item\">\n<h3 class=\"rank-math-question \">La basse vision est-elle un handicap ?<\/h3>\n<div class=\"rank-math-answer \">\n\n<p>La basse vision est consid\u00e9r\u00e9e comme une d\u00e9ficience visuelle plut\u00f4t que comme un handicap au sens traditionnel du terme. Il s&rsquo;agit d&rsquo;une d\u00e9ficience visuelle importante qui ne peut \u00eatre enti\u00e8rement corrig\u00e9e par des lunettes, des lentilles de contact, des m\u00e9dicaments ou une intervention chirurgicale, mais les personnes atteintes de basse vision peuvent encore avoir une vision fonctionnelle \u00e0 des degr\u00e9s divers. Si la malvoyance peut affecter la capacit\u00e9 d&rsquo;une personne \u00e0 effectuer certaines t\u00e2ches, elle ne signifie pas n\u00e9cessairement qu&rsquo;elle est incapable de s&rsquo;engager dans des activit\u00e9s quotidiennes ou de travailler. Au contraire, les personnes malvoyantes peuvent b\u00e9n\u00e9ficier d&rsquo;un soutien sp\u00e9cialis\u00e9, d&rsquo;une r\u00e9\u00e9ducation et d&rsquo;appareils d&rsquo;assistance pour am\u00e9liorer leur vision restante et conserver leur ind\u00e9pendance. Dans certains cas, les personnes malvoyantes peuvent b\u00e9n\u00e9ficier de certains am\u00e9nagements ou services de soutien pour les aider \u00e0 surmonter les difficult\u00e9s qu&rsquo;elles peuvent rencontrer en raison de leur d\u00e9ficience visuelle.<\/p>\n\n<\/div>\n<\/div>\n<\/div>\n<\/div>\n<p><\/p>\n\n<h3 class=\"wp-block-heading\">Contactez-nous d\u00e8s maintenant si vous avez des questions !<\/h3>\n","protected":false},"excerpt":{"rendered":"<p>Si vous cherchez un moyen d&rsquo;am\u00e9liorer vos capacit\u00e9s visuelles et de retrouver votre ind\u00e9pendance, la r\u00e9\u00e9ducation de la basse vision [&hellip;]<\/p>\n","protected":false},"author":4,"featured_media":92099,"parent":0,"menu_order":0,"comment_status":"closed","ping_status":"closed","template":"","meta":{"site-sidebar-layout":"default","site-content-layout":"","ast-site-content-layout":"default","site-content-style":"default","site-sidebar-style":"default","ast-global-header-display":"","ast-banner-title-visibility":"","ast-main-header-display":"","ast-hfb-above-header-display":"","ast-hfb-below-header-display":"","ast-hfb-mobile-header-display":"","site-post-title":"","ast-breadcrumbs-content":"","ast-featured-img":"","footer-sml-layout":"","ast-disable-related-posts":"","theme-transparent-header-meta":"","adv-header-id-meta":"","stick-header-meta":"","header-above-stick-meta":"","header-main-stick-meta":"","header-below-stick-meta":"","astra-migrate-meta-layouts":"default","ast-page-background-enabled":"default","ast-page-background-meta":{"desktop":{"background-color":"var(--ast-global-color-4)","background-image":"","background-repeat":"repeat","background-position":"center center","background-size":"auto","background-attachment":"scroll","background-type":"","background-media":"","overlay-type":"","overlay-color":"","overlay-opacity":"","overlay-gradient":""},"tablet":{"background-color":"","background-image":"","background-repeat":"repeat","background-position":"center center","background-size":"auto","background-attachment":"scroll","background-type":"","background-media":"","overlay-type":"","overlay-color":"","overlay-opacity":"","overlay-gradient":""},"mobile":{"background-color":"","background-image":"","background-repeat":"repeat","background-position":"center center","background-size":"auto","background-attachment":"scroll","background-type":"","background-media":"","overlay-type":"","overlay-color":"","overlay-opacity":"","overlay-gradient":""}},"ast-content-background-meta":{"desktop":{"background-color":"var(--ast-global-color-5)","background-image":"","background-repeat":"repeat","background-position":"center center","background-size":"auto","background-attachment":"scroll","background-type":"","background-media":"","overlay-type":"","overlay-color":"","overlay-opacity":"","overlay-gradient":""},"tablet":{"background-color":"var(--ast-global-color-5)","background-image":"","background-repeat":"repeat","background-position":"center center","background-size":"auto","background-attachment":"scroll","background-type":"","background-media":"","overlay-type":"","overlay-color":"","overlay-opacity":"","overlay-gradient":""},"mobile":{"background-color":"var(--ast-global-color-5)","background-image":"","background-repeat":"repeat","background-position":"center center","background-size":"auto","background-attachment":"scroll","background-type":"","background-media":"","overlay-type":"","overlay-color":"","overlay-opacity":"","overlay-gradient":""}},"footnotes":""},"class_list":["post-145513","page","type-page","status-publish","has-post-thumbnail","hentry"],"_links":{"self":[{"href":"https:\/\/medclinics.com\/fr\/wp-json\/wp\/v2\/pages\/145513","targetHints":{"allow":["GET"]}}],"collection":[{"href":"https:\/\/medclinics.com\/fr\/wp-json\/wp\/v2\/pages"}],"about":[{"href":"https:\/\/medclinics.com\/fr\/wp-json\/wp\/v2\/types\/page"}],"author":[{"embeddable":true,"href":"https:\/\/medclinics.com\/fr\/wp-json\/wp\/v2\/users\/4"}],"replies":[{"embeddable":true,"href":"https:\/\/medclinics.com\/fr\/wp-json\/wp\/v2\/comments?post=145513"}],"version-history":[{"count":0,"href":"https:\/\/medclinics.com\/fr\/wp-json\/wp\/v2\/pages\/145513\/revisions"}],"wp:featuredmedia":[{"embeddable":true,"href":"https:\/\/medclinics.com\/fr\/wp-json\/wp\/v2\/media\/92099"}],"wp:attachment":[{"href":"https:\/\/medclinics.com\/fr\/wp-json\/wp\/v2\/media?parent=145513"}],"curies":[{"name":"wp","href":"https:\/\/api.w.org\/{rel}","templated":true}]}}