{"id":145501,"date":"2023-05-15T10:56:21","date_gmt":"2023-05-15T10:56:21","guid":{"rendered":"https:\/\/medclinics.com\/chirurgie-dentaire\/"},"modified":"2024-03-20T13:56:49","modified_gmt":"2024-03-20T10:56:49","slug":"chirurgie-dentaire","status":"publish","type":"page","link":"https:\/\/medclinics.com\/fr\/chirurgie-dentaire\/","title":{"rendered":"Chirurgie dentaire"},"content":{"rendered":"\n<h2 class=\"wp-block-heading\">Extraction dentaire ou implants ? Dans ces cas, entre autres, vous pouvez avoir besoin d&rsquo;une chirurgie dentaire.<\/h2>\n\n<p>La chirurgie dentaire est un domaine hautement sp\u00e9cialis\u00e9 de l&rsquo;odontologie qui implique des proc\u00e9dures chirurgicales pour traiter diverses affections dentaires et buccales. Elle peut \u00eatre n\u00e9cessaire pour plusieurs raisons, comme l&rsquo;extraction d&rsquo;une dent lorsque les dommages ou la carie sont irr\u00e9parables, ce qui en fait une proc\u00e9dure courante dans ce domaine.<\/p>\n\n<p>Une autre raison pour laquelle vous pouvez avoir besoin d&rsquo;une chirurgie dentaire est que vous avez besoin de racines dentaires artificielles, appel\u00e9es <a href=\"https:\/\/medclinics.com\/fr\/implants-dentaires-all-on-6\/\" target=\"_blank\" data-type=\"page\" data-id=\"82691\" rel=\"noreferrer noopener\">implants dentaires<\/a>. La mise en place de ces implants n\u00e9cessite un processus chirurgical complexe r\u00e9alis\u00e9 par des professionnels exp\u00e9riment\u00e9s ayant suivi une formation approfondie.<\/p>\n\n<p>Les probl\u00e8mes de d\u00e9salignement de la m\u00e2choire tels que les troubles de l&rsquo;articulation temporo-mandibulaire et l&rsquo;apn\u00e9e du sommeil sont \u00e9galement trait\u00e9s par des chirurgies de la m\u00e2choire sous l&rsquo;expertise de chirurgiens qualifi\u00e9s sp\u00e9cialis\u00e9s dans ce domaine.<\/p>\n\n<p>Le traitement des maladies des gencives par la chirurgie gingivale permet de pr\u00e9venir les complications telles que la r\u00e9cession gingivale et la perte \u00e9ventuelle des dents due \u00e0 des infections caus\u00e9es par des pratiques d&rsquo;hygi\u00e8ne inad\u00e9quates au fil du temps. Le <a href=\"https:\/\/medclinics.com\/fr\/traitement-du-canal-radiculaire\/\" target=\"_blank\" data-type=\"page\" data-id=\"82908\" rel=\"noreferrer noopener\">traitement du canal radiculaire<\/a> traite efficacement les infections graves de la pulpe ou les dommages caus\u00e9s \u00e0 la structure de la racine de vos dents, tout en garantissant une g\u00eane minimale pendant les p\u00e9riodes de r\u00e9tablissement apr\u00e8s l&rsquo;op\u00e9ration.<\/p>\n\n<p>Le r\u00e9tablissement de la sant\u00e9 bucco-dentaire et l&rsquo;am\u00e9lioration de la fonction buccale restent notre objectif principal \u00e0 tout moment, tout au long d&rsquo;une op\u00e9ration effectu\u00e9e sur des patients soumis \u00e0 la <a href=\"https:\/\/en.wikipedia.org\/wiki\/Dental_surgery\" target=\"_blank\" rel=\"noreferrer noopener\">chirurgie dentaire<\/a> par des experts qualifi\u00e9s et form\u00e9s sp\u00e9cifiquement pour les r\u00e9aliser de mani\u00e8re professionnelle !<\/p>\n\n<h3 class=\"wp-block-heading\">Tout ce que vous devez savoir sur les <a href=\"https:\/\/medclinics.com\/dental\/\" target=\"_blank\" rel=\"noreferrer noopener\">traitements dentaires<\/a>, y compris le prix, les soins et le processus de gu\u00e9rison, ou <a href=\"#requestform\">contactez-nous<\/a>!<\/h3>\n\n<figure class=\"wp-block-image size-full\"><img fetchpriority=\"high\" decoding=\"async\" width=\"960\" height=\"580\" src=\"https:\/\/medclinics.com\/wp-content\/uploads\/2023\/05\/dental-surgery-2.jpg\" alt=\"Chirurgie dentaire&#10;\" class=\"wp-image-84515\" srcset=\"https:\/\/medclinics.com\/wp-content\/uploads\/2023\/05\/dental-surgery-2.jpg 960w, https:\/\/medclinics.com\/wp-content\/uploads\/2023\/05\/dental-surgery-2-500x302.jpg 500w, https:\/\/medclinics.com\/wp-content\/uploads\/2023\/05\/dental-surgery-2-768x464.jpg 768w, https:\/\/medclinics.com\/wp-content\/uploads\/2023\/05\/dental-surgery-2-24x15.jpg 24w, https:\/\/medclinics.com\/wp-content\/uploads\/2023\/05\/dental-surgery-2-36x22.jpg 36w, https:\/\/medclinics.com\/wp-content\/uploads\/2023\/05\/dental-surgery-2-48x29.jpg 48w\" sizes=\"(max-width: 960px) 100vw, 960px\" \/><\/figure>\n\n<h3 class=\"wp-block-heading\">FAQ<\/h3>\n<div id=\"rank-math-faq\" class=\"rank-math-block\">\n<div class=\"rank-math-list \">\n<div id=\"faq-question-1683898477333\" class=\"rank-math-list-item\">\n<h3 class=\"rank-math-question \">Qu&rsquo;est-ce qu&rsquo;un cabinet dentaire ?<\/h3>\n<div class=\"rank-math-answer \">\n\n<p>Les proc\u00e9dures dentaires comprennent les extractions de dents, la chirurgie des gencives, les implants dentaires et la reconstruction de la m\u00e2choire. Certaines proc\u00e9dures sont consid\u00e9r\u00e9es comme mineures et sont effectu\u00e9es sous anesth\u00e9sie locale, tandis que d&rsquo;autres peuvent n\u00e9cessiter une s\u00e9dation ou une anesth\u00e9sie g\u00e9n\u00e9rale.<\/p>\n\n<\/div>\n<\/div>\n<div id=\"faq-question-1683898525995\" class=\"rank-math-list-item\">\n<h3 class=\"rank-math-question \">Combien de dents peuvent \u00eatre enlev\u00e9es chirurgicalement ?<\/h3>\n<div class=\"rank-math-answer \">\n\n<p>En g\u00e9n\u00e9ral, une ou plusieurs dents peuvent \u00eatre enlev\u00e9es au cours d&rsquo;une intervention dentaire. Dans certains cas, comme une extraction compl\u00e8te ou une chirurgie de la m\u00e2choire, toutes les dents d&rsquo;une ou des deux m\u00e2choires doivent \u00eatre enlev\u00e9es. Cela peut n\u00e9cessiter plusieurs visites chez le dentiste.<\/p>\n\n<\/div>\n<\/div>\n<div id=\"faq-question-1683898720036\" class=\"rank-math-list-item\">\n<h3 class=\"rank-math-question \">Quels sont les inconv\u00e9nients de la chirurgie dentaire ?<\/h3>\n<div class=\"rank-math-answer \">\n\n<p>Les inconv\u00e9nients de la chirurgie dentaire sont les suivants :<br \/>Les inconv\u00e9nients de la chirurgie dentaire peuvent \u00eatre la douleur et la g\u00eane, ainsi que les gonflements et les ecchymoses. Comme pour toute intervention chirurgicale, il existe un risque d&rsquo;infection et des saignements peuvent survenir. Dans certains cas, les interventions dentaires peuvent endommager les nerfs de la bouche et provoquer des engourdissements, des picotements ou d&rsquo;autres sensations.<\/p>\n\n<\/div>\n<\/div>\n<\/div>\n<\/div>\n<p><\/p>\n\n<h3 class=\"wp-block-heading\">Contactez-nous d\u00e8s maintenant si vous avez des questions !<\/h3>\n","protected":false},"excerpt":{"rendered":"<p>Extraction dentaire ou implants ? Dans ces cas, entre autres, vous pouvez avoir besoin d&rsquo;une chirurgie dentaire. La chirurgie dentaire [&hellip;]<\/p>\n","protected":false},"author":4,"featured_media":82381,"parent":0,"menu_order":0,"comment_status":"closed","ping_status":"closed","template":"","meta":{"site-sidebar-layout":"default","site-content-layout":"","ast-site-content-layout":"default","site-content-style":"default","site-sidebar-style":"default","ast-global-header-display":"","ast-banner-title-visibility":"","ast-main-header-display":"","ast-hfb-above-header-display":"","ast-hfb-below-header-display":"","ast-hfb-mobile-header-display":"","site-post-title":"","ast-breadcrumbs-content":"","ast-featured-img":"","footer-sml-layout":"","ast-disable-related-posts":"","theme-transparent-header-meta":"","adv-header-id-meta":"","stick-header-meta":"","header-above-stick-meta":"","header-main-stick-meta":"","header-below-stick-meta":"","astra-migrate-meta-layouts":"default","ast-page-background-enabled":"default","ast-page-background-meta":{"desktop":{"background-color":"var(--ast-global-color-4)","background-image":"","background-repeat":"repeat","background-position":"center center","background-size":"auto","background-attachment":"scroll","background-type":"","background-media":"","overlay-type":"","overlay-color":"","overlay-opacity":"","overlay-gradient":""},"tablet":{"background-color":"","background-image":"","background-repeat":"repeat","background-position":"center center","background-size":"auto","background-attachment":"scroll","background-type":"","background-media":"","overlay-type":"","overlay-color":"","overlay-opacity":"","overlay-gradient":""},"mobile":{"background-color":"","background-image":"","background-repeat":"repeat","background-position":"center center","background-size":"auto","background-attachment":"scroll","background-type":"","background-media":"","overlay-type":"","overlay-color":"","overlay-opacity":"","overlay-gradient":""}},"ast-content-background-meta":{"desktop":{"background-color":"var(--ast-global-color-5)","background-image":"","background-repeat":"repeat","background-position":"center center","background-size":"auto","background-attachment":"scroll","background-type":"","background-media":"","overlay-type":"","overlay-color":"","overlay-opacity":"","overlay-gradient":""},"tablet":{"background-color":"var(--ast-global-color-5)","background-image":"","background-repeat":"repeat","background-position":"center center","background-size":"auto","background-attachment":"scroll","background-type":"","background-media":"","overlay-type":"","overlay-color":"","overlay-opacity":"","overlay-gradient":""},"mobile":{"background-color":"var(--ast-global-color-5)","background-image":"","background-repeat":"repeat","background-position":"center center","background-size":"auto","background-attachment":"scroll","background-type":"","background-media":"","overlay-type":"","overlay-color":"","overlay-opacity":"","overlay-gradient":""}},"footnotes":""},"class_list":["post-145501","page","type-page","status-publish","has-post-thumbnail","hentry"],"_links":{"self":[{"href":"https:\/\/medclinics.com\/fr\/wp-json\/wp\/v2\/pages\/145501","targetHints":{"allow":["GET"]}}],"collection":[{"href":"https:\/\/medclinics.com\/fr\/wp-json\/wp\/v2\/pages"}],"about":[{"href":"https:\/\/medclinics.com\/fr\/wp-json\/wp\/v2\/types\/page"}],"author":[{"embeddable":true,"href":"https:\/\/medclinics.com\/fr\/wp-json\/wp\/v2\/users\/4"}],"replies":[{"embeddable":true,"href":"https:\/\/medclinics.com\/fr\/wp-json\/wp\/v2\/comments?post=145501"}],"version-history":[{"count":0,"href":"https:\/\/medclinics.com\/fr\/wp-json\/wp\/v2\/pages\/145501\/revisions"}],"wp:featuredmedia":[{"embeddable":true,"href":"https:\/\/medclinics.com\/fr\/wp-json\/wp\/v2\/media\/82381"}],"wp:attachment":[{"href":"https:\/\/medclinics.com\/fr\/wp-json\/wp\/v2\/media?parent=145501"}],"curies":[{"name":"wp","href":"https:\/\/api.w.org\/{rel}","templated":true}]}}