{"id":145491,"date":"2023-05-15T10:38:39","date_gmt":"2023-05-15T07:38:39","guid":{"rendered":"https:\/\/medclinics.com\/uveite-inflammations-intraoculaires\/"},"modified":"2025-01-03T01:45:03","modified_gmt":"2025-01-02T22:45:03","slug":"uveite-inflammations-intraoculaires","status":"publish","type":"page","link":"https:\/\/medclinics.com\/fr\/uveite-inflammations-intraoculaires\/","title":{"rendered":"Uv\u00e9ite (Inflammations intraoculaires)"},"content":{"rendered":"\n<h2 class=\"wp-block-heading\">Dites adieu \u00e0 l&rsquo;inflammation et bonjour \u00e0 une meilleure sant\u00e9 oculaire. Faites confiance \u00e0 notre \u00e9quipe pour vous apporter des solutions efficaces et adapt\u00e9es \u00e0 vos besoins et retrouver votre vision.<\/h2>\n\n<p>L&rsquo;<a href=\"https:\/\/en.wikipedia.org\/wiki\/Uveitis\" target=\"_blank\" rel=\"noreferrer noopener\">uv\u00e9ite<\/a> est une affection caract\u00e9ris\u00e9e par une inflammation de l&rsquo;uv\u00e9e, qui est la couche moyenne de l&rsquo;\u0153il. L&rsquo;uv\u00e9e est constitu\u00e9e de l&rsquo;iris, du corps ciliaire et de la choro\u00efde. Elle joue un r\u00f4le essentiel dans l&rsquo;alimentation de l&rsquo;\u0153il et la r\u00e9gulation de ses fonctions. Elle peut \u00eatre caus\u00e9e par diff\u00e9rents facteurs, notamment des infections, des troubles auto-immuns, des traumatismes oculaires ou des maladies syst\u00e9miques sous-jacentes. L&rsquo;inflammation associ\u00e9e \u00e0 l&rsquo;uv\u00e9ite peut toucher un \u0153il ou les deux yeux, et sa gravit\u00e9 et sa dur\u00e9e peuvent varier.<\/p>\n\n<p>Les sympt\u00f4mes de l&rsquo;uv\u00e9ite peuvent \u00eatre les suivants : rougeur de l&rsquo;\u0153il, douleur, sensibilit\u00e9 \u00e0 la lumi\u00e8re (photophobie), vision floue, corps flottants (taches ou points dans le champ de vision) et baisse de l&rsquo;acuit\u00e9 visuelle. Il est important de consulter rapidement un m\u00e9decin si vous pr\u00e9sentez ces sympt\u00f4mes, car l&rsquo;uv\u00e9ite peut entra\u00eener des complications susceptibles d&rsquo;affecter votre vision si elle n&rsquo;est pas trait\u00e9e. Un professionnel des soins oculaires \u00e9valuera votre \u00e9tat, d\u00e9terminera la cause sous-jacente de l&rsquo;uv\u00e9ite et \u00e9laborera un plan de traitement appropri\u00e9.<\/p>\n\n<p>Le traitement de l&rsquo;uv\u00e9ite consiste g\u00e9n\u00e9ralement \u00e0 s&rsquo;attaquer \u00e0 la cause sous-jacente de l&rsquo;inflammation et \u00e0 g\u00e9rer les sympt\u00f4mes. Il peut s&rsquo;agir de m\u00e9dicaments anti-inflammatoires tels que des collyres corticost\u00e9ro\u00efdes ou des m\u00e9dicaments par voie orale, ainsi que de collyres dilatateurs pour soulager la douleur et pr\u00e9venir les complications telles que les syn\u00e9chies (adh\u00e9rences entre l&rsquo;iris et le cristallin). Dans certains cas, des m\u00e9dicaments immunosuppresseurs peuvent \u00eatre prescrits pour contr\u00f4ler la r\u00e9ponse immunitaire. Des visites de suivi r\u00e9guli\u00e8res chez votre ophtalmologiste sont essentielles pour suivre l&rsquo;\u00e9volution du traitement et assurer une bonne prise en charge de l&rsquo;uv\u00e9ite.<\/p>\n\n<h3 class=\"wp-block-heading\">Tout ce que vous devez savoir sur la <a href=\"https:\/\/medclinics.com\/fr\/chirurgie-oculaire-generale\/\" target=\"_blank\" rel=\"noreferrer noopener\">chirurgie des yeux<\/a>, y compris le prix, les soins et le processus de gu\u00e9rison, ou <a href=\"#requestform\">contactez-nous<\/a>!<\/h3>\n\n<figure class=\"wp-block-image size-large\"><img fetchpriority=\"high\" decoding=\"async\" width=\"3838\" height=\"2558\" src=\"https:\/\/medclinics.com\/wp-content\/uploads\/2023\/05\/uveitis.png\" alt=\"Uv&#xE9;ite (inflammation intraoculaire) istanbul turkey\" class=\"wp-image-84522\" srcset=\"https:\/\/medclinics.com\/wp-content\/uploads\/2023\/05\/uveitis.png 3838w, https:\/\/medclinics.com\/wp-content\/uploads\/2023\/05\/uveitis-500x333.png 500w, https:\/\/medclinics.com\/wp-content\/uploads\/2023\/05\/uveitis-1024x682.png 1024w, https:\/\/medclinics.com\/wp-content\/uploads\/2023\/05\/uveitis-768x512.png 768w, https:\/\/medclinics.com\/wp-content\/uploads\/2023\/05\/uveitis-1536x1024.png 1536w, https:\/\/medclinics.com\/wp-content\/uploads\/2023\/05\/uveitis-2048x1365.png 2048w, https:\/\/medclinics.com\/wp-content\/uploads\/2023\/05\/uveitis-24x16.png 24w, https:\/\/medclinics.com\/wp-content\/uploads\/2023\/05\/uveitis-36x24.png 36w, https:\/\/medclinics.com\/wp-content\/uploads\/2023\/05\/uveitis-48x32.png 48w\" sizes=\"(max-width: 3838px) 100vw, 3838px\" \/><\/figure>\n\n<h2 class=\"wp-block-heading\">FAQ  <\/h2>\n<div id=\"rank-math-faq\" class=\"rank-math-block\">\n<div class=\"rank-math-list \">\n<div id=\"faq-question-1684146859251\" class=\"rank-math-list-item\">\n<h3 class=\"rank-math-question \">Comment traiter l&rsquo;uv\u00e9ite ?<\/h3>\n<div class=\"rank-math-answer \">\n\n<p>Le traitement de l&rsquo;uv\u00e9ite implique une approche globale visant \u00e0 r\u00e9duire l&rsquo;inflammation, \u00e0 soulager les sympt\u00f4mes et \u00e0 pr\u00e9server la vision. Le plan de traitement sp\u00e9cifique d\u00e9pendra de la cause sous-jacente, de la gravit\u00e9 de l&rsquo;inflammation et des facteurs individuels du patient. G\u00e9n\u00e9ralement, la premi\u00e8re ligne de traitement consiste \u00e0 utiliser des collyres corticost\u00e9ro\u00efdes pour r\u00e9duire l&rsquo;inflammation et g\u00e9rer les sympt\u00f4mes. Ces collyres sont souvent prescrits \u00e0 intervalles fr\u00e9quents et diminuent progressivement au fur et \u00e0 mesure que l&rsquo;inflammation se r\u00e9sorbe. Dans certains cas, des corticost\u00e9ro\u00efdes oraux ou des m\u00e9dicaments immunosuppresseurs peuvent \u00eatre n\u00e9cessaires pour mieux contr\u00f4ler la r\u00e9ponse immunitaire et pr\u00e9venir les \u00e9pisodes r\u00e9currents d&rsquo;uv\u00e9ite. Des gouttes ophtalmiques dilatantes peuvent \u00e9galement \u00eatre prescrites pour soulager la douleur et pr\u00e9venir les complications telles que les syn\u00e9chies, qui sont des adh\u00e9rences entre l&rsquo;iris et le cristallin. En outre, si elle est associ\u00e9e \u00e0 une affection ou \u00e0 une infection syst\u00e9mique sous-jacente, le traitement de la cause sous-jacente est essentiel pour une prise en charge efficace. Des visites de suivi r\u00e9guli\u00e8res chez un ophtalmologiste ou un sp\u00e9cialiste sont essentielles pour suivre l&rsquo;\u00e9volution du traitement, \u00e9valuer la r\u00e9ponse aux m\u00e9dicaments et apporter les ajustements n\u00e9cessaires au plan de traitement.<\/p>\n\n<\/div>\n<\/div>\n<div id=\"faq-question-1684146973609\" class=\"rank-math-list-item\">\n<h3 class=\"rank-math-question \">Comment survient l&rsquo;uv\u00e9ite ?<\/h3>\n<div class=\"rank-math-answer \">\n\n<p>L&rsquo;uv\u00e9ite survient lorsque l&rsquo;uv\u00e9e, la couche moyenne de l&rsquo;\u0153il, s&rsquo;enflamme. La cause exacte est souvent inconnue, mais elle peut \u00eatre d\u00e9clench\u00e9e par diff\u00e9rents facteurs. Il peut s&rsquo;agir d&rsquo;infections virales, bact\u00e9riennes ou fongiques qui peuvent affecter l&rsquo;\u0153il. Elle peut \u00e9galement \u00eatre associ\u00e9e \u00e0 des troubles auto-immuns, o\u00f9 le syst\u00e8me immunitaire du corps attaque par erreur les tissus sains de l&rsquo;\u0153il. Parmi les autres causes possibles, citons les traumatismes oculaires, certains m\u00e9dicaments ou des maladies syst\u00e9miques sous-jacentes telles que la polyarthrite rhumato\u00efde ou les maladies inflammatoires de l&rsquo;intestin. Elle peut toucher des personnes de tout \u00e2ge, mais certains types d&rsquo;uv\u00e9ite sont plus fr\u00e9quemment observ\u00e9s dans des groupes d&rsquo;\u00e2ge ou des populations sp\u00e9cifiques. Il est important de consulter un professionnel des soins oculaires pour d\u00e9terminer la cause sous-jacente de l&rsquo;uv\u00e9ite et \u00e9laborer un plan de traitement appropri\u00e9 pour g\u00e9rer l&rsquo;inflammation.<\/p>\n\n<\/div>\n<\/div>\n<\/div>\n<\/div>\n<h3 class=\"wp-block-heading\">Contactez-nous d\u00e8s maintenant si vous avez des questions !<\/h3>\n","protected":false},"excerpt":{"rendered":"<p>Dites adieu \u00e0 l&rsquo;inflammation et bonjour \u00e0 une meilleure sant\u00e9 oculaire. Faites confiance \u00e0 notre \u00e9quipe pour vous apporter des [&hellip;]<\/p>\n","protected":false},"author":4,"featured_media":93207,"parent":0,"menu_order":0,"comment_status":"closed","ping_status":"closed","template":"","meta":{"site-sidebar-layout":"default","site-content-layout":"","ast-site-content-layout":"default","site-content-style":"default","site-sidebar-style":"default","ast-global-header-display":"","ast-banner-title-visibility":"","ast-main-header-display":"","ast-hfb-above-header-display":"","ast-hfb-below-header-display":"","ast-hfb-mobile-header-display":"","site-post-title":"","ast-breadcrumbs-content":"","ast-featured-img":"","footer-sml-layout":"","ast-disable-related-posts":"","theme-transparent-header-meta":"","adv-header-id-meta":"","stick-header-meta":"","header-above-stick-meta":"","header-main-stick-meta":"","header-below-stick-meta":"","astra-migrate-meta-layouts":"default","ast-page-background-enabled":"default","ast-page-background-meta":{"desktop":{"background-color":"var(--ast-global-color-4)","background-image":"","background-repeat":"repeat","background-position":"center center","background-size":"auto","background-attachment":"scroll","background-type":"","background-media":"","overlay-type":"","overlay-color":"","overlay-opacity":"","overlay-gradient":""},"tablet":{"background-color":"","background-image":"","background-repeat":"repeat","background-position":"center center","background-size":"auto","background-attachment":"scroll","background-type":"","background-media":"","overlay-type":"","overlay-color":"","overlay-opacity":"","overlay-gradient":""},"mobile":{"background-color":"","background-image":"","background-repeat":"repeat","background-position":"center center","background-size":"auto","background-attachment":"scroll","background-type":"","background-media":"","overlay-type":"","overlay-color":"","overlay-opacity":"","overlay-gradient":""}},"ast-content-background-meta":{"desktop":{"background-color":"var(--ast-global-color-5)","background-image":"","background-repeat":"repeat","background-position":"center center","background-size":"auto","background-attachment":"scroll","background-type":"","background-media":"","overlay-type":"","overlay-color":"","overlay-opacity":"","overlay-gradient":""},"tablet":{"background-color":"var(--ast-global-color-5)","background-image":"","background-repeat":"repeat","background-position":"center center","background-size":"auto","background-attachment":"scroll","background-type":"","background-media":"","overlay-type":"","overlay-color":"","overlay-opacity":"","overlay-gradient":""},"mobile":{"background-color":"var(--ast-global-color-5)","background-image":"","background-repeat":"repeat","background-position":"center center","background-size":"auto","background-attachment":"scroll","background-type":"","background-media":"","overlay-type":"","overlay-color":"","overlay-opacity":"","overlay-gradient":""}},"footnotes":""},"class_list":["post-145491","page","type-page","status-publish","has-post-thumbnail","hentry"],"_links":{"self":[{"href":"https:\/\/medclinics.com\/fr\/wp-json\/wp\/v2\/pages\/145491","targetHints":{"allow":["GET"]}}],"collection":[{"href":"https:\/\/medclinics.com\/fr\/wp-json\/wp\/v2\/pages"}],"about":[{"href":"https:\/\/medclinics.com\/fr\/wp-json\/wp\/v2\/types\/page"}],"author":[{"embeddable":true,"href":"https:\/\/medclinics.com\/fr\/wp-json\/wp\/v2\/users\/4"}],"replies":[{"embeddable":true,"href":"https:\/\/medclinics.com\/fr\/wp-json\/wp\/v2\/comments?post=145491"}],"version-history":[{"count":0,"href":"https:\/\/medclinics.com\/fr\/wp-json\/wp\/v2\/pages\/145491\/revisions"}],"wp:featuredmedia":[{"embeddable":true,"href":"https:\/\/medclinics.com\/fr\/wp-json\/wp\/v2\/media\/93207"}],"wp:attachment":[{"href":"https:\/\/medclinics.com\/fr\/wp-json\/wp\/v2\/media?parent=145491"}],"curies":[{"name":"wp","href":"https:\/\/api.w.org\/{rel}","templated":true}]}}