{"id":145451,"date":"2023-05-15T08:30:16","date_gmt":"2023-05-15T05:30:16","guid":{"rendered":"https:\/\/medclinics.com\/glaucome\/"},"modified":"2025-01-02T15:47:01","modified_gmt":"2025-01-02T12:47:01","slug":"glaucome","status":"publish","type":"page","link":"https:\/\/medclinics.com\/fr\/glaucome\/","title":{"rendered":"Glaucome"},"content":{"rendered":"\n<h2 class=\"wp-block-heading\">Lib\u00e9rez le chemin vers une vision durable ! Nos soins avanc\u00e9s et nos traitements de pointe aident \u00e0 combattre le glaucome pour un avenir meilleur.<\/h2>\n\n<p>Le glaucome d\u00e9signe un ensemble d&rsquo;affections oculaires qui endommagent le nerf optique et entra\u00eenent des troubles de la vision. Elle est g\u00e9n\u00e9ralement caus\u00e9e par une augmentation de la pression \u00e0 l&rsquo;int\u00e9rieur de l&rsquo;\u0153il, appel\u00e9e pression intraoculaire. Cette pression \u00e9lev\u00e9e endommage le nerf optique au fil du temps, entra\u00eenant progressivement une perte de la vision p\u00e9riph\u00e9rique et, en l&rsquo;absence de traitement, une c\u00e9cit\u00e9 potentielle. Elle \u00e9volue souvent lentement et sans douleur, ce qui la rend difficile \u00e0 d\u00e9tecter dans ses premiers stades.<\/p>\n\n<p>Il existe diff\u00e9rents types de <a href=\"https:\/\/en.wikipedia.org\/wiki\/Glaucoma\" target=\"_blank\" rel=\"noreferrer noopener\">glaucome, le glaucome<\/a> primaire \u00e0 angle ouvert \u00e9tant la forme la plus courante. Elle survient lorsque les canaux de drainage de l&rsquo;\u0153il deviennent moins efficaces pour \u00e9vacuer les liquides, ce qui entra\u00eene une augmentation de la pression intraoculaire. Un autre type de glaucome, le glaucome \u00e0 angle ferm\u00e9, survient lorsque l&rsquo;iris bloque l&rsquo;angle de drainage, provoquant une augmentation rapide de la pression et des sympt\u00f4mes aigus tels qu&rsquo;une douleur oculaire intense et une vision floue. Le glaucome \u00e0 tension normale est moins r\u00e9pandu et implique des l\u00e9sions du nerf optique malgr\u00e9 des niveaux de pression intraoculaire normaux.<\/p>\n\n<p>Un diagnostic et un traitement pr\u00e9coces sont essentiels pour g\u00e9rer cette maladie et pr\u00e9venir la perte de vision. Des examens oculaires r\u00e9guliers comprenant la mesure de la pression intraoculaire, l&rsquo;examen du nerf optique et l&rsquo;\u00e9valuation de la fonction du champ visuel sont essentiels pour une d\u00e9tection pr\u00e9coce. Les options th\u00e9rapeutiques consistent souvent \u00e0 abaisser la pression intraoculaire au moyen de gouttes ophtalmiques, de m\u00e9dicaments oraux, d&rsquo;une th\u00e9rapie au laser ou d&rsquo;interventions chirurgicales, en fonction du type et de la gravit\u00e9 de l&rsquo;affection. <\/p>\n\n<h3 class=\"wp-block-heading\">Tout ce que vous devez savoir sur la <a href=\"https:\/\/medclinics.com\/fr\/chirurgie-oculaire-generale\/\" target=\"_blank\" rel=\"noreferrer noopener\">chirurgie des yeux<\/a>, y compris le prix, les soins et le processus de gu\u00e9rison, ou <a href=\"#requestform\">contactez-nous<\/a>!<\/h3>\n\n<figure class=\"wp-block-image size-large\"><img fetchpriority=\"high\" decoding=\"async\" width=\"3321\" height=\"2418\" src=\"https:\/\/medclinics.com\/wp-content\/uploads\/2023\/05\/glaucoma.png\" alt=\"Glaucome Istanbul Turquie\" class=\"wp-image-83431\" srcset=\"https:\/\/medclinics.com\/wp-content\/uploads\/2023\/05\/glaucoma.png 3321w, https:\/\/medclinics.com\/wp-content\/uploads\/2023\/05\/glaucoma-500x364.png 500w, https:\/\/medclinics.com\/wp-content\/uploads\/2023\/05\/glaucoma-1024x746.png 1024w, https:\/\/medclinics.com\/wp-content\/uploads\/2023\/05\/glaucoma-768x559.png 768w, https:\/\/medclinics.com\/wp-content\/uploads\/2023\/05\/glaucoma-1536x1118.png 1536w, https:\/\/medclinics.com\/wp-content\/uploads\/2023\/05\/glaucoma-2048x1491.png 2048w, https:\/\/medclinics.com\/wp-content\/uploads\/2023\/05\/glaucoma-24x17.png 24w, https:\/\/medclinics.com\/wp-content\/uploads\/2023\/05\/glaucoma-36x26.png 36w, https:\/\/medclinics.com\/wp-content\/uploads\/2023\/05\/glaucoma-48x35.png 48w\" sizes=\"(max-width: 3321px) 100vw, 3321px\" \/><\/figure>\n\n<h2 class=\"wp-block-heading\">FAQ  <\/h2>\n<div id=\"rank-math-faq\" class=\"rank-math-block\">\n<div class=\"rank-math-list \">\n<div id=\"faq-question-1684138446600\" class=\"rank-math-list-item\">\n<h3 class=\"rank-math-question \">Qu&rsquo;est-ce que le glaucome ?<\/h3>\n<div class=\"rank-math-answer \">\n\n<p>Le glaucome est un groupe d&rsquo;affections oculaires qui peuvent entra\u00eener une perte de vision, g\u00e9n\u00e9ralement en raison d&rsquo;une augmentation de la pression \u00e0 l&rsquo;int\u00e9rieur de l&rsquo;\u0153il. Le d\u00e9pistage et le traitement pr\u00e9coces sont importants pour la prise en charge de la maladie et la pr\u00e9servation de la vision. Les options de traitement peuvent inclure des gouttes pour les yeux, des m\u00e9dicaments, une th\u00e9rapie au laser ou une intervention chirurgicale, en fonction du type et de la gravit\u00e9 de la maladie.<\/p>\n\n<\/div>\n<\/div>\n<div id=\"faq-question-1684138180750\" class=\"rank-math-list-item\">\n<h3 class=\"rank-math-question \">Pourquoi le glaucome survient-il ?<\/h3>\n<div class=\"rank-math-answer \">\n\n<p>Le glaucome est d\u00fb \u00e0 une combinaison de facteurs, mais la cause principale est une augmentation de la pression intraoculaire (pression \u00e0 l&rsquo;int\u00e9rieur de l&rsquo;\u0153il). Cette pression \u00e9lev\u00e9e peut r\u00e9sulter d&rsquo;une accumulation de liquide dans l&rsquo;\u0153il, appel\u00e9 humeur aqueuse, qui circule et s&rsquo;\u00e9vacue normalement par les canaux de drainage de l&rsquo;\u0153il.<br \/>La raison exacte de cette accumulation de liquide peut varier en fonction du type de cette maladie. Dans la plupart des cas, elle est due \u00e0 un blocage ou \u00e0 une obstruction des canaux de drainage, emp\u00eachant le liquide de s&rsquo;\u00e9couler correctement hors de l&rsquo;\u0153il. Cela entra\u00eene une augmentation progressive de la pression intraoculaire, qui peut endommager le nerf optique au fil du temps. Les autres facteurs comprennent la g\u00e9n\u00e9tique, l&rsquo;\u00e2ge, l&rsquo;origine ethnique, les ant\u00e9c\u00e9dents familiaux, certaines conditions m\u00e9dicales (telles que le diab\u00e8te et l&rsquo;hypertension) et certains facteurs li\u00e9s \u00e0 l&rsquo;\u0153il (tels que l&rsquo;amincissement de la corn\u00e9e ou du nerf optique).<\/p>\n\n<\/div>\n<\/div>\n<div id=\"faq-question-1684138299898\" class=\"rank-math-list-item\">\n<h3 class=\"rank-math-question \">Le glaucome et le diab\u00e8te sont-ils li\u00e9s ?<\/h3>\n<div class=\"rank-math-answer \">\n\n<p>Oui, il existe un lien entre le glaucome et le diab\u00e8te. Le diab\u00e8te augmente le risque de d\u00e9velopper certains types de maladies, en particulier le glaucome \u00e0 angle ouvert. Des facteurs tels que des changements dans le flux sanguin vers le nerf optique et des anomalies dans le syst\u00e8me de drainage de l&rsquo;\u0153il peuvent contribuer \u00e0 cette association. Il est important que les personnes atteintes de diab\u00e8te passent r\u00e9guli\u00e8rement des examens ophtalmologiques afin de d\u00e9tecter les signes de glaucome et de g\u00e9rer la maladie de mani\u00e8re efficace.<\/p>\n\n<\/div>\n<\/div>\n<div id=\"faq-question-1684138370842\" class=\"rank-math-list-item\">\n<h3 class=\"rank-math-question \">Peut-on gu\u00e9rir le glaucome ?<\/h3>\n<div class=\"rank-math-answer \">\n\n<p>Non, le glaucome ne peut pas \u00eatre gu\u00e9ri, c&rsquo;est-\u00e0-dire que l&rsquo;on ne peut pas restaurer le nerf optique endommag\u00e9 ou inverser ses effets. Toutefois, gr\u00e2ce \u00e0 un d\u00e9pistage pr\u00e9coce et \u00e0 un traitement appropri\u00e9, sa progression peut \u00eatre ralentie ou stopp\u00e9e, ce qui permet aux personnes concern\u00e9es de pr\u00e9server leur vision restante et de maintenir leur qualit\u00e9 de vie. L&rsquo;objectif principal de la prise en charge est de contr\u00f4ler la pression intraoculaire afin d&rsquo;\u00e9viter d&rsquo;aggraver les l\u00e9sions du nerf optique. Les options de traitement peuvent inclure des gouttes pour les yeux, des m\u00e9dicaments par voie orale, une th\u00e9rapie au laser ou une intervention chirurgicale, en fonction du type et de la gravit\u00e9 de la maladie. Un suivi r\u00e9gulier et l&rsquo;adh\u00e9sion au plan de traitement sont essentiels pour g\u00e9rer efficacement cette maladie et pr\u00e9venir la perte de vision.<\/p>\n\n<\/div>\n<\/div>\n<div id=\"faq-question-1684138517581\" class=\"rank-math-list-item\">\n<h3 class=\"rank-math-question \">Comment pr\u00e9venir le glaucome ?<\/h3>\n<div class=\"rank-math-answer \">\n\n<p>Pour r\u00e9duire potentiellement le risque de maladie, il est important de prendre certaines mesures pr\u00e9ventives. Pr\u00e9voyez des examens oculaires complets r\u00e9guliers, prenez en charge les affections sous-jacentes, pratiquez une activit\u00e9 physique r\u00e9guli\u00e8re, prot\u00e9gez vos yeux des blessures, \u00e9vitez de fumer, adoptez un r\u00e9gime alimentaire sain et limitez votre consommation de caf\u00e9ine. Ces mesures peuvent contribuer \u00e0 promouvoir la sant\u00e9 oculaire et \u00e9ventuellement \u00e0 retarder ou \u00e0 minimiser l&rsquo;apparition de la maladie. Cependant, des examens oculaires r\u00e9guliers restent essentiels pour une d\u00e9tection pr\u00e9coce et une prise en charge efficace de la maladie.<\/p>\n\n<\/div>\n<\/div>\n<div id=\"faq-question-1684138587627\" class=\"rank-math-list-item\">\n<h3 class=\"rank-math-question \">Le glaucome est-il contagieux ?<\/h3>\n<div class=\"rank-math-answer \">\n\n<p>Non, le glaucome n&rsquo;est pas contagieux. Elle n&rsquo;est pas caus\u00e9e par un virus, une bact\u00e9rie ou un agent infectieux. Cette maladie est un groupe d&rsquo;affections oculaires qui r\u00e9sultent principalement d&rsquo;une augmentation de la pression intraoculaire ou d&rsquo;autres facteurs qui entra\u00eenent des l\u00e9sions du nerf optique. Elle ne peut pas se transmettre d&rsquo;une personne \u00e0 l&rsquo;autre par contact ou par tout autre moyen.<\/p>\n\n<\/div>\n<\/div>\n<\/div>\n<\/div>\n<h3 class=\"wp-block-heading\">Contactez-nous d\u00e8s maintenant si vous avez des questions !<\/h3>\n","protected":false},"excerpt":{"rendered":"<p>Lib\u00e9rez le chemin vers une vision durable ! Nos soins avanc\u00e9s et nos traitements de pointe aident \u00e0 combattre le [&hellip;]<\/p>\n","protected":false},"author":4,"featured_media":92071,"parent":0,"menu_order":0,"comment_status":"closed","ping_status":"closed","template":"","meta":{"site-sidebar-layout":"default","site-content-layout":"","ast-site-content-layout":"default","site-content-style":"default","site-sidebar-style":"default","ast-global-header-display":"","ast-banner-title-visibility":"","ast-main-header-display":"","ast-hfb-above-header-display":"","ast-hfb-below-header-display":"","ast-hfb-mobile-header-display":"","site-post-title":"","ast-breadcrumbs-content":"","ast-featured-img":"","footer-sml-layout":"","ast-disable-related-posts":"","theme-transparent-header-meta":"","adv-header-id-meta":"","stick-header-meta":"","header-above-stick-meta":"","header-main-stick-meta":"","header-below-stick-meta":"","astra-migrate-meta-layouts":"default","ast-page-background-enabled":"default","ast-page-background-meta":{"desktop":{"background-color":"var(--ast-global-color-4)","background-image":"","background-repeat":"repeat","background-position":"center center","background-size":"auto","background-attachment":"scroll","background-type":"","background-media":"","overlay-type":"","overlay-color":"","overlay-opacity":"","overlay-gradient":""},"tablet":{"background-color":"","background-image":"","background-repeat":"repeat","background-position":"center center","background-size":"auto","background-attachment":"scroll","background-type":"","background-media":"","overlay-type":"","overlay-color":"","overlay-opacity":"","overlay-gradient":""},"mobile":{"background-color":"","background-image":"","background-repeat":"repeat","background-position":"center center","background-size":"auto","background-attachment":"scroll","background-type":"","background-media":"","overlay-type":"","overlay-color":"","overlay-opacity":"","overlay-gradient":""}},"ast-content-background-meta":{"desktop":{"background-color":"var(--ast-global-color-5)","background-image":"","background-repeat":"repeat","background-position":"center center","background-size":"auto","background-attachment":"scroll","background-type":"","background-media":"","overlay-type":"","overlay-color":"","overlay-opacity":"","overlay-gradient":""},"tablet":{"background-color":"var(--ast-global-color-5)","background-image":"","background-repeat":"repeat","background-position":"center center","background-size":"auto","background-attachment":"scroll","background-type":"","background-media":"","overlay-type":"","overlay-color":"","overlay-opacity":"","overlay-gradient":""},"mobile":{"background-color":"var(--ast-global-color-5)","background-image":"","background-repeat":"repeat","background-position":"center center","background-size":"auto","background-attachment":"scroll","background-type":"","background-media":"","overlay-type":"","overlay-color":"","overlay-opacity":"","overlay-gradient":""}},"footnotes":""},"class_list":["post-145451","page","type-page","status-publish","has-post-thumbnail","hentry"],"_links":{"self":[{"href":"https:\/\/medclinics.com\/fr\/wp-json\/wp\/v2\/pages\/145451","targetHints":{"allow":["GET"]}}],"collection":[{"href":"https:\/\/medclinics.com\/fr\/wp-json\/wp\/v2\/pages"}],"about":[{"href":"https:\/\/medclinics.com\/fr\/wp-json\/wp\/v2\/types\/page"}],"author":[{"embeddable":true,"href":"https:\/\/medclinics.com\/fr\/wp-json\/wp\/v2\/users\/4"}],"replies":[{"embeddable":true,"href":"https:\/\/medclinics.com\/fr\/wp-json\/wp\/v2\/comments?post=145451"}],"version-history":[{"count":0,"href":"https:\/\/medclinics.com\/fr\/wp-json\/wp\/v2\/pages\/145451\/revisions"}],"wp:featuredmedia":[{"embeddable":true,"href":"https:\/\/medclinics.com\/fr\/wp-json\/wp\/v2\/media\/92071"}],"wp:attachment":[{"href":"https:\/\/medclinics.com\/fr\/wp-json\/wp\/v2\/media?parent=145451"}],"curies":[{"name":"wp","href":"https:\/\/api.w.org\/{rel}","templated":true}]}}